{"id":1383749,"date":"2022-10-07T03:01:01","date_gmt":"2022-10-07T00:01:01","guid":{"rendered":"https:\/\/aednik24.ee\/toode\/pikaajaline-marjavaetis-6-kuud-compo-2-kg\/"},"modified":"2026-04-11T03:11:49","modified_gmt":"2026-04-11T00:11:49","slug":"pikaajaline-marjavaetis-6-kuud-compo-2-kg","status":"publish","type":"product","link":"https:\/\/horticom.ee\/e-pood\/toode\/pikaajaline-marjavaetis-6-kuud-compo-2-kg\/","title":{"rendered":"Pikaajaline marjav\u00e4etis 6-kuud Compo 2kg"},"content":{"rendered":"<p>Uudne v\u00e4etamiss\u00fcsteem, kus toitainete vabastamine toimub kahes faasis. Esmane m\u00f5ju: helehallid v\u00e4etisegraanulid vabastavad toiteained kohe, nii et taimed on esimesest p\u00e4evast alates k\u00f5ikide olulisemate p\u00f5hi- ja mikrotoitainetega varustatud. K\u00f5rge algvajadus kaetakse seel\u00e4bi optimaalselt. Pikaajaline m\u00f5ju: vaigukihiga kaetud rohelised v\u00e4etisegraanulid katavad hilisema toitainete vajaduse. Nende pikaajaline toime m\u00f5jub aeglaselt kuni 6 kuud. Soojuse ja vee m\u00f5jul tungivad toitained v\u00e4hehaaval l\u00e4bi \u00fcmbriskihi. \u00dchekordsest v\u00e4etamisest piisab terveks hooajaks. Pole \u00fcle- ega alav\u00e4etamist: vajadusekohane doseerimine toimib l\u00e4bi niiskuse ja soojuse. K\u00f5ik olulisemad p\u00f5hi- ja mikrotoitained igas graanulis hoolitsevad tugevate ja tervete taimede kasvu eest. Vastupidavus haiguste ja kahjustuste vastu suureneb. Compo pikaajalise toimega marjav\u00e4etis on koosk\u00f5las marjade, puuviljade ja k\u00f6\u00f6giviljade spetsiaalsete vajadustega.<\/p>\n","protected":false},"excerpt":{"rendered":"<p>Uudne v\u00e4etamiss\u00fcsteem, kus toitainete vabastamine toimub kahes faasis. Esmane m\u00f5ju: helehallid v\u00e4etisegraanulid vabastavad toiteained kohe, nii et taimed on esimesest p\u00e4evast alates k\u00f5ikide olulisemate p\u00f5hi- ja mikrotoitainetega varustatud. K\u00f5rge algvajadus kaetakse seel\u00e4bi optimaalselt. Pikaajaline m\u00f5ju: vaigukihiga kaetud rohelised v\u00e4etisegraanulid katavad hilisema toitainete vajaduse. Nende pikaajaline toime m\u00f5jub aeglaselt kuni 6 kuud. Soojuse ja vee m\u00f5jul [&hellip;]<\/p>\n","protected":false},"featured_media":1384088,"comment_status":"closed","ping_status":"closed","template":"","meta":{"_themeisle_gutenberg_block_has_review":false},"product_cat":[16966],"product_tag":[],"class_list":{"0":"post-1383749","1":"product","2":"type-product","3":"status-publish","4":"has-post-thumbnail","6":"product_cat-marjadele-ja-puuviljadele","8":"first","9":"instock","10":"shipping-taxable","11":"purchasable","12":"product-type-simple"},"yoast_head":"<!-- This site is optimized with the Yoast SEO plugin v24.0 - https:\/\/yoast.com\/wordpress\/plugins\/seo\/ -->\n<title>Pikaajaline marjav\u00e4etis 6-kuud Compo 2kg - Horticom.ee<\/title>\n<meta name=\"description\" content=\"Compo pikaajaline v\u00e4etis vabastab toitaineid kahes faasis \u2013 kiire esmane m\u00f5ju ja 6-kuuline pikaajaline toime, mis katab taimede toitainetevajaduse hooajaks.\" \/>\n<meta name=\"robots\" content=\"index, follow, max-snippet:-1, max-image-preview:large, max-video-preview:-1\" \/>\n<link rel=\"canonical\" href=\"https:\/\/horticom.ee\/e-pood\/toode\/pikaajaline-marjavaetis-6-kuud-compo-2-kg\/\" \/>\n<meta property=\"og:locale\" content=\"et_EE\" \/>\n<meta property=\"og:type\" content=\"article\" \/>\n<meta property=\"og:title\" content=\"Pikaajaline marjav\u00e4etis 6-kuud Compo 2kg - Horticom.ee\" \/>\n<meta property=\"og:description\" content=\"Compo pikaajaline v\u00e4etis vabastab toitaineid kahes faasis \u2013 kiire esmane m\u00f5ju ja 6-kuuline pikaajaline toime, mis katab taimede toitainetevajaduse hooajaks.\" \/>\n<meta property=\"og:url\" content=\"https:\/\/horticom.ee\/e-pood\/toode\/pikaajaline-marjavaetis-6-kuud-compo-2-kg\/\" \/>\n<meta property=\"og:site_name\" content=\"Horticom.ee\" \/>\n<meta property=\"article:publisher\" content=\"https:\/\/www.facebook.com\/horticom.ee\/e-pood\" \/>\n<meta property=\"article:modified_time\" content=\"2026-04-11T00:11:49+00:00\" \/>\n<meta property=\"og:image\" content=\"https:\/\/horticom.ee\/e-pood\/wp-content\/uploads\/importedmedia\/product-1383749_0-670119_9.jpg\" \/>\n\t<meta property=\"og:image:width\" content=\"999\" \/>\n\t<meta property=\"og:image:height\" content=\"1146\" \/>\n\t<meta property=\"og:image:type\" content=\"image\/jpeg\" \/>\n<meta name=\"twitter:card\" content=\"summary_large_image\" \/>\n<meta name=\"twitter:label1\" content=\"Est. reading time\" \/>\n\t<meta name=\"twitter:data1\" content=\"1 minut\" \/>\n<script type=\"application\/ld+json\" class=\"yoast-schema-graph\">{\"@context\":\"https:\/\/schema.org\",\"@graph\":[{\"@type\":\"WebPage\",\"@id\":\"https:\/\/horticom.ee\/e-pood\/toode\/pikaajaline-marjavaetis-6-kuud-compo-2-kg\/\",\"url\":\"https:\/\/horticom.ee\/e-pood\/toode\/pikaajaline-marjavaetis-6-kuud-compo-2-kg\/\",\"name\":\"Pikaajaline marjav\u00e4etis 6-kuud Compo 2kg - Horticom.ee\",\"isPartOf\":{\"@id\":\"https:\/\/horticom.ee\/e-pood\/#website\"},\"primaryImageOfPage\":{\"@id\":\"https:\/\/horticom.ee\/e-pood\/toode\/pikaajaline-marjavaetis-6-kuud-compo-2-kg\/#primaryimage\"},\"image\":{\"@id\":\"https:\/\/horticom.ee\/e-pood\/toode\/pikaajaline-marjavaetis-6-kuud-compo-2-kg\/#primaryimage\"},\"thumbnailUrl\":\"https:\/\/horticom.ee\/e-pood\/wp-content\/uploads\/importedmedia\/product-1383749_0-670119_9.jpg\",\"datePublished\":\"2022-10-07T00:01:01+00:00\",\"dateModified\":\"2026-04-11T00:11:49+00:00\",\"description\":\"Compo pikaajaline v\u00e4etis vabastab toitaineid kahes faasis \u2013 kiire esmane m\u00f5ju ja 6-kuuline pikaajaline toime, mis katab taimede toitainetevajaduse hooajaks.\",\"breadcrumb\":{\"@id\":\"https:\/\/horticom.ee\/e-pood\/toode\/pikaajaline-marjavaetis-6-kuud-compo-2-kg\/#breadcrumb\"},\"inLanguage\":\"et\",\"potentialAction\":[{\"@type\":\"ReadAction\",\"target\":[\"https:\/\/horticom.ee\/e-pood\/toode\/pikaajaline-marjavaetis-6-kuud-compo-2-kg\/\"]}]},{\"@type\":\"ImageObject\",\"inLanguage\":\"et\",\"@id\":\"https:\/\/horticom.ee\/e-pood\/toode\/pikaajaline-marjavaetis-6-kuud-compo-2-kg\/#primaryimage\",\"url\":\"https:\/\/horticom.ee\/e-pood\/wp-content\/uploads\/importedmedia\/product-1383749_0-670119_9.jpg\",\"contentUrl\":\"https:\/\/horticom.ee\/e-pood\/wp-content\/uploads\/importedmedia\/product-1383749_0-670119_9.jpg\",\"width\":999,\"height\":1146,\"caption\":\"Pikaajaline marjav\u00e4etis 6-kuud Compo 2kg\"},{\"@type\":\"BreadcrumbList\",\"@id\":\"https:\/\/horticom.ee\/e-pood\/toode\/pikaajaline-marjavaetis-6-kuud-compo-2-kg\/#breadcrumb\",\"itemListElement\":[{\"@type\":\"ListItem\",\"position\":1,\"name\":\"Home\",\"item\":\"https:\/\/horticom.ee\/e-pood\/\"},{\"@type\":\"ListItem\",\"position\":2,\"name\":\"Pood\",\"item\":\"https:\/\/horticom.ee\/e-pood\/pood\/\"},{\"@type\":\"ListItem\",\"position\":3,\"name\":\"Pikaajaline marjav\u00e4etis 6-kuud Compo 2kg\"}]},{\"@type\":\"WebSite\",\"@id\":\"https:\/\/horticom.ee\/e-pood\/#website\",\"url\":\"https:\/\/horticom.ee\/e-pood\/\",\"name\":\"Horticom.ee\",\"description\":\"Aianduskaubad ja kodukaubad nii harrastajatele kui professionaalidele\",\"potentialAction\":[{\"@type\":\"SearchAction\",\"target\":{\"@type\":\"EntryPoint\",\"urlTemplate\":\"https:\/\/horticom.ee\/e-pood\/?s={search_term_string}\"},\"query-input\":{\"@type\":\"PropertyValueSpecification\",\"valueRequired\":true,\"valueName\":\"search_term_string\"}}],\"inLanguage\":\"et\"}]}<\/script>\n<!-- \/ Yoast SEO plugin. -->","yoast_head_json":{"title":"Pikaajaline marjav\u00e4etis 6-kuud Compo 2kg - Horticom.ee","description":"Compo pikaajaline v\u00e4etis vabastab toitaineid kahes faasis \u2013 kiire esmane m\u00f5ju ja 6-kuuline pikaajaline toime, mis katab taimede toitainetevajaduse hooajaks.","robots":{"index":"index","follow":"follow","max-snippet":"max-snippet:-1","max-image-preview":"max-image-preview:large","max-video-preview":"max-video-preview:-1"},"canonical":"https:\/\/horticom.ee\/e-pood\/toode\/pikaajaline-marjavaetis-6-kuud-compo-2-kg\/","og_locale":"et_EE","og_type":"article","og_title":"Pikaajaline marjav\u00e4etis 6-kuud Compo 2kg - Horticom.ee","og_description":"Compo pikaajaline v\u00e4etis vabastab toitaineid kahes faasis \u2013 kiire esmane m\u00f5ju ja 6-kuuline pikaajaline toime, mis katab taimede toitainetevajaduse hooajaks.","og_url":"https:\/\/horticom.ee\/e-pood\/toode\/pikaajaline-marjavaetis-6-kuud-compo-2-kg\/","og_site_name":"Horticom.ee","article_publisher":"https:\/\/www.facebook.com\/horticom.ee\/e-pood","article_modified_time":"2026-04-11T00:11:49+00:00","og_image":[{"width":999,"height":1146,"url":"https:\/\/horticom.ee\/e-pood\/wp-content\/uploads\/importedmedia\/product-1383749_0-670119_9.jpg","type":"image\/jpeg"}],"twitter_card":"summary_large_image","twitter_misc":{"Est. reading time":"1 minut"},"schema":{"@context":"https:\/\/schema.org","@graph":[{"@type":"WebPage","@id":"https:\/\/horticom.ee\/e-pood\/toode\/pikaajaline-marjavaetis-6-kuud-compo-2-kg\/","url":"https:\/\/horticom.ee\/e-pood\/toode\/pikaajaline-marjavaetis-6-kuud-compo-2-kg\/","name":"Pikaajaline marjav\u00e4etis 6-kuud Compo 2kg - Horticom.ee","isPartOf":{"@id":"https:\/\/horticom.ee\/e-pood\/#website"},"primaryImageOfPage":{"@id":"https:\/\/horticom.ee\/e-pood\/toode\/pikaajaline-marjavaetis-6-kuud-compo-2-kg\/#primaryimage"},"image":{"@id":"https:\/\/horticom.ee\/e-pood\/toode\/pikaajaline-marjavaetis-6-kuud-compo-2-kg\/#primaryimage"},"thumbnailUrl":"https:\/\/horticom.ee\/e-pood\/wp-content\/uploads\/importedmedia\/product-1383749_0-670119_9.jpg","datePublished":"2022-10-07T00:01:01+00:00","dateModified":"2026-04-11T00:11:49+00:00","description":"Compo pikaajaline v\u00e4etis vabastab toitaineid kahes faasis \u2013 kiire esmane m\u00f5ju ja 6-kuuline pikaajaline toime, mis katab taimede toitainetevajaduse hooajaks.","breadcrumb":{"@id":"https:\/\/horticom.ee\/e-pood\/toode\/pikaajaline-marjavaetis-6-kuud-compo-2-kg\/#breadcrumb"},"inLanguage":"et","potentialAction":[{"@type":"ReadAction","target":["https:\/\/horticom.ee\/e-pood\/toode\/pikaajaline-marjavaetis-6-kuud-compo-2-kg\/"]}]},{"@type":"ImageObject","inLanguage":"et","@id":"https:\/\/horticom.ee\/e-pood\/toode\/pikaajaline-marjavaetis-6-kuud-compo-2-kg\/#primaryimage","url":"https:\/\/horticom.ee\/e-pood\/wp-content\/uploads\/importedmedia\/product-1383749_0-670119_9.jpg","contentUrl":"https:\/\/horticom.ee\/e-pood\/wp-content\/uploads\/importedmedia\/product-1383749_0-670119_9.jpg","width":999,"height":1146,"caption":"Pikaajaline marjav\u00e4etis 6-kuud Compo 2kg"},{"@type":"BreadcrumbList","@id":"https:\/\/horticom.ee\/e-pood\/toode\/pikaajaline-marjavaetis-6-kuud-compo-2-kg\/#breadcrumb","itemListElement":[{"@type":"ListItem","position":1,"name":"Home","item":"https:\/\/horticom.ee\/e-pood\/"},{"@type":"ListItem","position":2,"name":"Pood","item":"https:\/\/horticom.ee\/e-pood\/pood\/"},{"@type":"ListItem","position":3,"name":"Pikaajaline marjav\u00e4etis 6-kuud Compo 2kg"}]},{"@type":"WebSite","@id":"https:\/\/horticom.ee\/e-pood\/#website","url":"https:\/\/horticom.ee\/e-pood\/","name":"Horticom.ee","description":"Aianduskaubad ja kodukaubad nii harrastajatele kui professionaalidele","potentialAction":[{"@type":"SearchAction","target":{"@type":"EntryPoint","urlTemplate":"https:\/\/horticom.ee\/e-pood\/?s={search_term_string}"},"query-input":{"@type":"PropertyValueSpecification","valueRequired":true,"valueName":"search_term_string"}}],"inLanguage":"et"}]}},"_links":{"self":[{"href":"https:\/\/horticom.ee\/e-pood\/wp-json\/wp\/v2\/product\/1383749","targetHints":{"allow":["GET"]}}],"collection":[{"href":"https:\/\/horticom.ee\/e-pood\/wp-json\/wp\/v2\/product"}],"about":[{"href":"https:\/\/horticom.ee\/e-pood\/wp-json\/wp\/v2\/types\/product"}],"replies":[{"embeddable":true,"href":"https:\/\/horticom.ee\/e-pood\/wp-json\/wp\/v2\/comments?post=1383749"}],"wp:featuredmedia":[{"embeddable":true,"href":"https:\/\/horticom.ee\/e-pood\/wp-json\/wp\/v2\/media\/1384088"}],"wp:attachment":[{"href":"https:\/\/horticom.ee\/e-pood\/wp-json\/wp\/v2\/media?parent=1383749"}],"wp:term":[{"taxonomy":"product_cat","embeddable":true,"href":"https:\/\/horticom.ee\/e-pood\/wp-json\/wp\/v2\/product_cat?post=1383749"},{"taxonomy":"product_tag","embeddable":true,"href":"https:\/\/horticom.ee\/e-pood\/wp-json\/wp\/v2\/product_tag?post=1383749"}],"curies":[{"name":"wp","href":"https:\/\/api.w.org\/{rel}","templated":true}]}}