{"id":1383803,"date":"2022-10-07T03:01:23","date_gmt":"2022-10-07T00:01:23","guid":{"rendered":"https:\/\/aednik24.ee\/toode\/peasalat-kagraner-sommer-lactuca-sativa-l\/"},"modified":"2026-05-04T03:11:07","modified_gmt":"2026-05-04T00:11:07","slug":"peasalat-kagraner-sommer-lactuca-sativa-l","status":"publish","type":"product","link":"https:\/\/horticom.ee\/e-pood\/toode\/peasalat-kagraner-sommer-lactuca-sativa-l\/","title":{"rendered":"Peasalat Kagraner Sommer"},"content":{"rendered":"<p>Peasalat Kagraner Sommerpeasalati sort, teise nimega v\u00f5isalat. Keskmiselt varajane sort. Kujunevad v\u00e4lja keskmise suurusega ilusad pead. Pikka aega s\u00e4ilib kaubanduslik v\u00e4limus, ei kujunekobar\u00f5isikuid. Istutatakse seemikutena v\u00f5i k\u00fclvatakse otse pinnasesse. Sobib kasvatamiseks avamaal kevadiseks v\u00f5i s\u00fcgiseseks saagiks.<\/p>\n","protected":false},"excerpt":{"rendered":"<p>Peasalat Kagraner Sommerpeasalati sort, teise nimega v\u00f5isalat. Keskmiselt varajane sort. Kujunevad v\u00e4lja keskmise suurusega ilusad pead. Pikka aega s\u00e4ilib kaubanduslik v\u00e4limus, ei kujunekobar\u00f5isikuid. Istutatakse seemikutena v\u00f5i k\u00fclvatakse otse pinnasesse. Sobib kasvatamiseks avamaal kevadiseks v\u00f5i s\u00fcgiseseks saagiks.<\/p>\n","protected":false},"featured_media":1383982,"comment_status":"closed","ping_status":"closed","template":"","meta":{"_themeisle_gutenberg_block_has_review":false},"product_cat":[13484],"product_tag":[],"class_list":{"0":"post-1383803","1":"product","2":"type-product","3":"status-publish","4":"has-post-thumbnail","6":"product_cat-salat-spinat-ruccola","8":"first","9":"outofstock","10":"shipping-taxable","11":"purchasable","12":"product-type-simple"},"yoast_head":"<!-- This site is optimized with the Yoast SEO plugin v24.0 - https:\/\/yoast.com\/wordpress\/plugins\/seo\/ -->\n<title>Peasalat Kagraner Sommer - Horticom.ee\/e-pood<\/title>\n<meta name=\"description\" content=\"Peasalat Kagraner Sommer \u2013 Keskmise suurusega v\u00f5isalat, s\u00e4ilib kaua kaubanduslik v\u00e4limus. Sobib kevadiseks v\u00f5i s\u00fcgiseseks saagiks.\" \/>\n<meta name=\"robots\" content=\"index, follow, max-snippet:-1, max-image-preview:large, max-video-preview:-1\" \/>\n<link rel=\"canonical\" href=\"https:\/\/horticom.ee\/e-pood\/toode\/peasalat-kagraner-sommer-lactuca-sativa-l\/\" \/>\n<meta property=\"og:locale\" content=\"et_EE\" \/>\n<meta property=\"og:type\" content=\"article\" \/>\n<meta property=\"og:title\" content=\"Peasalat Kagraner Sommer - Horticom.ee\/e-pood\" \/>\n<meta property=\"og:description\" content=\"Peasalat Kagraner Sommer \u2013 Keskmise suurusega v\u00f5isalat, s\u00e4ilib kaua kaubanduslik v\u00e4limus. Sobib kevadiseks v\u00f5i s\u00fcgiseseks saagiks.\" \/>\n<meta property=\"og:url\" content=\"https:\/\/horticom.ee\/e-pood\/toode\/peasalat-kagraner-sommer-lactuca-sativa-l\/\" \/>\n<meta property=\"og:site_name\" content=\"Horticom.ee\" \/>\n<meta property=\"article:publisher\" content=\"https:\/\/www.facebook.com\/horticom.ee\/e-pood\" \/>\n<meta property=\"article:modified_time\" content=\"2026-05-04T00:11:07+00:00\" \/>\n<meta property=\"og:image\" content=\"https:\/\/horticom.ee\/e-pood\/wp-content\/uploads\/importedmedia\/product-1383803_0-PL0993-585x1024.jpg\" \/>\n\t<meta property=\"og:image:width\" content=\"585\" \/>\n\t<meta property=\"og:image:height\" content=\"1024\" \/>\n\t<meta property=\"og:image:type\" content=\"image\/jpeg\" \/>\n<meta name=\"twitter:card\" content=\"summary_large_image\" \/>\n<script type=\"application\/ld+json\" class=\"yoast-schema-graph\">{\"@context\":\"https:\/\/schema.org\",\"@graph\":[{\"@type\":\"WebPage\",\"@id\":\"https:\/\/horticom.ee\/e-pood\/toode\/peasalat-kagraner-sommer-lactuca-sativa-l\/\",\"url\":\"https:\/\/horticom.ee\/e-pood\/toode\/peasalat-kagraner-sommer-lactuca-sativa-l\/\",\"name\":\"Peasalat Kagraner Sommer - Horticom.ee\/e-pood\",\"isPartOf\":{\"@id\":\"https:\/\/horticom.ee\/e-pood\/#website\"},\"primaryImageOfPage\":{\"@id\":\"https:\/\/horticom.ee\/e-pood\/toode\/peasalat-kagraner-sommer-lactuca-sativa-l\/#primaryimage\"},\"image\":{\"@id\":\"https:\/\/horticom.ee\/e-pood\/toode\/peasalat-kagraner-sommer-lactuca-sativa-l\/#primaryimage\"},\"thumbnailUrl\":\"https:\/\/horticom.ee\/e-pood\/wp-content\/uploads\/importedmedia\/product-1383803_0-PL0993.jpg\",\"datePublished\":\"2022-10-07T00:01:23+00:00\",\"dateModified\":\"2026-05-04T00:11:07+00:00\",\"description\":\"Peasalat Kagraner Sommer \u2013 Keskmise suurusega v\u00f5isalat, s\u00e4ilib kaua kaubanduslik v\u00e4limus. Sobib kevadiseks v\u00f5i s\u00fcgiseseks saagiks.\",\"breadcrumb\":{\"@id\":\"https:\/\/horticom.ee\/e-pood\/toode\/peasalat-kagraner-sommer-lactuca-sativa-l\/#breadcrumb\"},\"inLanguage\":\"et\",\"potentialAction\":[{\"@type\":\"ReadAction\",\"target\":[\"https:\/\/horticom.ee\/e-pood\/toode\/peasalat-kagraner-sommer-lactuca-sativa-l\/\"]}]},{\"@type\":\"ImageObject\",\"inLanguage\":\"et\",\"@id\":\"https:\/\/horticom.ee\/e-pood\/toode\/peasalat-kagraner-sommer-lactuca-sativa-l\/#primaryimage\",\"url\":\"https:\/\/horticom.ee\/e-pood\/wp-content\/uploads\/importedmedia\/product-1383803_0-PL0993.jpg\",\"contentUrl\":\"https:\/\/horticom.ee\/e-pood\/wp-content\/uploads\/importedmedia\/product-1383803_0-PL0993.jpg\",\"width\":1000,\"height\":1750,\"caption\":\"Peasalat Kagraner Sommer\"},{\"@type\":\"BreadcrumbList\",\"@id\":\"https:\/\/horticom.ee\/e-pood\/toode\/peasalat-kagraner-sommer-lactuca-sativa-l\/#breadcrumb\",\"itemListElement\":[{\"@type\":\"ListItem\",\"position\":1,\"name\":\"Home\",\"item\":\"https:\/\/horticom.ee\/e-pood\/\"},{\"@type\":\"ListItem\",\"position\":2,\"name\":\"Pood\",\"item\":\"https:\/\/horticom.ee\/e-pood\/pood\/\"},{\"@type\":\"ListItem\",\"position\":3,\"name\":\"Peasalat Kagraner Sommer\"}]},{\"@type\":\"WebSite\",\"@id\":\"https:\/\/horticom.ee\/e-pood\/#website\",\"url\":\"https:\/\/horticom.ee\/e-pood\/\",\"name\":\"Horticom.ee\",\"description\":\"Aianduskaubad ja kodukaubad nii harrastajatele kui professionaalidele\",\"potentialAction\":[{\"@type\":\"SearchAction\",\"target\":{\"@type\":\"EntryPoint\",\"urlTemplate\":\"https:\/\/horticom.ee\/e-pood\/?s={search_term_string}\"},\"query-input\":{\"@type\":\"PropertyValueSpecification\",\"valueRequired\":true,\"valueName\":\"search_term_string\"}}],\"inLanguage\":\"et\"}]}<\/script>\n<!-- \/ Yoast SEO plugin. -->","yoast_head_json":{"title":"Peasalat Kagraner Sommer - Horticom.ee\/e-pood","description":"Peasalat Kagraner Sommer \u2013 Keskmise suurusega v\u00f5isalat, s\u00e4ilib kaua kaubanduslik v\u00e4limus. Sobib kevadiseks v\u00f5i s\u00fcgiseseks saagiks.","robots":{"index":"index","follow":"follow","max-snippet":"max-snippet:-1","max-image-preview":"max-image-preview:large","max-video-preview":"max-video-preview:-1"},"canonical":"https:\/\/horticom.ee\/e-pood\/toode\/peasalat-kagraner-sommer-lactuca-sativa-l\/","og_locale":"et_EE","og_type":"article","og_title":"Peasalat Kagraner Sommer - Horticom.ee\/e-pood","og_description":"Peasalat Kagraner Sommer \u2013 Keskmise suurusega v\u00f5isalat, s\u00e4ilib kaua kaubanduslik v\u00e4limus. Sobib kevadiseks v\u00f5i s\u00fcgiseseks saagiks.","og_url":"https:\/\/horticom.ee\/e-pood\/toode\/peasalat-kagraner-sommer-lactuca-sativa-l\/","og_site_name":"Horticom.ee","article_publisher":"https:\/\/www.facebook.com\/horticom.ee\/e-pood","article_modified_time":"2026-05-04T00:11:07+00:00","og_image":[{"width":585,"height":1024,"url":"https:\/\/horticom.ee\/e-pood\/wp-content\/uploads\/importedmedia\/product-1383803_0-PL0993-585x1024.jpg","type":"image\/jpeg"}],"twitter_card":"summary_large_image","schema":{"@context":"https:\/\/schema.org","@graph":[{"@type":"WebPage","@id":"https:\/\/horticom.ee\/e-pood\/toode\/peasalat-kagraner-sommer-lactuca-sativa-l\/","url":"https:\/\/horticom.ee\/e-pood\/toode\/peasalat-kagraner-sommer-lactuca-sativa-l\/","name":"Peasalat Kagraner Sommer - Horticom.ee\/e-pood","isPartOf":{"@id":"https:\/\/horticom.ee\/e-pood\/#website"},"primaryImageOfPage":{"@id":"https:\/\/horticom.ee\/e-pood\/toode\/peasalat-kagraner-sommer-lactuca-sativa-l\/#primaryimage"},"image":{"@id":"https:\/\/horticom.ee\/e-pood\/toode\/peasalat-kagraner-sommer-lactuca-sativa-l\/#primaryimage"},"thumbnailUrl":"https:\/\/horticom.ee\/e-pood\/wp-content\/uploads\/importedmedia\/product-1383803_0-PL0993.jpg","datePublished":"2022-10-07T00:01:23+00:00","dateModified":"2026-05-04T00:11:07+00:00","description":"Peasalat Kagraner Sommer \u2013 Keskmise suurusega v\u00f5isalat, s\u00e4ilib kaua kaubanduslik v\u00e4limus. Sobib kevadiseks v\u00f5i s\u00fcgiseseks saagiks.","breadcrumb":{"@id":"https:\/\/horticom.ee\/e-pood\/toode\/peasalat-kagraner-sommer-lactuca-sativa-l\/#breadcrumb"},"inLanguage":"et","potentialAction":[{"@type":"ReadAction","target":["https:\/\/horticom.ee\/e-pood\/toode\/peasalat-kagraner-sommer-lactuca-sativa-l\/"]}]},{"@type":"ImageObject","inLanguage":"et","@id":"https:\/\/horticom.ee\/e-pood\/toode\/peasalat-kagraner-sommer-lactuca-sativa-l\/#primaryimage","url":"https:\/\/horticom.ee\/e-pood\/wp-content\/uploads\/importedmedia\/product-1383803_0-PL0993.jpg","contentUrl":"https:\/\/horticom.ee\/e-pood\/wp-content\/uploads\/importedmedia\/product-1383803_0-PL0993.jpg","width":1000,"height":1750,"caption":"Peasalat Kagraner Sommer"},{"@type":"BreadcrumbList","@id":"https:\/\/horticom.ee\/e-pood\/toode\/peasalat-kagraner-sommer-lactuca-sativa-l\/#breadcrumb","itemListElement":[{"@type":"ListItem","position":1,"name":"Home","item":"https:\/\/horticom.ee\/e-pood\/"},{"@type":"ListItem","position":2,"name":"Pood","item":"https:\/\/horticom.ee\/e-pood\/pood\/"},{"@type":"ListItem","position":3,"name":"Peasalat Kagraner Sommer"}]},{"@type":"WebSite","@id":"https:\/\/horticom.ee\/e-pood\/#website","url":"https:\/\/horticom.ee\/e-pood\/","name":"Horticom.ee","description":"Aianduskaubad ja kodukaubad nii harrastajatele kui professionaalidele","potentialAction":[{"@type":"SearchAction","target":{"@type":"EntryPoint","urlTemplate":"https:\/\/horticom.ee\/e-pood\/?s={search_term_string}"},"query-input":{"@type":"PropertyValueSpecification","valueRequired":true,"valueName":"search_term_string"}}],"inLanguage":"et"}]}},"_links":{"self":[{"href":"https:\/\/horticom.ee\/e-pood\/wp-json\/wp\/v2\/product\/1383803","targetHints":{"allow":["GET"]}}],"collection":[{"href":"https:\/\/horticom.ee\/e-pood\/wp-json\/wp\/v2\/product"}],"about":[{"href":"https:\/\/horticom.ee\/e-pood\/wp-json\/wp\/v2\/types\/product"}],"replies":[{"embeddable":true,"href":"https:\/\/horticom.ee\/e-pood\/wp-json\/wp\/v2\/comments?post=1383803"}],"wp:featuredmedia":[{"embeddable":true,"href":"https:\/\/horticom.ee\/e-pood\/wp-json\/wp\/v2\/media\/1383982"}],"wp:attachment":[{"href":"https:\/\/horticom.ee\/e-pood\/wp-json\/wp\/v2\/media?parent=1383803"}],"wp:term":[{"taxonomy":"product_cat","embeddable":true,"href":"https:\/\/horticom.ee\/e-pood\/wp-json\/wp\/v2\/product_cat?post=1383803"},{"taxonomy":"product_tag","embeddable":true,"href":"https:\/\/horticom.ee\/e-pood\/wp-json\/wp\/v2\/product_tag?post=1383803"}],"curies":[{"name":"wp","href":"https:\/\/api.w.org\/{rel}","templated":true}]}}