{"id":1383806,"date":"2022-10-07T03:01:25","date_gmt":"2022-10-07T00:01:25","guid":{"rendered":"https:\/\/aednik24.ee\/toode\/redis-de-dix-huit-jours-raphanus-sativus-l\/"},"modified":"2026-04-08T15:01:23","modified_gmt":"2026-04-08T12:01:23","slug":"redis-de-dix-huit-jours-raphanus-sativus-l","status":"publish","type":"product","link":"https:\/\/horticom.ee\/e-pood\/toode\/redis-de-dix-huit-jours-raphanus-sativus-l\/","title":{"rendered":"Redis De-Duix-Huit-Jours"},"content":{"rendered":"<p>Redis De-dix-huit-jours on varajane sort. Juurviljad on piklikud, punased, valge otsaga, kasvab kuni 5cm pikkuseks. Valmivad 18\u201320 p\u00e4eva jooksul alates idanemisest. Maitsvad, ei kasva \u00fcle. Kasvatatakse nii v\u00e4ljas kui ka varju all. S\u00fcgiseseks saagiks istutatakse redist augusti teisel poolel. K\u00f5ige paremini kasvab 18\u201321 0C temperatuuril. 1 g \u2013 umbes 70\u2013130 seemet.<\/p>\n","protected":false},"excerpt":{"rendered":"<p>Redis De-dix-huit-jours on varajane sort. Juurviljad on piklikud, punased, valge otsaga, kasvab kuni 5cm pikkuseks. Valmivad 18\u201320 p\u00e4eva jooksul alates idanemisest. Maitsvad, ei kasva \u00fcle. Kasvatatakse nii v\u00e4ljas kui ka varju all. S\u00fcgiseseks saagiks istutatakse redist augusti teisel poolel. K\u00f5ige paremini kasvab 18\u201321 0C temperatuuril. 1 g \u2013 umbes 70\u2013130 seemet.<\/p>\n","protected":false},"featured_media":1383974,"comment_status":"closed","ping_status":"closed","template":"","meta":{"_themeisle_gutenberg_block_has_review":false},"product_cat":[13485],"product_tag":[],"class_list":{"0":"post-1383806","1":"product","2":"type-product","3":"status-publish","4":"has-post-thumbnail","6":"product_cat-redis-roigas","8":"first","9":"instock","10":"shipping-taxable","11":"purchasable","12":"product-type-simple"},"yoast_head":"<!-- This site is optimized with the Yoast SEO plugin v24.0 - https:\/\/yoast.com\/wordpress\/plugins\/seo\/ -->\n<title>Redis De-Duix-Huit-Jours - Horticom.ee\/e-pood<\/title>\n<meta name=\"description\" content=\"Redis De-dix-huit-jours \u2013 varajane sort, punane valge otsaga, 5 cm pikad viljad. Valmib 18\u201320 p\u00e4evaga. Sobib kasvatamiseks kasvuhoones ja avamaal.\" \/>\n<meta name=\"robots\" content=\"index, follow, max-snippet:-1, max-image-preview:large, max-video-preview:-1\" \/>\n<link rel=\"canonical\" href=\"https:\/\/horticom.ee\/e-pood\/toode\/redis-de-dix-huit-jours-raphanus-sativus-l\/\" \/>\n<meta property=\"og:locale\" content=\"et_EE\" \/>\n<meta property=\"og:type\" content=\"article\" \/>\n<meta property=\"og:title\" content=\"Redis De-Duix-Huit-Jours - Horticom.ee\/e-pood\" \/>\n<meta property=\"og:description\" content=\"Redis De-dix-huit-jours \u2013 varajane sort, punane valge otsaga, 5 cm pikad viljad. Valmib 18\u201320 p\u00e4evaga. Sobib kasvatamiseks kasvuhoones ja avamaal.\" \/>\n<meta property=\"og:url\" content=\"https:\/\/horticom.ee\/e-pood\/toode\/redis-de-dix-huit-jours-raphanus-sativus-l\/\" \/>\n<meta property=\"og:site_name\" content=\"Horticom.ee\" \/>\n<meta property=\"article:publisher\" content=\"https:\/\/www.facebook.com\/horticom.ee\/e-pood\" \/>\n<meta property=\"article:modified_time\" content=\"2026-04-08T12:01:23+00:00\" \/>\n<meta property=\"og:image\" content=\"https:\/\/horticom.ee\/e-pood\/wp-content\/uploads\/importedmedia\/product-1383806_0-PL0996.jpg\" \/>\n\t<meta property=\"og:image:width\" content=\"1000\" \/>\n\t<meta property=\"og:image:height\" content=\"1750\" \/>\n\t<meta property=\"og:image:type\" content=\"image\/jpeg\" \/>\n<meta name=\"twitter:card\" content=\"summary_large_image\" \/>\n<script type=\"application\/ld+json\" class=\"yoast-schema-graph\">{\"@context\":\"https:\/\/schema.org\",\"@graph\":[{\"@type\":\"WebPage\",\"@id\":\"https:\/\/horticom.ee\/e-pood\/toode\/redis-de-dix-huit-jours-raphanus-sativus-l\/\",\"url\":\"https:\/\/horticom.ee\/e-pood\/toode\/redis-de-dix-huit-jours-raphanus-sativus-l\/\",\"name\":\"Redis De-Duix-Huit-Jours - Horticom.ee\/e-pood\",\"isPartOf\":{\"@id\":\"https:\/\/horticom.ee\/e-pood\/#website\"},\"primaryImageOfPage\":{\"@id\":\"https:\/\/horticom.ee\/e-pood\/toode\/redis-de-dix-huit-jours-raphanus-sativus-l\/#primaryimage\"},\"image\":{\"@id\":\"https:\/\/horticom.ee\/e-pood\/toode\/redis-de-dix-huit-jours-raphanus-sativus-l\/#primaryimage\"},\"thumbnailUrl\":\"https:\/\/horticom.ee\/e-pood\/wp-content\/uploads\/importedmedia\/product-1383806_0-PL0996.jpg\",\"datePublished\":\"2022-10-07T00:01:25+00:00\",\"dateModified\":\"2026-04-08T12:01:23+00:00\",\"description\":\"Redis De-dix-huit-jours \u2013 varajane sort, punane valge otsaga, 5 cm pikad viljad. Valmib 18\u201320 p\u00e4evaga. Sobib kasvatamiseks kasvuhoones ja avamaal.\",\"breadcrumb\":{\"@id\":\"https:\/\/horticom.ee\/e-pood\/toode\/redis-de-dix-huit-jours-raphanus-sativus-l\/#breadcrumb\"},\"inLanguage\":\"et\",\"potentialAction\":[{\"@type\":\"ReadAction\",\"target\":[\"https:\/\/horticom.ee\/e-pood\/toode\/redis-de-dix-huit-jours-raphanus-sativus-l\/\"]}]},{\"@type\":\"ImageObject\",\"inLanguage\":\"et\",\"@id\":\"https:\/\/horticom.ee\/e-pood\/toode\/redis-de-dix-huit-jours-raphanus-sativus-l\/#primaryimage\",\"url\":\"https:\/\/horticom.ee\/e-pood\/wp-content\/uploads\/importedmedia\/product-1383806_0-PL0996.jpg\",\"contentUrl\":\"https:\/\/horticom.ee\/e-pood\/wp-content\/uploads\/importedmedia\/product-1383806_0-PL0996.jpg\",\"width\":1000,\"height\":1750,\"caption\":\"Redis De-Duix-Huit-Jours\"},{\"@type\":\"BreadcrumbList\",\"@id\":\"https:\/\/horticom.ee\/e-pood\/toode\/redis-de-dix-huit-jours-raphanus-sativus-l\/#breadcrumb\",\"itemListElement\":[{\"@type\":\"ListItem\",\"position\":1,\"name\":\"Home\",\"item\":\"https:\/\/horticom.ee\/e-pood\/\"},{\"@type\":\"ListItem\",\"position\":2,\"name\":\"Pood\",\"item\":\"https:\/\/horticom.ee\/e-pood\/pood\/\"},{\"@type\":\"ListItem\",\"position\":3,\"name\":\"Redis De-Duix-Huit-Jours\"}]},{\"@type\":\"WebSite\",\"@id\":\"https:\/\/horticom.ee\/e-pood\/#website\",\"url\":\"https:\/\/horticom.ee\/e-pood\/\",\"name\":\"Horticom.ee\",\"description\":\"Aianduskaubad ja kodukaubad nii harrastajatele kui professionaalidele\",\"potentialAction\":[{\"@type\":\"SearchAction\",\"target\":{\"@type\":\"EntryPoint\",\"urlTemplate\":\"https:\/\/horticom.ee\/e-pood\/?s={search_term_string}\"},\"query-input\":{\"@type\":\"PropertyValueSpecification\",\"valueRequired\":true,\"valueName\":\"search_term_string\"}}],\"inLanguage\":\"et\"}]}<\/script>\n<!-- \/ Yoast SEO plugin. -->","yoast_head_json":{"title":"Redis De-Duix-Huit-Jours - Horticom.ee\/e-pood","description":"Redis De-dix-huit-jours \u2013 varajane sort, punane valge otsaga, 5 cm pikad viljad. Valmib 18\u201320 p\u00e4evaga. Sobib kasvatamiseks kasvuhoones ja avamaal.","robots":{"index":"index","follow":"follow","max-snippet":"max-snippet:-1","max-image-preview":"max-image-preview:large","max-video-preview":"max-video-preview:-1"},"canonical":"https:\/\/horticom.ee\/e-pood\/toode\/redis-de-dix-huit-jours-raphanus-sativus-l\/","og_locale":"et_EE","og_type":"article","og_title":"Redis De-Duix-Huit-Jours - Horticom.ee\/e-pood","og_description":"Redis De-dix-huit-jours \u2013 varajane sort, punane valge otsaga, 5 cm pikad viljad. Valmib 18\u201320 p\u00e4evaga. Sobib kasvatamiseks kasvuhoones ja avamaal.","og_url":"https:\/\/horticom.ee\/e-pood\/toode\/redis-de-dix-huit-jours-raphanus-sativus-l\/","og_site_name":"Horticom.ee","article_publisher":"https:\/\/www.facebook.com\/horticom.ee\/e-pood","article_modified_time":"2026-04-08T12:01:23+00:00","og_image":[{"width":1000,"height":1750,"url":"https:\/\/horticom.ee\/e-pood\/wp-content\/uploads\/importedmedia\/product-1383806_0-PL0996.jpg","type":"image\/jpeg"}],"twitter_card":"summary_large_image","schema":{"@context":"https:\/\/schema.org","@graph":[{"@type":"WebPage","@id":"https:\/\/horticom.ee\/e-pood\/toode\/redis-de-dix-huit-jours-raphanus-sativus-l\/","url":"https:\/\/horticom.ee\/e-pood\/toode\/redis-de-dix-huit-jours-raphanus-sativus-l\/","name":"Redis De-Duix-Huit-Jours - Horticom.ee\/e-pood","isPartOf":{"@id":"https:\/\/horticom.ee\/e-pood\/#website"},"primaryImageOfPage":{"@id":"https:\/\/horticom.ee\/e-pood\/toode\/redis-de-dix-huit-jours-raphanus-sativus-l\/#primaryimage"},"image":{"@id":"https:\/\/horticom.ee\/e-pood\/toode\/redis-de-dix-huit-jours-raphanus-sativus-l\/#primaryimage"},"thumbnailUrl":"https:\/\/horticom.ee\/e-pood\/wp-content\/uploads\/importedmedia\/product-1383806_0-PL0996.jpg","datePublished":"2022-10-07T00:01:25+00:00","dateModified":"2026-04-08T12:01:23+00:00","description":"Redis De-dix-huit-jours \u2013 varajane sort, punane valge otsaga, 5 cm pikad viljad. Valmib 18\u201320 p\u00e4evaga. Sobib kasvatamiseks kasvuhoones ja avamaal.","breadcrumb":{"@id":"https:\/\/horticom.ee\/e-pood\/toode\/redis-de-dix-huit-jours-raphanus-sativus-l\/#breadcrumb"},"inLanguage":"et","potentialAction":[{"@type":"ReadAction","target":["https:\/\/horticom.ee\/e-pood\/toode\/redis-de-dix-huit-jours-raphanus-sativus-l\/"]}]},{"@type":"ImageObject","inLanguage":"et","@id":"https:\/\/horticom.ee\/e-pood\/toode\/redis-de-dix-huit-jours-raphanus-sativus-l\/#primaryimage","url":"https:\/\/horticom.ee\/e-pood\/wp-content\/uploads\/importedmedia\/product-1383806_0-PL0996.jpg","contentUrl":"https:\/\/horticom.ee\/e-pood\/wp-content\/uploads\/importedmedia\/product-1383806_0-PL0996.jpg","width":1000,"height":1750,"caption":"Redis De-Duix-Huit-Jours"},{"@type":"BreadcrumbList","@id":"https:\/\/horticom.ee\/e-pood\/toode\/redis-de-dix-huit-jours-raphanus-sativus-l\/#breadcrumb","itemListElement":[{"@type":"ListItem","position":1,"name":"Home","item":"https:\/\/horticom.ee\/e-pood\/"},{"@type":"ListItem","position":2,"name":"Pood","item":"https:\/\/horticom.ee\/e-pood\/pood\/"},{"@type":"ListItem","position":3,"name":"Redis De-Duix-Huit-Jours"}]},{"@type":"WebSite","@id":"https:\/\/horticom.ee\/e-pood\/#website","url":"https:\/\/horticom.ee\/e-pood\/","name":"Horticom.ee","description":"Aianduskaubad ja kodukaubad nii harrastajatele kui professionaalidele","potentialAction":[{"@type":"SearchAction","target":{"@type":"EntryPoint","urlTemplate":"https:\/\/horticom.ee\/e-pood\/?s={search_term_string}"},"query-input":{"@type":"PropertyValueSpecification","valueRequired":true,"valueName":"search_term_string"}}],"inLanguage":"et"}]}},"_links":{"self":[{"href":"https:\/\/horticom.ee\/e-pood\/wp-json\/wp\/v2\/product\/1383806","targetHints":{"allow":["GET"]}}],"collection":[{"href":"https:\/\/horticom.ee\/e-pood\/wp-json\/wp\/v2\/product"}],"about":[{"href":"https:\/\/horticom.ee\/e-pood\/wp-json\/wp\/v2\/types\/product"}],"replies":[{"embeddable":true,"href":"https:\/\/horticom.ee\/e-pood\/wp-json\/wp\/v2\/comments?post=1383806"}],"wp:featuredmedia":[{"embeddable":true,"href":"https:\/\/horticom.ee\/e-pood\/wp-json\/wp\/v2\/media\/1383974"}],"wp:attachment":[{"href":"https:\/\/horticom.ee\/e-pood\/wp-json\/wp\/v2\/media?parent=1383806"}],"wp:term":[{"taxonomy":"product_cat","embeddable":true,"href":"https:\/\/horticom.ee\/e-pood\/wp-json\/wp\/v2\/product_cat?post=1383806"},{"taxonomy":"product_tag","embeddable":true,"href":"https:\/\/horticom.ee\/e-pood\/wp-json\/wp\/v2\/product_tag?post=1383806"}],"curies":[{"name":"wp","href":"https:\/\/api.w.org\/{rel}","templated":true}]}}