{"id":1383815,"date":"2022-10-07T03:01:28","date_gmt":"2022-10-07T00:01:28","guid":{"rendered":"https:\/\/aednik24.ee\/toode\/harilik-kirikakar-daisy-mix-bellis-perennis-l-b\/"},"modified":"2026-04-07T13:24:34","modified_gmt":"2026-04-07T10:24:34","slug":"harilik-kirikakar-daisy-mix-bellis-perennis-l-b","status":"publish","type":"product","link":"https:\/\/horticom.ee\/e-pood\/toode\/harilik-kirikakar-daisy-mix-bellis-perennis-l-b\/","title":{"rendered":"Harilik kirikakar Daisy Mix &#8211; Bellis perennis L."},"content":{"rendered":"<p>Harilik kirikakar Daisy Mix on mitmeaastased, 10cm k\u00f5rgused lilled. \u00d5ied on 3 -4cm suurused, \u00f5itsevad rikkalikult terve suve. Kasvatatakse aedades, lillepottides, -kastides, muru servadesl. Kui taimed on l\u00f5petanud \u00f5itsemise ning seemned on valminud, toimub taime iseeneslik seemnete edasik\u00fclv. Niiskes ja viljakas mullas v\u00f5ib kirikakraidkasvatada kui pinnakattetaimi. K\u00f5ige paremini kasvavad avatud, p\u00e4ikesek\u00fcllases kohas v\u00f5i poolvarjus. Mulla suhtes v\u00e4hen\u00f5udlikud. Neid v\u00f5ib ka \u00f5itsemise ajal \u00fcmber istutada.<\/p>\n","protected":false},"excerpt":{"rendered":"<p>Harilik kirikakar Daisy Mix on mitmeaastased, 10cm k\u00f5rgused lilled. \u00d5ied on 3 -4cm suurused, \u00f5itsevad rikkalikult terve suve. Kasvatatakse aedades, lillepottides, -kastides, muru servadesl. Kui taimed on l\u00f5petanud \u00f5itsemise ning seemned on valminud, toimub taime iseeneslik seemnete edasik\u00fclv. Niiskes ja viljakas mullas v\u00f5ib kirikakraidkasvatada kui pinnakattetaimi. K\u00f5ige paremini kasvavad avatud, p\u00e4ikesek\u00fcllases kohas v\u00f5i poolvarjus. Mulla [&hellip;]<\/p>\n","protected":false},"featured_media":1383958,"comment_status":"closed","ping_status":"closed","template":"","meta":{"_themeisle_gutenberg_block_has_review":false},"product_cat":[13528],"product_tag":[],"class_list":{"0":"post-1383815","1":"product","2":"type-product","3":"status-publish","4":"has-post-thumbnail","6":"product_cat-kirikakar","8":"first","9":"instock","10":"shipping-taxable","11":"purchasable","12":"product-type-simple"},"yoast_head":"<!-- This site is optimized with the Yoast SEO plugin v24.0 - https:\/\/yoast.com\/wordpress\/plugins\/seo\/ -->\n<title>Harilik kirikakar Daisy Mix - Bellis perennis L.<\/title>\n<meta name=\"description\" content=\"Harilik kirikakar Daisy Mix on mitmeaastane 10 cm k\u00f5rgune taim. \u00d5itseb kogu suve, sobib kasvatamiseks p\u00e4ikesepaistelistes kohtades.\" \/>\n<meta name=\"robots\" content=\"index, follow, max-snippet:-1, max-image-preview:large, max-video-preview:-1\" \/>\n<link rel=\"canonical\" href=\"https:\/\/horticom.ee\/e-pood\/toode\/harilik-kirikakar-daisy-mix-bellis-perennis-l-b\/\" \/>\n<meta property=\"og:locale\" content=\"et_EE\" \/>\n<meta property=\"og:type\" content=\"article\" \/>\n<meta property=\"og:title\" content=\"Harilik kirikakar Daisy Mix - Bellis perennis L.\" \/>\n<meta property=\"og:description\" content=\"Harilik kirikakar Daisy Mix on mitmeaastane 10 cm k\u00f5rgune taim. \u00d5itseb kogu suve, sobib kasvatamiseks p\u00e4ikesepaistelistes kohtades.\" \/>\n<meta property=\"og:url\" content=\"https:\/\/horticom.ee\/e-pood\/toode\/harilik-kirikakar-daisy-mix-bellis-perennis-l-b\/\" \/>\n<meta property=\"og:site_name\" content=\"Horticom.ee\" \/>\n<meta property=\"article:publisher\" content=\"https:\/\/www.facebook.com\/horticom.ee\/e-pood\" \/>\n<meta property=\"article:modified_time\" content=\"2026-04-07T10:24:34+00:00\" \/>\n<meta property=\"og:image\" content=\"https:\/\/horticom.ee\/e-pood\/wp-content\/uploads\/importedmedia\/product-1383815_0-L227200.jpg\" \/>\n\t<meta property=\"og:image:width\" content=\"999\" \/>\n\t<meta property=\"og:image:height\" content=\"1067\" \/>\n\t<meta property=\"og:image:type\" content=\"image\/jpeg\" \/>\n<meta name=\"twitter:card\" content=\"summary_large_image\" \/>\n<script type=\"application\/ld+json\" class=\"yoast-schema-graph\">{\"@context\":\"https:\/\/schema.org\",\"@graph\":[{\"@type\":\"WebPage\",\"@id\":\"https:\/\/horticom.ee\/e-pood\/toode\/harilik-kirikakar-daisy-mix-bellis-perennis-l-b\/\",\"url\":\"https:\/\/horticom.ee\/e-pood\/toode\/harilik-kirikakar-daisy-mix-bellis-perennis-l-b\/\",\"name\":\"Harilik kirikakar Daisy Mix - Bellis perennis L.\",\"isPartOf\":{\"@id\":\"https:\/\/horticom.ee\/e-pood\/#website\"},\"primaryImageOfPage\":{\"@id\":\"https:\/\/horticom.ee\/e-pood\/toode\/harilik-kirikakar-daisy-mix-bellis-perennis-l-b\/#primaryimage\"},\"image\":{\"@id\":\"https:\/\/horticom.ee\/e-pood\/toode\/harilik-kirikakar-daisy-mix-bellis-perennis-l-b\/#primaryimage\"},\"thumbnailUrl\":\"https:\/\/horticom.ee\/e-pood\/wp-content\/uploads\/importedmedia\/product-1383815_0-L227200.jpg\",\"datePublished\":\"2022-10-07T00:01:28+00:00\",\"dateModified\":\"2026-04-07T10:24:34+00:00\",\"description\":\"Harilik kirikakar Daisy Mix on mitmeaastane 10 cm k\u00f5rgune taim. \u00d5itseb kogu suve, sobib kasvatamiseks p\u00e4ikesepaistelistes kohtades.\",\"breadcrumb\":{\"@id\":\"https:\/\/horticom.ee\/e-pood\/toode\/harilik-kirikakar-daisy-mix-bellis-perennis-l-b\/#breadcrumb\"},\"inLanguage\":\"et\",\"potentialAction\":[{\"@type\":\"ReadAction\",\"target\":[\"https:\/\/horticom.ee\/e-pood\/toode\/harilik-kirikakar-daisy-mix-bellis-perennis-l-b\/\"]}]},{\"@type\":\"ImageObject\",\"inLanguage\":\"et\",\"@id\":\"https:\/\/horticom.ee\/e-pood\/toode\/harilik-kirikakar-daisy-mix-bellis-perennis-l-b\/#primaryimage\",\"url\":\"https:\/\/horticom.ee\/e-pood\/wp-content\/uploads\/importedmedia\/product-1383815_0-L227200.jpg\",\"contentUrl\":\"https:\/\/horticom.ee\/e-pood\/wp-content\/uploads\/importedmedia\/product-1383815_0-L227200.jpg\",\"width\":999,\"height\":1067,\"caption\":\"Harilik kirikakar Daisy Mix - Bellis perennis L.\"},{\"@type\":\"BreadcrumbList\",\"@id\":\"https:\/\/horticom.ee\/e-pood\/toode\/harilik-kirikakar-daisy-mix-bellis-perennis-l-b\/#breadcrumb\",\"itemListElement\":[{\"@type\":\"ListItem\",\"position\":1,\"name\":\"Home\",\"item\":\"https:\/\/horticom.ee\/e-pood\/\"},{\"@type\":\"ListItem\",\"position\":2,\"name\":\"Pood\",\"item\":\"https:\/\/horticom.ee\/e-pood\/pood\/\"},{\"@type\":\"ListItem\",\"position\":3,\"name\":\"Harilik kirikakar Daisy Mix &#8211; Bellis perennis L.\"}]},{\"@type\":\"WebSite\",\"@id\":\"https:\/\/horticom.ee\/e-pood\/#website\",\"url\":\"https:\/\/horticom.ee\/e-pood\/\",\"name\":\"Horticom.ee\",\"description\":\"Aianduskaubad ja kodukaubad nii harrastajatele kui professionaalidele\",\"potentialAction\":[{\"@type\":\"SearchAction\",\"target\":{\"@type\":\"EntryPoint\",\"urlTemplate\":\"https:\/\/horticom.ee\/e-pood\/?s={search_term_string}\"},\"query-input\":{\"@type\":\"PropertyValueSpecification\",\"valueRequired\":true,\"valueName\":\"search_term_string\"}}],\"inLanguage\":\"et\"}]}<\/script>\n<!-- \/ Yoast SEO plugin. -->","yoast_head_json":{"title":"Harilik kirikakar Daisy Mix - Bellis perennis L.","description":"Harilik kirikakar Daisy Mix on mitmeaastane 10 cm k\u00f5rgune taim. \u00d5itseb kogu suve, sobib kasvatamiseks p\u00e4ikesepaistelistes kohtades.","robots":{"index":"index","follow":"follow","max-snippet":"max-snippet:-1","max-image-preview":"max-image-preview:large","max-video-preview":"max-video-preview:-1"},"canonical":"https:\/\/horticom.ee\/e-pood\/toode\/harilik-kirikakar-daisy-mix-bellis-perennis-l-b\/","og_locale":"et_EE","og_type":"article","og_title":"Harilik kirikakar Daisy Mix - Bellis perennis L.","og_description":"Harilik kirikakar Daisy Mix on mitmeaastane 10 cm k\u00f5rgune taim. \u00d5itseb kogu suve, sobib kasvatamiseks p\u00e4ikesepaistelistes kohtades.","og_url":"https:\/\/horticom.ee\/e-pood\/toode\/harilik-kirikakar-daisy-mix-bellis-perennis-l-b\/","og_site_name":"Horticom.ee","article_publisher":"https:\/\/www.facebook.com\/horticom.ee\/e-pood","article_modified_time":"2026-04-07T10:24:34+00:00","og_image":[{"width":999,"height":1067,"url":"https:\/\/horticom.ee\/e-pood\/wp-content\/uploads\/importedmedia\/product-1383815_0-L227200.jpg","type":"image\/jpeg"}],"twitter_card":"summary_large_image","schema":{"@context":"https:\/\/schema.org","@graph":[{"@type":"WebPage","@id":"https:\/\/horticom.ee\/e-pood\/toode\/harilik-kirikakar-daisy-mix-bellis-perennis-l-b\/","url":"https:\/\/horticom.ee\/e-pood\/toode\/harilik-kirikakar-daisy-mix-bellis-perennis-l-b\/","name":"Harilik kirikakar Daisy Mix - Bellis perennis L.","isPartOf":{"@id":"https:\/\/horticom.ee\/e-pood\/#website"},"primaryImageOfPage":{"@id":"https:\/\/horticom.ee\/e-pood\/toode\/harilik-kirikakar-daisy-mix-bellis-perennis-l-b\/#primaryimage"},"image":{"@id":"https:\/\/horticom.ee\/e-pood\/toode\/harilik-kirikakar-daisy-mix-bellis-perennis-l-b\/#primaryimage"},"thumbnailUrl":"https:\/\/horticom.ee\/e-pood\/wp-content\/uploads\/importedmedia\/product-1383815_0-L227200.jpg","datePublished":"2022-10-07T00:01:28+00:00","dateModified":"2026-04-07T10:24:34+00:00","description":"Harilik kirikakar Daisy Mix on mitmeaastane 10 cm k\u00f5rgune taim. \u00d5itseb kogu suve, sobib kasvatamiseks p\u00e4ikesepaistelistes kohtades.","breadcrumb":{"@id":"https:\/\/horticom.ee\/e-pood\/toode\/harilik-kirikakar-daisy-mix-bellis-perennis-l-b\/#breadcrumb"},"inLanguage":"et","potentialAction":[{"@type":"ReadAction","target":["https:\/\/horticom.ee\/e-pood\/toode\/harilik-kirikakar-daisy-mix-bellis-perennis-l-b\/"]}]},{"@type":"ImageObject","inLanguage":"et","@id":"https:\/\/horticom.ee\/e-pood\/toode\/harilik-kirikakar-daisy-mix-bellis-perennis-l-b\/#primaryimage","url":"https:\/\/horticom.ee\/e-pood\/wp-content\/uploads\/importedmedia\/product-1383815_0-L227200.jpg","contentUrl":"https:\/\/horticom.ee\/e-pood\/wp-content\/uploads\/importedmedia\/product-1383815_0-L227200.jpg","width":999,"height":1067,"caption":"Harilik kirikakar Daisy Mix - Bellis perennis L."},{"@type":"BreadcrumbList","@id":"https:\/\/horticom.ee\/e-pood\/toode\/harilik-kirikakar-daisy-mix-bellis-perennis-l-b\/#breadcrumb","itemListElement":[{"@type":"ListItem","position":1,"name":"Home","item":"https:\/\/horticom.ee\/e-pood\/"},{"@type":"ListItem","position":2,"name":"Pood","item":"https:\/\/horticom.ee\/e-pood\/pood\/"},{"@type":"ListItem","position":3,"name":"Harilik kirikakar Daisy Mix &#8211; Bellis perennis L."}]},{"@type":"WebSite","@id":"https:\/\/horticom.ee\/e-pood\/#website","url":"https:\/\/horticom.ee\/e-pood\/","name":"Horticom.ee","description":"Aianduskaubad ja kodukaubad nii harrastajatele kui professionaalidele","potentialAction":[{"@type":"SearchAction","target":{"@type":"EntryPoint","urlTemplate":"https:\/\/horticom.ee\/e-pood\/?s={search_term_string}"},"query-input":{"@type":"PropertyValueSpecification","valueRequired":true,"valueName":"search_term_string"}}],"inLanguage":"et"}]}},"_links":{"self":[{"href":"https:\/\/horticom.ee\/e-pood\/wp-json\/wp\/v2\/product\/1383815","targetHints":{"allow":["GET"]}}],"collection":[{"href":"https:\/\/horticom.ee\/e-pood\/wp-json\/wp\/v2\/product"}],"about":[{"href":"https:\/\/horticom.ee\/e-pood\/wp-json\/wp\/v2\/types\/product"}],"replies":[{"embeddable":true,"href":"https:\/\/horticom.ee\/e-pood\/wp-json\/wp\/v2\/comments?post=1383815"}],"wp:featuredmedia":[{"embeddable":true,"href":"https:\/\/horticom.ee\/e-pood\/wp-json\/wp\/v2\/media\/1383958"}],"wp:attachment":[{"href":"https:\/\/horticom.ee\/e-pood\/wp-json\/wp\/v2\/media?parent=1383815"}],"wp:term":[{"taxonomy":"product_cat","embeddable":true,"href":"https:\/\/horticom.ee\/e-pood\/wp-json\/wp\/v2\/product_cat?post=1383815"},{"taxonomy":"product_tag","embeddable":true,"href":"https:\/\/horticom.ee\/e-pood\/wp-json\/wp\/v2\/product_tag?post=1383815"}],"curies":[{"name":"wp","href":"https:\/\/api.w.org\/{rel}","templated":true}]}}