{"id":1383820,"date":"2022-10-07T03:01:30","date_gmt":"2022-10-07T00:01:30","guid":{"rendered":"https:\/\/aednik24.ee\/toode\/janesesaba-grass-hares-tail-lagurus-ovatus-l-d\/"},"modified":"2026-04-21T03:18:09","modified_gmt":"2026-04-21T00:18:09","slug":"janesesaba-grass-hares-tail-lagurus-ovatus-l-d","status":"publish","type":"product","link":"https:\/\/horticom.ee\/e-pood\/toode\/janesesaba-grass-hares-tail-lagurus-ovatus-l-d\/","title":{"rendered":"J\u00e4nesesaba Rabbit&#8217;s Tail Grass &#8211; Lagurus ovatus L."},"content":{"rendered":"<p>J\u00e4nesesaba Grass Hare&#8217;s Tail on \u00fcheaastased lilled, mis on sobilikud kuivadesse kimpudesse, kuid mida kasvatatakse ka lillepeenardes. Harjaselised \u00f5isikud v\u00f5ivad olla kuni 4cm pikkused, tihe p\u00f5\u00f5sas kasvab 25-40cm k\u00f5rguseks. Taim suudab kasvada viljatus mullas, armastab soojust ja valgust. Kasvatataksealpinaariumides, sobib h\u00e4sti ka erksav\u00e4rviliste lilledega. Vahel nimetatakse seda taime ka j\u00e4nesesabaks. Taimi kuivatatakse soojas, pimedas, h\u00e4sti ventileeritavas ruumis, riputatdes \u00f5isikutega allasuunas.<\/p>\n","protected":false},"excerpt":{"rendered":"<p>J\u00e4nesesaba Grass Hare&#8217;s Tail on \u00fcheaastased lilled, mis on sobilikud kuivadesse kimpudesse, kuid mida kasvatatakse ka lillepeenardes. Harjaselised \u00f5isikud v\u00f5ivad olla kuni 4cm pikkused, tihe p\u00f5\u00f5sas kasvab 25-40cm k\u00f5rguseks. Taim suudab kasvada viljatus mullas, armastab soojust ja valgust. Kasvatataksealpinaariumides, sobib h\u00e4sti ka erksav\u00e4rviliste lilledega. Vahel nimetatakse seda taime ka j\u00e4nesesabaks. Taimi kuivatatakse soojas, pimedas, h\u00e4sti [&hellip;]<\/p>\n","protected":false},"featured_media":1383950,"comment_status":"closed","ping_status":"closed","template":"","meta":{"_themeisle_gutenberg_block_has_review":false},"product_cat":[13513],"product_tag":[],"class_list":{"0":"post-1383820","1":"product","2":"type-product","3":"status-publish","4":"has-post-thumbnail","6":"product_cat-muud-uheaastased-lilleseemned","8":"first","9":"instock","10":"shipping-taxable","11":"purchasable","12":"product-type-simple"},"yoast_head":"<!-- This site is optimized with the Yoast SEO plugin v24.0 - https:\/\/yoast.com\/wordpress\/plugins\/seo\/ -->\n<title>J\u00e4nesesaba Rabbit&#039;s Tail Grass - Lagurus ovatus L.<\/title>\n<meta name=\"description\" content=\"J\u00e4nesesaba Grass Hare&#039;s Tail on dekoratiivne \u00fcheaastane lill, sobib kuivadesse kimpudesse ja lillepeenardesse.\" \/>\n<meta name=\"robots\" content=\"index, follow, max-snippet:-1, max-image-preview:large, max-video-preview:-1\" \/>\n<link rel=\"canonical\" href=\"https:\/\/horticom.ee\/e-pood\/toode\/janesesaba-grass-hares-tail-lagurus-ovatus-l-d\/\" \/>\n<meta property=\"og:locale\" content=\"et_EE\" \/>\n<meta property=\"og:type\" content=\"article\" \/>\n<meta property=\"og:title\" content=\"J\u00e4nesesaba Rabbit&#039;s Tail Grass - Lagurus ovatus L.\" \/>\n<meta property=\"og:description\" content=\"J\u00e4nesesaba Grass Hare&#039;s Tail on dekoratiivne \u00fcheaastane lill, sobib kuivadesse kimpudesse ja lillepeenardesse.\" \/>\n<meta property=\"og:url\" content=\"https:\/\/horticom.ee\/e-pood\/toode\/janesesaba-grass-hares-tail-lagurus-ovatus-l-d\/\" \/>\n<meta property=\"og:site_name\" content=\"Horticom.ee\" \/>\n<meta property=\"article:publisher\" content=\"https:\/\/www.facebook.com\/horticom.ee\/e-pood\" \/>\n<meta property=\"article:modified_time\" content=\"2026-04-21T00:18:09+00:00\" \/>\n<meta property=\"og:image\" content=\"https:\/\/horticom.ee\/e-pood\/wp-content\/uploads\/importedmedia\/product-1383820_0-L80660.jpg\" \/>\n\t<meta property=\"og:image:width\" content=\"999\" \/>\n\t<meta property=\"og:image:height\" content=\"1067\" \/>\n\t<meta property=\"og:image:type\" content=\"image\/jpeg\" \/>\n<meta name=\"twitter:card\" content=\"summary_large_image\" \/>\n<script type=\"application\/ld+json\" class=\"yoast-schema-graph\">{\"@context\":\"https:\/\/schema.org\",\"@graph\":[{\"@type\":\"WebPage\",\"@id\":\"https:\/\/horticom.ee\/e-pood\/toode\/janesesaba-grass-hares-tail-lagurus-ovatus-l-d\/\",\"url\":\"https:\/\/horticom.ee\/e-pood\/toode\/janesesaba-grass-hares-tail-lagurus-ovatus-l-d\/\",\"name\":\"J\u00e4nesesaba Rabbit's Tail Grass - Lagurus ovatus L.\",\"isPartOf\":{\"@id\":\"https:\/\/horticom.ee\/e-pood\/#website\"},\"primaryImageOfPage\":{\"@id\":\"https:\/\/horticom.ee\/e-pood\/toode\/janesesaba-grass-hares-tail-lagurus-ovatus-l-d\/#primaryimage\"},\"image\":{\"@id\":\"https:\/\/horticom.ee\/e-pood\/toode\/janesesaba-grass-hares-tail-lagurus-ovatus-l-d\/#primaryimage\"},\"thumbnailUrl\":\"https:\/\/horticom.ee\/e-pood\/wp-content\/uploads\/importedmedia\/product-1383820_0-L80660.jpg\",\"datePublished\":\"2022-10-07T00:01:30+00:00\",\"dateModified\":\"2026-04-21T00:18:09+00:00\",\"description\":\"J\u00e4nesesaba Grass Hare's Tail on dekoratiivne \u00fcheaastane lill, sobib kuivadesse kimpudesse ja lillepeenardesse.\",\"breadcrumb\":{\"@id\":\"https:\/\/horticom.ee\/e-pood\/toode\/janesesaba-grass-hares-tail-lagurus-ovatus-l-d\/#breadcrumb\"},\"inLanguage\":\"et\",\"potentialAction\":[{\"@type\":\"ReadAction\",\"target\":[\"https:\/\/horticom.ee\/e-pood\/toode\/janesesaba-grass-hares-tail-lagurus-ovatus-l-d\/\"]}]},{\"@type\":\"ImageObject\",\"inLanguage\":\"et\",\"@id\":\"https:\/\/horticom.ee\/e-pood\/toode\/janesesaba-grass-hares-tail-lagurus-ovatus-l-d\/#primaryimage\",\"url\":\"https:\/\/horticom.ee\/e-pood\/wp-content\/uploads\/importedmedia\/product-1383820_0-L80660.jpg\",\"contentUrl\":\"https:\/\/horticom.ee\/e-pood\/wp-content\/uploads\/importedmedia\/product-1383820_0-L80660.jpg\",\"width\":999,\"height\":1067,\"caption\":\"J\u00e4nesesaba Rabbit's Tail Grass - Lagurus ovatus L.\"},{\"@type\":\"BreadcrumbList\",\"@id\":\"https:\/\/horticom.ee\/e-pood\/toode\/janesesaba-grass-hares-tail-lagurus-ovatus-l-d\/#breadcrumb\",\"itemListElement\":[{\"@type\":\"ListItem\",\"position\":1,\"name\":\"Home\",\"item\":\"https:\/\/horticom.ee\/e-pood\/\"},{\"@type\":\"ListItem\",\"position\":2,\"name\":\"Pood\",\"item\":\"https:\/\/horticom.ee\/e-pood\/pood\/\"},{\"@type\":\"ListItem\",\"position\":3,\"name\":\"J\u00e4nesesaba Rabbit&#8217;s Tail Grass &#8211; Lagurus ovatus L.\"}]},{\"@type\":\"WebSite\",\"@id\":\"https:\/\/horticom.ee\/e-pood\/#website\",\"url\":\"https:\/\/horticom.ee\/e-pood\/\",\"name\":\"Horticom.ee\",\"description\":\"Aianduskaubad ja kodukaubad nii harrastajatele kui professionaalidele\",\"potentialAction\":[{\"@type\":\"SearchAction\",\"target\":{\"@type\":\"EntryPoint\",\"urlTemplate\":\"https:\/\/horticom.ee\/e-pood\/?s={search_term_string}\"},\"query-input\":{\"@type\":\"PropertyValueSpecification\",\"valueRequired\":true,\"valueName\":\"search_term_string\"}}],\"inLanguage\":\"et\"}]}<\/script>\n<!-- \/ Yoast SEO plugin. -->","yoast_head_json":{"title":"J\u00e4nesesaba Rabbit's Tail Grass - Lagurus ovatus L.","description":"J\u00e4nesesaba Grass Hare's Tail on dekoratiivne \u00fcheaastane lill, sobib kuivadesse kimpudesse ja lillepeenardesse.","robots":{"index":"index","follow":"follow","max-snippet":"max-snippet:-1","max-image-preview":"max-image-preview:large","max-video-preview":"max-video-preview:-1"},"canonical":"https:\/\/horticom.ee\/e-pood\/toode\/janesesaba-grass-hares-tail-lagurus-ovatus-l-d\/","og_locale":"et_EE","og_type":"article","og_title":"J\u00e4nesesaba Rabbit's Tail Grass - Lagurus ovatus L.","og_description":"J\u00e4nesesaba Grass Hare's Tail on dekoratiivne \u00fcheaastane lill, sobib kuivadesse kimpudesse ja lillepeenardesse.","og_url":"https:\/\/horticom.ee\/e-pood\/toode\/janesesaba-grass-hares-tail-lagurus-ovatus-l-d\/","og_site_name":"Horticom.ee","article_publisher":"https:\/\/www.facebook.com\/horticom.ee\/e-pood","article_modified_time":"2026-04-21T00:18:09+00:00","og_image":[{"width":999,"height":1067,"url":"https:\/\/horticom.ee\/e-pood\/wp-content\/uploads\/importedmedia\/product-1383820_0-L80660.jpg","type":"image\/jpeg"}],"twitter_card":"summary_large_image","schema":{"@context":"https:\/\/schema.org","@graph":[{"@type":"WebPage","@id":"https:\/\/horticom.ee\/e-pood\/toode\/janesesaba-grass-hares-tail-lagurus-ovatus-l-d\/","url":"https:\/\/horticom.ee\/e-pood\/toode\/janesesaba-grass-hares-tail-lagurus-ovatus-l-d\/","name":"J\u00e4nesesaba Rabbit's Tail Grass - Lagurus ovatus L.","isPartOf":{"@id":"https:\/\/horticom.ee\/e-pood\/#website"},"primaryImageOfPage":{"@id":"https:\/\/horticom.ee\/e-pood\/toode\/janesesaba-grass-hares-tail-lagurus-ovatus-l-d\/#primaryimage"},"image":{"@id":"https:\/\/horticom.ee\/e-pood\/toode\/janesesaba-grass-hares-tail-lagurus-ovatus-l-d\/#primaryimage"},"thumbnailUrl":"https:\/\/horticom.ee\/e-pood\/wp-content\/uploads\/importedmedia\/product-1383820_0-L80660.jpg","datePublished":"2022-10-07T00:01:30+00:00","dateModified":"2026-04-21T00:18:09+00:00","description":"J\u00e4nesesaba Grass Hare's Tail on dekoratiivne \u00fcheaastane lill, sobib kuivadesse kimpudesse ja lillepeenardesse.","breadcrumb":{"@id":"https:\/\/horticom.ee\/e-pood\/toode\/janesesaba-grass-hares-tail-lagurus-ovatus-l-d\/#breadcrumb"},"inLanguage":"et","potentialAction":[{"@type":"ReadAction","target":["https:\/\/horticom.ee\/e-pood\/toode\/janesesaba-grass-hares-tail-lagurus-ovatus-l-d\/"]}]},{"@type":"ImageObject","inLanguage":"et","@id":"https:\/\/horticom.ee\/e-pood\/toode\/janesesaba-grass-hares-tail-lagurus-ovatus-l-d\/#primaryimage","url":"https:\/\/horticom.ee\/e-pood\/wp-content\/uploads\/importedmedia\/product-1383820_0-L80660.jpg","contentUrl":"https:\/\/horticom.ee\/e-pood\/wp-content\/uploads\/importedmedia\/product-1383820_0-L80660.jpg","width":999,"height":1067,"caption":"J\u00e4nesesaba Rabbit's Tail Grass - Lagurus ovatus L."},{"@type":"BreadcrumbList","@id":"https:\/\/horticom.ee\/e-pood\/toode\/janesesaba-grass-hares-tail-lagurus-ovatus-l-d\/#breadcrumb","itemListElement":[{"@type":"ListItem","position":1,"name":"Home","item":"https:\/\/horticom.ee\/e-pood\/"},{"@type":"ListItem","position":2,"name":"Pood","item":"https:\/\/horticom.ee\/e-pood\/pood\/"},{"@type":"ListItem","position":3,"name":"J\u00e4nesesaba Rabbit&#8217;s Tail Grass &#8211; Lagurus ovatus L."}]},{"@type":"WebSite","@id":"https:\/\/horticom.ee\/e-pood\/#website","url":"https:\/\/horticom.ee\/e-pood\/","name":"Horticom.ee","description":"Aianduskaubad ja kodukaubad nii harrastajatele kui professionaalidele","potentialAction":[{"@type":"SearchAction","target":{"@type":"EntryPoint","urlTemplate":"https:\/\/horticom.ee\/e-pood\/?s={search_term_string}"},"query-input":{"@type":"PropertyValueSpecification","valueRequired":true,"valueName":"search_term_string"}}],"inLanguage":"et"}]}},"_links":{"self":[{"href":"https:\/\/horticom.ee\/e-pood\/wp-json\/wp\/v2\/product\/1383820","targetHints":{"allow":["GET"]}}],"collection":[{"href":"https:\/\/horticom.ee\/e-pood\/wp-json\/wp\/v2\/product"}],"about":[{"href":"https:\/\/horticom.ee\/e-pood\/wp-json\/wp\/v2\/types\/product"}],"replies":[{"embeddable":true,"href":"https:\/\/horticom.ee\/e-pood\/wp-json\/wp\/v2\/comments?post=1383820"}],"wp:featuredmedia":[{"embeddable":true,"href":"https:\/\/horticom.ee\/e-pood\/wp-json\/wp\/v2\/media\/1383950"}],"wp:attachment":[{"href":"https:\/\/horticom.ee\/e-pood\/wp-json\/wp\/v2\/media?parent=1383820"}],"wp:term":[{"taxonomy":"product_cat","embeddable":true,"href":"https:\/\/horticom.ee\/e-pood\/wp-json\/wp\/v2\/product_cat?post=1383820"},{"taxonomy":"product_tag","embeddable":true,"href":"https:\/\/horticom.ee\/e-pood\/wp-json\/wp\/v2\/product_tag?post=1383820"}],"curies":[{"name":"wp","href":"https:\/\/api.w.org\/{rel}","templated":true}]}}