{"id":1383824,"date":"2022-10-07T03:01:35","date_gmt":"2022-10-07T00:01:35","guid":{"rendered":"https:\/\/aednik24.ee\/toode\/kivikilbik-sweet-alyssum-magic-circles-lobularia-maritima-l-desv-c\/"},"modified":"2026-04-18T03:18:17","modified_gmt":"2026-04-18T00:18:17","slug":"kivikilbik-sweet-alyssum-magic-circles-lobularia-maritima-l-desv-c","status":"publish","type":"product","link":"https:\/\/horticom.ee\/e-pood\/toode\/kivikilbik-sweet-alyssum-magic-circles-lobularia-maritima-l-desv-c\/","title":{"rendered":"Kivikilbik Sweet Alyssum Magic Circles Mix &#8211; Lobularia maritima L. Desv."},"content":{"rendered":"<p>Kivikilbik Sweet Alyssum Magic Circles on \u00fcheaastased, lihtsasti kasvatatavad pinnakattetaimena kasutatavad, kuni 12cm k\u00f5rgused lilled.  \u00d5ied on v\u00e4ikesed ning meeldiva l\u00f5hnaga. Kasvatatakse lillepeenardes, kalmistutel, r\u00f5dudel. Lillepeenardesse sobivad koos teiste erksav\u00e4rviliste \u00f5itega. Taim on k\u00fclmakindel, kasvab h\u00e4sti ja \u00f5itseb p\u00e4ikselises ja poolvarjulises kohas, mittehappelises livvsavimullases pinnases. Hiliss\u00fcgisel k\u00fclvatud seemned, idanevad j\u00e4rgmise aasta kevadel.<\/p>\n","protected":false},"excerpt":{"rendered":"<p>Kivikilbik Sweet Alyssum Magic Circles on \u00fcheaastased, lihtsasti kasvatatavad pinnakattetaimena kasutatavad, kuni 12cm k\u00f5rgused lilled. \u00d5ied on v\u00e4ikesed ning meeldiva l\u00f5hnaga. Kasvatatakse lillepeenardes, kalmistutel, r\u00f5dudel. Lillepeenardesse sobivad koos teiste erksav\u00e4rviliste \u00f5itega. Taim on k\u00fclmakindel, kasvab h\u00e4sti ja \u00f5itseb p\u00e4ikselises ja poolvarjulises kohas, mittehappelises livvsavimullases pinnases. Hiliss\u00fcgisel k\u00fclvatud seemned, idanevad j\u00e4rgmise aasta kevadel.<\/p>\n","protected":false},"featured_media":2398887,"comment_status":"closed","ping_status":"closed","template":"","meta":{"_themeisle_gutenberg_block_has_review":false},"product_cat":[13527],"product_tag":[],"class_list":{"0":"post-1383824","1":"product","2":"type-product","3":"status-publish","4":"has-post-thumbnail","6":"product_cat-kivikilbik-pasmaslill-keskpaevalill-portulak","8":"first","9":"instock","10":"shipping-taxable","11":"purchasable","12":"product-type-simple"},"yoast_head":"<!-- This site is optimized with the Yoast SEO plugin v24.0 - https:\/\/yoast.com\/wordpress\/plugins\/seo\/ -->\n<title>Kivikilbik Sweet Alyssum Magic Circles Mix<\/title>\n<meta name=\"description\" content=\"Kivikilbik Sweet Alyssum on lihtsasti kasvatatav ja k\u00fclmakindel pinnakattetaim, sobib haljasaladele ja r\u00f5dudele.\" \/>\n<meta name=\"robots\" content=\"index, follow, max-snippet:-1, max-image-preview:large, max-video-preview:-1\" \/>\n<link rel=\"canonical\" href=\"https:\/\/horticom.ee\/e-pood\/toode\/kivikilbik-sweet-alyssum-magic-circles-lobularia-maritima-l-desv-c\/\" \/>\n<meta property=\"og:locale\" content=\"et_EE\" \/>\n<meta property=\"og:type\" content=\"article\" \/>\n<meta property=\"og:title\" content=\"Kivikilbik Sweet Alyssum Magic Circles Mix\" \/>\n<meta property=\"og:description\" content=\"Kivikilbik Sweet Alyssum on lihtsasti kasvatatav ja k\u00fclmakindel pinnakattetaim, sobib haljasaladele ja r\u00f5dudele.\" \/>\n<meta property=\"og:url\" content=\"https:\/\/horticom.ee\/e-pood\/toode\/kivikilbik-sweet-alyssum-magic-circles-lobularia-maritima-l-desv-c\/\" \/>\n<meta property=\"og:site_name\" content=\"Horticom.ee\" \/>\n<meta property=\"article:publisher\" content=\"https:\/\/www.facebook.com\/horticom.ee\/e-pood\" \/>\n<meta property=\"article:modified_time\" content=\"2026-04-18T00:18:17+00:00\" \/>\n<meta property=\"og:image\" content=\"https:\/\/horticom.ee\/e-pood\/wp-content\/uploads\/2022\/10\/4770168914124.jpg\" \/>\n\t<meta property=\"og:image:width\" content=\"398\" \/>\n\t<meta property=\"og:image:height\" content=\"425\" \/>\n\t<meta property=\"og:image:type\" content=\"image\/jpeg\" \/>\n<meta name=\"twitter:card\" content=\"summary_large_image\" \/>\n<meta name=\"twitter:label1\" content=\"Est. reading time\" \/>\n\t<meta name=\"twitter:data1\" content=\"1 minut\" \/>\n<script type=\"application\/ld+json\" class=\"yoast-schema-graph\">{\"@context\":\"https:\/\/schema.org\",\"@graph\":[{\"@type\":\"WebPage\",\"@id\":\"https:\/\/horticom.ee\/e-pood\/toode\/kivikilbik-sweet-alyssum-magic-circles-lobularia-maritima-l-desv-c\/\",\"url\":\"https:\/\/horticom.ee\/e-pood\/toode\/kivikilbik-sweet-alyssum-magic-circles-lobularia-maritima-l-desv-c\/\",\"name\":\"Kivikilbik Sweet Alyssum Magic Circles Mix\",\"isPartOf\":{\"@id\":\"https:\/\/horticom.ee\/e-pood\/#website\"},\"primaryImageOfPage\":{\"@id\":\"https:\/\/horticom.ee\/e-pood\/toode\/kivikilbik-sweet-alyssum-magic-circles-lobularia-maritima-l-desv-c\/#primaryimage\"},\"image\":{\"@id\":\"https:\/\/horticom.ee\/e-pood\/toode\/kivikilbik-sweet-alyssum-magic-circles-lobularia-maritima-l-desv-c\/#primaryimage\"},\"thumbnailUrl\":\"https:\/\/horticom.ee\/e-pood\/wp-content\/uploads\/2022\/10\/4770168914124.jpg\",\"datePublished\":\"2022-10-07T00:01:35+00:00\",\"dateModified\":\"2026-04-18T00:18:17+00:00\",\"description\":\"Kivikilbik Sweet Alyssum on lihtsasti kasvatatav ja k\u00fclmakindel pinnakattetaim, sobib haljasaladele ja r\u00f5dudele.\",\"breadcrumb\":{\"@id\":\"https:\/\/horticom.ee\/e-pood\/toode\/kivikilbik-sweet-alyssum-magic-circles-lobularia-maritima-l-desv-c\/#breadcrumb\"},\"inLanguage\":\"et\",\"potentialAction\":[{\"@type\":\"ReadAction\",\"target\":[\"https:\/\/horticom.ee\/e-pood\/toode\/kivikilbik-sweet-alyssum-magic-circles-lobularia-maritima-l-desv-c\/\"]}]},{\"@type\":\"ImageObject\",\"inLanguage\":\"et\",\"@id\":\"https:\/\/horticom.ee\/e-pood\/toode\/kivikilbik-sweet-alyssum-magic-circles-lobularia-maritima-l-desv-c\/#primaryimage\",\"url\":\"https:\/\/horticom.ee\/e-pood\/wp-content\/uploads\/2022\/10\/4770168914124.jpg\",\"contentUrl\":\"https:\/\/horticom.ee\/e-pood\/wp-content\/uploads\/2022\/10\/4770168914124.jpg\",\"width\":398,\"height\":425},{\"@type\":\"BreadcrumbList\",\"@id\":\"https:\/\/horticom.ee\/e-pood\/toode\/kivikilbik-sweet-alyssum-magic-circles-lobularia-maritima-l-desv-c\/#breadcrumb\",\"itemListElement\":[{\"@type\":\"ListItem\",\"position\":1,\"name\":\"Home\",\"item\":\"https:\/\/horticom.ee\/e-pood\/\"},{\"@type\":\"ListItem\",\"position\":2,\"name\":\"Pood\",\"item\":\"https:\/\/horticom.ee\/e-pood\/pood\/\"},{\"@type\":\"ListItem\",\"position\":3,\"name\":\"Kivikilbik Sweet Alyssum Magic Circles Mix &#8211; Lobularia maritima L. Desv.\"}]},{\"@type\":\"WebSite\",\"@id\":\"https:\/\/horticom.ee\/e-pood\/#website\",\"url\":\"https:\/\/horticom.ee\/e-pood\/\",\"name\":\"Horticom.ee\",\"description\":\"Aianduskaubad ja kodukaubad nii harrastajatele kui professionaalidele\",\"potentialAction\":[{\"@type\":\"SearchAction\",\"target\":{\"@type\":\"EntryPoint\",\"urlTemplate\":\"https:\/\/horticom.ee\/e-pood\/?s={search_term_string}\"},\"query-input\":{\"@type\":\"PropertyValueSpecification\",\"valueRequired\":true,\"valueName\":\"search_term_string\"}}],\"inLanguage\":\"et\"}]}<\/script>\n<!-- \/ Yoast SEO plugin. -->","yoast_head_json":{"title":"Kivikilbik Sweet Alyssum Magic Circles Mix","description":"Kivikilbik Sweet Alyssum on lihtsasti kasvatatav ja k\u00fclmakindel pinnakattetaim, sobib haljasaladele ja r\u00f5dudele.","robots":{"index":"index","follow":"follow","max-snippet":"max-snippet:-1","max-image-preview":"max-image-preview:large","max-video-preview":"max-video-preview:-1"},"canonical":"https:\/\/horticom.ee\/e-pood\/toode\/kivikilbik-sweet-alyssum-magic-circles-lobularia-maritima-l-desv-c\/","og_locale":"et_EE","og_type":"article","og_title":"Kivikilbik Sweet Alyssum Magic Circles Mix","og_description":"Kivikilbik Sweet Alyssum on lihtsasti kasvatatav ja k\u00fclmakindel pinnakattetaim, sobib haljasaladele ja r\u00f5dudele.","og_url":"https:\/\/horticom.ee\/e-pood\/toode\/kivikilbik-sweet-alyssum-magic-circles-lobularia-maritima-l-desv-c\/","og_site_name":"Horticom.ee","article_publisher":"https:\/\/www.facebook.com\/horticom.ee\/e-pood","article_modified_time":"2026-04-18T00:18:17+00:00","og_image":[{"width":398,"height":425,"url":"https:\/\/horticom.ee\/e-pood\/wp-content\/uploads\/2022\/10\/4770168914124.jpg","type":"image\/jpeg"}],"twitter_card":"summary_large_image","twitter_misc":{"Est. reading time":"1 minut"},"schema":{"@context":"https:\/\/schema.org","@graph":[{"@type":"WebPage","@id":"https:\/\/horticom.ee\/e-pood\/toode\/kivikilbik-sweet-alyssum-magic-circles-lobularia-maritima-l-desv-c\/","url":"https:\/\/horticom.ee\/e-pood\/toode\/kivikilbik-sweet-alyssum-magic-circles-lobularia-maritima-l-desv-c\/","name":"Kivikilbik Sweet Alyssum Magic Circles Mix","isPartOf":{"@id":"https:\/\/horticom.ee\/e-pood\/#website"},"primaryImageOfPage":{"@id":"https:\/\/horticom.ee\/e-pood\/toode\/kivikilbik-sweet-alyssum-magic-circles-lobularia-maritima-l-desv-c\/#primaryimage"},"image":{"@id":"https:\/\/horticom.ee\/e-pood\/toode\/kivikilbik-sweet-alyssum-magic-circles-lobularia-maritima-l-desv-c\/#primaryimage"},"thumbnailUrl":"https:\/\/horticom.ee\/e-pood\/wp-content\/uploads\/2022\/10\/4770168914124.jpg","datePublished":"2022-10-07T00:01:35+00:00","dateModified":"2026-04-18T00:18:17+00:00","description":"Kivikilbik Sweet Alyssum on lihtsasti kasvatatav ja k\u00fclmakindel pinnakattetaim, sobib haljasaladele ja r\u00f5dudele.","breadcrumb":{"@id":"https:\/\/horticom.ee\/e-pood\/toode\/kivikilbik-sweet-alyssum-magic-circles-lobularia-maritima-l-desv-c\/#breadcrumb"},"inLanguage":"et","potentialAction":[{"@type":"ReadAction","target":["https:\/\/horticom.ee\/e-pood\/toode\/kivikilbik-sweet-alyssum-magic-circles-lobularia-maritima-l-desv-c\/"]}]},{"@type":"ImageObject","inLanguage":"et","@id":"https:\/\/horticom.ee\/e-pood\/toode\/kivikilbik-sweet-alyssum-magic-circles-lobularia-maritima-l-desv-c\/#primaryimage","url":"https:\/\/horticom.ee\/e-pood\/wp-content\/uploads\/2022\/10\/4770168914124.jpg","contentUrl":"https:\/\/horticom.ee\/e-pood\/wp-content\/uploads\/2022\/10\/4770168914124.jpg","width":398,"height":425},{"@type":"BreadcrumbList","@id":"https:\/\/horticom.ee\/e-pood\/toode\/kivikilbik-sweet-alyssum-magic-circles-lobularia-maritima-l-desv-c\/#breadcrumb","itemListElement":[{"@type":"ListItem","position":1,"name":"Home","item":"https:\/\/horticom.ee\/e-pood\/"},{"@type":"ListItem","position":2,"name":"Pood","item":"https:\/\/horticom.ee\/e-pood\/pood\/"},{"@type":"ListItem","position":3,"name":"Kivikilbik Sweet Alyssum Magic Circles Mix &#8211; Lobularia maritima L. Desv."}]},{"@type":"WebSite","@id":"https:\/\/horticom.ee\/e-pood\/#website","url":"https:\/\/horticom.ee\/e-pood\/","name":"Horticom.ee","description":"Aianduskaubad ja kodukaubad nii harrastajatele kui professionaalidele","potentialAction":[{"@type":"SearchAction","target":{"@type":"EntryPoint","urlTemplate":"https:\/\/horticom.ee\/e-pood\/?s={search_term_string}"},"query-input":{"@type":"PropertyValueSpecification","valueRequired":true,"valueName":"search_term_string"}}],"inLanguage":"et"}]}},"_links":{"self":[{"href":"https:\/\/horticom.ee\/e-pood\/wp-json\/wp\/v2\/product\/1383824","targetHints":{"allow":["GET"]}}],"collection":[{"href":"https:\/\/horticom.ee\/e-pood\/wp-json\/wp\/v2\/product"}],"about":[{"href":"https:\/\/horticom.ee\/e-pood\/wp-json\/wp\/v2\/types\/product"}],"replies":[{"embeddable":true,"href":"https:\/\/horticom.ee\/e-pood\/wp-json\/wp\/v2\/comments?post=1383824"}],"wp:featuredmedia":[{"embeddable":true,"href":"https:\/\/horticom.ee\/e-pood\/wp-json\/wp\/v2\/media\/2398887"}],"wp:attachment":[{"href":"https:\/\/horticom.ee\/e-pood\/wp-json\/wp\/v2\/media?parent=1383824"}],"wp:term":[{"taxonomy":"product_cat","embeddable":true,"href":"https:\/\/horticom.ee\/e-pood\/wp-json\/wp\/v2\/product_cat?post=1383824"},{"taxonomy":"product_tag","embeddable":true,"href":"https:\/\/horticom.ee\/e-pood\/wp-json\/wp\/v2\/product_tag?post=1383824"}],"curies":[{"name":"wp","href":"https:\/\/api.w.org\/{rel}","templated":true}]}}