{"id":1383827,"date":"2022-10-07T03:01:36","date_gmt":"2022-10-07T00:01:36","guid":{"rendered":"https:\/\/aednik24.ee\/toode\/korvits-marrow-zloty-cepelin-cucurbita-pepo-l-b\/"},"modified":"2026-04-09T03:12:58","modified_gmt":"2026-04-09T00:12:58","slug":"korvits-marrow-zloty-cepelin-cucurbita-pepo-l-b","status":"publish","type":"product","link":"https:\/\/horticom.ee\/e-pood\/toode\/korvits-marrow-zloty-cepelin-cucurbita-pepo-l-b\/","title":{"rendered":"K\u00f5rvits Zloty cepelin &#8211; Cucurbita pepo L."},"content":{"rendered":"<p>K\u00f5rvits Marrow Zloty cepelin on varajane viljakas sort. Viljad on silindrikujulised, sile. Mida sagedamini vilju noppida, seda rikkalikumalt need k\u00fcpsevad. Taimed on n\u00f5udlikud soojuse ja niiskuse suhtes. K\u00fclvatakse p\u00e4rast \u00f6\u00f6k\u00fclmaohu m\u00f6\u00f6dumist, kui mulla temperatuur t\u00f5useb 10cm s\u00fcgavusel kuni 10- 12C. Avamaal kasvatamiseks valitakse tuulevaikne koht, mitte vettinud muld. Varajase saagi saamiseks istutatakse seemikud. S\u00fc\u00fcakse v\u00e4rskena, v\u00f5ib k\u00fcpsetada hautada, konserveerida.<\/p>\n","protected":false},"excerpt":{"rendered":"<p>K\u00f5rvits Marrow Zloty cepelin on varajane viljakas sort. Viljad on silindrikujulised, sile. Mida sagedamini vilju noppida, seda rikkalikumalt need k\u00fcpsevad. Taimed on n\u00f5udlikud soojuse ja niiskuse suhtes. K\u00fclvatakse p\u00e4rast \u00f6\u00f6k\u00fclmaohu m\u00f6\u00f6dumist, kui mulla temperatuur t\u00f5useb 10cm s\u00fcgavusel kuni 10- 12C. Avamaal kasvatamiseks valitakse tuulevaikne koht, mitte vettinud muld. Varajase saagi saamiseks istutatakse seemikud. S\u00fc\u00fcakse v\u00e4rskena, [&hellip;]<\/p>\n","protected":false},"featured_media":2400123,"comment_status":"closed","ping_status":"closed","template":"","meta":{"_themeisle_gutenberg_block_has_review":false},"product_cat":[13482],"product_tag":[],"class_list":{"0":"post-1383827","1":"product","2":"type-product","3":"status-publish","4":"has-post-thumbnail","6":"product_cat-suvikorvits-korvits","8":"first","9":"instock","10":"shipping-taxable","11":"purchasable","12":"product-type-simple"},"yoast_head":"<!-- This site is optimized with the Yoast SEO plugin v24.0 - https:\/\/yoast.com\/wordpress\/plugins\/seo\/ -->\n<title>K\u00f5rvits Zloty cepelin - Cucurbita pepo L. - Horticom.ee<\/title>\n<meta name=\"description\" content=\"K\u00f5rvits Marrow Zloty cepelin on viljakas varajane sort. Viljad on silindrikujulised ja sobivad v\u00e4rskelt s\u00f6\u00f6miseks v\u00f5i hautamiseks.\" \/>\n<meta name=\"robots\" content=\"index, follow, max-snippet:-1, max-image-preview:large, max-video-preview:-1\" \/>\n<link rel=\"canonical\" href=\"https:\/\/horticom.ee\/e-pood\/toode\/korvits-marrow-zloty-cepelin-cucurbita-pepo-l-b\/\" \/>\n<meta property=\"og:locale\" content=\"et_EE\" \/>\n<meta property=\"og:type\" content=\"article\" \/>\n<meta property=\"og:title\" content=\"K\u00f5rvits Zloty cepelin - Cucurbita pepo L. - Horticom.ee\" \/>\n<meta property=\"og:description\" content=\"K\u00f5rvits Marrow Zloty cepelin on viljakas varajane sort. Viljad on silindrikujulised ja sobivad v\u00e4rskelt s\u00f6\u00f6miseks v\u00f5i hautamiseks.\" \/>\n<meta property=\"og:url\" content=\"https:\/\/horticom.ee\/e-pood\/toode\/korvits-marrow-zloty-cepelin-cucurbita-pepo-l-b\/\" \/>\n<meta property=\"og:site_name\" content=\"Horticom.ee\" \/>\n<meta property=\"article:publisher\" content=\"https:\/\/www.facebook.com\/horticom.ee\/e-pood\" \/>\n<meta property=\"article:modified_time\" content=\"2026-04-09T00:12:58+00:00\" \/>\n<meta property=\"og:image\" content=\"https:\/\/horticom.ee\/e-pood\/wp-content\/uploads\/2022\/10\/4770168102088.jpg\" \/>\n\t<meta property=\"og:image:width\" content=\"900\" \/>\n\t<meta property=\"og:image:height\" content=\"962\" \/>\n\t<meta property=\"og:image:type\" content=\"image\/jpeg\" \/>\n<meta name=\"twitter:card\" content=\"summary_large_image\" \/>\n<meta name=\"twitter:label1\" content=\"Est. reading time\" \/>\n\t<meta name=\"twitter:data1\" content=\"1 minut\" \/>\n<script type=\"application\/ld+json\" class=\"yoast-schema-graph\">{\"@context\":\"https:\/\/schema.org\",\"@graph\":[{\"@type\":\"WebPage\",\"@id\":\"https:\/\/horticom.ee\/e-pood\/toode\/korvits-marrow-zloty-cepelin-cucurbita-pepo-l-b\/\",\"url\":\"https:\/\/horticom.ee\/e-pood\/toode\/korvits-marrow-zloty-cepelin-cucurbita-pepo-l-b\/\",\"name\":\"K\u00f5rvits Zloty cepelin - Cucurbita pepo L. - Horticom.ee\",\"isPartOf\":{\"@id\":\"https:\/\/horticom.ee\/e-pood\/#website\"},\"primaryImageOfPage\":{\"@id\":\"https:\/\/horticom.ee\/e-pood\/toode\/korvits-marrow-zloty-cepelin-cucurbita-pepo-l-b\/#primaryimage\"},\"image\":{\"@id\":\"https:\/\/horticom.ee\/e-pood\/toode\/korvits-marrow-zloty-cepelin-cucurbita-pepo-l-b\/#primaryimage\"},\"thumbnailUrl\":\"https:\/\/horticom.ee\/e-pood\/wp-content\/uploads\/2022\/10\/4770168102088.jpg\",\"datePublished\":\"2022-10-07T00:01:36+00:00\",\"dateModified\":\"2026-04-09T00:12:58+00:00\",\"description\":\"K\u00f5rvits Marrow Zloty cepelin on viljakas varajane sort. Viljad on silindrikujulised ja sobivad v\u00e4rskelt s\u00f6\u00f6miseks v\u00f5i hautamiseks.\",\"breadcrumb\":{\"@id\":\"https:\/\/horticom.ee\/e-pood\/toode\/korvits-marrow-zloty-cepelin-cucurbita-pepo-l-b\/#breadcrumb\"},\"inLanguage\":\"et\",\"potentialAction\":[{\"@type\":\"ReadAction\",\"target\":[\"https:\/\/horticom.ee\/e-pood\/toode\/korvits-marrow-zloty-cepelin-cucurbita-pepo-l-b\/\"]}]},{\"@type\":\"ImageObject\",\"inLanguage\":\"et\",\"@id\":\"https:\/\/horticom.ee\/e-pood\/toode\/korvits-marrow-zloty-cepelin-cucurbita-pepo-l-b\/#primaryimage\",\"url\":\"https:\/\/horticom.ee\/e-pood\/wp-content\/uploads\/2022\/10\/4770168102088.jpg\",\"contentUrl\":\"https:\/\/horticom.ee\/e-pood\/wp-content\/uploads\/2022\/10\/4770168102088.jpg\",\"width\":900,\"height\":962},{\"@type\":\"BreadcrumbList\",\"@id\":\"https:\/\/horticom.ee\/e-pood\/toode\/korvits-marrow-zloty-cepelin-cucurbita-pepo-l-b\/#breadcrumb\",\"itemListElement\":[{\"@type\":\"ListItem\",\"position\":1,\"name\":\"Home\",\"item\":\"https:\/\/horticom.ee\/e-pood\/\"},{\"@type\":\"ListItem\",\"position\":2,\"name\":\"Pood\",\"item\":\"https:\/\/horticom.ee\/e-pood\/pood\/\"},{\"@type\":\"ListItem\",\"position\":3,\"name\":\"K\u00f5rvits Zloty cepelin &#8211; Cucurbita pepo L.\"}]},{\"@type\":\"WebSite\",\"@id\":\"https:\/\/horticom.ee\/e-pood\/#website\",\"url\":\"https:\/\/horticom.ee\/e-pood\/\",\"name\":\"Horticom.ee\",\"description\":\"Aianduskaubad ja kodukaubad nii harrastajatele kui professionaalidele\",\"potentialAction\":[{\"@type\":\"SearchAction\",\"target\":{\"@type\":\"EntryPoint\",\"urlTemplate\":\"https:\/\/horticom.ee\/e-pood\/?s={search_term_string}\"},\"query-input\":{\"@type\":\"PropertyValueSpecification\",\"valueRequired\":true,\"valueName\":\"search_term_string\"}}],\"inLanguage\":\"et\"}]}<\/script>\n<!-- \/ Yoast SEO plugin. -->","yoast_head_json":{"title":"K\u00f5rvits Zloty cepelin - Cucurbita pepo L. - Horticom.ee","description":"K\u00f5rvits Marrow Zloty cepelin on viljakas varajane sort. Viljad on silindrikujulised ja sobivad v\u00e4rskelt s\u00f6\u00f6miseks v\u00f5i hautamiseks.","robots":{"index":"index","follow":"follow","max-snippet":"max-snippet:-1","max-image-preview":"max-image-preview:large","max-video-preview":"max-video-preview:-1"},"canonical":"https:\/\/horticom.ee\/e-pood\/toode\/korvits-marrow-zloty-cepelin-cucurbita-pepo-l-b\/","og_locale":"et_EE","og_type":"article","og_title":"K\u00f5rvits Zloty cepelin - Cucurbita pepo L. - Horticom.ee","og_description":"K\u00f5rvits Marrow Zloty cepelin on viljakas varajane sort. Viljad on silindrikujulised ja sobivad v\u00e4rskelt s\u00f6\u00f6miseks v\u00f5i hautamiseks.","og_url":"https:\/\/horticom.ee\/e-pood\/toode\/korvits-marrow-zloty-cepelin-cucurbita-pepo-l-b\/","og_site_name":"Horticom.ee","article_publisher":"https:\/\/www.facebook.com\/horticom.ee\/e-pood","article_modified_time":"2026-04-09T00:12:58+00:00","og_image":[{"width":900,"height":962,"url":"https:\/\/horticom.ee\/e-pood\/wp-content\/uploads\/2022\/10\/4770168102088.jpg","type":"image\/jpeg"}],"twitter_card":"summary_large_image","twitter_misc":{"Est. reading time":"1 minut"},"schema":{"@context":"https:\/\/schema.org","@graph":[{"@type":"WebPage","@id":"https:\/\/horticom.ee\/e-pood\/toode\/korvits-marrow-zloty-cepelin-cucurbita-pepo-l-b\/","url":"https:\/\/horticom.ee\/e-pood\/toode\/korvits-marrow-zloty-cepelin-cucurbita-pepo-l-b\/","name":"K\u00f5rvits Zloty cepelin - Cucurbita pepo L. - Horticom.ee","isPartOf":{"@id":"https:\/\/horticom.ee\/e-pood\/#website"},"primaryImageOfPage":{"@id":"https:\/\/horticom.ee\/e-pood\/toode\/korvits-marrow-zloty-cepelin-cucurbita-pepo-l-b\/#primaryimage"},"image":{"@id":"https:\/\/horticom.ee\/e-pood\/toode\/korvits-marrow-zloty-cepelin-cucurbita-pepo-l-b\/#primaryimage"},"thumbnailUrl":"https:\/\/horticom.ee\/e-pood\/wp-content\/uploads\/2022\/10\/4770168102088.jpg","datePublished":"2022-10-07T00:01:36+00:00","dateModified":"2026-04-09T00:12:58+00:00","description":"K\u00f5rvits Marrow Zloty cepelin on viljakas varajane sort. Viljad on silindrikujulised ja sobivad v\u00e4rskelt s\u00f6\u00f6miseks v\u00f5i hautamiseks.","breadcrumb":{"@id":"https:\/\/horticom.ee\/e-pood\/toode\/korvits-marrow-zloty-cepelin-cucurbita-pepo-l-b\/#breadcrumb"},"inLanguage":"et","potentialAction":[{"@type":"ReadAction","target":["https:\/\/horticom.ee\/e-pood\/toode\/korvits-marrow-zloty-cepelin-cucurbita-pepo-l-b\/"]}]},{"@type":"ImageObject","inLanguage":"et","@id":"https:\/\/horticom.ee\/e-pood\/toode\/korvits-marrow-zloty-cepelin-cucurbita-pepo-l-b\/#primaryimage","url":"https:\/\/horticom.ee\/e-pood\/wp-content\/uploads\/2022\/10\/4770168102088.jpg","contentUrl":"https:\/\/horticom.ee\/e-pood\/wp-content\/uploads\/2022\/10\/4770168102088.jpg","width":900,"height":962},{"@type":"BreadcrumbList","@id":"https:\/\/horticom.ee\/e-pood\/toode\/korvits-marrow-zloty-cepelin-cucurbita-pepo-l-b\/#breadcrumb","itemListElement":[{"@type":"ListItem","position":1,"name":"Home","item":"https:\/\/horticom.ee\/e-pood\/"},{"@type":"ListItem","position":2,"name":"Pood","item":"https:\/\/horticom.ee\/e-pood\/pood\/"},{"@type":"ListItem","position":3,"name":"K\u00f5rvits Zloty cepelin &#8211; Cucurbita pepo L."}]},{"@type":"WebSite","@id":"https:\/\/horticom.ee\/e-pood\/#website","url":"https:\/\/horticom.ee\/e-pood\/","name":"Horticom.ee","description":"Aianduskaubad ja kodukaubad nii harrastajatele kui professionaalidele","potentialAction":[{"@type":"SearchAction","target":{"@type":"EntryPoint","urlTemplate":"https:\/\/horticom.ee\/e-pood\/?s={search_term_string}"},"query-input":{"@type":"PropertyValueSpecification","valueRequired":true,"valueName":"search_term_string"}}],"inLanguage":"et"}]}},"_links":{"self":[{"href":"https:\/\/horticom.ee\/e-pood\/wp-json\/wp\/v2\/product\/1383827","targetHints":{"allow":["GET"]}}],"collection":[{"href":"https:\/\/horticom.ee\/e-pood\/wp-json\/wp\/v2\/product"}],"about":[{"href":"https:\/\/horticom.ee\/e-pood\/wp-json\/wp\/v2\/types\/product"}],"replies":[{"embeddable":true,"href":"https:\/\/horticom.ee\/e-pood\/wp-json\/wp\/v2\/comments?post=1383827"}],"wp:featuredmedia":[{"embeddable":true,"href":"https:\/\/horticom.ee\/e-pood\/wp-json\/wp\/v2\/media\/2400123"}],"wp:attachment":[{"href":"https:\/\/horticom.ee\/e-pood\/wp-json\/wp\/v2\/media?parent=1383827"}],"wp:term":[{"taxonomy":"product_cat","embeddable":true,"href":"https:\/\/horticom.ee\/e-pood\/wp-json\/wp\/v2\/product_cat?post=1383827"},{"taxonomy":"product_tag","embeddable":true,"href":"https:\/\/horticom.ee\/e-pood\/wp-json\/wp\/v2\/product_tag?post=1383827"}],"curies":[{"name":"wp","href":"https:\/\/api.w.org\/{rel}","templated":true}]}}