{"id":1383831,"date":"2022-10-07T03:01:38","date_gmt":"2022-10-07T00:01:38","guid":{"rendered":"https:\/\/aednik24.ee\/toode\/petuunia-grand-ez-rider-deep-red-petunia-hybrida-grandiflora-g\/"},"modified":"2026-05-04T03:11:10","modified_gmt":"2026-05-04T00:11:10","slug":"petuunia-grand-ez-rider-deep-red-petunia-hybrida-grandiflora-g","status":"publish","type":"product","link":"https:\/\/horticom.ee\/e-pood\/toode\/petuunia-grand-ez-rider-deep-red-petunia-hybrida-grandiflora-g\/","title":{"rendered":"Petuunia Petunia Grand Ez Rider Deep Red &#8211; Petunia Hybrida Grandiflora"},"content":{"rendered":"<p>Petuunia Grand ez Rider Deep Red on \u00fcheaastane taim, 30cm k\u00f5rgused taim. \u00d5ied on 7\u20139cm l\u00e4bim\u00f5\u00f5duga. \u00d5itseb rikkalikult ja kaua. Kasvatatakse lillepeenardes, r\u00f5dudel. Seemned on v\u00e4ga v\u00e4ikesed, idanevad 17\u201320 p\u00e4eva jooksul, 18\u201320 0C temperatuuril, mulda peale ei puistata. Istikuid tuleb \u00fcmber istutada. 1 g \u2013 umbes 8000 seemet<\/p>\n","protected":false},"excerpt":{"rendered":"<p>Petuunia Grand ez Rider Deep Red on \u00fcheaastane taim, 30cm k\u00f5rgused taim. \u00d5ied on 7\u20139cm l\u00e4bim\u00f5\u00f5duga. \u00d5itseb rikkalikult ja kaua. Kasvatatakse lillepeenardes, r\u00f5dudel. Seemned on v\u00e4ga v\u00e4ikesed, idanevad 17\u201320 p\u00e4eva jooksul, 18\u201320 0C temperatuuril, mulda peale ei puistata. Istikuid tuleb \u00fcmber istutada. 1 g \u2013 umbes 8000 seemet<\/p>\n","protected":false},"featured_media":1383926,"comment_status":"closed","ping_status":"closed","template":"","meta":{"_themeisle_gutenberg_block_has_review":false},"product_cat":[13508],"product_tag":[],"class_list":{"0":"post-1383831","1":"product","2":"type-product","3":"status-publish","4":"has-post-thumbnail","6":"product_cat-petuunia","8":"first","9":"instock","10":"shipping-taxable","11":"purchasable","12":"product-type-simple"},"yoast_head":"<!-- This site is optimized with the Yoast SEO plugin v24.0 - https:\/\/yoast.com\/wordpress\/plugins\/seo\/ -->\n<title>Petuunia Petunia Grand Ez Rider Deep Red<\/title>\n<meta name=\"description\" content=\"Petuunia Grand Ez Rider Deep Red \u2013 \u00dcheaastane 30cm taim, rikkalik \u00f5itsemine. Seemned idanevad 17-20 p\u00e4evaga. Sobib lillepeenardesse ja r\u00f5dudele.\" \/>\n<meta name=\"robots\" content=\"index, follow, max-snippet:-1, max-image-preview:large, max-video-preview:-1\" \/>\n<link rel=\"canonical\" href=\"https:\/\/horticom.ee\/e-pood\/toode\/petuunia-grand-ez-rider-deep-red-petunia-hybrida-grandiflora-g\/\" \/>\n<meta property=\"og:locale\" content=\"et_EE\" \/>\n<meta property=\"og:type\" content=\"article\" \/>\n<meta property=\"og:title\" content=\"Petuunia Petunia Grand Ez Rider Deep Red\" \/>\n<meta property=\"og:description\" content=\"Petuunia Grand Ez Rider Deep Red \u2013 \u00dcheaastane 30cm taim, rikkalik \u00f5itsemine. Seemned idanevad 17-20 p\u00e4evaga. Sobib lillepeenardesse ja r\u00f5dudele.\" \/>\n<meta property=\"og:url\" content=\"https:\/\/horticom.ee\/e-pood\/toode\/petuunia-grand-ez-rider-deep-red-petunia-hybrida-grandiflora-g\/\" \/>\n<meta property=\"og:site_name\" content=\"Horticom.ee\" \/>\n<meta property=\"article:publisher\" content=\"https:\/\/www.facebook.com\/horticom.ee\/e-pood\" \/>\n<meta property=\"article:modified_time\" content=\"2026-05-04T00:11:10+00:00\" \/>\n<meta property=\"og:image\" content=\"https:\/\/horticom.ee\/e-pood\/wp-content\/uploads\/importedmedia\/product-1383831_0-L48110.jpg\" \/>\n\t<meta property=\"og:image:width\" content=\"999\" \/>\n\t<meta property=\"og:image:height\" content=\"1067\" \/>\n\t<meta property=\"og:image:type\" content=\"image\/jpeg\" \/>\n<meta name=\"twitter:card\" content=\"summary_large_image\" \/>\n<script type=\"application\/ld+json\" class=\"yoast-schema-graph\">{\"@context\":\"https:\/\/schema.org\",\"@graph\":[{\"@type\":\"WebPage\",\"@id\":\"https:\/\/horticom.ee\/e-pood\/toode\/petuunia-grand-ez-rider-deep-red-petunia-hybrida-grandiflora-g\/\",\"url\":\"https:\/\/horticom.ee\/e-pood\/toode\/petuunia-grand-ez-rider-deep-red-petunia-hybrida-grandiflora-g\/\",\"name\":\"Petuunia Petunia Grand Ez Rider Deep Red\",\"isPartOf\":{\"@id\":\"https:\/\/horticom.ee\/e-pood\/#website\"},\"primaryImageOfPage\":{\"@id\":\"https:\/\/horticom.ee\/e-pood\/toode\/petuunia-grand-ez-rider-deep-red-petunia-hybrida-grandiflora-g\/#primaryimage\"},\"image\":{\"@id\":\"https:\/\/horticom.ee\/e-pood\/toode\/petuunia-grand-ez-rider-deep-red-petunia-hybrida-grandiflora-g\/#primaryimage\"},\"thumbnailUrl\":\"https:\/\/horticom.ee\/e-pood\/wp-content\/uploads\/importedmedia\/product-1383831_0-L48110.jpg\",\"datePublished\":\"2022-10-07T00:01:38+00:00\",\"dateModified\":\"2026-05-04T00:11:10+00:00\",\"description\":\"Petuunia Grand Ez Rider Deep Red \u2013 \u00dcheaastane 30cm taim, rikkalik \u00f5itsemine. Seemned idanevad 17-20 p\u00e4evaga. Sobib lillepeenardesse ja r\u00f5dudele.\",\"breadcrumb\":{\"@id\":\"https:\/\/horticom.ee\/e-pood\/toode\/petuunia-grand-ez-rider-deep-red-petunia-hybrida-grandiflora-g\/#breadcrumb\"},\"inLanguage\":\"et\",\"potentialAction\":[{\"@type\":\"ReadAction\",\"target\":[\"https:\/\/horticom.ee\/e-pood\/toode\/petuunia-grand-ez-rider-deep-red-petunia-hybrida-grandiflora-g\/\"]}]},{\"@type\":\"ImageObject\",\"inLanguage\":\"et\",\"@id\":\"https:\/\/horticom.ee\/e-pood\/toode\/petuunia-grand-ez-rider-deep-red-petunia-hybrida-grandiflora-g\/#primaryimage\",\"url\":\"https:\/\/horticom.ee\/e-pood\/wp-content\/uploads\/importedmedia\/product-1383831_0-L48110.jpg\",\"contentUrl\":\"https:\/\/horticom.ee\/e-pood\/wp-content\/uploads\/importedmedia\/product-1383831_0-L48110.jpg\",\"width\":999,\"height\":1067,\"caption\":\"Petuunia Petunia Grand Ez Rider Deep Red - Petunia Hybrida Grandiflora\"},{\"@type\":\"BreadcrumbList\",\"@id\":\"https:\/\/horticom.ee\/e-pood\/toode\/petuunia-grand-ez-rider-deep-red-petunia-hybrida-grandiflora-g\/#breadcrumb\",\"itemListElement\":[{\"@type\":\"ListItem\",\"position\":1,\"name\":\"Home\",\"item\":\"https:\/\/horticom.ee\/e-pood\/\"},{\"@type\":\"ListItem\",\"position\":2,\"name\":\"Pood\",\"item\":\"https:\/\/horticom.ee\/e-pood\/pood\/\"},{\"@type\":\"ListItem\",\"position\":3,\"name\":\"Petuunia Petunia Grand Ez Rider Deep Red &#8211; Petunia Hybrida Grandiflora\"}]},{\"@type\":\"WebSite\",\"@id\":\"https:\/\/horticom.ee\/e-pood\/#website\",\"url\":\"https:\/\/horticom.ee\/e-pood\/\",\"name\":\"Horticom.ee\",\"description\":\"Aianduskaubad ja kodukaubad nii harrastajatele kui professionaalidele\",\"potentialAction\":[{\"@type\":\"SearchAction\",\"target\":{\"@type\":\"EntryPoint\",\"urlTemplate\":\"https:\/\/horticom.ee\/e-pood\/?s={search_term_string}\"},\"query-input\":{\"@type\":\"PropertyValueSpecification\",\"valueRequired\":true,\"valueName\":\"search_term_string\"}}],\"inLanguage\":\"et\"}]}<\/script>\n<!-- \/ Yoast SEO plugin. -->","yoast_head_json":{"title":"Petuunia Petunia Grand Ez Rider Deep Red","description":"Petuunia Grand Ez Rider Deep Red \u2013 \u00dcheaastane 30cm taim, rikkalik \u00f5itsemine. Seemned idanevad 17-20 p\u00e4evaga. Sobib lillepeenardesse ja r\u00f5dudele.","robots":{"index":"index","follow":"follow","max-snippet":"max-snippet:-1","max-image-preview":"max-image-preview:large","max-video-preview":"max-video-preview:-1"},"canonical":"https:\/\/horticom.ee\/e-pood\/toode\/petuunia-grand-ez-rider-deep-red-petunia-hybrida-grandiflora-g\/","og_locale":"et_EE","og_type":"article","og_title":"Petuunia Petunia Grand Ez Rider Deep Red","og_description":"Petuunia Grand Ez Rider Deep Red \u2013 \u00dcheaastane 30cm taim, rikkalik \u00f5itsemine. Seemned idanevad 17-20 p\u00e4evaga. Sobib lillepeenardesse ja r\u00f5dudele.","og_url":"https:\/\/horticom.ee\/e-pood\/toode\/petuunia-grand-ez-rider-deep-red-petunia-hybrida-grandiflora-g\/","og_site_name":"Horticom.ee","article_publisher":"https:\/\/www.facebook.com\/horticom.ee\/e-pood","article_modified_time":"2026-05-04T00:11:10+00:00","og_image":[{"width":999,"height":1067,"url":"https:\/\/horticom.ee\/e-pood\/wp-content\/uploads\/importedmedia\/product-1383831_0-L48110.jpg","type":"image\/jpeg"}],"twitter_card":"summary_large_image","schema":{"@context":"https:\/\/schema.org","@graph":[{"@type":"WebPage","@id":"https:\/\/horticom.ee\/e-pood\/toode\/petuunia-grand-ez-rider-deep-red-petunia-hybrida-grandiflora-g\/","url":"https:\/\/horticom.ee\/e-pood\/toode\/petuunia-grand-ez-rider-deep-red-petunia-hybrida-grandiflora-g\/","name":"Petuunia Petunia Grand Ez Rider Deep Red","isPartOf":{"@id":"https:\/\/horticom.ee\/e-pood\/#website"},"primaryImageOfPage":{"@id":"https:\/\/horticom.ee\/e-pood\/toode\/petuunia-grand-ez-rider-deep-red-petunia-hybrida-grandiflora-g\/#primaryimage"},"image":{"@id":"https:\/\/horticom.ee\/e-pood\/toode\/petuunia-grand-ez-rider-deep-red-petunia-hybrida-grandiflora-g\/#primaryimage"},"thumbnailUrl":"https:\/\/horticom.ee\/e-pood\/wp-content\/uploads\/importedmedia\/product-1383831_0-L48110.jpg","datePublished":"2022-10-07T00:01:38+00:00","dateModified":"2026-05-04T00:11:10+00:00","description":"Petuunia Grand Ez Rider Deep Red \u2013 \u00dcheaastane 30cm taim, rikkalik \u00f5itsemine. Seemned idanevad 17-20 p\u00e4evaga. Sobib lillepeenardesse ja r\u00f5dudele.","breadcrumb":{"@id":"https:\/\/horticom.ee\/e-pood\/toode\/petuunia-grand-ez-rider-deep-red-petunia-hybrida-grandiflora-g\/#breadcrumb"},"inLanguage":"et","potentialAction":[{"@type":"ReadAction","target":["https:\/\/horticom.ee\/e-pood\/toode\/petuunia-grand-ez-rider-deep-red-petunia-hybrida-grandiflora-g\/"]}]},{"@type":"ImageObject","inLanguage":"et","@id":"https:\/\/horticom.ee\/e-pood\/toode\/petuunia-grand-ez-rider-deep-red-petunia-hybrida-grandiflora-g\/#primaryimage","url":"https:\/\/horticom.ee\/e-pood\/wp-content\/uploads\/importedmedia\/product-1383831_0-L48110.jpg","contentUrl":"https:\/\/horticom.ee\/e-pood\/wp-content\/uploads\/importedmedia\/product-1383831_0-L48110.jpg","width":999,"height":1067,"caption":"Petuunia Petunia Grand Ez Rider Deep Red - Petunia Hybrida Grandiflora"},{"@type":"BreadcrumbList","@id":"https:\/\/horticom.ee\/e-pood\/toode\/petuunia-grand-ez-rider-deep-red-petunia-hybrida-grandiflora-g\/#breadcrumb","itemListElement":[{"@type":"ListItem","position":1,"name":"Home","item":"https:\/\/horticom.ee\/e-pood\/"},{"@type":"ListItem","position":2,"name":"Pood","item":"https:\/\/horticom.ee\/e-pood\/pood\/"},{"@type":"ListItem","position":3,"name":"Petuunia Petunia Grand Ez Rider Deep Red &#8211; Petunia Hybrida Grandiflora"}]},{"@type":"WebSite","@id":"https:\/\/horticom.ee\/e-pood\/#website","url":"https:\/\/horticom.ee\/e-pood\/","name":"Horticom.ee","description":"Aianduskaubad ja kodukaubad nii harrastajatele kui professionaalidele","potentialAction":[{"@type":"SearchAction","target":{"@type":"EntryPoint","urlTemplate":"https:\/\/horticom.ee\/e-pood\/?s={search_term_string}"},"query-input":{"@type":"PropertyValueSpecification","valueRequired":true,"valueName":"search_term_string"}}],"inLanguage":"et"}]}},"_links":{"self":[{"href":"https:\/\/horticom.ee\/e-pood\/wp-json\/wp\/v2\/product\/1383831","targetHints":{"allow":["GET"]}}],"collection":[{"href":"https:\/\/horticom.ee\/e-pood\/wp-json\/wp\/v2\/product"}],"about":[{"href":"https:\/\/horticom.ee\/e-pood\/wp-json\/wp\/v2\/types\/product"}],"replies":[{"embeddable":true,"href":"https:\/\/horticom.ee\/e-pood\/wp-json\/wp\/v2\/comments?post=1383831"}],"wp:featuredmedia":[{"embeddable":true,"href":"https:\/\/horticom.ee\/e-pood\/wp-json\/wp\/v2\/media\/1383926"}],"wp:attachment":[{"href":"https:\/\/horticom.ee\/e-pood\/wp-json\/wp\/v2\/media?parent=1383831"}],"wp:term":[{"taxonomy":"product_cat","embeddable":true,"href":"https:\/\/horticom.ee\/e-pood\/wp-json\/wp\/v2\/product_cat?post=1383831"},{"taxonomy":"product_tag","embeddable":true,"href":"https:\/\/horticom.ee\/e-pood\/wp-json\/wp\/v2\/product_tag?post=1383831"}],"curies":[{"name":"wp","href":"https:\/\/api.w.org\/{rel}","templated":true}]}}