{"id":1383839,"date":"2022-10-07T03:01:41","date_gmt":"2022-10-07T00:01:41","guid":{"rendered":"https:\/\/aednik24.ee\/toode\/spinat-geant-dhiver-spinacia-oleracea-l-b\/"},"modified":"2026-05-01T19:46:30","modified_gmt":"2026-05-01T16:46:30","slug":"spinat-geant-dhiver-spinacia-oleracea-l-b","status":"publish","type":"product","link":"https:\/\/horticom.ee\/e-pood\/toode\/spinat-geant-dhiver-spinacia-oleracea-l-b\/","title":{"rendered":"Spinat Geant D&#8217;Hiver &#8211; Spinacia oleracea L."},"content":{"rendered":"<p>Spinat Geant D&#8217;Hiver on keskvarajane, haiguskindel h\u00fcbriidsort. Ei moodusta \u00f5isikuid. Lehed on ovaalsed. Kasvatatakse kevadiseks, suviseks ja s\u00fcgiseseks saagiks. Kasvab \u00fchtemoodi h\u00e4sti nii jaheda kui kuuma ilmaga. Soovides nautida varajast spinatisaaki, k\u00fclvatakse s\u00fcgisel. Spinatilehed on v\u00e4\u00e4rtuslikud nendes sisalduvate vitamiinide, mineraalainete ja muude organismile vajalike ainete t\u00f5ttu nagu C, K, A, B grupi vitamiinid, kaltsium, foolhape, raud.<\/p>\n","protected":false},"excerpt":{"rendered":"<p>Spinat Geant D&#8217;Hiver on keskvarajane, haiguskindel h\u00fcbriidsort. Ei moodusta \u00f5isikuid. Lehed on ovaalsed. Kasvatatakse kevadiseks, suviseks ja s\u00fcgiseseks saagiks. Kasvab \u00fchtemoodi h\u00e4sti nii jaheda kui kuuma ilmaga. Soovides nautida varajast spinatisaaki, k\u00fclvatakse s\u00fcgisel. Spinatilehed on v\u00e4\u00e4rtuslikud nendes sisalduvate vitamiinide, mineraalainete ja muude organismile vajalike ainete t\u00f5ttu nagu C, K, A, B grupi vitamiinid, kaltsium, foolhape, [&hellip;]<\/p>\n","protected":false},"featured_media":2400560,"comment_status":"closed","ping_status":"closed","template":"","meta":{"_themeisle_gutenberg_block_has_review":false},"product_cat":[13484],"product_tag":[],"class_list":{"0":"post-1383839","1":"product","2":"type-product","3":"status-publish","4":"has-post-thumbnail","6":"product_cat-salat-spinat-ruccola","8":"first","9":"instock","10":"shipping-taxable","11":"purchasable","12":"product-type-simple"},"yoast_head":"<!-- This site is optimized with the Yoast SEO plugin v24.0 - https:\/\/yoast.com\/wordpress\/plugins\/seo\/ -->\n<title>Spinat Geant D&#039;Hiver - Spinacia oleracea L. - Horticom.ee<\/title>\n<meta name=\"description\" content=\"Spinat Geant D&#039;Hiver \u2013 Keskvarajane h\u00fcbriidsort, ei moodusta \u00f5isikuid. Lehed rikkad vitamiinide ja mineraalide poolest, sobib varakevadiseks k\u00fclviks.\" \/>\n<meta name=\"robots\" content=\"index, follow, max-snippet:-1, max-image-preview:large, max-video-preview:-1\" \/>\n<link rel=\"canonical\" href=\"https:\/\/horticom.ee\/e-pood\/toode\/spinat-geant-dhiver-spinacia-oleracea-l-b\/\" \/>\n<meta property=\"og:locale\" content=\"et_EE\" \/>\n<meta property=\"og:type\" content=\"article\" \/>\n<meta property=\"og:title\" content=\"Spinat Geant D&#039;Hiver - Spinacia oleracea L. - Horticom.ee\" \/>\n<meta property=\"og:description\" content=\"Spinat Geant D&#039;Hiver \u2013 Keskvarajane h\u00fcbriidsort, ei moodusta \u00f5isikuid. Lehed rikkad vitamiinide ja mineraalide poolest, sobib varakevadiseks k\u00fclviks.\" \/>\n<meta property=\"og:url\" content=\"https:\/\/horticom.ee\/e-pood\/toode\/spinat-geant-dhiver-spinacia-oleracea-l-b\/\" \/>\n<meta property=\"og:site_name\" content=\"Horticom.ee\" \/>\n<meta property=\"article:publisher\" content=\"https:\/\/www.facebook.com\/horticom.ee\/e-pood\" \/>\n<meta property=\"article:modified_time\" content=\"2026-05-01T16:46:30+00:00\" \/>\n<meta property=\"og:image\" content=\"https:\/\/horticom.ee\/e-pood\/wp-content\/uploads\/2022\/10\/4770168147058.jpg\" \/>\n\t<meta property=\"og:image:width\" content=\"900\" \/>\n\t<meta property=\"og:image:height\" content=\"962\" \/>\n\t<meta property=\"og:image:type\" content=\"image\/jpeg\" \/>\n<meta name=\"twitter:card\" content=\"summary_large_image\" \/>\n<meta name=\"twitter:label1\" content=\"Est. reading time\" \/>\n\t<meta name=\"twitter:data1\" content=\"1 minut\" \/>\n<script type=\"application\/ld+json\" class=\"yoast-schema-graph\">{\"@context\":\"https:\/\/schema.org\",\"@graph\":[{\"@type\":\"WebPage\",\"@id\":\"https:\/\/horticom.ee\/e-pood\/toode\/spinat-geant-dhiver-spinacia-oleracea-l-b\/\",\"url\":\"https:\/\/horticom.ee\/e-pood\/toode\/spinat-geant-dhiver-spinacia-oleracea-l-b\/\",\"name\":\"Spinat Geant D'Hiver - Spinacia oleracea L. - Horticom.ee\",\"isPartOf\":{\"@id\":\"https:\/\/horticom.ee\/e-pood\/#website\"},\"primaryImageOfPage\":{\"@id\":\"https:\/\/horticom.ee\/e-pood\/toode\/spinat-geant-dhiver-spinacia-oleracea-l-b\/#primaryimage\"},\"image\":{\"@id\":\"https:\/\/horticom.ee\/e-pood\/toode\/spinat-geant-dhiver-spinacia-oleracea-l-b\/#primaryimage\"},\"thumbnailUrl\":\"https:\/\/horticom.ee\/e-pood\/wp-content\/uploads\/2022\/10\/4770168147058.jpg\",\"datePublished\":\"2022-10-07T00:01:41+00:00\",\"dateModified\":\"2026-05-01T16:46:30+00:00\",\"description\":\"Spinat Geant D'Hiver \u2013 Keskvarajane h\u00fcbriidsort, ei moodusta \u00f5isikuid. Lehed rikkad vitamiinide ja mineraalide poolest, sobib varakevadiseks k\u00fclviks.\",\"breadcrumb\":{\"@id\":\"https:\/\/horticom.ee\/e-pood\/toode\/spinat-geant-dhiver-spinacia-oleracea-l-b\/#breadcrumb\"},\"inLanguage\":\"et\",\"potentialAction\":[{\"@type\":\"ReadAction\",\"target\":[\"https:\/\/horticom.ee\/e-pood\/toode\/spinat-geant-dhiver-spinacia-oleracea-l-b\/\"]}]},{\"@type\":\"ImageObject\",\"inLanguage\":\"et\",\"@id\":\"https:\/\/horticom.ee\/e-pood\/toode\/spinat-geant-dhiver-spinacia-oleracea-l-b\/#primaryimage\",\"url\":\"https:\/\/horticom.ee\/e-pood\/wp-content\/uploads\/2022\/10\/4770168147058.jpg\",\"contentUrl\":\"https:\/\/horticom.ee\/e-pood\/wp-content\/uploads\/2022\/10\/4770168147058.jpg\",\"width\":900,\"height\":962},{\"@type\":\"BreadcrumbList\",\"@id\":\"https:\/\/horticom.ee\/e-pood\/toode\/spinat-geant-dhiver-spinacia-oleracea-l-b\/#breadcrumb\",\"itemListElement\":[{\"@type\":\"ListItem\",\"position\":1,\"name\":\"Home\",\"item\":\"https:\/\/horticom.ee\/e-pood\/\"},{\"@type\":\"ListItem\",\"position\":2,\"name\":\"Pood\",\"item\":\"https:\/\/horticom.ee\/e-pood\/pood\/\"},{\"@type\":\"ListItem\",\"position\":3,\"name\":\"Spinat Geant D&#8217;Hiver &#8211; Spinacia oleracea L.\"}]},{\"@type\":\"WebSite\",\"@id\":\"https:\/\/horticom.ee\/e-pood\/#website\",\"url\":\"https:\/\/horticom.ee\/e-pood\/\",\"name\":\"Horticom.ee\",\"description\":\"Aianduskaubad ja kodukaubad nii harrastajatele kui professionaalidele\",\"potentialAction\":[{\"@type\":\"SearchAction\",\"target\":{\"@type\":\"EntryPoint\",\"urlTemplate\":\"https:\/\/horticom.ee\/e-pood\/?s={search_term_string}\"},\"query-input\":{\"@type\":\"PropertyValueSpecification\",\"valueRequired\":true,\"valueName\":\"search_term_string\"}}],\"inLanguage\":\"et\"}]}<\/script>\n<!-- \/ Yoast SEO plugin. -->","yoast_head_json":{"title":"Spinat Geant D'Hiver - Spinacia oleracea L. - Horticom.ee","description":"Spinat Geant D'Hiver \u2013 Keskvarajane h\u00fcbriidsort, ei moodusta \u00f5isikuid. Lehed rikkad vitamiinide ja mineraalide poolest, sobib varakevadiseks k\u00fclviks.","robots":{"index":"index","follow":"follow","max-snippet":"max-snippet:-1","max-image-preview":"max-image-preview:large","max-video-preview":"max-video-preview:-1"},"canonical":"https:\/\/horticom.ee\/e-pood\/toode\/spinat-geant-dhiver-spinacia-oleracea-l-b\/","og_locale":"et_EE","og_type":"article","og_title":"Spinat Geant D'Hiver - Spinacia oleracea L. - Horticom.ee","og_description":"Spinat Geant D'Hiver \u2013 Keskvarajane h\u00fcbriidsort, ei moodusta \u00f5isikuid. Lehed rikkad vitamiinide ja mineraalide poolest, sobib varakevadiseks k\u00fclviks.","og_url":"https:\/\/horticom.ee\/e-pood\/toode\/spinat-geant-dhiver-spinacia-oleracea-l-b\/","og_site_name":"Horticom.ee","article_publisher":"https:\/\/www.facebook.com\/horticom.ee\/e-pood","article_modified_time":"2026-05-01T16:46:30+00:00","og_image":[{"width":900,"height":962,"url":"https:\/\/horticom.ee\/e-pood\/wp-content\/uploads\/2022\/10\/4770168147058.jpg","type":"image\/jpeg"}],"twitter_card":"summary_large_image","twitter_misc":{"Est. reading time":"1 minut"},"schema":{"@context":"https:\/\/schema.org","@graph":[{"@type":"WebPage","@id":"https:\/\/horticom.ee\/e-pood\/toode\/spinat-geant-dhiver-spinacia-oleracea-l-b\/","url":"https:\/\/horticom.ee\/e-pood\/toode\/spinat-geant-dhiver-spinacia-oleracea-l-b\/","name":"Spinat Geant D'Hiver - Spinacia oleracea L. - Horticom.ee","isPartOf":{"@id":"https:\/\/horticom.ee\/e-pood\/#website"},"primaryImageOfPage":{"@id":"https:\/\/horticom.ee\/e-pood\/toode\/spinat-geant-dhiver-spinacia-oleracea-l-b\/#primaryimage"},"image":{"@id":"https:\/\/horticom.ee\/e-pood\/toode\/spinat-geant-dhiver-spinacia-oleracea-l-b\/#primaryimage"},"thumbnailUrl":"https:\/\/horticom.ee\/e-pood\/wp-content\/uploads\/2022\/10\/4770168147058.jpg","datePublished":"2022-10-07T00:01:41+00:00","dateModified":"2026-05-01T16:46:30+00:00","description":"Spinat Geant D'Hiver \u2013 Keskvarajane h\u00fcbriidsort, ei moodusta \u00f5isikuid. Lehed rikkad vitamiinide ja mineraalide poolest, sobib varakevadiseks k\u00fclviks.","breadcrumb":{"@id":"https:\/\/horticom.ee\/e-pood\/toode\/spinat-geant-dhiver-spinacia-oleracea-l-b\/#breadcrumb"},"inLanguage":"et","potentialAction":[{"@type":"ReadAction","target":["https:\/\/horticom.ee\/e-pood\/toode\/spinat-geant-dhiver-spinacia-oleracea-l-b\/"]}]},{"@type":"ImageObject","inLanguage":"et","@id":"https:\/\/horticom.ee\/e-pood\/toode\/spinat-geant-dhiver-spinacia-oleracea-l-b\/#primaryimage","url":"https:\/\/horticom.ee\/e-pood\/wp-content\/uploads\/2022\/10\/4770168147058.jpg","contentUrl":"https:\/\/horticom.ee\/e-pood\/wp-content\/uploads\/2022\/10\/4770168147058.jpg","width":900,"height":962},{"@type":"BreadcrumbList","@id":"https:\/\/horticom.ee\/e-pood\/toode\/spinat-geant-dhiver-spinacia-oleracea-l-b\/#breadcrumb","itemListElement":[{"@type":"ListItem","position":1,"name":"Home","item":"https:\/\/horticom.ee\/e-pood\/"},{"@type":"ListItem","position":2,"name":"Pood","item":"https:\/\/horticom.ee\/e-pood\/pood\/"},{"@type":"ListItem","position":3,"name":"Spinat Geant D&#8217;Hiver &#8211; Spinacia oleracea L."}]},{"@type":"WebSite","@id":"https:\/\/horticom.ee\/e-pood\/#website","url":"https:\/\/horticom.ee\/e-pood\/","name":"Horticom.ee","description":"Aianduskaubad ja kodukaubad nii harrastajatele kui professionaalidele","potentialAction":[{"@type":"SearchAction","target":{"@type":"EntryPoint","urlTemplate":"https:\/\/horticom.ee\/e-pood\/?s={search_term_string}"},"query-input":{"@type":"PropertyValueSpecification","valueRequired":true,"valueName":"search_term_string"}}],"inLanguage":"et"}]}},"_links":{"self":[{"href":"https:\/\/horticom.ee\/e-pood\/wp-json\/wp\/v2\/product\/1383839","targetHints":{"allow":["GET"]}}],"collection":[{"href":"https:\/\/horticom.ee\/e-pood\/wp-json\/wp\/v2\/product"}],"about":[{"href":"https:\/\/horticom.ee\/e-pood\/wp-json\/wp\/v2\/types\/product"}],"replies":[{"embeddable":true,"href":"https:\/\/horticom.ee\/e-pood\/wp-json\/wp\/v2\/comments?post=1383839"}],"wp:featuredmedia":[{"embeddable":true,"href":"https:\/\/horticom.ee\/e-pood\/wp-json\/wp\/v2\/media\/2400560"}],"wp:attachment":[{"href":"https:\/\/horticom.ee\/e-pood\/wp-json\/wp\/v2\/media?parent=1383839"}],"wp:term":[{"taxonomy":"product_cat","embeddable":true,"href":"https:\/\/horticom.ee\/e-pood\/wp-json\/wp\/v2\/product_cat?post=1383839"},{"taxonomy":"product_tag","embeddable":true,"href":"https:\/\/horticom.ee\/e-pood\/wp-json\/wp\/v2\/product_tag?post=1383839"}],"curies":[{"name":"wp","href":"https:\/\/api.w.org\/{rel}","templated":true}]}}