{"id":1449373,"date":"2022-10-25T14:00:35","date_gmt":"2022-10-25T11:00:35","guid":{"rendered":"https:\/\/aednik24.ee\/toode\/rodukasti-alus-super-80cm-roheline\/"},"modified":"2026-04-23T03:16:51","modified_gmt":"2026-04-23T00:16:51","slug":"rodukasti-alus-super-80cm-roheline","status":"publish","type":"product","link":"https:\/\/horticom.ee\/e-pood\/toode\/rodukasti-alus-super-80cm-roheline\/","title":{"rendered":"R\u00f5dukasti alus Super 80cm roheline"},"content":{"rendered":"<p>R\u00f5dukasti alus Super on valmistatud vastupidavast plastikust. Hoiab \u00e4ra veeplekid p\u00f5randalt. Kuna \u00fcleliigne vesi koguneb alusele, siis taim saab alati vajalikult hetkel k\u00e4tte oma veekoguse. Samuti kaitseb see ka taime juuri m\u00e4danemise eest, \u00fcleliige vee t\u00f5ttu.<\/p>\n","protected":false},"excerpt":{"rendered":"<p>R\u00f5dukasti alus Super on valmistatud vastupidavast plastikust. Hoiab \u00e4ra veeplekid p\u00f5randalt. Kuna \u00fcleliigne vesi koguneb alusele, siis taim saab alati vajalikult hetkel k\u00e4tte oma veekoguse. Samuti kaitseb see ka taime juuri m\u00e4danemise eest, \u00fcleliige vee t\u00f5ttu.<\/p>\n","protected":false},"featured_media":1449386,"comment_status":"closed","ping_status":"closed","template":"","meta":{"_themeisle_gutenberg_block_has_review":false},"product_cat":[13443],"product_tag":[],"class_list":{"0":"post-1449373","1":"product","2":"type-product","3":"status-publish","4":"has-post-thumbnail","6":"product_cat-rodukasti-alused","8":"first","9":"instock","10":"sale","11":"shipping-taxable","12":"purchasable","13":"product-type-simple"},"yoast_head":"<!-- This site is optimized with the Yoast SEO plugin v24.0 - https:\/\/yoast.com\/wordpress\/plugins\/seo\/ -->\n<title>R\u00f5dukasti alus Super 80cm roheline - Horticom.ee\/e-pood<\/title>\n<meta name=\"description\" content=\"R\u00f5dukasti alus Super \u2013 vastupidav plastikust alus, hoiab \u00e4ra veeplekid ja kaitseb taime juuri m\u00e4danemise eest. \u00dcleliigne vesi koguneb alusele.\" \/>\n<meta name=\"robots\" content=\"index, follow, max-snippet:-1, max-image-preview:large, max-video-preview:-1\" \/>\n<link rel=\"canonical\" href=\"https:\/\/horticom.ee\/e-pood\/toode\/rodukasti-alus-super-80cm-roheline\/\" \/>\n<meta property=\"og:locale\" content=\"et_EE\" \/>\n<meta property=\"og:type\" content=\"article\" \/>\n<meta property=\"og:title\" content=\"R\u00f5dukasti alus Super 80cm roheline - Horticom.ee\/e-pood\" \/>\n<meta property=\"og:description\" content=\"R\u00f5dukasti alus Super \u2013 vastupidav plastikust alus, hoiab \u00e4ra veeplekid ja kaitseb taime juuri m\u00e4danemise eest. \u00dcleliigne vesi koguneb alusele.\" \/>\n<meta property=\"og:url\" content=\"https:\/\/horticom.ee\/e-pood\/toode\/rodukasti-alus-super-80cm-roheline\/\" \/>\n<meta property=\"og:site_name\" content=\"Horticom.ee\" \/>\n<meta property=\"article:publisher\" content=\"https:\/\/www.facebook.com\/horticom.ee\/e-pood\" \/>\n<meta property=\"article:modified_time\" content=\"2026-04-23T00:16:51+00:00\" \/>\n<meta property=\"og:image\" content=\"https:\/\/horticom.ee\/e-pood\/wp-content\/uploads\/importedmedia\/product-1449373_0-641050_7.jpg\" \/>\n\t<meta property=\"og:image:width\" content=\"1000\" \/>\n\t<meta property=\"og:image:height\" content=\"750\" \/>\n\t<meta property=\"og:image:type\" content=\"image\/jpeg\" \/>\n<meta name=\"twitter:card\" content=\"summary_large_image\" \/>\n<script type=\"application\/ld+json\" class=\"yoast-schema-graph\">{\"@context\":\"https:\/\/schema.org\",\"@graph\":[{\"@type\":\"WebPage\",\"@id\":\"https:\/\/horticom.ee\/e-pood\/toode\/rodukasti-alus-super-80cm-roheline\/\",\"url\":\"https:\/\/horticom.ee\/e-pood\/toode\/rodukasti-alus-super-80cm-roheline\/\",\"name\":\"R\u00f5dukasti alus Super 80cm roheline - Horticom.ee\/e-pood\",\"isPartOf\":{\"@id\":\"https:\/\/horticom.ee\/e-pood\/#website\"},\"primaryImageOfPage\":{\"@id\":\"https:\/\/horticom.ee\/e-pood\/toode\/rodukasti-alus-super-80cm-roheline\/#primaryimage\"},\"image\":{\"@id\":\"https:\/\/horticom.ee\/e-pood\/toode\/rodukasti-alus-super-80cm-roheline\/#primaryimage\"},\"thumbnailUrl\":\"https:\/\/horticom.ee\/e-pood\/wp-content\/uploads\/importedmedia\/product-1449373_0-641050_7.jpg\",\"datePublished\":\"2022-10-25T11:00:35+00:00\",\"dateModified\":\"2026-04-23T00:16:51+00:00\",\"description\":\"R\u00f5dukasti alus Super \u2013 vastupidav plastikust alus, hoiab \u00e4ra veeplekid ja kaitseb taime juuri m\u00e4danemise eest. \u00dcleliigne vesi koguneb alusele.\",\"breadcrumb\":{\"@id\":\"https:\/\/horticom.ee\/e-pood\/toode\/rodukasti-alus-super-80cm-roheline\/#breadcrumb\"},\"inLanguage\":\"et\",\"potentialAction\":[{\"@type\":\"ReadAction\",\"target\":[\"https:\/\/horticom.ee\/e-pood\/toode\/rodukasti-alus-super-80cm-roheline\/\"]}]},{\"@type\":\"ImageObject\",\"inLanguage\":\"et\",\"@id\":\"https:\/\/horticom.ee\/e-pood\/toode\/rodukasti-alus-super-80cm-roheline\/#primaryimage\",\"url\":\"https:\/\/horticom.ee\/e-pood\/wp-content\/uploads\/importedmedia\/product-1449373_0-641050_7.jpg\",\"contentUrl\":\"https:\/\/horticom.ee\/e-pood\/wp-content\/uploads\/importedmedia\/product-1449373_0-641050_7.jpg\",\"width\":1000,\"height\":750,\"caption\":\"R\u00f5dukasti alus Super 80cm roheline\"},{\"@type\":\"BreadcrumbList\",\"@id\":\"https:\/\/horticom.ee\/e-pood\/toode\/rodukasti-alus-super-80cm-roheline\/#breadcrumb\",\"itemListElement\":[{\"@type\":\"ListItem\",\"position\":1,\"name\":\"Home\",\"item\":\"https:\/\/horticom.ee\/e-pood\/\"},{\"@type\":\"ListItem\",\"position\":2,\"name\":\"Pood\",\"item\":\"https:\/\/horticom.ee\/e-pood\/pood\/\"},{\"@type\":\"ListItem\",\"position\":3,\"name\":\"R\u00f5dukasti alus Super 80cm roheline\"}]},{\"@type\":\"WebSite\",\"@id\":\"https:\/\/horticom.ee\/e-pood\/#website\",\"url\":\"https:\/\/horticom.ee\/e-pood\/\",\"name\":\"Horticom.ee\",\"description\":\"Aianduskaubad ja kodukaubad nii harrastajatele kui professionaalidele\",\"potentialAction\":[{\"@type\":\"SearchAction\",\"target\":{\"@type\":\"EntryPoint\",\"urlTemplate\":\"https:\/\/horticom.ee\/e-pood\/?s={search_term_string}\"},\"query-input\":{\"@type\":\"PropertyValueSpecification\",\"valueRequired\":true,\"valueName\":\"search_term_string\"}}],\"inLanguage\":\"et\"}]}<\/script>\n<!-- \/ Yoast SEO plugin. -->","yoast_head_json":{"title":"R\u00f5dukasti alus Super 80cm roheline - Horticom.ee\/e-pood","description":"R\u00f5dukasti alus Super \u2013 vastupidav plastikust alus, hoiab \u00e4ra veeplekid ja kaitseb taime juuri m\u00e4danemise eest. \u00dcleliigne vesi koguneb alusele.","robots":{"index":"index","follow":"follow","max-snippet":"max-snippet:-1","max-image-preview":"max-image-preview:large","max-video-preview":"max-video-preview:-1"},"canonical":"https:\/\/horticom.ee\/e-pood\/toode\/rodukasti-alus-super-80cm-roheline\/","og_locale":"et_EE","og_type":"article","og_title":"R\u00f5dukasti alus Super 80cm roheline - Horticom.ee\/e-pood","og_description":"R\u00f5dukasti alus Super \u2013 vastupidav plastikust alus, hoiab \u00e4ra veeplekid ja kaitseb taime juuri m\u00e4danemise eest. \u00dcleliigne vesi koguneb alusele.","og_url":"https:\/\/horticom.ee\/e-pood\/toode\/rodukasti-alus-super-80cm-roheline\/","og_site_name":"Horticom.ee","article_publisher":"https:\/\/www.facebook.com\/horticom.ee\/e-pood","article_modified_time":"2026-04-23T00:16:51+00:00","og_image":[{"width":1000,"height":750,"url":"https:\/\/horticom.ee\/e-pood\/wp-content\/uploads\/importedmedia\/product-1449373_0-641050_7.jpg","type":"image\/jpeg"}],"twitter_card":"summary_large_image","schema":{"@context":"https:\/\/schema.org","@graph":[{"@type":"WebPage","@id":"https:\/\/horticom.ee\/e-pood\/toode\/rodukasti-alus-super-80cm-roheline\/","url":"https:\/\/horticom.ee\/e-pood\/toode\/rodukasti-alus-super-80cm-roheline\/","name":"R\u00f5dukasti alus Super 80cm roheline - Horticom.ee\/e-pood","isPartOf":{"@id":"https:\/\/horticom.ee\/e-pood\/#website"},"primaryImageOfPage":{"@id":"https:\/\/horticom.ee\/e-pood\/toode\/rodukasti-alus-super-80cm-roheline\/#primaryimage"},"image":{"@id":"https:\/\/horticom.ee\/e-pood\/toode\/rodukasti-alus-super-80cm-roheline\/#primaryimage"},"thumbnailUrl":"https:\/\/horticom.ee\/e-pood\/wp-content\/uploads\/importedmedia\/product-1449373_0-641050_7.jpg","datePublished":"2022-10-25T11:00:35+00:00","dateModified":"2026-04-23T00:16:51+00:00","description":"R\u00f5dukasti alus Super \u2013 vastupidav plastikust alus, hoiab \u00e4ra veeplekid ja kaitseb taime juuri m\u00e4danemise eest. \u00dcleliigne vesi koguneb alusele.","breadcrumb":{"@id":"https:\/\/horticom.ee\/e-pood\/toode\/rodukasti-alus-super-80cm-roheline\/#breadcrumb"},"inLanguage":"et","potentialAction":[{"@type":"ReadAction","target":["https:\/\/horticom.ee\/e-pood\/toode\/rodukasti-alus-super-80cm-roheline\/"]}]},{"@type":"ImageObject","inLanguage":"et","@id":"https:\/\/horticom.ee\/e-pood\/toode\/rodukasti-alus-super-80cm-roheline\/#primaryimage","url":"https:\/\/horticom.ee\/e-pood\/wp-content\/uploads\/importedmedia\/product-1449373_0-641050_7.jpg","contentUrl":"https:\/\/horticom.ee\/e-pood\/wp-content\/uploads\/importedmedia\/product-1449373_0-641050_7.jpg","width":1000,"height":750,"caption":"R\u00f5dukasti alus Super 80cm roheline"},{"@type":"BreadcrumbList","@id":"https:\/\/horticom.ee\/e-pood\/toode\/rodukasti-alus-super-80cm-roheline\/#breadcrumb","itemListElement":[{"@type":"ListItem","position":1,"name":"Home","item":"https:\/\/horticom.ee\/e-pood\/"},{"@type":"ListItem","position":2,"name":"Pood","item":"https:\/\/horticom.ee\/e-pood\/pood\/"},{"@type":"ListItem","position":3,"name":"R\u00f5dukasti alus Super 80cm roheline"}]},{"@type":"WebSite","@id":"https:\/\/horticom.ee\/e-pood\/#website","url":"https:\/\/horticom.ee\/e-pood\/","name":"Horticom.ee","description":"Aianduskaubad ja kodukaubad nii harrastajatele kui professionaalidele","potentialAction":[{"@type":"SearchAction","target":{"@type":"EntryPoint","urlTemplate":"https:\/\/horticom.ee\/e-pood\/?s={search_term_string}"},"query-input":{"@type":"PropertyValueSpecification","valueRequired":true,"valueName":"search_term_string"}}],"inLanguage":"et"}]}},"_links":{"self":[{"href":"https:\/\/horticom.ee\/e-pood\/wp-json\/wp\/v2\/product\/1449373","targetHints":{"allow":["GET"]}}],"collection":[{"href":"https:\/\/horticom.ee\/e-pood\/wp-json\/wp\/v2\/product"}],"about":[{"href":"https:\/\/horticom.ee\/e-pood\/wp-json\/wp\/v2\/types\/product"}],"replies":[{"embeddable":true,"href":"https:\/\/horticom.ee\/e-pood\/wp-json\/wp\/v2\/comments?post=1449373"}],"wp:featuredmedia":[{"embeddable":true,"href":"https:\/\/horticom.ee\/e-pood\/wp-json\/wp\/v2\/media\/1449386"}],"wp:attachment":[{"href":"https:\/\/horticom.ee\/e-pood\/wp-json\/wp\/v2\/media?parent=1449373"}],"wp:term":[{"taxonomy":"product_cat","embeddable":true,"href":"https:\/\/horticom.ee\/e-pood\/wp-json\/wp\/v2\/product_cat?post=1449373"},{"taxonomy":"product_tag","embeddable":true,"href":"https:\/\/horticom.ee\/e-pood\/wp-json\/wp\/v2\/product_tag?post=1449373"}],"curies":[{"name":"wp","href":"https:\/\/api.w.org\/{rel}","templated":true}]}}