{"id":1479234,"date":"2022-11-03T03:01:35","date_gmt":"2022-11-03T01:01:35","guid":{"rendered":"https:\/\/aednik24.ee\/toode\/joulukuulid-12-x-50mm-erinevad-varvid-12tk-pakis-sp\/"},"modified":"2026-04-11T03:11:40","modified_gmt":"2026-04-11T00:11:40","slug":"joulukuulid-12-x-50mm-erinevad-varvid-12tk-pakis-sp","status":"publish","type":"product","link":"https:\/\/horticom.ee\/e-pood\/toode\/joulukuulid-12-x-50mm-erinevad-varvid-12tk-pakis-sp\/","title":{"rendered":"J\u00f5ulukuulid 12 x 50mm erinevad v\u00e4rvid 12tk\/pakis"},"content":{"rendered":"<p>J\u00f5ulukuulid on erinevate v\u00e4videga, kaunid pallid kuuse v\u00f5i p\u00e4rja kaunistamiseks.<\/p>\n","protected":false},"excerpt":{"rendered":"<p>J\u00f5ulukuulid on erinevate v\u00e4videga, kaunid pallid kuuse v\u00f5i p\u00e4rja kaunistamiseks.<\/p>\n","protected":false},"featured_media":2302197,"comment_status":"closed","ping_status":"closed","template":"","meta":{"_themeisle_gutenberg_block_has_review":false},"product_cat":[18563,13468],"product_tag":[],"class_list":{"0":"post-1479234","1":"product","2":"type-product","3":"status-publish","4":"has-post-thumbnail","6":"product_cat-lopumuugitooted","7":"product_cat-joulukaunistused","9":"first","10":"instock","11":"sale","12":"shipping-taxable","13":"purchasable","14":"product-type-simple"},"yoast_head":"<!-- This site is optimized with the Yoast SEO plugin v24.0 - https:\/\/yoast.com\/wordpress\/plugins\/seo\/ -->\n<title>J\u00f5ulukuulid 12 x 50mm erinevad v\u00e4rvid 12tk\/pakis<\/title>\n<meta name=\"description\" content=\"J\u00f5ulukuulid on erinevate v\u00e4videga, kaunid pallid kuuse v\u00f5i p\u00e4rja kaunistamiseks.\" \/>\n<meta name=\"robots\" content=\"index, follow, max-snippet:-1, max-image-preview:large, max-video-preview:-1\" \/>\n<link rel=\"canonical\" href=\"https:\/\/horticom.ee\/e-pood\/toode\/joulukuulid-12-x-50mm-erinevad-varvid-12tk-pakis-sp\/\" \/>\n<meta property=\"og:locale\" content=\"et_EE\" \/>\n<meta property=\"og:type\" content=\"article\" \/>\n<meta property=\"og:title\" content=\"J\u00f5ulukuulid 12 x 50mm erinevad v\u00e4rvid 12tk\/pakis\" \/>\n<meta property=\"og:description\" content=\"J\u00f5ulukuulid on erinevate v\u00e4videga, kaunid pallid kuuse v\u00f5i p\u00e4rja kaunistamiseks.\" \/>\n<meta property=\"og:url\" content=\"https:\/\/horticom.ee\/e-pood\/toode\/joulukuulid-12-x-50mm-erinevad-varvid-12tk-pakis-sp\/\" \/>\n<meta property=\"og:site_name\" content=\"Horticom.ee\" \/>\n<meta property=\"article:publisher\" content=\"https:\/\/www.facebook.com\/horticom.ee\/e-pood\" \/>\n<meta property=\"article:modified_time\" content=\"2026-04-11T00:11:40+00:00\" \/>\n<meta property=\"og:image\" content=\"https:\/\/horticom.ee\/e-pood\/wp-content\/uploads\/2022\/11\/8711295468780.jpg\" \/>\n\t<meta property=\"og:image:width\" content=\"2000\" \/>\n\t<meta property=\"og:image:height\" content=\"1500\" \/>\n\t<meta property=\"og:image:type\" content=\"image\/jpeg\" \/>\n<meta name=\"twitter:card\" content=\"summary_large_image\" \/>\n<meta name=\"twitter:label1\" content=\"Est. reading time\" \/>\n\t<meta name=\"twitter:data1\" content=\"1 minut\" \/>\n<script type=\"application\/ld+json\" class=\"yoast-schema-graph\">{\"@context\":\"https:\/\/schema.org\",\"@graph\":[{\"@type\":\"WebPage\",\"@id\":\"https:\/\/horticom.ee\/e-pood\/toode\/joulukuulid-12-x-50mm-erinevad-varvid-12tk-pakis-sp\/\",\"url\":\"https:\/\/horticom.ee\/e-pood\/toode\/joulukuulid-12-x-50mm-erinevad-varvid-12tk-pakis-sp\/\",\"name\":\"J\u00f5ulukuulid 12 x 50mm erinevad v\u00e4rvid 12tk\/pakis\",\"isPartOf\":{\"@id\":\"https:\/\/horticom.ee\/e-pood\/#website\"},\"primaryImageOfPage\":{\"@id\":\"https:\/\/horticom.ee\/e-pood\/toode\/joulukuulid-12-x-50mm-erinevad-varvid-12tk-pakis-sp\/#primaryimage\"},\"image\":{\"@id\":\"https:\/\/horticom.ee\/e-pood\/toode\/joulukuulid-12-x-50mm-erinevad-varvid-12tk-pakis-sp\/#primaryimage\"},\"thumbnailUrl\":\"https:\/\/horticom.ee\/e-pood\/wp-content\/uploads\/2022\/11\/8711295468780.jpg\",\"datePublished\":\"2022-11-03T01:01:35+00:00\",\"dateModified\":\"2026-04-11T00:11:40+00:00\",\"description\":\"J\u00f5ulukuulid on erinevate v\u00e4videga, kaunid pallid kuuse v\u00f5i p\u00e4rja kaunistamiseks.\",\"breadcrumb\":{\"@id\":\"https:\/\/horticom.ee\/e-pood\/toode\/joulukuulid-12-x-50mm-erinevad-varvid-12tk-pakis-sp\/#breadcrumb\"},\"inLanguage\":\"et\",\"potentialAction\":[{\"@type\":\"ReadAction\",\"target\":[\"https:\/\/horticom.ee\/e-pood\/toode\/joulukuulid-12-x-50mm-erinevad-varvid-12tk-pakis-sp\/\"]}]},{\"@type\":\"ImageObject\",\"inLanguage\":\"et\",\"@id\":\"https:\/\/horticom.ee\/e-pood\/toode\/joulukuulid-12-x-50mm-erinevad-varvid-12tk-pakis-sp\/#primaryimage\",\"url\":\"https:\/\/horticom.ee\/e-pood\/wp-content\/uploads\/2022\/11\/8711295468780.jpg\",\"contentUrl\":\"https:\/\/horticom.ee\/e-pood\/wp-content\/uploads\/2022\/11\/8711295468780.jpg\",\"width\":2000,\"height\":1500},{\"@type\":\"BreadcrumbList\",\"@id\":\"https:\/\/horticom.ee\/e-pood\/toode\/joulukuulid-12-x-50mm-erinevad-varvid-12tk-pakis-sp\/#breadcrumb\",\"itemListElement\":[{\"@type\":\"ListItem\",\"position\":1,\"name\":\"Home\",\"item\":\"https:\/\/horticom.ee\/e-pood\/\"},{\"@type\":\"ListItem\",\"position\":2,\"name\":\"Pood\",\"item\":\"https:\/\/horticom.ee\/e-pood\/pood\/\"},{\"@type\":\"ListItem\",\"position\":3,\"name\":\"J\u00f5ulukuulid 12 x 50mm erinevad v\u00e4rvid 12tk\/pakis\"}]},{\"@type\":\"WebSite\",\"@id\":\"https:\/\/horticom.ee\/e-pood\/#website\",\"url\":\"https:\/\/horticom.ee\/e-pood\/\",\"name\":\"Horticom.ee\",\"description\":\"Aianduskaubad ja kodukaubad nii harrastajatele kui professionaalidele\",\"potentialAction\":[{\"@type\":\"SearchAction\",\"target\":{\"@type\":\"EntryPoint\",\"urlTemplate\":\"https:\/\/horticom.ee\/e-pood\/?s={search_term_string}\"},\"query-input\":{\"@type\":\"PropertyValueSpecification\",\"valueRequired\":true,\"valueName\":\"search_term_string\"}}],\"inLanguage\":\"et\"}]}<\/script>\n<!-- \/ Yoast SEO plugin. -->","yoast_head_json":{"title":"J\u00f5ulukuulid 12 x 50mm erinevad v\u00e4rvid 12tk\/pakis","description":"J\u00f5ulukuulid on erinevate v\u00e4videga, kaunid pallid kuuse v\u00f5i p\u00e4rja kaunistamiseks.","robots":{"index":"index","follow":"follow","max-snippet":"max-snippet:-1","max-image-preview":"max-image-preview:large","max-video-preview":"max-video-preview:-1"},"canonical":"https:\/\/horticom.ee\/e-pood\/toode\/joulukuulid-12-x-50mm-erinevad-varvid-12tk-pakis-sp\/","og_locale":"et_EE","og_type":"article","og_title":"J\u00f5ulukuulid 12 x 50mm erinevad v\u00e4rvid 12tk\/pakis","og_description":"J\u00f5ulukuulid on erinevate v\u00e4videga, kaunid pallid kuuse v\u00f5i p\u00e4rja kaunistamiseks.","og_url":"https:\/\/horticom.ee\/e-pood\/toode\/joulukuulid-12-x-50mm-erinevad-varvid-12tk-pakis-sp\/","og_site_name":"Horticom.ee","article_publisher":"https:\/\/www.facebook.com\/horticom.ee\/e-pood","article_modified_time":"2026-04-11T00:11:40+00:00","og_image":[{"width":2000,"height":1500,"url":"https:\/\/horticom.ee\/e-pood\/wp-content\/uploads\/2022\/11\/8711295468780.jpg","type":"image\/jpeg"}],"twitter_card":"summary_large_image","twitter_misc":{"Est. reading time":"1 minut"},"schema":{"@context":"https:\/\/schema.org","@graph":[{"@type":"WebPage","@id":"https:\/\/horticom.ee\/e-pood\/toode\/joulukuulid-12-x-50mm-erinevad-varvid-12tk-pakis-sp\/","url":"https:\/\/horticom.ee\/e-pood\/toode\/joulukuulid-12-x-50mm-erinevad-varvid-12tk-pakis-sp\/","name":"J\u00f5ulukuulid 12 x 50mm erinevad v\u00e4rvid 12tk\/pakis","isPartOf":{"@id":"https:\/\/horticom.ee\/e-pood\/#website"},"primaryImageOfPage":{"@id":"https:\/\/horticom.ee\/e-pood\/toode\/joulukuulid-12-x-50mm-erinevad-varvid-12tk-pakis-sp\/#primaryimage"},"image":{"@id":"https:\/\/horticom.ee\/e-pood\/toode\/joulukuulid-12-x-50mm-erinevad-varvid-12tk-pakis-sp\/#primaryimage"},"thumbnailUrl":"https:\/\/horticom.ee\/e-pood\/wp-content\/uploads\/2022\/11\/8711295468780.jpg","datePublished":"2022-11-03T01:01:35+00:00","dateModified":"2026-04-11T00:11:40+00:00","description":"J\u00f5ulukuulid on erinevate v\u00e4videga, kaunid pallid kuuse v\u00f5i p\u00e4rja kaunistamiseks.","breadcrumb":{"@id":"https:\/\/horticom.ee\/e-pood\/toode\/joulukuulid-12-x-50mm-erinevad-varvid-12tk-pakis-sp\/#breadcrumb"},"inLanguage":"et","potentialAction":[{"@type":"ReadAction","target":["https:\/\/horticom.ee\/e-pood\/toode\/joulukuulid-12-x-50mm-erinevad-varvid-12tk-pakis-sp\/"]}]},{"@type":"ImageObject","inLanguage":"et","@id":"https:\/\/horticom.ee\/e-pood\/toode\/joulukuulid-12-x-50mm-erinevad-varvid-12tk-pakis-sp\/#primaryimage","url":"https:\/\/horticom.ee\/e-pood\/wp-content\/uploads\/2022\/11\/8711295468780.jpg","contentUrl":"https:\/\/horticom.ee\/e-pood\/wp-content\/uploads\/2022\/11\/8711295468780.jpg","width":2000,"height":1500},{"@type":"BreadcrumbList","@id":"https:\/\/horticom.ee\/e-pood\/toode\/joulukuulid-12-x-50mm-erinevad-varvid-12tk-pakis-sp\/#breadcrumb","itemListElement":[{"@type":"ListItem","position":1,"name":"Home","item":"https:\/\/horticom.ee\/e-pood\/"},{"@type":"ListItem","position":2,"name":"Pood","item":"https:\/\/horticom.ee\/e-pood\/pood\/"},{"@type":"ListItem","position":3,"name":"J\u00f5ulukuulid 12 x 50mm erinevad v\u00e4rvid 12tk\/pakis"}]},{"@type":"WebSite","@id":"https:\/\/horticom.ee\/e-pood\/#website","url":"https:\/\/horticom.ee\/e-pood\/","name":"Horticom.ee","description":"Aianduskaubad ja kodukaubad nii harrastajatele kui professionaalidele","potentialAction":[{"@type":"SearchAction","target":{"@type":"EntryPoint","urlTemplate":"https:\/\/horticom.ee\/e-pood\/?s={search_term_string}"},"query-input":{"@type":"PropertyValueSpecification","valueRequired":true,"valueName":"search_term_string"}}],"inLanguage":"et"}]}},"_links":{"self":[{"href":"https:\/\/horticom.ee\/e-pood\/wp-json\/wp\/v2\/product\/1479234","targetHints":{"allow":["GET"]}}],"collection":[{"href":"https:\/\/horticom.ee\/e-pood\/wp-json\/wp\/v2\/product"}],"about":[{"href":"https:\/\/horticom.ee\/e-pood\/wp-json\/wp\/v2\/types\/product"}],"replies":[{"embeddable":true,"href":"https:\/\/horticom.ee\/e-pood\/wp-json\/wp\/v2\/comments?post=1479234"}],"wp:featuredmedia":[{"embeddable":true,"href":"https:\/\/horticom.ee\/e-pood\/wp-json\/wp\/v2\/media\/2302197"}],"wp:attachment":[{"href":"https:\/\/horticom.ee\/e-pood\/wp-json\/wp\/v2\/media?parent=1479234"}],"wp:term":[{"taxonomy":"product_cat","embeddable":true,"href":"https:\/\/horticom.ee\/e-pood\/wp-json\/wp\/v2\/product_cat?post=1479234"},{"taxonomy":"product_tag","embeddable":true,"href":"https:\/\/horticom.ee\/e-pood\/wp-json\/wp\/v2\/product_tag?post=1479234"}],"curies":[{"name":"wp","href":"https:\/\/api.w.org\/{rel}","templated":true}]}}