{"id":152262,"date":"2022-01-17T15:54:58","date_gmt":"2022-01-17T13:54:58","guid":{"rendered":"https:\/\/aednik24.ee\/toode\/hiireloks-plastik\/"},"modified":"2026-04-22T13:01:58","modified_gmt":"2026-04-22T10:01:58","slug":"hiireloks-plastik","status":"publish","type":"product","link":"https:\/\/horticom.ee\/e-pood\/toode\/hiireloks-plastik\/","title":{"rendered":"Hiirel\u00f5ks plastik"},"content":{"rendered":"<p>Arox on h\u00fcgieeniline plastikl\u00f5ks, mis on t\u00f5hus, kuid lihtsalt ja korduvalt kasutatav n\u00e4riliste t\u00f5rjeks hoonetest ja hoonete \u00fcmbrusest. Sobib kahjurit\u00f5rjeks kauplustes ja toiduainetet\u00f6\u00f6stuses, kus m\u00fcrks\u00f6\u00f6tade kasutamine ei ole v\u00f5imalik. Metallvedruga vinnastusmehhanismi konstruktsioon on n\u00e4rilise liikumisele piisavalt tundlik. L\u00f5ks v\u00f5imaldab kinnip\u00fc\u00fctud hiirest vabaneda nii, et teda ei pea puudutama \u2013 see tuleb lihtsalt avada ja surnud hiir \u00e4ra visata.<\/p>\n","protected":false},"excerpt":{"rendered":"<p>Arox on h\u00fcgieeniline plastikl\u00f5ks, mis on t\u00f5hus, kuid lihtsalt ja korduvalt kasutatav n\u00e4riliste t\u00f5rjeks hoonetest ja hoonete \u00fcmbrusest. Sobib kahjurit\u00f5rjeks kauplustes ja toiduainetet\u00f6\u00f6stuses, kus m\u00fcrks\u00f6\u00f6tade kasutamine ei ole v\u00f5imalik. Metallvedruga vinnastusmehhanismi konstruktsioon on n\u00e4rilise liikumisele piisavalt tundlik. L\u00f5ks v\u00f5imaldab kinnip\u00fc\u00fctud hiirest vabaneda nii, et teda ei pea puudutama \u2013 see tuleb lihtsalt avada ja surnud [&hellip;]<\/p>\n","protected":false},"featured_media":182517,"comment_status":"closed","ping_status":"closed","template":"","meta":{"_themeisle_gutenberg_block_has_review":false},"product_cat":[13604],"product_tag":[],"class_list":{"0":"post-152262","1":"product","2":"type-product","3":"status-publish","4":"has-post-thumbnail","6":"product_cat-hiired-ja-rotid","8":"first","9":"instock","10":"shipping-taxable","11":"purchasable","12":"product-type-simple"},"yoast_head":"<!-- This site is optimized with the Yoast SEO plugin v24.0 - https:\/\/yoast.com\/wordpress\/plugins\/seo\/ -->\n<title>Hiirel\u00f5ks plastik - Horticom.ee\/e-pood<\/title>\n<meta name=\"description\" content=\"Arox plastikl\u00f5ks, korduvkasutatav ja t\u00f5hus n\u00e4riliste p\u00fc\u00fcdmiseks. Sobib toiduainetet\u00f6\u00f6stuses kasutamiseks, kus m\u00fcrks\u00f6\u00f6ta ei saa kasutada.\" \/>\n<meta name=\"robots\" content=\"index, follow, max-snippet:-1, max-image-preview:large, max-video-preview:-1\" \/>\n<link rel=\"canonical\" href=\"https:\/\/horticom.ee\/e-pood\/toode\/hiireloks-plastik\/\" \/>\n<meta property=\"og:locale\" content=\"et_EE\" \/>\n<meta property=\"og:type\" content=\"article\" \/>\n<meta property=\"og:title\" content=\"Hiirel\u00f5ks plastik - Horticom.ee\/e-pood\" \/>\n<meta property=\"og:description\" content=\"Arox plastikl\u00f5ks, korduvkasutatav ja t\u00f5hus n\u00e4riliste p\u00fc\u00fcdmiseks. Sobib toiduainetet\u00f6\u00f6stuses kasutamiseks, kus m\u00fcrks\u00f6\u00f6ta ei saa kasutada.\" \/>\n<meta property=\"og:url\" content=\"https:\/\/horticom.ee\/e-pood\/toode\/hiireloks-plastik\/\" \/>\n<meta property=\"og:site_name\" content=\"Horticom.ee\" \/>\n<meta property=\"article:publisher\" content=\"https:\/\/www.facebook.com\/horticom.ee\/e-pood\" \/>\n<meta property=\"article:modified_time\" content=\"2026-04-22T10:01:58+00:00\" \/>\n<meta property=\"og:image\" content=\"https:\/\/horticom.ee\/e-pood\/wp-content\/uploads\/importedmedia\/product-152262_0-P0076.jpg\" \/>\n\t<meta property=\"og:image:width\" content=\"1000\" \/>\n\t<meta property=\"og:image:height\" content=\"1000\" \/>\n\t<meta property=\"og:image:type\" content=\"image\/jpeg\" \/>\n<meta name=\"twitter:card\" content=\"summary_large_image\" \/>\n<script type=\"application\/ld+json\" class=\"yoast-schema-graph\">{\"@context\":\"https:\/\/schema.org\",\"@graph\":[{\"@type\":\"WebPage\",\"@id\":\"https:\/\/horticom.ee\/e-pood\/toode\/hiireloks-plastik\/\",\"url\":\"https:\/\/horticom.ee\/e-pood\/toode\/hiireloks-plastik\/\",\"name\":\"Hiirel\u00f5ks plastik - Horticom.ee\/e-pood\",\"isPartOf\":{\"@id\":\"https:\/\/horticom.ee\/e-pood\/#website\"},\"primaryImageOfPage\":{\"@id\":\"https:\/\/horticom.ee\/e-pood\/toode\/hiireloks-plastik\/#primaryimage\"},\"image\":{\"@id\":\"https:\/\/horticom.ee\/e-pood\/toode\/hiireloks-plastik\/#primaryimage\"},\"thumbnailUrl\":\"https:\/\/horticom.ee\/e-pood\/wp-content\/uploads\/importedmedia\/product-152262_0-P0076.jpg\",\"datePublished\":\"2022-01-17T13:54:58+00:00\",\"dateModified\":\"2026-04-22T10:01:58+00:00\",\"description\":\"Arox plastikl\u00f5ks, korduvkasutatav ja t\u00f5hus n\u00e4riliste p\u00fc\u00fcdmiseks. Sobib toiduainetet\u00f6\u00f6stuses kasutamiseks, kus m\u00fcrks\u00f6\u00f6ta ei saa kasutada.\",\"breadcrumb\":{\"@id\":\"https:\/\/horticom.ee\/e-pood\/toode\/hiireloks-plastik\/#breadcrumb\"},\"inLanguage\":\"et\",\"potentialAction\":[{\"@type\":\"ReadAction\",\"target\":[\"https:\/\/horticom.ee\/e-pood\/toode\/hiireloks-plastik\/\"]}]},{\"@type\":\"ImageObject\",\"inLanguage\":\"et\",\"@id\":\"https:\/\/horticom.ee\/e-pood\/toode\/hiireloks-plastik\/#primaryimage\",\"url\":\"https:\/\/horticom.ee\/e-pood\/wp-content\/uploads\/importedmedia\/product-152262_0-P0076.jpg\",\"contentUrl\":\"https:\/\/horticom.ee\/e-pood\/wp-content\/uploads\/importedmedia\/product-152262_0-P0076.jpg\",\"width\":1000,\"height\":1000,\"caption\":\"Hiirel\u00f5ks plastik\"},{\"@type\":\"BreadcrumbList\",\"@id\":\"https:\/\/horticom.ee\/e-pood\/toode\/hiireloks-plastik\/#breadcrumb\",\"itemListElement\":[{\"@type\":\"ListItem\",\"position\":1,\"name\":\"Home\",\"item\":\"https:\/\/horticom.ee\/e-pood\/\"},{\"@type\":\"ListItem\",\"position\":2,\"name\":\"Pood\",\"item\":\"https:\/\/horticom.ee\/e-pood\/pood\/\"},{\"@type\":\"ListItem\",\"position\":3,\"name\":\"Hiirel\u00f5ks plastik\"}]},{\"@type\":\"WebSite\",\"@id\":\"https:\/\/horticom.ee\/e-pood\/#website\",\"url\":\"https:\/\/horticom.ee\/e-pood\/\",\"name\":\"Horticom.ee\",\"description\":\"Aianduskaubad ja kodukaubad nii harrastajatele kui professionaalidele\",\"potentialAction\":[{\"@type\":\"SearchAction\",\"target\":{\"@type\":\"EntryPoint\",\"urlTemplate\":\"https:\/\/horticom.ee\/e-pood\/?s={search_term_string}\"},\"query-input\":{\"@type\":\"PropertyValueSpecification\",\"valueRequired\":true,\"valueName\":\"search_term_string\"}}],\"inLanguage\":\"et\"}]}<\/script>\n<!-- \/ Yoast SEO plugin. -->","yoast_head_json":{"title":"Hiirel\u00f5ks plastik - Horticom.ee\/e-pood","description":"Arox plastikl\u00f5ks, korduvkasutatav ja t\u00f5hus n\u00e4riliste p\u00fc\u00fcdmiseks. Sobib toiduainetet\u00f6\u00f6stuses kasutamiseks, kus m\u00fcrks\u00f6\u00f6ta ei saa kasutada.","robots":{"index":"index","follow":"follow","max-snippet":"max-snippet:-1","max-image-preview":"max-image-preview:large","max-video-preview":"max-video-preview:-1"},"canonical":"https:\/\/horticom.ee\/e-pood\/toode\/hiireloks-plastik\/","og_locale":"et_EE","og_type":"article","og_title":"Hiirel\u00f5ks plastik - Horticom.ee\/e-pood","og_description":"Arox plastikl\u00f5ks, korduvkasutatav ja t\u00f5hus n\u00e4riliste p\u00fc\u00fcdmiseks. Sobib toiduainetet\u00f6\u00f6stuses kasutamiseks, kus m\u00fcrks\u00f6\u00f6ta ei saa kasutada.","og_url":"https:\/\/horticom.ee\/e-pood\/toode\/hiireloks-plastik\/","og_site_name":"Horticom.ee","article_publisher":"https:\/\/www.facebook.com\/horticom.ee\/e-pood","article_modified_time":"2026-04-22T10:01:58+00:00","og_image":[{"width":1000,"height":1000,"url":"https:\/\/horticom.ee\/e-pood\/wp-content\/uploads\/importedmedia\/product-152262_0-P0076.jpg","type":"image\/jpeg"}],"twitter_card":"summary_large_image","schema":{"@context":"https:\/\/schema.org","@graph":[{"@type":"WebPage","@id":"https:\/\/horticom.ee\/e-pood\/toode\/hiireloks-plastik\/","url":"https:\/\/horticom.ee\/e-pood\/toode\/hiireloks-plastik\/","name":"Hiirel\u00f5ks plastik - Horticom.ee\/e-pood","isPartOf":{"@id":"https:\/\/horticom.ee\/e-pood\/#website"},"primaryImageOfPage":{"@id":"https:\/\/horticom.ee\/e-pood\/toode\/hiireloks-plastik\/#primaryimage"},"image":{"@id":"https:\/\/horticom.ee\/e-pood\/toode\/hiireloks-plastik\/#primaryimage"},"thumbnailUrl":"https:\/\/horticom.ee\/e-pood\/wp-content\/uploads\/importedmedia\/product-152262_0-P0076.jpg","datePublished":"2022-01-17T13:54:58+00:00","dateModified":"2026-04-22T10:01:58+00:00","description":"Arox plastikl\u00f5ks, korduvkasutatav ja t\u00f5hus n\u00e4riliste p\u00fc\u00fcdmiseks. Sobib toiduainetet\u00f6\u00f6stuses kasutamiseks, kus m\u00fcrks\u00f6\u00f6ta ei saa kasutada.","breadcrumb":{"@id":"https:\/\/horticom.ee\/e-pood\/toode\/hiireloks-plastik\/#breadcrumb"},"inLanguage":"et","potentialAction":[{"@type":"ReadAction","target":["https:\/\/horticom.ee\/e-pood\/toode\/hiireloks-plastik\/"]}]},{"@type":"ImageObject","inLanguage":"et","@id":"https:\/\/horticom.ee\/e-pood\/toode\/hiireloks-plastik\/#primaryimage","url":"https:\/\/horticom.ee\/e-pood\/wp-content\/uploads\/importedmedia\/product-152262_0-P0076.jpg","contentUrl":"https:\/\/horticom.ee\/e-pood\/wp-content\/uploads\/importedmedia\/product-152262_0-P0076.jpg","width":1000,"height":1000,"caption":"Hiirel\u00f5ks plastik"},{"@type":"BreadcrumbList","@id":"https:\/\/horticom.ee\/e-pood\/toode\/hiireloks-plastik\/#breadcrumb","itemListElement":[{"@type":"ListItem","position":1,"name":"Home","item":"https:\/\/horticom.ee\/e-pood\/"},{"@type":"ListItem","position":2,"name":"Pood","item":"https:\/\/horticom.ee\/e-pood\/pood\/"},{"@type":"ListItem","position":3,"name":"Hiirel\u00f5ks plastik"}]},{"@type":"WebSite","@id":"https:\/\/horticom.ee\/e-pood\/#website","url":"https:\/\/horticom.ee\/e-pood\/","name":"Horticom.ee","description":"Aianduskaubad ja kodukaubad nii harrastajatele kui professionaalidele","potentialAction":[{"@type":"SearchAction","target":{"@type":"EntryPoint","urlTemplate":"https:\/\/horticom.ee\/e-pood\/?s={search_term_string}"},"query-input":{"@type":"PropertyValueSpecification","valueRequired":true,"valueName":"search_term_string"}}],"inLanguage":"et"}]}},"_links":{"self":[{"href":"https:\/\/horticom.ee\/e-pood\/wp-json\/wp\/v2\/product\/152262","targetHints":{"allow":["GET"]}}],"collection":[{"href":"https:\/\/horticom.ee\/e-pood\/wp-json\/wp\/v2\/product"}],"about":[{"href":"https:\/\/horticom.ee\/e-pood\/wp-json\/wp\/v2\/types\/product"}],"replies":[{"embeddable":true,"href":"https:\/\/horticom.ee\/e-pood\/wp-json\/wp\/v2\/comments?post=152262"}],"wp:featuredmedia":[{"embeddable":true,"href":"https:\/\/horticom.ee\/e-pood\/wp-json\/wp\/v2\/media\/182517"}],"wp:attachment":[{"href":"https:\/\/horticom.ee\/e-pood\/wp-json\/wp\/v2\/media?parent=152262"}],"wp:term":[{"taxonomy":"product_cat","embeddable":true,"href":"https:\/\/horticom.ee\/e-pood\/wp-json\/wp\/v2\/product_cat?post=152262"},{"taxonomy":"product_tag","embeddable":true,"href":"https:\/\/horticom.ee\/e-pood\/wp-json\/wp\/v2\/product_tag?post=152262"}],"curies":[{"name":"wp","href":"https:\/\/api.w.org\/{rel}","templated":true}]}}