{"id":152280,"date":"2022-01-17T15:55:07","date_gmt":"2022-01-17T13:55:07","guid":{"rendered":"https:\/\/aednik24.ee\/toode\/mutipeletusgaas-detia-500g\/"},"modified":"2026-05-13T13:09:32","modified_gmt":"2026-05-13T10:09:32","slug":"mutipeletusgaas-detia-500g","status":"publish","type":"product","link":"https:\/\/horticom.ee\/e-pood\/toode\/mutipeletusgaas-detia-500g\/","title":{"rendered":"Mutipeletusgaas Detia 500g"},"content":{"rendered":"<p>Sisaldab kaltsiumkarbiidi, mille reageerimisel mullaniiskusega eraldub gaas, mis on t\u00f5rjutavatele loomadele v\u00e4ljakannatamatu l\u00f5hnaga ning jaotub kiiresti ja \u00fchtlaselt kogu mutiurgude s\u00fcsteemis. Mutid p\u00f5genevad k\u00e4ikudest kiiresti. Aine laguneb pinnases happeliseks v\u00e4etiseks, mis on mullale, taimedele ja keskkonnale ohutu.<\/p>\n","protected":false},"excerpt":{"rendered":"<p>Sisaldab kaltsiumkarbiidi, mille reageerimisel mullaniiskusega eraldub gaas, mis on t\u00f5rjutavatele loomadele v\u00e4ljakannatamatu l\u00f5hnaga ning jaotub kiiresti ja \u00fchtlaselt kogu mutiurgude s\u00fcsteemis. Mutid p\u00f5genevad k\u00e4ikudest kiiresti. Aine laguneb pinnases happeliseks v\u00e4etiseks, mis on mullale, taimedele ja keskkonnale ohutu.<\/p>\n","protected":false},"featured_media":2480650,"comment_status":"closed","ping_status":"closed","template":"","meta":{"_themeisle_gutenberg_block_has_review":false},"product_cat":[13601],"product_tag":[],"class_list":{"0":"post-152280","1":"product","2":"type-product","3":"status-publish","4":"has-post-thumbnail","6":"product_cat-mutid-ja-vesirotid","8":"first","9":"instock","10":"shipping-taxable","11":"purchasable","12":"product-type-simple"},"yoast_head":"<!-- This site is optimized with the Yoast SEO plugin v24.0 - https:\/\/yoast.com\/wordpress\/plugins\/seo\/ -->\n<title>Mutipeletusgaas Detia 500g - Horticom.ee\/e-pood<\/title>\n<meta name=\"description\" content=\"T\u00f5hus muti t\u00f5rjevahend, mis eraldab gaasi ja peletab mutid urus\u00fcsteemidest. Aine laguneb pinnases ja on ohutu taimedele ja keskkonnale.\" \/>\n<meta name=\"robots\" content=\"index, follow, max-snippet:-1, max-image-preview:large, max-video-preview:-1\" \/>\n<link rel=\"canonical\" href=\"https:\/\/horticom.ee\/e-pood\/toode\/mutipeletusgaas-detia-500g\/\" \/>\n<meta property=\"og:locale\" content=\"et_EE\" \/>\n<meta property=\"og:type\" content=\"article\" \/>\n<meta property=\"og:title\" content=\"Mutipeletusgaas Detia 500g - Horticom.ee\/e-pood\" \/>\n<meta property=\"og:description\" content=\"T\u00f5hus muti t\u00f5rjevahend, mis eraldab gaasi ja peletab mutid urus\u00fcsteemidest. Aine laguneb pinnases ja on ohutu taimedele ja keskkonnale.\" \/>\n<meta property=\"og:url\" content=\"https:\/\/horticom.ee\/e-pood\/toode\/mutipeletusgaas-detia-500g\/\" \/>\n<meta property=\"og:site_name\" content=\"Horticom.ee\" \/>\n<meta property=\"article:publisher\" content=\"https:\/\/www.facebook.com\/horticom.ee\/e-pood\" \/>\n<meta property=\"article:modified_time\" content=\"2026-05-13T10:09:32+00:00\" \/>\n<meta property=\"og:image\" content=\"https:\/\/horticom.ee\/e-pood\/wp-content\/uploads\/2022\/01\/4003064080311.jpg\" \/>\n\t<meta property=\"og:image:width\" content=\"2370\" \/>\n\t<meta property=\"og:image:height\" content=\"1966\" \/>\n\t<meta property=\"og:image:type\" content=\"image\/jpeg\" \/>\n<meta name=\"twitter:card\" content=\"summary_large_image\" \/>\n<meta name=\"twitter:label1\" content=\"Est. reading time\" \/>\n\t<meta name=\"twitter:data1\" content=\"1 minut\" \/>\n<script type=\"application\/ld+json\" class=\"yoast-schema-graph\">{\"@context\":\"https:\/\/schema.org\",\"@graph\":[{\"@type\":\"WebPage\",\"@id\":\"https:\/\/horticom.ee\/e-pood\/toode\/mutipeletusgaas-detia-500g\/\",\"url\":\"https:\/\/horticom.ee\/e-pood\/toode\/mutipeletusgaas-detia-500g\/\",\"name\":\"Mutipeletusgaas Detia 500g - Horticom.ee\/e-pood\",\"isPartOf\":{\"@id\":\"https:\/\/horticom.ee\/e-pood\/#website\"},\"primaryImageOfPage\":{\"@id\":\"https:\/\/horticom.ee\/e-pood\/toode\/mutipeletusgaas-detia-500g\/#primaryimage\"},\"image\":{\"@id\":\"https:\/\/horticom.ee\/e-pood\/toode\/mutipeletusgaas-detia-500g\/#primaryimage\"},\"thumbnailUrl\":\"https:\/\/horticom.ee\/e-pood\/wp-content\/uploads\/2022\/01\/4003064080311.jpg\",\"datePublished\":\"2022-01-17T13:55:07+00:00\",\"dateModified\":\"2026-05-13T10:09:32+00:00\",\"description\":\"T\u00f5hus muti t\u00f5rjevahend, mis eraldab gaasi ja peletab mutid urus\u00fcsteemidest. Aine laguneb pinnases ja on ohutu taimedele ja keskkonnale.\",\"breadcrumb\":{\"@id\":\"https:\/\/horticom.ee\/e-pood\/toode\/mutipeletusgaas-detia-500g\/#breadcrumb\"},\"inLanguage\":\"et\",\"potentialAction\":[{\"@type\":\"ReadAction\",\"target\":[\"https:\/\/horticom.ee\/e-pood\/toode\/mutipeletusgaas-detia-500g\/\"]}]},{\"@type\":\"ImageObject\",\"inLanguage\":\"et\",\"@id\":\"https:\/\/horticom.ee\/e-pood\/toode\/mutipeletusgaas-detia-500g\/#primaryimage\",\"url\":\"https:\/\/horticom.ee\/e-pood\/wp-content\/uploads\/2022\/01\/4003064080311.jpg\",\"contentUrl\":\"https:\/\/horticom.ee\/e-pood\/wp-content\/uploads\/2022\/01\/4003064080311.jpg\",\"width\":2370,\"height\":1966},{\"@type\":\"BreadcrumbList\",\"@id\":\"https:\/\/horticom.ee\/e-pood\/toode\/mutipeletusgaas-detia-500g\/#breadcrumb\",\"itemListElement\":[{\"@type\":\"ListItem\",\"position\":1,\"name\":\"Home\",\"item\":\"https:\/\/horticom.ee\/e-pood\/\"},{\"@type\":\"ListItem\",\"position\":2,\"name\":\"Pood\",\"item\":\"https:\/\/horticom.ee\/e-pood\/pood\/\"},{\"@type\":\"ListItem\",\"position\":3,\"name\":\"Mutipeletusgaas Detia 500g\"}]},{\"@type\":\"WebSite\",\"@id\":\"https:\/\/horticom.ee\/e-pood\/#website\",\"url\":\"https:\/\/horticom.ee\/e-pood\/\",\"name\":\"Horticom.ee\",\"description\":\"Aianduskaubad ja kodukaubad nii harrastajatele kui professionaalidele\",\"potentialAction\":[{\"@type\":\"SearchAction\",\"target\":{\"@type\":\"EntryPoint\",\"urlTemplate\":\"https:\/\/horticom.ee\/e-pood\/?s={search_term_string}\"},\"query-input\":{\"@type\":\"PropertyValueSpecification\",\"valueRequired\":true,\"valueName\":\"search_term_string\"}}],\"inLanguage\":\"et\"}]}<\/script>\n<!-- \/ Yoast SEO plugin. -->","yoast_head_json":{"title":"Mutipeletusgaas Detia 500g - Horticom.ee\/e-pood","description":"T\u00f5hus muti t\u00f5rjevahend, mis eraldab gaasi ja peletab mutid urus\u00fcsteemidest. Aine laguneb pinnases ja on ohutu taimedele ja keskkonnale.","robots":{"index":"index","follow":"follow","max-snippet":"max-snippet:-1","max-image-preview":"max-image-preview:large","max-video-preview":"max-video-preview:-1"},"canonical":"https:\/\/horticom.ee\/e-pood\/toode\/mutipeletusgaas-detia-500g\/","og_locale":"et_EE","og_type":"article","og_title":"Mutipeletusgaas Detia 500g - Horticom.ee\/e-pood","og_description":"T\u00f5hus muti t\u00f5rjevahend, mis eraldab gaasi ja peletab mutid urus\u00fcsteemidest. Aine laguneb pinnases ja on ohutu taimedele ja keskkonnale.","og_url":"https:\/\/horticom.ee\/e-pood\/toode\/mutipeletusgaas-detia-500g\/","og_site_name":"Horticom.ee","article_publisher":"https:\/\/www.facebook.com\/horticom.ee\/e-pood","article_modified_time":"2026-05-13T10:09:32+00:00","og_image":[{"width":2370,"height":1966,"url":"https:\/\/horticom.ee\/e-pood\/wp-content\/uploads\/2022\/01\/4003064080311.jpg","type":"image\/jpeg"}],"twitter_card":"summary_large_image","twitter_misc":{"Est. reading time":"1 minut"},"schema":{"@context":"https:\/\/schema.org","@graph":[{"@type":"WebPage","@id":"https:\/\/horticom.ee\/e-pood\/toode\/mutipeletusgaas-detia-500g\/","url":"https:\/\/horticom.ee\/e-pood\/toode\/mutipeletusgaas-detia-500g\/","name":"Mutipeletusgaas Detia 500g - Horticom.ee\/e-pood","isPartOf":{"@id":"https:\/\/horticom.ee\/e-pood\/#website"},"primaryImageOfPage":{"@id":"https:\/\/horticom.ee\/e-pood\/toode\/mutipeletusgaas-detia-500g\/#primaryimage"},"image":{"@id":"https:\/\/horticom.ee\/e-pood\/toode\/mutipeletusgaas-detia-500g\/#primaryimage"},"thumbnailUrl":"https:\/\/horticom.ee\/e-pood\/wp-content\/uploads\/2022\/01\/4003064080311.jpg","datePublished":"2022-01-17T13:55:07+00:00","dateModified":"2026-05-13T10:09:32+00:00","description":"T\u00f5hus muti t\u00f5rjevahend, mis eraldab gaasi ja peletab mutid urus\u00fcsteemidest. Aine laguneb pinnases ja on ohutu taimedele ja keskkonnale.","breadcrumb":{"@id":"https:\/\/horticom.ee\/e-pood\/toode\/mutipeletusgaas-detia-500g\/#breadcrumb"},"inLanguage":"et","potentialAction":[{"@type":"ReadAction","target":["https:\/\/horticom.ee\/e-pood\/toode\/mutipeletusgaas-detia-500g\/"]}]},{"@type":"ImageObject","inLanguage":"et","@id":"https:\/\/horticom.ee\/e-pood\/toode\/mutipeletusgaas-detia-500g\/#primaryimage","url":"https:\/\/horticom.ee\/e-pood\/wp-content\/uploads\/2022\/01\/4003064080311.jpg","contentUrl":"https:\/\/horticom.ee\/e-pood\/wp-content\/uploads\/2022\/01\/4003064080311.jpg","width":2370,"height":1966},{"@type":"BreadcrumbList","@id":"https:\/\/horticom.ee\/e-pood\/toode\/mutipeletusgaas-detia-500g\/#breadcrumb","itemListElement":[{"@type":"ListItem","position":1,"name":"Home","item":"https:\/\/horticom.ee\/e-pood\/"},{"@type":"ListItem","position":2,"name":"Pood","item":"https:\/\/horticom.ee\/e-pood\/pood\/"},{"@type":"ListItem","position":3,"name":"Mutipeletusgaas Detia 500g"}]},{"@type":"WebSite","@id":"https:\/\/horticom.ee\/e-pood\/#website","url":"https:\/\/horticom.ee\/e-pood\/","name":"Horticom.ee","description":"Aianduskaubad ja kodukaubad nii harrastajatele kui professionaalidele","potentialAction":[{"@type":"SearchAction","target":{"@type":"EntryPoint","urlTemplate":"https:\/\/horticom.ee\/e-pood\/?s={search_term_string}"},"query-input":{"@type":"PropertyValueSpecification","valueRequired":true,"valueName":"search_term_string"}}],"inLanguage":"et"}]}},"_links":{"self":[{"href":"https:\/\/horticom.ee\/e-pood\/wp-json\/wp\/v2\/product\/152280","targetHints":{"allow":["GET"]}}],"collection":[{"href":"https:\/\/horticom.ee\/e-pood\/wp-json\/wp\/v2\/product"}],"about":[{"href":"https:\/\/horticom.ee\/e-pood\/wp-json\/wp\/v2\/types\/product"}],"replies":[{"embeddable":true,"href":"https:\/\/horticom.ee\/e-pood\/wp-json\/wp\/v2\/comments?post=152280"}],"wp:featuredmedia":[{"embeddable":true,"href":"https:\/\/horticom.ee\/e-pood\/wp-json\/wp\/v2\/media\/2480650"}],"wp:attachment":[{"href":"https:\/\/horticom.ee\/e-pood\/wp-json\/wp\/v2\/media?parent=152280"}],"wp:term":[{"taxonomy":"product_cat","embeddable":true,"href":"https:\/\/horticom.ee\/e-pood\/wp-json\/wp\/v2\/product_cat?post=152280"},{"taxonomy":"product_tag","embeddable":true,"href":"https:\/\/horticom.ee\/e-pood\/wp-json\/wp\/v2\/product_tag?post=152280"}],"curies":[{"name":"wp","href":"https:\/\/api.w.org\/{rel}","templated":true}]}}