{"id":152308,"date":"2022-01-17T15:55:25","date_gmt":"2022-01-17T13:55:25","guid":{"rendered":"https:\/\/aednik24.ee\/toode\/roosikonteiner-teku-3l-vce16-16-x-20cm\/"},"modified":"2026-04-24T03:00:18","modified_gmt":"2026-04-24T00:00:18","slug":"roosikonteiner-teku-3l-vce16-16-x-20cm","status":"publish","type":"product","link":"https:\/\/horticom.ee\/e-pood\/toode\/roosikonteiner-teku-3l-vce16-16-x-20cm\/","title":{"rendered":"Roosikonteiner Teku 3L VCE16 hall 16 x 20cm"},"content":{"rendered":"<p>Roosipott Teku on k\u00f5rge pott l\u00e4bim\u00f5\u00f5duga 16cm, mis sobib roosi istikule.<\/p>\n","protected":false},"excerpt":{"rendered":"<p>Roosipott Teku on k\u00f5rge pott l\u00e4bim\u00f5\u00f5duga 16cm, mis sobib roosi istikule.<\/p>\n","protected":false},"featured_media":2391735,"comment_status":"closed","ping_status":"closed","template":"","meta":{"_themeisle_gutenberg_block_has_review":false},"product_cat":[13374],"product_tag":[],"class_list":{"0":"post-152308","1":"product","2":"type-product","3":"status-publish","4":"has-post-thumbnail","6":"product_cat-plastikust-ettekasvatuspotid","8":"first","9":"instock","10":"shipping-taxable","11":"purchasable","12":"product-type-simple"},"yoast_head":"<!-- This site is optimized with the Yoast SEO plugin v24.0 - https:\/\/yoast.com\/wordpress\/plugins\/seo\/ -->\n<title>Roosikonteiner Teku 3L VCE16 16 x 20cm - Horticom.ee<\/title>\n<meta name=\"description\" content=\"Roosipott Teku on k\u00f5rge pott l\u00e4bim\u00f5\u00f5duga 16cm, mis sobib roosi istikule.\" \/>\n<meta name=\"robots\" content=\"index, follow, max-snippet:-1, max-image-preview:large, max-video-preview:-1\" \/>\n<link rel=\"canonical\" href=\"https:\/\/horticom.ee\/e-pood\/toode\/roosikonteiner-teku-3l-vce16-16-x-20cm\/\" \/>\n<meta property=\"og:locale\" content=\"et_EE\" \/>\n<meta property=\"og:type\" content=\"article\" \/>\n<meta property=\"og:title\" content=\"Roosikonteiner Teku 3L VCE16 16 x 20cm - Horticom.ee\" \/>\n<meta property=\"og:description\" content=\"Roosipott Teku on k\u00f5rge pott l\u00e4bim\u00f5\u00f5duga 16cm, mis sobib roosi istikule.\" \/>\n<meta property=\"og:url\" content=\"https:\/\/horticom.ee\/e-pood\/toode\/roosikonteiner-teku-3l-vce16-16-x-20cm\/\" \/>\n<meta property=\"og:site_name\" content=\"Horticom.ee\" \/>\n<meta property=\"article:publisher\" content=\"https:\/\/www.facebook.com\/horticom.ee\/e-pood\" \/>\n<meta property=\"article:modified_time\" content=\"2026-04-24T00:00:18+00:00\" \/>\n<meta property=\"og:image\" content=\"https:\/\/horticom.ee\/e-pood\/wp-content\/uploads\/2022\/01\/4743153000324.jpg\" \/>\n\t<meta property=\"og:image:width\" content=\"550\" \/>\n\t<meta property=\"og:image:height\" content=\"550\" \/>\n\t<meta property=\"og:image:type\" content=\"image\/jpeg\" \/>\n<meta name=\"twitter:card\" content=\"summary_large_image\" \/>\n<meta name=\"twitter:label1\" content=\"Est. reading time\" \/>\n\t<meta name=\"twitter:data1\" content=\"1 minut\" \/>\n<script type=\"application\/ld+json\" class=\"yoast-schema-graph\">{\"@context\":\"https:\/\/schema.org\",\"@graph\":[{\"@type\":\"WebPage\",\"@id\":\"https:\/\/horticom.ee\/e-pood\/toode\/roosikonteiner-teku-3l-vce16-16-x-20cm\/\",\"url\":\"https:\/\/horticom.ee\/e-pood\/toode\/roosikonteiner-teku-3l-vce16-16-x-20cm\/\",\"name\":\"Roosikonteiner Teku 3L VCE16 16 x 20cm - Horticom.ee\",\"isPartOf\":{\"@id\":\"https:\/\/horticom.ee\/e-pood\/#website\"},\"primaryImageOfPage\":{\"@id\":\"https:\/\/horticom.ee\/e-pood\/toode\/roosikonteiner-teku-3l-vce16-16-x-20cm\/#primaryimage\"},\"image\":{\"@id\":\"https:\/\/horticom.ee\/e-pood\/toode\/roosikonteiner-teku-3l-vce16-16-x-20cm\/#primaryimage\"},\"thumbnailUrl\":\"https:\/\/horticom.ee\/e-pood\/wp-content\/uploads\/2022\/01\/4743153000324.jpg\",\"datePublished\":\"2022-01-17T13:55:25+00:00\",\"dateModified\":\"2026-04-24T00:00:18+00:00\",\"description\":\"Roosipott Teku on k\u00f5rge pott l\u00e4bim\u00f5\u00f5duga 16cm, mis sobib roosi istikule.\",\"breadcrumb\":{\"@id\":\"https:\/\/horticom.ee\/e-pood\/toode\/roosikonteiner-teku-3l-vce16-16-x-20cm\/#breadcrumb\"},\"inLanguage\":\"et\",\"potentialAction\":[{\"@type\":\"ReadAction\",\"target\":[\"https:\/\/horticom.ee\/e-pood\/toode\/roosikonteiner-teku-3l-vce16-16-x-20cm\/\"]}]},{\"@type\":\"ImageObject\",\"inLanguage\":\"et\",\"@id\":\"https:\/\/horticom.ee\/e-pood\/toode\/roosikonteiner-teku-3l-vce16-16-x-20cm\/#primaryimage\",\"url\":\"https:\/\/horticom.ee\/e-pood\/wp-content\/uploads\/2022\/01\/4743153000324.jpg\",\"contentUrl\":\"https:\/\/horticom.ee\/e-pood\/wp-content\/uploads\/2022\/01\/4743153000324.jpg\",\"width\":550,\"height\":550},{\"@type\":\"BreadcrumbList\",\"@id\":\"https:\/\/horticom.ee\/e-pood\/toode\/roosikonteiner-teku-3l-vce16-16-x-20cm\/#breadcrumb\",\"itemListElement\":[{\"@type\":\"ListItem\",\"position\":1,\"name\":\"Home\",\"item\":\"https:\/\/horticom.ee\/e-pood\/\"},{\"@type\":\"ListItem\",\"position\":2,\"name\":\"Pood\",\"item\":\"https:\/\/horticom.ee\/e-pood\/pood\/\"},{\"@type\":\"ListItem\",\"position\":3,\"name\":\"Roosikonteiner Teku 3L VCE16 hall 16 x 20cm\"}]},{\"@type\":\"WebSite\",\"@id\":\"https:\/\/horticom.ee\/e-pood\/#website\",\"url\":\"https:\/\/horticom.ee\/e-pood\/\",\"name\":\"Horticom.ee\",\"description\":\"Aianduskaubad ja kodukaubad nii harrastajatele kui professionaalidele\",\"potentialAction\":[{\"@type\":\"SearchAction\",\"target\":{\"@type\":\"EntryPoint\",\"urlTemplate\":\"https:\/\/horticom.ee\/e-pood\/?s={search_term_string}\"},\"query-input\":{\"@type\":\"PropertyValueSpecification\",\"valueRequired\":true,\"valueName\":\"search_term_string\"}}],\"inLanguage\":\"et\"}]}<\/script>\n<!-- \/ Yoast SEO plugin. -->","yoast_head_json":{"title":"Roosikonteiner Teku 3L VCE16 16 x 20cm - Horticom.ee","description":"Roosipott Teku on k\u00f5rge pott l\u00e4bim\u00f5\u00f5duga 16cm, mis sobib roosi istikule.","robots":{"index":"index","follow":"follow","max-snippet":"max-snippet:-1","max-image-preview":"max-image-preview:large","max-video-preview":"max-video-preview:-1"},"canonical":"https:\/\/horticom.ee\/e-pood\/toode\/roosikonteiner-teku-3l-vce16-16-x-20cm\/","og_locale":"et_EE","og_type":"article","og_title":"Roosikonteiner Teku 3L VCE16 16 x 20cm - Horticom.ee","og_description":"Roosipott Teku on k\u00f5rge pott l\u00e4bim\u00f5\u00f5duga 16cm, mis sobib roosi istikule.","og_url":"https:\/\/horticom.ee\/e-pood\/toode\/roosikonteiner-teku-3l-vce16-16-x-20cm\/","og_site_name":"Horticom.ee","article_publisher":"https:\/\/www.facebook.com\/horticom.ee\/e-pood","article_modified_time":"2026-04-24T00:00:18+00:00","og_image":[{"width":550,"height":550,"url":"https:\/\/horticom.ee\/e-pood\/wp-content\/uploads\/2022\/01\/4743153000324.jpg","type":"image\/jpeg"}],"twitter_card":"summary_large_image","twitter_misc":{"Est. reading time":"1 minut"},"schema":{"@context":"https:\/\/schema.org","@graph":[{"@type":"WebPage","@id":"https:\/\/horticom.ee\/e-pood\/toode\/roosikonteiner-teku-3l-vce16-16-x-20cm\/","url":"https:\/\/horticom.ee\/e-pood\/toode\/roosikonteiner-teku-3l-vce16-16-x-20cm\/","name":"Roosikonteiner Teku 3L VCE16 16 x 20cm - Horticom.ee","isPartOf":{"@id":"https:\/\/horticom.ee\/e-pood\/#website"},"primaryImageOfPage":{"@id":"https:\/\/horticom.ee\/e-pood\/toode\/roosikonteiner-teku-3l-vce16-16-x-20cm\/#primaryimage"},"image":{"@id":"https:\/\/horticom.ee\/e-pood\/toode\/roosikonteiner-teku-3l-vce16-16-x-20cm\/#primaryimage"},"thumbnailUrl":"https:\/\/horticom.ee\/e-pood\/wp-content\/uploads\/2022\/01\/4743153000324.jpg","datePublished":"2022-01-17T13:55:25+00:00","dateModified":"2026-04-24T00:00:18+00:00","description":"Roosipott Teku on k\u00f5rge pott l\u00e4bim\u00f5\u00f5duga 16cm, mis sobib roosi istikule.","breadcrumb":{"@id":"https:\/\/horticom.ee\/e-pood\/toode\/roosikonteiner-teku-3l-vce16-16-x-20cm\/#breadcrumb"},"inLanguage":"et","potentialAction":[{"@type":"ReadAction","target":["https:\/\/horticom.ee\/e-pood\/toode\/roosikonteiner-teku-3l-vce16-16-x-20cm\/"]}]},{"@type":"ImageObject","inLanguage":"et","@id":"https:\/\/horticom.ee\/e-pood\/toode\/roosikonteiner-teku-3l-vce16-16-x-20cm\/#primaryimage","url":"https:\/\/horticom.ee\/e-pood\/wp-content\/uploads\/2022\/01\/4743153000324.jpg","contentUrl":"https:\/\/horticom.ee\/e-pood\/wp-content\/uploads\/2022\/01\/4743153000324.jpg","width":550,"height":550},{"@type":"BreadcrumbList","@id":"https:\/\/horticom.ee\/e-pood\/toode\/roosikonteiner-teku-3l-vce16-16-x-20cm\/#breadcrumb","itemListElement":[{"@type":"ListItem","position":1,"name":"Home","item":"https:\/\/horticom.ee\/e-pood\/"},{"@type":"ListItem","position":2,"name":"Pood","item":"https:\/\/horticom.ee\/e-pood\/pood\/"},{"@type":"ListItem","position":3,"name":"Roosikonteiner Teku 3L VCE16 hall 16 x 20cm"}]},{"@type":"WebSite","@id":"https:\/\/horticom.ee\/e-pood\/#website","url":"https:\/\/horticom.ee\/e-pood\/","name":"Horticom.ee","description":"Aianduskaubad ja kodukaubad nii harrastajatele kui professionaalidele","potentialAction":[{"@type":"SearchAction","target":{"@type":"EntryPoint","urlTemplate":"https:\/\/horticom.ee\/e-pood\/?s={search_term_string}"},"query-input":{"@type":"PropertyValueSpecification","valueRequired":true,"valueName":"search_term_string"}}],"inLanguage":"et"}]}},"_links":{"self":[{"href":"https:\/\/horticom.ee\/e-pood\/wp-json\/wp\/v2\/product\/152308","targetHints":{"allow":["GET"]}}],"collection":[{"href":"https:\/\/horticom.ee\/e-pood\/wp-json\/wp\/v2\/product"}],"about":[{"href":"https:\/\/horticom.ee\/e-pood\/wp-json\/wp\/v2\/types\/product"}],"replies":[{"embeddable":true,"href":"https:\/\/horticom.ee\/e-pood\/wp-json\/wp\/v2\/comments?post=152308"}],"wp:featuredmedia":[{"embeddable":true,"href":"https:\/\/horticom.ee\/e-pood\/wp-json\/wp\/v2\/media\/2391735"}],"wp:attachment":[{"href":"https:\/\/horticom.ee\/e-pood\/wp-json\/wp\/v2\/media?parent=152308"}],"wp:term":[{"taxonomy":"product_cat","embeddable":true,"href":"https:\/\/horticom.ee\/e-pood\/wp-json\/wp\/v2\/product_cat?post=152308"},{"taxonomy":"product_tag","embeddable":true,"href":"https:\/\/horticom.ee\/e-pood\/wp-json\/wp\/v2\/product_tag?post=152308"}],"curies":[{"name":"wp","href":"https:\/\/api.w.org\/{rel}","templated":true}]}}