{"id":152373,"date":"2022-01-17T15:55:56","date_gmt":"2022-01-17T13:55:56","guid":{"rendered":"https:\/\/aednik24.ee\/toode\/kuunal-rustik-70-x-80mm-30h-sinakas-roheline\/"},"modified":"2026-04-12T03:01:13","modified_gmt":"2026-04-12T00:01:13","slug":"kuunal-rustik-70-x-80mm-30h-sinakas-roheline","status":"publish","type":"product","link":"https:\/\/horticom.ee\/e-pood\/toode\/kuunal-rustik-70-x-80mm-30h-sinakas-roheline\/","title":{"rendered":"K\u00fc\u00fcnal Rustik 30h d 70 x 80mm sinakas roheline"},"content":{"rendered":"<p>K\u00fc\u00fcnal Rustik on k\u00e4sitsi valmistatud, omap\u00e4rane ja atraktiivne k\u00fc\u00fcnal, mis ei tilgu. K\u00fc\u00fcnla taht ei ulatu vaha p\u00f5hja ja t\u00e4nu sellele k\u00fc\u00fcnal kustub enne l\u00f5puni p\u00f5lemist. Valmistatud 100% parafiinist. Kvaliteetsed k\u00fc\u00fcnlad firmalt, kellel on 150+ aastat kogemust valmistamaks parimatest saadaolevatest koostisosadest h\u00e4sti p\u00f5levaid k\u00fc\u00fcnlaid, mis ei saasta \u00f5hku ega ole tervisele ohtlikud.<\/p>\n","protected":false},"excerpt":{"rendered":"<p>K\u00fc\u00fcnal Rustik on k\u00e4sitsi valmistatud, omap\u00e4rane ja atraktiivne k\u00fc\u00fcnal, mis ei tilgu. K\u00fc\u00fcnla taht ei ulatu vaha p\u00f5hja ja t\u00e4nu sellele k\u00fc\u00fcnal kustub enne l\u00f5puni p\u00f5lemist. Valmistatud 100% parafiinist. Kvaliteetsed k\u00fc\u00fcnlad firmalt, kellel on 150+ aastat kogemust valmistamaks parimatest saadaolevatest koostisosadest h\u00e4sti p\u00f5levaid k\u00fc\u00fcnlaid, mis ei saasta \u00f5hku ega ole tervisele ohtlikud.<\/p>\n","protected":false},"featured_media":180749,"comment_status":"closed","ping_status":"closed","template":"","meta":{"_themeisle_gutenberg_block_has_review":false},"product_cat":[18563,13451],"product_tag":[],"class_list":{"0":"post-152373","1":"product","2":"type-product","3":"status-publish","4":"has-post-thumbnail","6":"product_cat-lopumuugitooted","7":"product_cat-rustik-kuunlad","9":"first","10":"instock","11":"sale","12":"shipping-taxable","13":"purchasable","14":"product-type-simple"},"yoast_head":"<!-- This site is optimized with the Yoast SEO plugin v24.0 - https:\/\/yoast.com\/wordpress\/plugins\/seo\/ -->\n<title>K\u00fc\u00fcnal Rustik 30h d 70 x 80mm sinakas roheline<\/title>\n<meta name=\"description\" content=\"K\u00fc\u00fcnal Rustik \u2013 k\u00e4sitsi valmistatud k\u00fc\u00fcnal, mille taht ei ulatu p\u00f5hjani. Ei tilgu ja kustub enne t\u00e4ielikku p\u00f5lemist.\" \/>\n<meta name=\"robots\" content=\"index, follow, max-snippet:-1, max-image-preview:large, max-video-preview:-1\" \/>\n<link rel=\"canonical\" href=\"https:\/\/horticom.ee\/e-pood\/toode\/kuunal-rustik-70-x-80mm-30h-sinakas-roheline\/\" \/>\n<meta property=\"og:locale\" content=\"et_EE\" \/>\n<meta property=\"og:type\" content=\"article\" \/>\n<meta property=\"og:title\" content=\"K\u00fc\u00fcnal Rustik 30h d 70 x 80mm sinakas roheline\" \/>\n<meta property=\"og:description\" content=\"K\u00fc\u00fcnal Rustik \u2013 k\u00e4sitsi valmistatud k\u00fc\u00fcnal, mille taht ei ulatu p\u00f5hjani. Ei tilgu ja kustub enne t\u00e4ielikku p\u00f5lemist.\" \/>\n<meta property=\"og:url\" content=\"https:\/\/horticom.ee\/e-pood\/toode\/kuunal-rustik-70-x-80mm-30h-sinakas-roheline\/\" \/>\n<meta property=\"og:site_name\" content=\"Horticom.ee\" \/>\n<meta property=\"article:publisher\" content=\"https:\/\/www.facebook.com\/horticom.ee\/e-pood\" \/>\n<meta property=\"article:modified_time\" content=\"2026-04-12T00:01:13+00:00\" \/>\n<meta property=\"og:image\" content=\"https:\/\/horticom.ee\/e-pood\/wp-content\/uploads\/importedmedia\/product-152373_0-690195_191.jpg\" \/>\n\t<meta property=\"og:image:width\" content=\"999\" \/>\n\t<meta property=\"og:image:height\" content=\"1250\" \/>\n\t<meta property=\"og:image:type\" content=\"image\/jpeg\" \/>\n<meta name=\"twitter:card\" content=\"summary_large_image\" \/>\n<script type=\"application\/ld+json\" class=\"yoast-schema-graph\">{\"@context\":\"https:\/\/schema.org\",\"@graph\":[{\"@type\":\"WebPage\",\"@id\":\"https:\/\/horticom.ee\/e-pood\/toode\/kuunal-rustik-70-x-80mm-30h-sinakas-roheline\/\",\"url\":\"https:\/\/horticom.ee\/e-pood\/toode\/kuunal-rustik-70-x-80mm-30h-sinakas-roheline\/\",\"name\":\"K\u00fc\u00fcnal Rustik 30h d 70 x 80mm sinakas roheline\",\"isPartOf\":{\"@id\":\"https:\/\/horticom.ee\/e-pood\/#website\"},\"primaryImageOfPage\":{\"@id\":\"https:\/\/horticom.ee\/e-pood\/toode\/kuunal-rustik-70-x-80mm-30h-sinakas-roheline\/#primaryimage\"},\"image\":{\"@id\":\"https:\/\/horticom.ee\/e-pood\/toode\/kuunal-rustik-70-x-80mm-30h-sinakas-roheline\/#primaryimage\"},\"thumbnailUrl\":\"https:\/\/horticom.ee\/e-pood\/wp-content\/uploads\/importedmedia\/product-152373_0-690195_191.jpg\",\"datePublished\":\"2022-01-17T13:55:56+00:00\",\"dateModified\":\"2026-04-12T00:01:13+00:00\",\"description\":\"K\u00fc\u00fcnal Rustik \u2013 k\u00e4sitsi valmistatud k\u00fc\u00fcnal, mille taht ei ulatu p\u00f5hjani. Ei tilgu ja kustub enne t\u00e4ielikku p\u00f5lemist.\",\"breadcrumb\":{\"@id\":\"https:\/\/horticom.ee\/e-pood\/toode\/kuunal-rustik-70-x-80mm-30h-sinakas-roheline\/#breadcrumb\"},\"inLanguage\":\"et\",\"potentialAction\":[{\"@type\":\"ReadAction\",\"target\":[\"https:\/\/horticom.ee\/e-pood\/toode\/kuunal-rustik-70-x-80mm-30h-sinakas-roheline\/\"]}]},{\"@type\":\"ImageObject\",\"inLanguage\":\"et\",\"@id\":\"https:\/\/horticom.ee\/e-pood\/toode\/kuunal-rustik-70-x-80mm-30h-sinakas-roheline\/#primaryimage\",\"url\":\"https:\/\/horticom.ee\/e-pood\/wp-content\/uploads\/importedmedia\/product-152373_0-690195_191.jpg\",\"contentUrl\":\"https:\/\/horticom.ee\/e-pood\/wp-content\/uploads\/importedmedia\/product-152373_0-690195_191.jpg\",\"width\":999,\"height\":1250,\"caption\":\"K\u00fc\u00fcnal Rustik 30h d 70 x 80mm sinakas roheline\"},{\"@type\":\"BreadcrumbList\",\"@id\":\"https:\/\/horticom.ee\/e-pood\/toode\/kuunal-rustik-70-x-80mm-30h-sinakas-roheline\/#breadcrumb\",\"itemListElement\":[{\"@type\":\"ListItem\",\"position\":1,\"name\":\"Home\",\"item\":\"https:\/\/horticom.ee\/e-pood\/\"},{\"@type\":\"ListItem\",\"position\":2,\"name\":\"Pood\",\"item\":\"https:\/\/horticom.ee\/e-pood\/pood\/\"},{\"@type\":\"ListItem\",\"position\":3,\"name\":\"K\u00fc\u00fcnal Rustik 30h d 70 x 80mm sinakas roheline\"}]},{\"@type\":\"WebSite\",\"@id\":\"https:\/\/horticom.ee\/e-pood\/#website\",\"url\":\"https:\/\/horticom.ee\/e-pood\/\",\"name\":\"Horticom.ee\",\"description\":\"Aianduskaubad ja kodukaubad nii harrastajatele kui professionaalidele\",\"potentialAction\":[{\"@type\":\"SearchAction\",\"target\":{\"@type\":\"EntryPoint\",\"urlTemplate\":\"https:\/\/horticom.ee\/e-pood\/?s={search_term_string}\"},\"query-input\":{\"@type\":\"PropertyValueSpecification\",\"valueRequired\":true,\"valueName\":\"search_term_string\"}}],\"inLanguage\":\"et\"}]}<\/script>\n<!-- \/ Yoast SEO plugin. -->","yoast_head_json":{"title":"K\u00fc\u00fcnal Rustik 30h d 70 x 80mm sinakas roheline","description":"K\u00fc\u00fcnal Rustik \u2013 k\u00e4sitsi valmistatud k\u00fc\u00fcnal, mille taht ei ulatu p\u00f5hjani. Ei tilgu ja kustub enne t\u00e4ielikku p\u00f5lemist.","robots":{"index":"index","follow":"follow","max-snippet":"max-snippet:-1","max-image-preview":"max-image-preview:large","max-video-preview":"max-video-preview:-1"},"canonical":"https:\/\/horticom.ee\/e-pood\/toode\/kuunal-rustik-70-x-80mm-30h-sinakas-roheline\/","og_locale":"et_EE","og_type":"article","og_title":"K\u00fc\u00fcnal Rustik 30h d 70 x 80mm sinakas roheline","og_description":"K\u00fc\u00fcnal Rustik \u2013 k\u00e4sitsi valmistatud k\u00fc\u00fcnal, mille taht ei ulatu p\u00f5hjani. Ei tilgu ja kustub enne t\u00e4ielikku p\u00f5lemist.","og_url":"https:\/\/horticom.ee\/e-pood\/toode\/kuunal-rustik-70-x-80mm-30h-sinakas-roheline\/","og_site_name":"Horticom.ee","article_publisher":"https:\/\/www.facebook.com\/horticom.ee\/e-pood","article_modified_time":"2026-04-12T00:01:13+00:00","og_image":[{"width":999,"height":1250,"url":"https:\/\/horticom.ee\/e-pood\/wp-content\/uploads\/importedmedia\/product-152373_0-690195_191.jpg","type":"image\/jpeg"}],"twitter_card":"summary_large_image","schema":{"@context":"https:\/\/schema.org","@graph":[{"@type":"WebPage","@id":"https:\/\/horticom.ee\/e-pood\/toode\/kuunal-rustik-70-x-80mm-30h-sinakas-roheline\/","url":"https:\/\/horticom.ee\/e-pood\/toode\/kuunal-rustik-70-x-80mm-30h-sinakas-roheline\/","name":"K\u00fc\u00fcnal Rustik 30h d 70 x 80mm sinakas roheline","isPartOf":{"@id":"https:\/\/horticom.ee\/e-pood\/#website"},"primaryImageOfPage":{"@id":"https:\/\/horticom.ee\/e-pood\/toode\/kuunal-rustik-70-x-80mm-30h-sinakas-roheline\/#primaryimage"},"image":{"@id":"https:\/\/horticom.ee\/e-pood\/toode\/kuunal-rustik-70-x-80mm-30h-sinakas-roheline\/#primaryimage"},"thumbnailUrl":"https:\/\/horticom.ee\/e-pood\/wp-content\/uploads\/importedmedia\/product-152373_0-690195_191.jpg","datePublished":"2022-01-17T13:55:56+00:00","dateModified":"2026-04-12T00:01:13+00:00","description":"K\u00fc\u00fcnal Rustik \u2013 k\u00e4sitsi valmistatud k\u00fc\u00fcnal, mille taht ei ulatu p\u00f5hjani. Ei tilgu ja kustub enne t\u00e4ielikku p\u00f5lemist.","breadcrumb":{"@id":"https:\/\/horticom.ee\/e-pood\/toode\/kuunal-rustik-70-x-80mm-30h-sinakas-roheline\/#breadcrumb"},"inLanguage":"et","potentialAction":[{"@type":"ReadAction","target":["https:\/\/horticom.ee\/e-pood\/toode\/kuunal-rustik-70-x-80mm-30h-sinakas-roheline\/"]}]},{"@type":"ImageObject","inLanguage":"et","@id":"https:\/\/horticom.ee\/e-pood\/toode\/kuunal-rustik-70-x-80mm-30h-sinakas-roheline\/#primaryimage","url":"https:\/\/horticom.ee\/e-pood\/wp-content\/uploads\/importedmedia\/product-152373_0-690195_191.jpg","contentUrl":"https:\/\/horticom.ee\/e-pood\/wp-content\/uploads\/importedmedia\/product-152373_0-690195_191.jpg","width":999,"height":1250,"caption":"K\u00fc\u00fcnal Rustik 30h d 70 x 80mm sinakas roheline"},{"@type":"BreadcrumbList","@id":"https:\/\/horticom.ee\/e-pood\/toode\/kuunal-rustik-70-x-80mm-30h-sinakas-roheline\/#breadcrumb","itemListElement":[{"@type":"ListItem","position":1,"name":"Home","item":"https:\/\/horticom.ee\/e-pood\/"},{"@type":"ListItem","position":2,"name":"Pood","item":"https:\/\/horticom.ee\/e-pood\/pood\/"},{"@type":"ListItem","position":3,"name":"K\u00fc\u00fcnal Rustik 30h d 70 x 80mm sinakas roheline"}]},{"@type":"WebSite","@id":"https:\/\/horticom.ee\/e-pood\/#website","url":"https:\/\/horticom.ee\/e-pood\/","name":"Horticom.ee","description":"Aianduskaubad ja kodukaubad nii harrastajatele kui professionaalidele","potentialAction":[{"@type":"SearchAction","target":{"@type":"EntryPoint","urlTemplate":"https:\/\/horticom.ee\/e-pood\/?s={search_term_string}"},"query-input":{"@type":"PropertyValueSpecification","valueRequired":true,"valueName":"search_term_string"}}],"inLanguage":"et"}]}},"_links":{"self":[{"href":"https:\/\/horticom.ee\/e-pood\/wp-json\/wp\/v2\/product\/152373","targetHints":{"allow":["GET"]}}],"collection":[{"href":"https:\/\/horticom.ee\/e-pood\/wp-json\/wp\/v2\/product"}],"about":[{"href":"https:\/\/horticom.ee\/e-pood\/wp-json\/wp\/v2\/types\/product"}],"replies":[{"embeddable":true,"href":"https:\/\/horticom.ee\/e-pood\/wp-json\/wp\/v2\/comments?post=152373"}],"wp:featuredmedia":[{"embeddable":true,"href":"https:\/\/horticom.ee\/e-pood\/wp-json\/wp\/v2\/media\/180749"}],"wp:attachment":[{"href":"https:\/\/horticom.ee\/e-pood\/wp-json\/wp\/v2\/media?parent=152373"}],"wp:term":[{"taxonomy":"product_cat","embeddable":true,"href":"https:\/\/horticom.ee\/e-pood\/wp-json\/wp\/v2\/product_cat?post=152373"},{"taxonomy":"product_tag","embeddable":true,"href":"https:\/\/horticom.ee\/e-pood\/wp-json\/wp\/v2\/product_tag?post=152373"}],"curies":[{"name":"wp","href":"https:\/\/api.w.org\/{rel}","templated":true}]}}