{"id":152456,"date":"2022-01-17T15:56:39","date_gmt":"2022-01-17T13:56:39","guid":{"rendered":"https:\/\/aednik24.ee\/toode\/hiireloks-detia-2tk-pakis\/"},"modified":"2025-11-18T13:00:43","modified_gmt":"2025-11-18T11:00:43","slug":"hiireloks-detia-2tk-pakis","status":"publish","type":"product","link":"https:\/\/horticom.ee\/e-pood\/toode\/hiireloks-detia-2tk-pakis\/","title":{"rendered":"Hiirel\u00f5ks Detia 2tk\/pakis"},"content":{"rendered":"<p>Lihtne ja traditsiooniline puitl\u00f5ks.<\/p>\n","protected":false},"excerpt":{"rendered":"<p>Lihtne ja traditsiooniline puitl\u00f5ks.<\/p>\n","protected":false},"featured_media":179795,"comment_status":"closed","ping_status":"closed","template":"","meta":{"_themeisle_gutenberg_block_has_review":false},"product_cat":[13604],"product_tag":[],"class_list":{"0":"post-152456","1":"product","2":"type-product","3":"status-publish","4":"has-post-thumbnail","6":"product_cat-hiired-ja-rotid","8":"first","9":"outofstock","10":"shipping-taxable","11":"purchasable","12":"product-type-simple"},"yoast_head":"<!-- This site is optimized with the Yoast SEO plugin v24.0 - https:\/\/yoast.com\/wordpress\/plugins\/seo\/ -->\n<title>Hiirel\u00f5ks Detia 2tk\/pakis - Horticom.ee\/e-pood<\/title>\n<meta name=\"description\" content=\"Efektiivne hiirel\u00f5ks kahjurite p\u00fc\u00fcdmiseks. Komplektis kaks l\u00f5ksu, lihtne kasutada ning pakub kiiret ja t\u00f5husat lahendust hiireprobleemidele.\" \/>\n<meta name=\"robots\" content=\"index, follow, max-snippet:-1, max-image-preview:large, max-video-preview:-1\" \/>\n<link rel=\"canonical\" href=\"https:\/\/horticom.ee\/e-pood\/toode\/hiireloks-detia-2tk-pakis\/\" \/>\n<meta property=\"og:locale\" content=\"et_EE\" \/>\n<meta property=\"og:type\" content=\"article\" \/>\n<meta property=\"og:title\" content=\"Hiirel\u00f5ks Detia 2tk\/pakis - Horticom.ee\/e-pood\" \/>\n<meta property=\"og:description\" content=\"Efektiivne hiirel\u00f5ks kahjurite p\u00fc\u00fcdmiseks. Komplektis kaks l\u00f5ksu, lihtne kasutada ning pakub kiiret ja t\u00f5husat lahendust hiireprobleemidele.\" \/>\n<meta property=\"og:url\" content=\"https:\/\/horticom.ee\/e-pood\/toode\/hiireloks-detia-2tk-pakis\/\" \/>\n<meta property=\"og:site_name\" content=\"Horticom.ee\" \/>\n<meta property=\"article:publisher\" content=\"https:\/\/www.facebook.com\/horticom.ee\/e-pood\" \/>\n<meta property=\"article:modified_time\" content=\"2025-11-18T11:00:43+00:00\" \/>\n<meta property=\"og:image\" content=\"https:\/\/horticom.ee\/e-pood\/wp-content\/uploads\/importedmedia\/product-152456_0-P0079.jpg\" \/>\n\t<meta property=\"og:image:width\" content=\"1000\" \/>\n\t<meta property=\"og:image:height\" content=\"1333\" \/>\n\t<meta property=\"og:image:type\" content=\"image\/jpeg\" \/>\n<meta name=\"twitter:card\" content=\"summary_large_image\" \/>\n<script type=\"application\/ld+json\" class=\"yoast-schema-graph\">{\"@context\":\"https:\/\/schema.org\",\"@graph\":[{\"@type\":\"WebPage\",\"@id\":\"https:\/\/horticom.ee\/e-pood\/toode\/hiireloks-detia-2tk-pakis\/\",\"url\":\"https:\/\/horticom.ee\/e-pood\/toode\/hiireloks-detia-2tk-pakis\/\",\"name\":\"Hiirel\u00f5ks Detia 2tk\/pakis - Horticom.ee\/e-pood\",\"isPartOf\":{\"@id\":\"https:\/\/horticom.ee\/e-pood\/#website\"},\"primaryImageOfPage\":{\"@id\":\"https:\/\/horticom.ee\/e-pood\/toode\/hiireloks-detia-2tk-pakis\/#primaryimage\"},\"image\":{\"@id\":\"https:\/\/horticom.ee\/e-pood\/toode\/hiireloks-detia-2tk-pakis\/#primaryimage\"},\"thumbnailUrl\":\"https:\/\/horticom.ee\/e-pood\/wp-content\/uploads\/importedmedia\/product-152456_0-P0079.jpg\",\"datePublished\":\"2022-01-17T13:56:39+00:00\",\"dateModified\":\"2025-11-18T11:00:43+00:00\",\"description\":\"Efektiivne hiirel\u00f5ks kahjurite p\u00fc\u00fcdmiseks. Komplektis kaks l\u00f5ksu, lihtne kasutada ning pakub kiiret ja t\u00f5husat lahendust hiireprobleemidele.\",\"breadcrumb\":{\"@id\":\"https:\/\/horticom.ee\/e-pood\/toode\/hiireloks-detia-2tk-pakis\/#breadcrumb\"},\"inLanguage\":\"et\",\"potentialAction\":[{\"@type\":\"ReadAction\",\"target\":[\"https:\/\/horticom.ee\/e-pood\/toode\/hiireloks-detia-2tk-pakis\/\"]}]},{\"@type\":\"ImageObject\",\"inLanguage\":\"et\",\"@id\":\"https:\/\/horticom.ee\/e-pood\/toode\/hiireloks-detia-2tk-pakis\/#primaryimage\",\"url\":\"https:\/\/horticom.ee\/e-pood\/wp-content\/uploads\/importedmedia\/product-152456_0-P0079.jpg\",\"contentUrl\":\"https:\/\/horticom.ee\/e-pood\/wp-content\/uploads\/importedmedia\/product-152456_0-P0079.jpg\",\"width\":1000,\"height\":1333,\"caption\":\"Hiirel\u00f5ks Detia 2tk\/pakis\"},{\"@type\":\"BreadcrumbList\",\"@id\":\"https:\/\/horticom.ee\/e-pood\/toode\/hiireloks-detia-2tk-pakis\/#breadcrumb\",\"itemListElement\":[{\"@type\":\"ListItem\",\"position\":1,\"name\":\"Home\",\"item\":\"https:\/\/horticom.ee\/e-pood\/\"},{\"@type\":\"ListItem\",\"position\":2,\"name\":\"Pood\",\"item\":\"https:\/\/horticom.ee\/e-pood\/pood\/\"},{\"@type\":\"ListItem\",\"position\":3,\"name\":\"Hiirel\u00f5ks Detia 2tk\/pakis\"}]},{\"@type\":\"WebSite\",\"@id\":\"https:\/\/horticom.ee\/e-pood\/#website\",\"url\":\"https:\/\/horticom.ee\/e-pood\/\",\"name\":\"Horticom.ee\",\"description\":\"Aianduskaubad ja kodukaubad nii harrastajatele kui professionaalidele\",\"potentialAction\":[{\"@type\":\"SearchAction\",\"target\":{\"@type\":\"EntryPoint\",\"urlTemplate\":\"https:\/\/horticom.ee\/e-pood\/?s={search_term_string}\"},\"query-input\":{\"@type\":\"PropertyValueSpecification\",\"valueRequired\":true,\"valueName\":\"search_term_string\"}}],\"inLanguage\":\"et\"}]}<\/script>\n<!-- \/ Yoast SEO plugin. -->","yoast_head_json":{"title":"Hiirel\u00f5ks Detia 2tk\/pakis - Horticom.ee\/e-pood","description":"Efektiivne hiirel\u00f5ks kahjurite p\u00fc\u00fcdmiseks. Komplektis kaks l\u00f5ksu, lihtne kasutada ning pakub kiiret ja t\u00f5husat lahendust hiireprobleemidele.","robots":{"index":"index","follow":"follow","max-snippet":"max-snippet:-1","max-image-preview":"max-image-preview:large","max-video-preview":"max-video-preview:-1"},"canonical":"https:\/\/horticom.ee\/e-pood\/toode\/hiireloks-detia-2tk-pakis\/","og_locale":"et_EE","og_type":"article","og_title":"Hiirel\u00f5ks Detia 2tk\/pakis - Horticom.ee\/e-pood","og_description":"Efektiivne hiirel\u00f5ks kahjurite p\u00fc\u00fcdmiseks. Komplektis kaks l\u00f5ksu, lihtne kasutada ning pakub kiiret ja t\u00f5husat lahendust hiireprobleemidele.","og_url":"https:\/\/horticom.ee\/e-pood\/toode\/hiireloks-detia-2tk-pakis\/","og_site_name":"Horticom.ee","article_publisher":"https:\/\/www.facebook.com\/horticom.ee\/e-pood","article_modified_time":"2025-11-18T11:00:43+00:00","og_image":[{"width":1000,"height":1333,"url":"https:\/\/horticom.ee\/e-pood\/wp-content\/uploads\/importedmedia\/product-152456_0-P0079.jpg","type":"image\/jpeg"}],"twitter_card":"summary_large_image","schema":{"@context":"https:\/\/schema.org","@graph":[{"@type":"WebPage","@id":"https:\/\/horticom.ee\/e-pood\/toode\/hiireloks-detia-2tk-pakis\/","url":"https:\/\/horticom.ee\/e-pood\/toode\/hiireloks-detia-2tk-pakis\/","name":"Hiirel\u00f5ks Detia 2tk\/pakis - Horticom.ee\/e-pood","isPartOf":{"@id":"https:\/\/horticom.ee\/e-pood\/#website"},"primaryImageOfPage":{"@id":"https:\/\/horticom.ee\/e-pood\/toode\/hiireloks-detia-2tk-pakis\/#primaryimage"},"image":{"@id":"https:\/\/horticom.ee\/e-pood\/toode\/hiireloks-detia-2tk-pakis\/#primaryimage"},"thumbnailUrl":"https:\/\/horticom.ee\/e-pood\/wp-content\/uploads\/importedmedia\/product-152456_0-P0079.jpg","datePublished":"2022-01-17T13:56:39+00:00","dateModified":"2025-11-18T11:00:43+00:00","description":"Efektiivne hiirel\u00f5ks kahjurite p\u00fc\u00fcdmiseks. Komplektis kaks l\u00f5ksu, lihtne kasutada ning pakub kiiret ja t\u00f5husat lahendust hiireprobleemidele.","breadcrumb":{"@id":"https:\/\/horticom.ee\/e-pood\/toode\/hiireloks-detia-2tk-pakis\/#breadcrumb"},"inLanguage":"et","potentialAction":[{"@type":"ReadAction","target":["https:\/\/horticom.ee\/e-pood\/toode\/hiireloks-detia-2tk-pakis\/"]}]},{"@type":"ImageObject","inLanguage":"et","@id":"https:\/\/horticom.ee\/e-pood\/toode\/hiireloks-detia-2tk-pakis\/#primaryimage","url":"https:\/\/horticom.ee\/e-pood\/wp-content\/uploads\/importedmedia\/product-152456_0-P0079.jpg","contentUrl":"https:\/\/horticom.ee\/e-pood\/wp-content\/uploads\/importedmedia\/product-152456_0-P0079.jpg","width":1000,"height":1333,"caption":"Hiirel\u00f5ks Detia 2tk\/pakis"},{"@type":"BreadcrumbList","@id":"https:\/\/horticom.ee\/e-pood\/toode\/hiireloks-detia-2tk-pakis\/#breadcrumb","itemListElement":[{"@type":"ListItem","position":1,"name":"Home","item":"https:\/\/horticom.ee\/e-pood\/"},{"@type":"ListItem","position":2,"name":"Pood","item":"https:\/\/horticom.ee\/e-pood\/pood\/"},{"@type":"ListItem","position":3,"name":"Hiirel\u00f5ks Detia 2tk\/pakis"}]},{"@type":"WebSite","@id":"https:\/\/horticom.ee\/e-pood\/#website","url":"https:\/\/horticom.ee\/e-pood\/","name":"Horticom.ee","description":"Aianduskaubad ja kodukaubad nii harrastajatele kui professionaalidele","potentialAction":[{"@type":"SearchAction","target":{"@type":"EntryPoint","urlTemplate":"https:\/\/horticom.ee\/e-pood\/?s={search_term_string}"},"query-input":{"@type":"PropertyValueSpecification","valueRequired":true,"valueName":"search_term_string"}}],"inLanguage":"et"}]}},"_links":{"self":[{"href":"https:\/\/horticom.ee\/e-pood\/wp-json\/wp\/v2\/product\/152456","targetHints":{"allow":["GET"]}}],"collection":[{"href":"https:\/\/horticom.ee\/e-pood\/wp-json\/wp\/v2\/product"}],"about":[{"href":"https:\/\/horticom.ee\/e-pood\/wp-json\/wp\/v2\/types\/product"}],"replies":[{"embeddable":true,"href":"https:\/\/horticom.ee\/e-pood\/wp-json\/wp\/v2\/comments?post=152456"}],"wp:featuredmedia":[{"embeddable":true,"href":"https:\/\/horticom.ee\/e-pood\/wp-json\/wp\/v2\/media\/179795"}],"wp:attachment":[{"href":"https:\/\/horticom.ee\/e-pood\/wp-json\/wp\/v2\/media?parent=152456"}],"wp:term":[{"taxonomy":"product_cat","embeddable":true,"href":"https:\/\/horticom.ee\/e-pood\/wp-json\/wp\/v2\/product_cat?post=152456"},{"taxonomy":"product_tag","embeddable":true,"href":"https:\/\/horticom.ee\/e-pood\/wp-json\/wp\/v2\/product_tag?post=152456"}],"curies":[{"name":"wp","href":"https:\/\/api.w.org\/{rel}","templated":true}]}}