{"id":152478,"date":"2022-01-17T15:56:50","date_gmt":"2022-01-17T13:56:50","guid":{"rendered":"https:\/\/aednik24.ee\/toode\/hiireliim-norat-135g\/"},"modified":"2026-04-30T03:03:38","modified_gmt":"2026-04-30T00:03:38","slug":"hiireliim-norat-135g","status":"publish","type":"product","link":"https:\/\/horticom.ee\/e-pood\/toode\/hiireliim-norat-135g\/","title":{"rendered":"Hiireliim NoRat 135g"},"content":{"rendered":"<p>V\u00e4ga \u00f6konoomne ja praktiline toode. Kasutatav k\u00f5ikjal, kus n\u00e4riliste m\u00fcrkide kasutamine on keelatud. Toode on sobilik ka putukate, nt sipelgate, prussakate, p\u00fc\u00fcdmiseks. Lisaks sellele v\u00f5ib puut\u00fcve \u00fcmber t\u00f5mmata toidukile ja sellele kanda liim, mis annab t\u00e4iendava kaitse maapinnalt puule ronivate putukate vastu. Toode on kiiresti ja kergesti k\u00e4sitletav. Vahend on l\u00f5hnatu, v\u00e4rvitu ning ei karda niiskust ega vett, isegi ei kuiva aja jooksul.<\/p>\n","protected":false},"excerpt":{"rendered":"<p>V\u00e4ga \u00f6konoomne ja praktiline toode. Kasutatav k\u00f5ikjal, kus n\u00e4riliste m\u00fcrkide kasutamine on keelatud. Toode on sobilik ka putukate, nt sipelgate, prussakate, p\u00fc\u00fcdmiseks. Lisaks sellele v\u00f5ib puut\u00fcve \u00fcmber t\u00f5mmata toidukile ja sellele kanda liim, mis annab t\u00e4iendava kaitse maapinnalt puule ronivate putukate vastu. Toode on kiiresti ja kergesti k\u00e4sitletav. Vahend on l\u00f5hnatu, v\u00e4rvitu ning ei karda [&hellip;]<\/p>\n","protected":false},"featured_media":179729,"comment_status":"closed","ping_status":"closed","template":"","meta":{"_themeisle_gutenberg_block_has_review":false},"product_cat":[13604],"product_tag":[],"class_list":{"0":"post-152478","1":"product","2":"type-product","3":"status-publish","4":"has-post-thumbnail","6":"product_cat-hiired-ja-rotid","8":"first","9":"instock","10":"shipping-taxable","11":"purchasable","12":"product-type-simple"},"yoast_head":"<!-- This site is optimized with the Yoast SEO plugin v24.0 - https:\/\/yoast.com\/wordpress\/plugins\/seo\/ -->\n<title>Hiireliim NoRat 135g - Horticom.ee\/e-pood<\/title>\n<meta name=\"description\" content=\"Hiireliim NoRat \u2013 Efektiivne ja \u00f6konoomne lahendus n\u00e4rilistele ja putukatele. L\u00f5hnatu ja niiskuskindel, kasutatav ka puude kaitseks putukate eest.\" \/>\n<meta name=\"robots\" content=\"index, follow, max-snippet:-1, max-image-preview:large, max-video-preview:-1\" \/>\n<link rel=\"canonical\" href=\"https:\/\/horticom.ee\/e-pood\/toode\/hiireliim-norat-135g\/\" \/>\n<meta property=\"og:locale\" content=\"et_EE\" \/>\n<meta property=\"og:type\" content=\"article\" \/>\n<meta property=\"og:title\" content=\"Hiireliim NoRat 135g - Horticom.ee\/e-pood\" \/>\n<meta property=\"og:description\" content=\"Hiireliim NoRat \u2013 Efektiivne ja \u00f6konoomne lahendus n\u00e4rilistele ja putukatele. L\u00f5hnatu ja niiskuskindel, kasutatav ka puude kaitseks putukate eest.\" \/>\n<meta property=\"og:url\" content=\"https:\/\/horticom.ee\/e-pood\/toode\/hiireliim-norat-135g\/\" \/>\n<meta property=\"og:site_name\" content=\"Horticom.ee\" \/>\n<meta property=\"article:publisher\" content=\"https:\/\/www.facebook.com\/horticom.ee\/e-pood\" \/>\n<meta property=\"article:modified_time\" content=\"2026-04-30T00:03:38+00:00\" \/>\n<meta property=\"og:image\" content=\"https:\/\/horticom.ee\/e-pood\/wp-content\/uploads\/importedmedia\/product-152478_0-P0090.jpg\" \/>\n\t<meta property=\"og:image:width\" content=\"998\" \/>\n\t<meta property=\"og:image:height\" content=\"517\" \/>\n\t<meta property=\"og:image:type\" content=\"image\/jpeg\" \/>\n<meta name=\"twitter:card\" content=\"summary_large_image\" \/>\n<script type=\"application\/ld+json\" class=\"yoast-schema-graph\">{\"@context\":\"https:\/\/schema.org\",\"@graph\":[{\"@type\":\"WebPage\",\"@id\":\"https:\/\/horticom.ee\/e-pood\/toode\/hiireliim-norat-135g\/\",\"url\":\"https:\/\/horticom.ee\/e-pood\/toode\/hiireliim-norat-135g\/\",\"name\":\"Hiireliim NoRat 135g - Horticom.ee\/e-pood\",\"isPartOf\":{\"@id\":\"https:\/\/horticom.ee\/e-pood\/#website\"},\"primaryImageOfPage\":{\"@id\":\"https:\/\/horticom.ee\/e-pood\/toode\/hiireliim-norat-135g\/#primaryimage\"},\"image\":{\"@id\":\"https:\/\/horticom.ee\/e-pood\/toode\/hiireliim-norat-135g\/#primaryimage\"},\"thumbnailUrl\":\"https:\/\/horticom.ee\/e-pood\/wp-content\/uploads\/importedmedia\/product-152478_0-P0090.jpg\",\"datePublished\":\"2022-01-17T13:56:50+00:00\",\"dateModified\":\"2026-04-30T00:03:38+00:00\",\"description\":\"Hiireliim NoRat \u2013 Efektiivne ja \u00f6konoomne lahendus n\u00e4rilistele ja putukatele. L\u00f5hnatu ja niiskuskindel, kasutatav ka puude kaitseks putukate eest.\",\"breadcrumb\":{\"@id\":\"https:\/\/horticom.ee\/e-pood\/toode\/hiireliim-norat-135g\/#breadcrumb\"},\"inLanguage\":\"et\",\"potentialAction\":[{\"@type\":\"ReadAction\",\"target\":[\"https:\/\/horticom.ee\/e-pood\/toode\/hiireliim-norat-135g\/\"]}]},{\"@type\":\"ImageObject\",\"inLanguage\":\"et\",\"@id\":\"https:\/\/horticom.ee\/e-pood\/toode\/hiireliim-norat-135g\/#primaryimage\",\"url\":\"https:\/\/horticom.ee\/e-pood\/wp-content\/uploads\/importedmedia\/product-152478_0-P0090.jpg\",\"contentUrl\":\"https:\/\/horticom.ee\/e-pood\/wp-content\/uploads\/importedmedia\/product-152478_0-P0090.jpg\",\"width\":998,\"height\":517,\"caption\":\"Hiireliim NoRat 135g\"},{\"@type\":\"BreadcrumbList\",\"@id\":\"https:\/\/horticom.ee\/e-pood\/toode\/hiireliim-norat-135g\/#breadcrumb\",\"itemListElement\":[{\"@type\":\"ListItem\",\"position\":1,\"name\":\"Home\",\"item\":\"https:\/\/horticom.ee\/e-pood\/\"},{\"@type\":\"ListItem\",\"position\":2,\"name\":\"Pood\",\"item\":\"https:\/\/horticom.ee\/e-pood\/pood\/\"},{\"@type\":\"ListItem\",\"position\":3,\"name\":\"Hiireliim NoRat 135g\"}]},{\"@type\":\"WebSite\",\"@id\":\"https:\/\/horticom.ee\/e-pood\/#website\",\"url\":\"https:\/\/horticom.ee\/e-pood\/\",\"name\":\"Horticom.ee\",\"description\":\"Aianduskaubad ja kodukaubad nii harrastajatele kui professionaalidele\",\"potentialAction\":[{\"@type\":\"SearchAction\",\"target\":{\"@type\":\"EntryPoint\",\"urlTemplate\":\"https:\/\/horticom.ee\/e-pood\/?s={search_term_string}\"},\"query-input\":{\"@type\":\"PropertyValueSpecification\",\"valueRequired\":true,\"valueName\":\"search_term_string\"}}],\"inLanguage\":\"et\"}]}<\/script>\n<!-- \/ Yoast SEO plugin. -->","yoast_head_json":{"title":"Hiireliim NoRat 135g - Horticom.ee\/e-pood","description":"Hiireliim NoRat \u2013 Efektiivne ja \u00f6konoomne lahendus n\u00e4rilistele ja putukatele. L\u00f5hnatu ja niiskuskindel, kasutatav ka puude kaitseks putukate eest.","robots":{"index":"index","follow":"follow","max-snippet":"max-snippet:-1","max-image-preview":"max-image-preview:large","max-video-preview":"max-video-preview:-1"},"canonical":"https:\/\/horticom.ee\/e-pood\/toode\/hiireliim-norat-135g\/","og_locale":"et_EE","og_type":"article","og_title":"Hiireliim NoRat 135g - Horticom.ee\/e-pood","og_description":"Hiireliim NoRat \u2013 Efektiivne ja \u00f6konoomne lahendus n\u00e4rilistele ja putukatele. L\u00f5hnatu ja niiskuskindel, kasutatav ka puude kaitseks putukate eest.","og_url":"https:\/\/horticom.ee\/e-pood\/toode\/hiireliim-norat-135g\/","og_site_name":"Horticom.ee","article_publisher":"https:\/\/www.facebook.com\/horticom.ee\/e-pood","article_modified_time":"2026-04-30T00:03:38+00:00","og_image":[{"width":998,"height":517,"url":"https:\/\/horticom.ee\/e-pood\/wp-content\/uploads\/importedmedia\/product-152478_0-P0090.jpg","type":"image\/jpeg"}],"twitter_card":"summary_large_image","schema":{"@context":"https:\/\/schema.org","@graph":[{"@type":"WebPage","@id":"https:\/\/horticom.ee\/e-pood\/toode\/hiireliim-norat-135g\/","url":"https:\/\/horticom.ee\/e-pood\/toode\/hiireliim-norat-135g\/","name":"Hiireliim NoRat 135g - Horticom.ee\/e-pood","isPartOf":{"@id":"https:\/\/horticom.ee\/e-pood\/#website"},"primaryImageOfPage":{"@id":"https:\/\/horticom.ee\/e-pood\/toode\/hiireliim-norat-135g\/#primaryimage"},"image":{"@id":"https:\/\/horticom.ee\/e-pood\/toode\/hiireliim-norat-135g\/#primaryimage"},"thumbnailUrl":"https:\/\/horticom.ee\/e-pood\/wp-content\/uploads\/importedmedia\/product-152478_0-P0090.jpg","datePublished":"2022-01-17T13:56:50+00:00","dateModified":"2026-04-30T00:03:38+00:00","description":"Hiireliim NoRat \u2013 Efektiivne ja \u00f6konoomne lahendus n\u00e4rilistele ja putukatele. L\u00f5hnatu ja niiskuskindel, kasutatav ka puude kaitseks putukate eest.","breadcrumb":{"@id":"https:\/\/horticom.ee\/e-pood\/toode\/hiireliim-norat-135g\/#breadcrumb"},"inLanguage":"et","potentialAction":[{"@type":"ReadAction","target":["https:\/\/horticom.ee\/e-pood\/toode\/hiireliim-norat-135g\/"]}]},{"@type":"ImageObject","inLanguage":"et","@id":"https:\/\/horticom.ee\/e-pood\/toode\/hiireliim-norat-135g\/#primaryimage","url":"https:\/\/horticom.ee\/e-pood\/wp-content\/uploads\/importedmedia\/product-152478_0-P0090.jpg","contentUrl":"https:\/\/horticom.ee\/e-pood\/wp-content\/uploads\/importedmedia\/product-152478_0-P0090.jpg","width":998,"height":517,"caption":"Hiireliim NoRat 135g"},{"@type":"BreadcrumbList","@id":"https:\/\/horticom.ee\/e-pood\/toode\/hiireliim-norat-135g\/#breadcrumb","itemListElement":[{"@type":"ListItem","position":1,"name":"Home","item":"https:\/\/horticom.ee\/e-pood\/"},{"@type":"ListItem","position":2,"name":"Pood","item":"https:\/\/horticom.ee\/e-pood\/pood\/"},{"@type":"ListItem","position":3,"name":"Hiireliim NoRat 135g"}]},{"@type":"WebSite","@id":"https:\/\/horticom.ee\/e-pood\/#website","url":"https:\/\/horticom.ee\/e-pood\/","name":"Horticom.ee","description":"Aianduskaubad ja kodukaubad nii harrastajatele kui professionaalidele","potentialAction":[{"@type":"SearchAction","target":{"@type":"EntryPoint","urlTemplate":"https:\/\/horticom.ee\/e-pood\/?s={search_term_string}"},"query-input":{"@type":"PropertyValueSpecification","valueRequired":true,"valueName":"search_term_string"}}],"inLanguage":"et"}]}},"_links":{"self":[{"href":"https:\/\/horticom.ee\/e-pood\/wp-json\/wp\/v2\/product\/152478","targetHints":{"allow":["GET"]}}],"collection":[{"href":"https:\/\/horticom.ee\/e-pood\/wp-json\/wp\/v2\/product"}],"about":[{"href":"https:\/\/horticom.ee\/e-pood\/wp-json\/wp\/v2\/types\/product"}],"replies":[{"embeddable":true,"href":"https:\/\/horticom.ee\/e-pood\/wp-json\/wp\/v2\/comments?post=152478"}],"wp:featuredmedia":[{"embeddable":true,"href":"https:\/\/horticom.ee\/e-pood\/wp-json\/wp\/v2\/media\/179729"}],"wp:attachment":[{"href":"https:\/\/horticom.ee\/e-pood\/wp-json\/wp\/v2\/media?parent=152478"}],"wp:term":[{"taxonomy":"product_cat","embeddable":true,"href":"https:\/\/horticom.ee\/e-pood\/wp-json\/wp\/v2\/product_cat?post=152478"},{"taxonomy":"product_tag","embeddable":true,"href":"https:\/\/horticom.ee\/e-pood\/wp-json\/wp\/v2\/product_tag?post=152478"}],"curies":[{"name":"wp","href":"https:\/\/api.w.org\/{rel}","templated":true}]}}