{"id":152479,"date":"2022-01-17T15:56:50","date_gmt":"2022-01-17T13:56:50","guid":{"rendered":"https:\/\/aednik24.ee\/toode\/universaalne-putuka-aerosool-biolit-uni-400ml\/"},"modified":"2026-04-20T18:14:29","modified_gmt":"2026-04-20T15:14:29","slug":"universaalne-putuka-aerosool-biolit-uni-400ml","status":"publish","type":"product","link":"https:\/\/horticom.ee\/e-pood\/toode\/universaalne-putuka-aerosool-biolit-uni-400ml\/","title":{"rendered":"Universaalne putuka aerosool Biolit Uni 400ml"},"content":{"rendered":"<p>Saab t\u00f5rjuda lendavaid putukiad nagu n\u00e4iteks s\u00e4\u00e4sed, k\u00e4rbsed, herilased ja koid. Sobib ka roomavate putukate h\u00e4vitamiseks nagu n\u00e4iteks prussakad, sipelgad, lutikad, kirbud. NB! KASUTAGE  BIOTSIIDI  OHUTULT. ENNE KASUTAMIST LUGEGE ALATI L\u00c4BI M\u00c4RGISTUS JA TEAVE TOOTE KOHTA.<\/p>\n","protected":false},"excerpt":{"rendered":"<p>Saab t\u00f5rjuda lendavaid putukiad nagu n\u00e4iteks s\u00e4\u00e4sed, k\u00e4rbsed, herilased ja koid. Sobib ka roomavate putukate h\u00e4vitamiseks nagu n\u00e4iteks prussakad, sipelgad, lutikad, kirbud. NB! KASUTAGE BIOTSIIDI OHUTULT. ENNE KASUTAMIST LUGEGE ALATI L\u00c4BI M\u00c4RGISTUS JA TEAVE TOOTE KOHTA.<\/p>\n","protected":false},"featured_media":179731,"comment_status":"closed","ping_status":"closed","template":"","meta":{"_themeisle_gutenberg_block_has_review":false},"product_cat":[13593],"product_tag":[],"class_list":{"0":"post-152479","1":"product","2":"type-product","3":"status-publish","4":"has-post-thumbnail","6":"product_cat-universaalsed-torjevahendid","8":"first","9":"instock","10":"shipping-taxable","11":"purchasable","12":"product-type-simple"},"yoast_head":"<!-- This site is optimized with the Yoast SEO plugin v24.0 - https:\/\/yoast.com\/wordpress\/plugins\/seo\/ -->\n<title>Universaalne putuka aerosool Biolit Uni 400ml - Horticom<\/title>\n<meta name=\"description\" content=\"Biolit Uni aerosool \u2013 T\u00f5hus universaalne putukat\u00f5rje, sobib lendavate ja roomavate putukate vastu. Kasutada ohutult biotsiide sisaldavaid tooteid.\" \/>\n<meta name=\"robots\" content=\"index, follow, max-snippet:-1, max-image-preview:large, max-video-preview:-1\" \/>\n<link rel=\"canonical\" href=\"https:\/\/horticom.ee\/e-pood\/toode\/universaalne-putuka-aerosool-biolit-uni-400ml\/\" \/>\n<meta property=\"og:locale\" content=\"et_EE\" \/>\n<meta property=\"og:type\" content=\"article\" \/>\n<meta property=\"og:title\" content=\"Universaalne putuka aerosool Biolit Uni 400ml - Horticom\" \/>\n<meta property=\"og:description\" content=\"Biolit Uni aerosool \u2013 T\u00f5hus universaalne putukat\u00f5rje, sobib lendavate ja roomavate putukate vastu. Kasutada ohutult biotsiide sisaldavaid tooteid.\" \/>\n<meta property=\"og:url\" content=\"https:\/\/horticom.ee\/e-pood\/toode\/universaalne-putuka-aerosool-biolit-uni-400ml\/\" \/>\n<meta property=\"og:site_name\" content=\"Horticom.ee\" \/>\n<meta property=\"article:publisher\" content=\"https:\/\/www.facebook.com\/horticom.ee\/e-pood\" \/>\n<meta property=\"article:modified_time\" content=\"2026-04-20T15:14:29+00:00\" \/>\n<meta property=\"og:image\" content=\"https:\/\/horticom.ee\/e-pood\/wp-content\/uploads\/importedmedia\/product-152479_0-P0283-scaled.jpg\" \/>\n\t<meta property=\"og:image:width\" content=\"841\" \/>\n\t<meta property=\"og:image:height\" content=\"2560\" \/>\n\t<meta property=\"og:image:type\" content=\"image\/jpeg\" \/>\n<meta name=\"twitter:card\" content=\"summary_large_image\" \/>\n<script type=\"application\/ld+json\" class=\"yoast-schema-graph\">{\"@context\":\"https:\/\/schema.org\",\"@graph\":[{\"@type\":\"WebPage\",\"@id\":\"https:\/\/horticom.ee\/e-pood\/toode\/universaalne-putuka-aerosool-biolit-uni-400ml\/\",\"url\":\"https:\/\/horticom.ee\/e-pood\/toode\/universaalne-putuka-aerosool-biolit-uni-400ml\/\",\"name\":\"Universaalne putuka aerosool Biolit Uni 400ml - Horticom\",\"isPartOf\":{\"@id\":\"https:\/\/horticom.ee\/e-pood\/#website\"},\"primaryImageOfPage\":{\"@id\":\"https:\/\/horticom.ee\/e-pood\/toode\/universaalne-putuka-aerosool-biolit-uni-400ml\/#primaryimage\"},\"image\":{\"@id\":\"https:\/\/horticom.ee\/e-pood\/toode\/universaalne-putuka-aerosool-biolit-uni-400ml\/#primaryimage\"},\"thumbnailUrl\":\"https:\/\/horticom.ee\/e-pood\/wp-content\/uploads\/importedmedia\/product-152479_0-P0283-scaled.jpg\",\"datePublished\":\"2022-01-17T13:56:50+00:00\",\"dateModified\":\"2026-04-20T15:14:29+00:00\",\"description\":\"Biolit Uni aerosool \u2013 T\u00f5hus universaalne putukat\u00f5rje, sobib lendavate ja roomavate putukate vastu. Kasutada ohutult biotsiide sisaldavaid tooteid.\",\"breadcrumb\":{\"@id\":\"https:\/\/horticom.ee\/e-pood\/toode\/universaalne-putuka-aerosool-biolit-uni-400ml\/#breadcrumb\"},\"inLanguage\":\"et\",\"potentialAction\":[{\"@type\":\"ReadAction\",\"target\":[\"https:\/\/horticom.ee\/e-pood\/toode\/universaalne-putuka-aerosool-biolit-uni-400ml\/\"]}]},{\"@type\":\"ImageObject\",\"inLanguage\":\"et\",\"@id\":\"https:\/\/horticom.ee\/e-pood\/toode\/universaalne-putuka-aerosool-biolit-uni-400ml\/#primaryimage\",\"url\":\"https:\/\/horticom.ee\/e-pood\/wp-content\/uploads\/importedmedia\/product-152479_0-P0283-scaled.jpg\",\"contentUrl\":\"https:\/\/horticom.ee\/e-pood\/wp-content\/uploads\/importedmedia\/product-152479_0-P0283-scaled.jpg\",\"width\":841,\"height\":2560,\"caption\":\"Universaalne putuka aerosool Biolit Uni 400ml\"},{\"@type\":\"BreadcrumbList\",\"@id\":\"https:\/\/horticom.ee\/e-pood\/toode\/universaalne-putuka-aerosool-biolit-uni-400ml\/#breadcrumb\",\"itemListElement\":[{\"@type\":\"ListItem\",\"position\":1,\"name\":\"Home\",\"item\":\"https:\/\/horticom.ee\/e-pood\/\"},{\"@type\":\"ListItem\",\"position\":2,\"name\":\"Pood\",\"item\":\"https:\/\/horticom.ee\/e-pood\/pood\/\"},{\"@type\":\"ListItem\",\"position\":3,\"name\":\"Universaalne putuka aerosool Biolit Uni 400ml\"}]},{\"@type\":\"WebSite\",\"@id\":\"https:\/\/horticom.ee\/e-pood\/#website\",\"url\":\"https:\/\/horticom.ee\/e-pood\/\",\"name\":\"Horticom.ee\",\"description\":\"Aianduskaubad ja kodukaubad nii harrastajatele kui professionaalidele\",\"potentialAction\":[{\"@type\":\"SearchAction\",\"target\":{\"@type\":\"EntryPoint\",\"urlTemplate\":\"https:\/\/horticom.ee\/e-pood\/?s={search_term_string}\"},\"query-input\":{\"@type\":\"PropertyValueSpecification\",\"valueRequired\":true,\"valueName\":\"search_term_string\"}}],\"inLanguage\":\"et\"}]}<\/script>\n<!-- \/ Yoast SEO plugin. -->","yoast_head_json":{"title":"Universaalne putuka aerosool Biolit Uni 400ml - Horticom","description":"Biolit Uni aerosool \u2013 T\u00f5hus universaalne putukat\u00f5rje, sobib lendavate ja roomavate putukate vastu. Kasutada ohutult biotsiide sisaldavaid tooteid.","robots":{"index":"index","follow":"follow","max-snippet":"max-snippet:-1","max-image-preview":"max-image-preview:large","max-video-preview":"max-video-preview:-1"},"canonical":"https:\/\/horticom.ee\/e-pood\/toode\/universaalne-putuka-aerosool-biolit-uni-400ml\/","og_locale":"et_EE","og_type":"article","og_title":"Universaalne putuka aerosool Biolit Uni 400ml - Horticom","og_description":"Biolit Uni aerosool \u2013 T\u00f5hus universaalne putukat\u00f5rje, sobib lendavate ja roomavate putukate vastu. Kasutada ohutult biotsiide sisaldavaid tooteid.","og_url":"https:\/\/horticom.ee\/e-pood\/toode\/universaalne-putuka-aerosool-biolit-uni-400ml\/","og_site_name":"Horticom.ee","article_publisher":"https:\/\/www.facebook.com\/horticom.ee\/e-pood","article_modified_time":"2026-04-20T15:14:29+00:00","og_image":[{"width":841,"height":2560,"url":"https:\/\/horticom.ee\/e-pood\/wp-content\/uploads\/importedmedia\/product-152479_0-P0283-scaled.jpg","type":"image\/jpeg"}],"twitter_card":"summary_large_image","schema":{"@context":"https:\/\/schema.org","@graph":[{"@type":"WebPage","@id":"https:\/\/horticom.ee\/e-pood\/toode\/universaalne-putuka-aerosool-biolit-uni-400ml\/","url":"https:\/\/horticom.ee\/e-pood\/toode\/universaalne-putuka-aerosool-biolit-uni-400ml\/","name":"Universaalne putuka aerosool Biolit Uni 400ml - Horticom","isPartOf":{"@id":"https:\/\/horticom.ee\/e-pood\/#website"},"primaryImageOfPage":{"@id":"https:\/\/horticom.ee\/e-pood\/toode\/universaalne-putuka-aerosool-biolit-uni-400ml\/#primaryimage"},"image":{"@id":"https:\/\/horticom.ee\/e-pood\/toode\/universaalne-putuka-aerosool-biolit-uni-400ml\/#primaryimage"},"thumbnailUrl":"https:\/\/horticom.ee\/e-pood\/wp-content\/uploads\/importedmedia\/product-152479_0-P0283-scaled.jpg","datePublished":"2022-01-17T13:56:50+00:00","dateModified":"2026-04-20T15:14:29+00:00","description":"Biolit Uni aerosool \u2013 T\u00f5hus universaalne putukat\u00f5rje, sobib lendavate ja roomavate putukate vastu. Kasutada ohutult biotsiide sisaldavaid tooteid.","breadcrumb":{"@id":"https:\/\/horticom.ee\/e-pood\/toode\/universaalne-putuka-aerosool-biolit-uni-400ml\/#breadcrumb"},"inLanguage":"et","potentialAction":[{"@type":"ReadAction","target":["https:\/\/horticom.ee\/e-pood\/toode\/universaalne-putuka-aerosool-biolit-uni-400ml\/"]}]},{"@type":"ImageObject","inLanguage":"et","@id":"https:\/\/horticom.ee\/e-pood\/toode\/universaalne-putuka-aerosool-biolit-uni-400ml\/#primaryimage","url":"https:\/\/horticom.ee\/e-pood\/wp-content\/uploads\/importedmedia\/product-152479_0-P0283-scaled.jpg","contentUrl":"https:\/\/horticom.ee\/e-pood\/wp-content\/uploads\/importedmedia\/product-152479_0-P0283-scaled.jpg","width":841,"height":2560,"caption":"Universaalne putuka aerosool Biolit Uni 400ml"},{"@type":"BreadcrumbList","@id":"https:\/\/horticom.ee\/e-pood\/toode\/universaalne-putuka-aerosool-biolit-uni-400ml\/#breadcrumb","itemListElement":[{"@type":"ListItem","position":1,"name":"Home","item":"https:\/\/horticom.ee\/e-pood\/"},{"@type":"ListItem","position":2,"name":"Pood","item":"https:\/\/horticom.ee\/e-pood\/pood\/"},{"@type":"ListItem","position":3,"name":"Universaalne putuka aerosool Biolit Uni 400ml"}]},{"@type":"WebSite","@id":"https:\/\/horticom.ee\/e-pood\/#website","url":"https:\/\/horticom.ee\/e-pood\/","name":"Horticom.ee","description":"Aianduskaubad ja kodukaubad nii harrastajatele kui professionaalidele","potentialAction":[{"@type":"SearchAction","target":{"@type":"EntryPoint","urlTemplate":"https:\/\/horticom.ee\/e-pood\/?s={search_term_string}"},"query-input":{"@type":"PropertyValueSpecification","valueRequired":true,"valueName":"search_term_string"}}],"inLanguage":"et"}]}},"_links":{"self":[{"href":"https:\/\/horticom.ee\/e-pood\/wp-json\/wp\/v2\/product\/152479","targetHints":{"allow":["GET"]}}],"collection":[{"href":"https:\/\/horticom.ee\/e-pood\/wp-json\/wp\/v2\/product"}],"about":[{"href":"https:\/\/horticom.ee\/e-pood\/wp-json\/wp\/v2\/types\/product"}],"replies":[{"embeddable":true,"href":"https:\/\/horticom.ee\/e-pood\/wp-json\/wp\/v2\/comments?post=152479"}],"wp:featuredmedia":[{"embeddable":true,"href":"https:\/\/horticom.ee\/e-pood\/wp-json\/wp\/v2\/media\/179731"}],"wp:attachment":[{"href":"https:\/\/horticom.ee\/e-pood\/wp-json\/wp\/v2\/media?parent=152479"}],"wp:term":[{"taxonomy":"product_cat","embeddable":true,"href":"https:\/\/horticom.ee\/e-pood\/wp-json\/wp\/v2\/product_cat?post=152479"},{"taxonomy":"product_tag","embeddable":true,"href":"https:\/\/horticom.ee\/e-pood\/wp-json\/wp\/v2\/product_tag?post=152479"}],"curies":[{"name":"wp","href":"https:\/\/api.w.org\/{rel}","templated":true}]}}