{"id":152488,"date":"2022-01-17T15:56:55","date_gmt":"2022-01-17T13:56:55","guid":{"rendered":"https:\/\/aednik24.ee\/toode\/sipelga-aerosool-biolit-plus-400ml\/"},"modified":"2026-05-13T18:09:32","modified_gmt":"2026-05-13T15:09:32","slug":"sipelga-aerosool-biolit-plus-400ml","status":"publish","type":"product","link":"https:\/\/horticom.ee\/e-pood\/toode\/sipelga-aerosool-biolit-plus-400ml\/","title":{"rendered":"Sipelga aerosool Biolit Plus 400ml"},"content":{"rendered":"<p>Sipelgatevastane kaitse toimib t\u00e4nu t\u00f5husale koostisele m\u00f5ne sekundiga, andes pikaajalise kaitse kuni 4 n\u00e4dalaks. Koostis on t\u00f5hus roomavate putukatele, nagu prussakad ja nende munad, sipelgad, \u00e4mblikud, majasoomukad, haisumardikad, toakilgid. Suunatud spreiga saab sihtida spetsiifilist roomavat putukat<\/p>\n","protected":false},"excerpt":{"rendered":"<p>Sipelgatevastane kaitse toimib t\u00e4nu t\u00f5husale koostisele m\u00f5ne sekundiga, andes pikaajalise kaitse kuni 4 n\u00e4dalaks. Koostis on t\u00f5hus roomavate putukatele, nagu prussakad ja nende munad, sipelgad, \u00e4mblikud, majasoomukad, haisumardikad, toakilgid. Suunatud spreiga saab sihtida spetsiifilist roomavat putukat<\/p>\n","protected":false},"featured_media":179699,"comment_status":"closed","ping_status":"closed","template":"","meta":{"_themeisle_gutenberg_block_has_review":false},"product_cat":[13599],"product_tag":[],"class_list":{"0":"post-152488","1":"product","2":"type-product","3":"status-publish","4":"has-post-thumbnail","6":"product_cat-sipelgad","8":"first","9":"instock","10":"shipping-taxable","11":"purchasable","12":"product-type-simple"},"yoast_head":"<!-- This site is optimized with the Yoast SEO plugin v24.0 - https:\/\/yoast.com\/wordpress\/plugins\/seo\/ -->\n<title>Sipelga aerosool Biolit Plus 400ml - Horticom.ee\/e-pood<\/title>\n<meta name=\"description\" content=\"Sipelga aerosool Biolit Plus h\u00e4vitab putukad m\u00f5ne sekundiga. H\u00e4vitab prussakad, sipelgad, \u00e4mblikud, majasoomukad, haisumardikad, toakilgid.\" \/>\n<meta name=\"robots\" content=\"index, follow, max-snippet:-1, max-image-preview:large, max-video-preview:-1\" \/>\n<link rel=\"canonical\" href=\"https:\/\/horticom.ee\/e-pood\/toode\/sipelga-aerosool-biolit-plus-400ml\/\" \/>\n<meta property=\"og:locale\" content=\"et_EE\" \/>\n<meta property=\"og:type\" content=\"article\" \/>\n<meta property=\"og:title\" content=\"Sipelga aerosool Biolit Plus 400ml - Horticom.ee\/e-pood\" \/>\n<meta property=\"og:description\" content=\"Sipelga aerosool Biolit Plus h\u00e4vitab putukad m\u00f5ne sekundiga. H\u00e4vitab prussakad, sipelgad, \u00e4mblikud, majasoomukad, haisumardikad, toakilgid.\" \/>\n<meta property=\"og:url\" content=\"https:\/\/horticom.ee\/e-pood\/toode\/sipelga-aerosool-biolit-plus-400ml\/\" \/>\n<meta property=\"og:site_name\" content=\"Horticom.ee\" \/>\n<meta property=\"article:publisher\" content=\"https:\/\/www.facebook.com\/horticom.ee\/e-pood\" \/>\n<meta property=\"article:modified_time\" content=\"2026-05-13T15:09:32+00:00\" \/>\n<meta property=\"og:image\" content=\"https:\/\/horticom.ee\/e-pood\/wp-content\/uploads\/importedmedia\/product-152488_0-P0312-scaled.jpg\" \/>\n\t<meta property=\"og:image:width\" content=\"841\" \/>\n\t<meta property=\"og:image:height\" content=\"2560\" \/>\n\t<meta property=\"og:image:type\" content=\"image\/jpeg\" \/>\n<meta name=\"twitter:card\" content=\"summary_large_image\" \/>\n<script type=\"application\/ld+json\" class=\"yoast-schema-graph\">{\"@context\":\"https:\/\/schema.org\",\"@graph\":[{\"@type\":\"WebPage\",\"@id\":\"https:\/\/horticom.ee\/e-pood\/toode\/sipelga-aerosool-biolit-plus-400ml\/\",\"url\":\"https:\/\/horticom.ee\/e-pood\/toode\/sipelga-aerosool-biolit-plus-400ml\/\",\"name\":\"Sipelga aerosool Biolit Plus 400ml - Horticom.ee\/e-pood\",\"isPartOf\":{\"@id\":\"https:\/\/horticom.ee\/e-pood\/#website\"},\"primaryImageOfPage\":{\"@id\":\"https:\/\/horticom.ee\/e-pood\/toode\/sipelga-aerosool-biolit-plus-400ml\/#primaryimage\"},\"image\":{\"@id\":\"https:\/\/horticom.ee\/e-pood\/toode\/sipelga-aerosool-biolit-plus-400ml\/#primaryimage\"},\"thumbnailUrl\":\"https:\/\/horticom.ee\/e-pood\/wp-content\/uploads\/importedmedia\/product-152488_0-P0312-scaled.jpg\",\"datePublished\":\"2022-01-17T13:56:55+00:00\",\"dateModified\":\"2026-05-13T15:09:32+00:00\",\"description\":\"Sipelga aerosool Biolit Plus h\u00e4vitab putukad m\u00f5ne sekundiga. H\u00e4vitab prussakad, sipelgad, \u00e4mblikud, majasoomukad, haisumardikad, toakilgid.\",\"breadcrumb\":{\"@id\":\"https:\/\/horticom.ee\/e-pood\/toode\/sipelga-aerosool-biolit-plus-400ml\/#breadcrumb\"},\"inLanguage\":\"et\",\"potentialAction\":[{\"@type\":\"ReadAction\",\"target\":[\"https:\/\/horticom.ee\/e-pood\/toode\/sipelga-aerosool-biolit-plus-400ml\/\"]}]},{\"@type\":\"ImageObject\",\"inLanguage\":\"et\",\"@id\":\"https:\/\/horticom.ee\/e-pood\/toode\/sipelga-aerosool-biolit-plus-400ml\/#primaryimage\",\"url\":\"https:\/\/horticom.ee\/e-pood\/wp-content\/uploads\/importedmedia\/product-152488_0-P0312-scaled.jpg\",\"contentUrl\":\"https:\/\/horticom.ee\/e-pood\/wp-content\/uploads\/importedmedia\/product-152488_0-P0312-scaled.jpg\",\"width\":841,\"height\":2560,\"caption\":\"Sipelga aerosool Biolit Plus 400ml\"},{\"@type\":\"BreadcrumbList\",\"@id\":\"https:\/\/horticom.ee\/e-pood\/toode\/sipelga-aerosool-biolit-plus-400ml\/#breadcrumb\",\"itemListElement\":[{\"@type\":\"ListItem\",\"position\":1,\"name\":\"Home\",\"item\":\"https:\/\/horticom.ee\/e-pood\/\"},{\"@type\":\"ListItem\",\"position\":2,\"name\":\"Pood\",\"item\":\"https:\/\/horticom.ee\/e-pood\/pood\/\"},{\"@type\":\"ListItem\",\"position\":3,\"name\":\"Sipelga aerosool Biolit Plus 400ml\"}]},{\"@type\":\"WebSite\",\"@id\":\"https:\/\/horticom.ee\/e-pood\/#website\",\"url\":\"https:\/\/horticom.ee\/e-pood\/\",\"name\":\"Horticom.ee\",\"description\":\"Aianduskaubad ja kodukaubad nii harrastajatele kui professionaalidele\",\"potentialAction\":[{\"@type\":\"SearchAction\",\"target\":{\"@type\":\"EntryPoint\",\"urlTemplate\":\"https:\/\/horticom.ee\/e-pood\/?s={search_term_string}\"},\"query-input\":{\"@type\":\"PropertyValueSpecification\",\"valueRequired\":true,\"valueName\":\"search_term_string\"}}],\"inLanguage\":\"et\"}]}<\/script>\n<!-- \/ Yoast SEO plugin. -->","yoast_head_json":{"title":"Sipelga aerosool Biolit Plus 400ml - Horticom.ee\/e-pood","description":"Sipelga aerosool Biolit Plus h\u00e4vitab putukad m\u00f5ne sekundiga. H\u00e4vitab prussakad, sipelgad, \u00e4mblikud, majasoomukad, haisumardikad, toakilgid.","robots":{"index":"index","follow":"follow","max-snippet":"max-snippet:-1","max-image-preview":"max-image-preview:large","max-video-preview":"max-video-preview:-1"},"canonical":"https:\/\/horticom.ee\/e-pood\/toode\/sipelga-aerosool-biolit-plus-400ml\/","og_locale":"et_EE","og_type":"article","og_title":"Sipelga aerosool Biolit Plus 400ml - Horticom.ee\/e-pood","og_description":"Sipelga aerosool Biolit Plus h\u00e4vitab putukad m\u00f5ne sekundiga. H\u00e4vitab prussakad, sipelgad, \u00e4mblikud, majasoomukad, haisumardikad, toakilgid.","og_url":"https:\/\/horticom.ee\/e-pood\/toode\/sipelga-aerosool-biolit-plus-400ml\/","og_site_name":"Horticom.ee","article_publisher":"https:\/\/www.facebook.com\/horticom.ee\/e-pood","article_modified_time":"2026-05-13T15:09:32+00:00","og_image":[{"width":841,"height":2560,"url":"https:\/\/horticom.ee\/e-pood\/wp-content\/uploads\/importedmedia\/product-152488_0-P0312-scaled.jpg","type":"image\/jpeg"}],"twitter_card":"summary_large_image","schema":{"@context":"https:\/\/schema.org","@graph":[{"@type":"WebPage","@id":"https:\/\/horticom.ee\/e-pood\/toode\/sipelga-aerosool-biolit-plus-400ml\/","url":"https:\/\/horticom.ee\/e-pood\/toode\/sipelga-aerosool-biolit-plus-400ml\/","name":"Sipelga aerosool Biolit Plus 400ml - Horticom.ee\/e-pood","isPartOf":{"@id":"https:\/\/horticom.ee\/e-pood\/#website"},"primaryImageOfPage":{"@id":"https:\/\/horticom.ee\/e-pood\/toode\/sipelga-aerosool-biolit-plus-400ml\/#primaryimage"},"image":{"@id":"https:\/\/horticom.ee\/e-pood\/toode\/sipelga-aerosool-biolit-plus-400ml\/#primaryimage"},"thumbnailUrl":"https:\/\/horticom.ee\/e-pood\/wp-content\/uploads\/importedmedia\/product-152488_0-P0312-scaled.jpg","datePublished":"2022-01-17T13:56:55+00:00","dateModified":"2026-05-13T15:09:32+00:00","description":"Sipelga aerosool Biolit Plus h\u00e4vitab putukad m\u00f5ne sekundiga. H\u00e4vitab prussakad, sipelgad, \u00e4mblikud, majasoomukad, haisumardikad, toakilgid.","breadcrumb":{"@id":"https:\/\/horticom.ee\/e-pood\/toode\/sipelga-aerosool-biolit-plus-400ml\/#breadcrumb"},"inLanguage":"et","potentialAction":[{"@type":"ReadAction","target":["https:\/\/horticom.ee\/e-pood\/toode\/sipelga-aerosool-biolit-plus-400ml\/"]}]},{"@type":"ImageObject","inLanguage":"et","@id":"https:\/\/horticom.ee\/e-pood\/toode\/sipelga-aerosool-biolit-plus-400ml\/#primaryimage","url":"https:\/\/horticom.ee\/e-pood\/wp-content\/uploads\/importedmedia\/product-152488_0-P0312-scaled.jpg","contentUrl":"https:\/\/horticom.ee\/e-pood\/wp-content\/uploads\/importedmedia\/product-152488_0-P0312-scaled.jpg","width":841,"height":2560,"caption":"Sipelga aerosool Biolit Plus 400ml"},{"@type":"BreadcrumbList","@id":"https:\/\/horticom.ee\/e-pood\/toode\/sipelga-aerosool-biolit-plus-400ml\/#breadcrumb","itemListElement":[{"@type":"ListItem","position":1,"name":"Home","item":"https:\/\/horticom.ee\/e-pood\/"},{"@type":"ListItem","position":2,"name":"Pood","item":"https:\/\/horticom.ee\/e-pood\/pood\/"},{"@type":"ListItem","position":3,"name":"Sipelga aerosool Biolit Plus 400ml"}]},{"@type":"WebSite","@id":"https:\/\/horticom.ee\/e-pood\/#website","url":"https:\/\/horticom.ee\/e-pood\/","name":"Horticom.ee","description":"Aianduskaubad ja kodukaubad nii harrastajatele kui professionaalidele","potentialAction":[{"@type":"SearchAction","target":{"@type":"EntryPoint","urlTemplate":"https:\/\/horticom.ee\/e-pood\/?s={search_term_string}"},"query-input":{"@type":"PropertyValueSpecification","valueRequired":true,"valueName":"search_term_string"}}],"inLanguage":"et"}]}},"_links":{"self":[{"href":"https:\/\/horticom.ee\/e-pood\/wp-json\/wp\/v2\/product\/152488","targetHints":{"allow":["GET"]}}],"collection":[{"href":"https:\/\/horticom.ee\/e-pood\/wp-json\/wp\/v2\/product"}],"about":[{"href":"https:\/\/horticom.ee\/e-pood\/wp-json\/wp\/v2\/types\/product"}],"replies":[{"embeddable":true,"href":"https:\/\/horticom.ee\/e-pood\/wp-json\/wp\/v2\/comments?post=152488"}],"wp:featuredmedia":[{"embeddable":true,"href":"https:\/\/horticom.ee\/e-pood\/wp-json\/wp\/v2\/media\/179699"}],"wp:attachment":[{"href":"https:\/\/horticom.ee\/e-pood\/wp-json\/wp\/v2\/media?parent=152488"}],"wp:term":[{"taxonomy":"product_cat","embeddable":true,"href":"https:\/\/horticom.ee\/e-pood\/wp-json\/wp\/v2\/product_cat?post=152488"},{"taxonomy":"product_tag","embeddable":true,"href":"https:\/\/horticom.ee\/e-pood\/wp-json\/wp\/v2\/product_tag?post=152488"}],"curies":[{"name":"wp","href":"https:\/\/api.w.org\/{rel}","templated":true}]}}