{"id":152489,"date":"2022-01-17T15:56:55","date_gmt":"2022-01-17T13:56:55","guid":{"rendered":"https:\/\/aednik24.ee\/toode\/sipelgapulber-detia-250g\/"},"modified":"2026-05-13T15:01:20","modified_gmt":"2026-05-13T12:01:20","slug":"sipelgapulber-detia-250g","status":"publish","type":"product","link":"https:\/\/horticom.ee\/e-pood\/toode\/sipelgapulber-detia-250g\/","title":{"rendered":"Sipelgapulber Detia 250g"},"content":{"rendered":"<p>Kiire ja t\u00f5hus preparaat \u00f5uesipelgate , v. a. vaaraosipelgad, sihip\u00e4raseks t\u00f5rjeks hoonetes, teedel ja terrassidel. Pulbrit v\u00f5ib t\u00e4nu tema koostisele kasutada s\u00e4\u00e4stlikult. \u00dcledoseerimine ei suurenda tema toimet. Sipelgapulbrile on lisatud rohkem suhkrut, mis muudab selle sipelgatele v\u00e4ga atraktiivseks. S\u00f6\u00f6tm\u00fcrk kahjustab putukate n\u00e4rvis\u00fcsteemi t\u00e4nu millele saavutate kiirelt soovitud tulemuse.<\/p>\n","protected":false},"excerpt":{"rendered":"<p>Kiire ja t\u00f5hus preparaat \u00f5uesipelgate , v. a. vaaraosipelgad, sihip\u00e4raseks t\u00f5rjeks hoonetes, teedel ja terrassidel. Pulbrit v\u00f5ib t\u00e4nu tema koostisele kasutada s\u00e4\u00e4stlikult. \u00dcledoseerimine ei suurenda tema toimet. Sipelgapulbrile on lisatud rohkem suhkrut, mis muudab selle sipelgatele v\u00e4ga atraktiivseks. S\u00f6\u00f6tm\u00fcrk kahjustab putukate n\u00e4rvis\u00fcsteemi t\u00e4nu millele saavutate kiirelt soovitud tulemuse.<\/p>\n","protected":false},"featured_media":179701,"comment_status":"closed","ping_status":"closed","template":"","meta":{"_themeisle_gutenberg_block_has_review":false},"product_cat":[13599],"product_tag":[],"class_list":{"0":"post-152489","1":"product","2":"type-product","3":"status-publish","4":"has-post-thumbnail","6":"product_cat-sipelgad","8":"first","9":"instock","10":"shipping-taxable","11":"purchasable","12":"product-type-simple"},"yoast_head":"<!-- This site is optimized with the Yoast SEO plugin v24.0 - https:\/\/yoast.com\/wordpress\/plugins\/seo\/ -->\n<title>Sipelgapulber Detia 250g - Horticom.ee\/e-pood<\/title>\n<meta name=\"description\" content=\"Sipelgapulber Detia on kastmis- ja puistes\u00f6\u00f6t sipelgate t\u00f5rjeks hoonetes, teedel ja terrassidel. T\u00f5hus m\u00fcrk h\u00e4vitab kogu koloonia.\" \/>\n<meta name=\"robots\" content=\"index, follow, max-snippet:-1, max-image-preview:large, max-video-preview:-1\" \/>\n<link rel=\"canonical\" href=\"https:\/\/horticom.ee\/e-pood\/toode\/sipelgapulber-detia-250g\/\" \/>\n<meta property=\"og:locale\" content=\"et_EE\" \/>\n<meta property=\"og:type\" content=\"article\" \/>\n<meta property=\"og:title\" content=\"Sipelgapulber Detia 250g - Horticom.ee\/e-pood\" \/>\n<meta property=\"og:description\" content=\"Sipelgapulber Detia on kastmis- ja puistes\u00f6\u00f6t sipelgate t\u00f5rjeks hoonetes, teedel ja terrassidel. T\u00f5hus m\u00fcrk h\u00e4vitab kogu koloonia.\" \/>\n<meta property=\"og:url\" content=\"https:\/\/horticom.ee\/e-pood\/toode\/sipelgapulber-detia-250g\/\" \/>\n<meta property=\"og:site_name\" content=\"Horticom.ee\" \/>\n<meta property=\"article:publisher\" content=\"https:\/\/www.facebook.com\/horticom.ee\/e-pood\" \/>\n<meta property=\"article:modified_time\" content=\"2026-05-13T12:01:20+00:00\" \/>\n<meta property=\"og:image\" content=\"https:\/\/horticom.ee\/e-pood\/wp-content\/uploads\/importedmedia\/product-152489_0-P0302.jpg\" \/>\n\t<meta property=\"og:image:width\" content=\"1000\" \/>\n\t<meta property=\"og:image:height\" content=\"2069\" \/>\n\t<meta property=\"og:image:type\" content=\"image\/jpeg\" \/>\n<meta name=\"twitter:card\" content=\"summary_large_image\" \/>\n<script type=\"application\/ld+json\" class=\"yoast-schema-graph\">{\"@context\":\"https:\/\/schema.org\",\"@graph\":[{\"@type\":\"WebPage\",\"@id\":\"https:\/\/horticom.ee\/e-pood\/toode\/sipelgapulber-detia-250g\/\",\"url\":\"https:\/\/horticom.ee\/e-pood\/toode\/sipelgapulber-detia-250g\/\",\"name\":\"Sipelgapulber Detia 250g - Horticom.ee\/e-pood\",\"isPartOf\":{\"@id\":\"https:\/\/horticom.ee\/e-pood\/#website\"},\"primaryImageOfPage\":{\"@id\":\"https:\/\/horticom.ee\/e-pood\/toode\/sipelgapulber-detia-250g\/#primaryimage\"},\"image\":{\"@id\":\"https:\/\/horticom.ee\/e-pood\/toode\/sipelgapulber-detia-250g\/#primaryimage\"},\"thumbnailUrl\":\"https:\/\/horticom.ee\/e-pood\/wp-content\/uploads\/importedmedia\/product-152489_0-P0302.jpg\",\"datePublished\":\"2022-01-17T13:56:55+00:00\",\"dateModified\":\"2026-05-13T12:01:20+00:00\",\"description\":\"Sipelgapulber Detia on kastmis- ja puistes\u00f6\u00f6t sipelgate t\u00f5rjeks hoonetes, teedel ja terrassidel. T\u00f5hus m\u00fcrk h\u00e4vitab kogu koloonia.\",\"breadcrumb\":{\"@id\":\"https:\/\/horticom.ee\/e-pood\/toode\/sipelgapulber-detia-250g\/#breadcrumb\"},\"inLanguage\":\"et\",\"potentialAction\":[{\"@type\":\"ReadAction\",\"target\":[\"https:\/\/horticom.ee\/e-pood\/toode\/sipelgapulber-detia-250g\/\"]}]},{\"@type\":\"ImageObject\",\"inLanguage\":\"et\",\"@id\":\"https:\/\/horticom.ee\/e-pood\/toode\/sipelgapulber-detia-250g\/#primaryimage\",\"url\":\"https:\/\/horticom.ee\/e-pood\/wp-content\/uploads\/importedmedia\/product-152489_0-P0302.jpg\",\"contentUrl\":\"https:\/\/horticom.ee\/e-pood\/wp-content\/uploads\/importedmedia\/product-152489_0-P0302.jpg\",\"width\":1000,\"height\":2069,\"caption\":\"Sipelgapulber Detia 250g\"},{\"@type\":\"BreadcrumbList\",\"@id\":\"https:\/\/horticom.ee\/e-pood\/toode\/sipelgapulber-detia-250g\/#breadcrumb\",\"itemListElement\":[{\"@type\":\"ListItem\",\"position\":1,\"name\":\"Home\",\"item\":\"https:\/\/horticom.ee\/e-pood\/\"},{\"@type\":\"ListItem\",\"position\":2,\"name\":\"Pood\",\"item\":\"https:\/\/horticom.ee\/e-pood\/pood\/\"},{\"@type\":\"ListItem\",\"position\":3,\"name\":\"Sipelgapulber Detia 250g\"}]},{\"@type\":\"WebSite\",\"@id\":\"https:\/\/horticom.ee\/e-pood\/#website\",\"url\":\"https:\/\/horticom.ee\/e-pood\/\",\"name\":\"Horticom.ee\",\"description\":\"Aianduskaubad ja kodukaubad nii harrastajatele kui professionaalidele\",\"potentialAction\":[{\"@type\":\"SearchAction\",\"target\":{\"@type\":\"EntryPoint\",\"urlTemplate\":\"https:\/\/horticom.ee\/e-pood\/?s={search_term_string}\"},\"query-input\":{\"@type\":\"PropertyValueSpecification\",\"valueRequired\":true,\"valueName\":\"search_term_string\"}}],\"inLanguage\":\"et\"}]}<\/script>\n<!-- \/ Yoast SEO plugin. -->","yoast_head_json":{"title":"Sipelgapulber Detia 250g - Horticom.ee\/e-pood","description":"Sipelgapulber Detia on kastmis- ja puistes\u00f6\u00f6t sipelgate t\u00f5rjeks hoonetes, teedel ja terrassidel. T\u00f5hus m\u00fcrk h\u00e4vitab kogu koloonia.","robots":{"index":"index","follow":"follow","max-snippet":"max-snippet:-1","max-image-preview":"max-image-preview:large","max-video-preview":"max-video-preview:-1"},"canonical":"https:\/\/horticom.ee\/e-pood\/toode\/sipelgapulber-detia-250g\/","og_locale":"et_EE","og_type":"article","og_title":"Sipelgapulber Detia 250g - Horticom.ee\/e-pood","og_description":"Sipelgapulber Detia on kastmis- ja puistes\u00f6\u00f6t sipelgate t\u00f5rjeks hoonetes, teedel ja terrassidel. T\u00f5hus m\u00fcrk h\u00e4vitab kogu koloonia.","og_url":"https:\/\/horticom.ee\/e-pood\/toode\/sipelgapulber-detia-250g\/","og_site_name":"Horticom.ee","article_publisher":"https:\/\/www.facebook.com\/horticom.ee\/e-pood","article_modified_time":"2026-05-13T12:01:20+00:00","og_image":[{"width":1000,"height":2069,"url":"https:\/\/horticom.ee\/e-pood\/wp-content\/uploads\/importedmedia\/product-152489_0-P0302.jpg","type":"image\/jpeg"}],"twitter_card":"summary_large_image","schema":{"@context":"https:\/\/schema.org","@graph":[{"@type":"WebPage","@id":"https:\/\/horticom.ee\/e-pood\/toode\/sipelgapulber-detia-250g\/","url":"https:\/\/horticom.ee\/e-pood\/toode\/sipelgapulber-detia-250g\/","name":"Sipelgapulber Detia 250g - Horticom.ee\/e-pood","isPartOf":{"@id":"https:\/\/horticom.ee\/e-pood\/#website"},"primaryImageOfPage":{"@id":"https:\/\/horticom.ee\/e-pood\/toode\/sipelgapulber-detia-250g\/#primaryimage"},"image":{"@id":"https:\/\/horticom.ee\/e-pood\/toode\/sipelgapulber-detia-250g\/#primaryimage"},"thumbnailUrl":"https:\/\/horticom.ee\/e-pood\/wp-content\/uploads\/importedmedia\/product-152489_0-P0302.jpg","datePublished":"2022-01-17T13:56:55+00:00","dateModified":"2026-05-13T12:01:20+00:00","description":"Sipelgapulber Detia on kastmis- ja puistes\u00f6\u00f6t sipelgate t\u00f5rjeks hoonetes, teedel ja terrassidel. T\u00f5hus m\u00fcrk h\u00e4vitab kogu koloonia.","breadcrumb":{"@id":"https:\/\/horticom.ee\/e-pood\/toode\/sipelgapulber-detia-250g\/#breadcrumb"},"inLanguage":"et","potentialAction":[{"@type":"ReadAction","target":["https:\/\/horticom.ee\/e-pood\/toode\/sipelgapulber-detia-250g\/"]}]},{"@type":"ImageObject","inLanguage":"et","@id":"https:\/\/horticom.ee\/e-pood\/toode\/sipelgapulber-detia-250g\/#primaryimage","url":"https:\/\/horticom.ee\/e-pood\/wp-content\/uploads\/importedmedia\/product-152489_0-P0302.jpg","contentUrl":"https:\/\/horticom.ee\/e-pood\/wp-content\/uploads\/importedmedia\/product-152489_0-P0302.jpg","width":1000,"height":2069,"caption":"Sipelgapulber Detia 250g"},{"@type":"BreadcrumbList","@id":"https:\/\/horticom.ee\/e-pood\/toode\/sipelgapulber-detia-250g\/#breadcrumb","itemListElement":[{"@type":"ListItem","position":1,"name":"Home","item":"https:\/\/horticom.ee\/e-pood\/"},{"@type":"ListItem","position":2,"name":"Pood","item":"https:\/\/horticom.ee\/e-pood\/pood\/"},{"@type":"ListItem","position":3,"name":"Sipelgapulber Detia 250g"}]},{"@type":"WebSite","@id":"https:\/\/horticom.ee\/e-pood\/#website","url":"https:\/\/horticom.ee\/e-pood\/","name":"Horticom.ee","description":"Aianduskaubad ja kodukaubad nii harrastajatele kui professionaalidele","potentialAction":[{"@type":"SearchAction","target":{"@type":"EntryPoint","urlTemplate":"https:\/\/horticom.ee\/e-pood\/?s={search_term_string}"},"query-input":{"@type":"PropertyValueSpecification","valueRequired":true,"valueName":"search_term_string"}}],"inLanguage":"et"}]}},"_links":{"self":[{"href":"https:\/\/horticom.ee\/e-pood\/wp-json\/wp\/v2\/product\/152489","targetHints":{"allow":["GET"]}}],"collection":[{"href":"https:\/\/horticom.ee\/e-pood\/wp-json\/wp\/v2\/product"}],"about":[{"href":"https:\/\/horticom.ee\/e-pood\/wp-json\/wp\/v2\/types\/product"}],"replies":[{"embeddable":true,"href":"https:\/\/horticom.ee\/e-pood\/wp-json\/wp\/v2\/comments?post=152489"}],"wp:featuredmedia":[{"embeddable":true,"href":"https:\/\/horticom.ee\/e-pood\/wp-json\/wp\/v2\/media\/179701"}],"wp:attachment":[{"href":"https:\/\/horticom.ee\/e-pood\/wp-json\/wp\/v2\/media?parent=152489"}],"wp:term":[{"taxonomy":"product_cat","embeddable":true,"href":"https:\/\/horticom.ee\/e-pood\/wp-json\/wp\/v2\/product_cat?post=152489"},{"taxonomy":"product_tag","embeddable":true,"href":"https:\/\/horticom.ee\/e-pood\/wp-json\/wp\/v2\/product_tag?post=152489"}],"curies":[{"name":"wp","href":"https:\/\/api.w.org\/{rel}","templated":true}]}}