{"id":152498,"date":"2022-01-17T15:57:00","date_gmt":"2022-01-17T13:57:00","guid":{"rendered":"https:\/\/aednik24.ee\/toode\/septik-microbec-kaimlatele-bros-1kg\/"},"modified":"2026-04-12T03:04:09","modified_gmt":"2026-04-12T00:04:09","slug":"septik-microbec-kaimlatele-bros-1kg","status":"publish","type":"product","link":"https:\/\/horticom.ee\/e-pood\/toode\/septik-microbec-kaimlatele-bros-1kg\/","title":{"rendered":"Septik Microbec k\u00e4imlatele Bros 1kg"},"content":{"rendered":"<p>Kaasaegne mikrobioloogiline biolagundava toimega vahend lampkastile ning \u00f6koloogilistele kodus kasutatavatele kanalisatsiooni puhastuss\u00fcsteemidele. Sobib kasutamiseks nii eramutes kui ka suvilates. Kolmefaasiline toime kindlustab mustuse kiire ja efektiivse lagunemise keskkonnale ohututeks komponentideks. Aitab v\u00e4hendada kogumispaagi t\u00fchjendamise kordi.<\/p>\n","protected":false},"excerpt":{"rendered":"<p>Kaasaegne mikrobioloogiline biolagundava toimega vahend lampkastile ning \u00f6koloogilistele kodus kasutatavatele kanalisatsiooni puhastuss\u00fcsteemidele. Sobib kasutamiseks nii eramutes kui ka suvilates. Kolmefaasiline toime kindlustab mustuse kiire ja efektiivse lagunemise keskkonnale ohututeks komponentideks. Aitab v\u00e4hendada kogumispaagi t\u00fchjendamise kordi.<\/p>\n","protected":false},"featured_media":179669,"comment_status":"closed","ping_status":"closed","template":"","meta":{"_themeisle_gutenberg_block_has_review":false},"product_cat":[13590],"product_tag":[],"class_list":{"0":"post-152498","1":"product","2":"type-product","3":"status-publish","4":"has-post-thumbnail","6":"product_cat-septikud","8":"first","9":"instock","10":"shipping-taxable","11":"purchasable","12":"product-type-simple"},"yoast_head":"<!-- This site is optimized with the Yoast SEO plugin v24.0 - https:\/\/yoast.com\/wordpress\/plugins\/seo\/ -->\n<title>Septik Microbec k\u00e4imlatele Bros 1kg - Horticom.ee\/e-pood<\/title>\n<meta name=\"description\" content=\"Mikrobioloogiline puhastusvahend \u2013 Kolmefaasiline biolagundav vahend kodu ja suvilate kanalisatsiooni. Aitab v\u00e4hendada paagi t\u00fchjendamise vajadust.\" \/>\n<meta name=\"robots\" content=\"index, follow, max-snippet:-1, max-image-preview:large, max-video-preview:-1\" \/>\n<link rel=\"canonical\" href=\"https:\/\/horticom.ee\/e-pood\/toode\/septik-microbec-kaimlatele-bros-1kg\/\" \/>\n<meta property=\"og:locale\" content=\"et_EE\" \/>\n<meta property=\"og:type\" content=\"article\" \/>\n<meta property=\"og:title\" content=\"Septik Microbec k\u00e4imlatele Bros 1kg - Horticom.ee\/e-pood\" \/>\n<meta property=\"og:description\" content=\"Mikrobioloogiline puhastusvahend \u2013 Kolmefaasiline biolagundav vahend kodu ja suvilate kanalisatsiooni. Aitab v\u00e4hendada paagi t\u00fchjendamise vajadust.\" \/>\n<meta property=\"og:url\" content=\"https:\/\/horticom.ee\/e-pood\/toode\/septik-microbec-kaimlatele-bros-1kg\/\" \/>\n<meta property=\"og:site_name\" content=\"Horticom.ee\" \/>\n<meta property=\"article:publisher\" content=\"https:\/\/www.facebook.com\/horticom.ee\/e-pood\" \/>\n<meta property=\"article:modified_time\" content=\"2026-04-12T00:04:09+00:00\" \/>\n<meta property=\"og:image\" content=\"https:\/\/horticom.ee\/e-pood\/wp-content\/uploads\/importedmedia\/product-152498_0-P1436.jpg\" \/>\n\t<meta property=\"og:image:width\" content=\"1000\" \/>\n\t<meta property=\"og:image:height\" content=\"1094\" \/>\n\t<meta property=\"og:image:type\" content=\"image\/jpeg\" \/>\n<meta name=\"twitter:card\" content=\"summary_large_image\" \/>\n<script type=\"application\/ld+json\" class=\"yoast-schema-graph\">{\"@context\":\"https:\/\/schema.org\",\"@graph\":[{\"@type\":\"WebPage\",\"@id\":\"https:\/\/horticom.ee\/e-pood\/toode\/septik-microbec-kaimlatele-bros-1kg\/\",\"url\":\"https:\/\/horticom.ee\/e-pood\/toode\/septik-microbec-kaimlatele-bros-1kg\/\",\"name\":\"Septik Microbec k\u00e4imlatele Bros 1kg - Horticom.ee\/e-pood\",\"isPartOf\":{\"@id\":\"https:\/\/horticom.ee\/e-pood\/#website\"},\"primaryImageOfPage\":{\"@id\":\"https:\/\/horticom.ee\/e-pood\/toode\/septik-microbec-kaimlatele-bros-1kg\/#primaryimage\"},\"image\":{\"@id\":\"https:\/\/horticom.ee\/e-pood\/toode\/septik-microbec-kaimlatele-bros-1kg\/#primaryimage\"},\"thumbnailUrl\":\"https:\/\/horticom.ee\/e-pood\/wp-content\/uploads\/importedmedia\/product-152498_0-P1436.jpg\",\"datePublished\":\"2022-01-17T13:57:00+00:00\",\"dateModified\":\"2026-04-12T00:04:09+00:00\",\"description\":\"Mikrobioloogiline puhastusvahend \u2013 Kolmefaasiline biolagundav vahend kodu ja suvilate kanalisatsiooni. Aitab v\u00e4hendada paagi t\u00fchjendamise vajadust.\",\"breadcrumb\":{\"@id\":\"https:\/\/horticom.ee\/e-pood\/toode\/septik-microbec-kaimlatele-bros-1kg\/#breadcrumb\"},\"inLanguage\":\"et\",\"potentialAction\":[{\"@type\":\"ReadAction\",\"target\":[\"https:\/\/horticom.ee\/e-pood\/toode\/septik-microbec-kaimlatele-bros-1kg\/\"]}]},{\"@type\":\"ImageObject\",\"inLanguage\":\"et\",\"@id\":\"https:\/\/horticom.ee\/e-pood\/toode\/septik-microbec-kaimlatele-bros-1kg\/#primaryimage\",\"url\":\"https:\/\/horticom.ee\/e-pood\/wp-content\/uploads\/importedmedia\/product-152498_0-P1436.jpg\",\"contentUrl\":\"https:\/\/horticom.ee\/e-pood\/wp-content\/uploads\/importedmedia\/product-152498_0-P1436.jpg\",\"width\":1000,\"height\":1094,\"caption\":\"Septik Microbec k\u00e4imlatele Bros 1kg\"},{\"@type\":\"BreadcrumbList\",\"@id\":\"https:\/\/horticom.ee\/e-pood\/toode\/septik-microbec-kaimlatele-bros-1kg\/#breadcrumb\",\"itemListElement\":[{\"@type\":\"ListItem\",\"position\":1,\"name\":\"Home\",\"item\":\"https:\/\/horticom.ee\/e-pood\/\"},{\"@type\":\"ListItem\",\"position\":2,\"name\":\"Pood\",\"item\":\"https:\/\/horticom.ee\/e-pood\/pood\/\"},{\"@type\":\"ListItem\",\"position\":3,\"name\":\"Septik Microbec k\u00e4imlatele Bros 1kg\"}]},{\"@type\":\"WebSite\",\"@id\":\"https:\/\/horticom.ee\/e-pood\/#website\",\"url\":\"https:\/\/horticom.ee\/e-pood\/\",\"name\":\"Horticom.ee\",\"description\":\"Aianduskaubad ja kodukaubad nii harrastajatele kui professionaalidele\",\"potentialAction\":[{\"@type\":\"SearchAction\",\"target\":{\"@type\":\"EntryPoint\",\"urlTemplate\":\"https:\/\/horticom.ee\/e-pood\/?s={search_term_string}\"},\"query-input\":{\"@type\":\"PropertyValueSpecification\",\"valueRequired\":true,\"valueName\":\"search_term_string\"}}],\"inLanguage\":\"et\"}]}<\/script>\n<!-- \/ Yoast SEO plugin. -->","yoast_head_json":{"title":"Septik Microbec k\u00e4imlatele Bros 1kg - Horticom.ee\/e-pood","description":"Mikrobioloogiline puhastusvahend \u2013 Kolmefaasiline biolagundav vahend kodu ja suvilate kanalisatsiooni. Aitab v\u00e4hendada paagi t\u00fchjendamise vajadust.","robots":{"index":"index","follow":"follow","max-snippet":"max-snippet:-1","max-image-preview":"max-image-preview:large","max-video-preview":"max-video-preview:-1"},"canonical":"https:\/\/horticom.ee\/e-pood\/toode\/septik-microbec-kaimlatele-bros-1kg\/","og_locale":"et_EE","og_type":"article","og_title":"Septik Microbec k\u00e4imlatele Bros 1kg - Horticom.ee\/e-pood","og_description":"Mikrobioloogiline puhastusvahend \u2013 Kolmefaasiline biolagundav vahend kodu ja suvilate kanalisatsiooni. Aitab v\u00e4hendada paagi t\u00fchjendamise vajadust.","og_url":"https:\/\/horticom.ee\/e-pood\/toode\/septik-microbec-kaimlatele-bros-1kg\/","og_site_name":"Horticom.ee","article_publisher":"https:\/\/www.facebook.com\/horticom.ee\/e-pood","article_modified_time":"2026-04-12T00:04:09+00:00","og_image":[{"width":1000,"height":1094,"url":"https:\/\/horticom.ee\/e-pood\/wp-content\/uploads\/importedmedia\/product-152498_0-P1436.jpg","type":"image\/jpeg"}],"twitter_card":"summary_large_image","schema":{"@context":"https:\/\/schema.org","@graph":[{"@type":"WebPage","@id":"https:\/\/horticom.ee\/e-pood\/toode\/septik-microbec-kaimlatele-bros-1kg\/","url":"https:\/\/horticom.ee\/e-pood\/toode\/septik-microbec-kaimlatele-bros-1kg\/","name":"Septik Microbec k\u00e4imlatele Bros 1kg - Horticom.ee\/e-pood","isPartOf":{"@id":"https:\/\/horticom.ee\/e-pood\/#website"},"primaryImageOfPage":{"@id":"https:\/\/horticom.ee\/e-pood\/toode\/septik-microbec-kaimlatele-bros-1kg\/#primaryimage"},"image":{"@id":"https:\/\/horticom.ee\/e-pood\/toode\/septik-microbec-kaimlatele-bros-1kg\/#primaryimage"},"thumbnailUrl":"https:\/\/horticom.ee\/e-pood\/wp-content\/uploads\/importedmedia\/product-152498_0-P1436.jpg","datePublished":"2022-01-17T13:57:00+00:00","dateModified":"2026-04-12T00:04:09+00:00","description":"Mikrobioloogiline puhastusvahend \u2013 Kolmefaasiline biolagundav vahend kodu ja suvilate kanalisatsiooni. Aitab v\u00e4hendada paagi t\u00fchjendamise vajadust.","breadcrumb":{"@id":"https:\/\/horticom.ee\/e-pood\/toode\/septik-microbec-kaimlatele-bros-1kg\/#breadcrumb"},"inLanguage":"et","potentialAction":[{"@type":"ReadAction","target":["https:\/\/horticom.ee\/e-pood\/toode\/septik-microbec-kaimlatele-bros-1kg\/"]}]},{"@type":"ImageObject","inLanguage":"et","@id":"https:\/\/horticom.ee\/e-pood\/toode\/septik-microbec-kaimlatele-bros-1kg\/#primaryimage","url":"https:\/\/horticom.ee\/e-pood\/wp-content\/uploads\/importedmedia\/product-152498_0-P1436.jpg","contentUrl":"https:\/\/horticom.ee\/e-pood\/wp-content\/uploads\/importedmedia\/product-152498_0-P1436.jpg","width":1000,"height":1094,"caption":"Septik Microbec k\u00e4imlatele Bros 1kg"},{"@type":"BreadcrumbList","@id":"https:\/\/horticom.ee\/e-pood\/toode\/septik-microbec-kaimlatele-bros-1kg\/#breadcrumb","itemListElement":[{"@type":"ListItem","position":1,"name":"Home","item":"https:\/\/horticom.ee\/e-pood\/"},{"@type":"ListItem","position":2,"name":"Pood","item":"https:\/\/horticom.ee\/e-pood\/pood\/"},{"@type":"ListItem","position":3,"name":"Septik Microbec k\u00e4imlatele Bros 1kg"}]},{"@type":"WebSite","@id":"https:\/\/horticom.ee\/e-pood\/#website","url":"https:\/\/horticom.ee\/e-pood\/","name":"Horticom.ee","description":"Aianduskaubad ja kodukaubad nii harrastajatele kui professionaalidele","potentialAction":[{"@type":"SearchAction","target":{"@type":"EntryPoint","urlTemplate":"https:\/\/horticom.ee\/e-pood\/?s={search_term_string}"},"query-input":{"@type":"PropertyValueSpecification","valueRequired":true,"valueName":"search_term_string"}}],"inLanguage":"et"}]}},"_links":{"self":[{"href":"https:\/\/horticom.ee\/e-pood\/wp-json\/wp\/v2\/product\/152498","targetHints":{"allow":["GET"]}}],"collection":[{"href":"https:\/\/horticom.ee\/e-pood\/wp-json\/wp\/v2\/product"}],"about":[{"href":"https:\/\/horticom.ee\/e-pood\/wp-json\/wp\/v2\/types\/product"}],"replies":[{"embeddable":true,"href":"https:\/\/horticom.ee\/e-pood\/wp-json\/wp\/v2\/comments?post=152498"}],"wp:featuredmedia":[{"embeddable":true,"href":"https:\/\/horticom.ee\/e-pood\/wp-json\/wp\/v2\/media\/179669"}],"wp:attachment":[{"href":"https:\/\/horticom.ee\/e-pood\/wp-json\/wp\/v2\/media?parent=152498"}],"wp:term":[{"taxonomy":"product_cat","embeddable":true,"href":"https:\/\/horticom.ee\/e-pood\/wp-json\/wp\/v2\/product_cat?post=152498"},{"taxonomy":"product_tag","embeddable":true,"href":"https:\/\/horticom.ee\/e-pood\/wp-json\/wp\/v2\/product_tag?post=152498"}],"curies":[{"name":"wp","href":"https:\/\/api.w.org\/{rel}","templated":true}]}}