{"id":152522,"date":"2022-01-17T15:57:13","date_gmt":"2022-01-17T13:57:13","guid":{"rendered":"https:\/\/aednik24.ee\/toode\/rotiloks-supercat\/"},"modified":"2026-04-08T03:03:55","modified_gmt":"2026-04-08T00:03:55","slug":"rotiloks-supercat","status":"publish","type":"product","link":"https:\/\/horticom.ee\/e-pood\/toode\/rotiloks-supercat\/","title":{"rendered":"Rotil\u00f5ks SuperCat"},"content":{"rendered":"<p>V\u00e4ga efektiivne vahend v\u00f5itluses n\u00e4rilistega. Lihtne ja mugav kasutada. S\u00f6\u00f6dana on kasutatud hiirte ja rottide jaoks atraktiivset naturaalset s\u00f6\u00f6ta. Rotil\u00f5ksu abil saab kiiresti kahjuritest vabaks. Sobib kasutamiseks kodus, ametiruumides, tootmisettev\u00f5tetes, farmides ja taimekasvatuses.<\/p>\n","protected":false},"excerpt":{"rendered":"<p>V\u00e4ga efektiivne vahend v\u00f5itluses n\u00e4rilistega. Lihtne ja mugav kasutada. S\u00f6\u00f6dana on kasutatud hiirte ja rottide jaoks atraktiivset naturaalset s\u00f6\u00f6ta. Rotil\u00f5ksu abil saab kiiresti kahjuritest vabaks. Sobib kasutamiseks kodus, ametiruumides, tootmisettev\u00f5tetes, farmides ja taimekasvatuses.<\/p>\n","protected":false},"featured_media":179608,"comment_status":"closed","ping_status":"closed","template":"","meta":{"_themeisle_gutenberg_block_has_review":false},"product_cat":[13604],"product_tag":[],"class_list":{"0":"post-152522","1":"product","2":"type-product","3":"status-publish","4":"has-post-thumbnail","6":"product_cat-hiired-ja-rotid","8":"first","9":"instock","10":"shipping-taxable","11":"purchasable","12":"product-type-simple"},"yoast_head":"<!-- This site is optimized with the Yoast SEO plugin v24.0 - https:\/\/yoast.com\/wordpress\/plugins\/seo\/ -->\n<title>Rotil\u00f5ks SuperCat - Horticom<\/title>\n<meta name=\"robots\" content=\"index, follow, max-snippet:-1, max-image-preview:large, max-video-preview:-1\" \/>\n<link rel=\"canonical\" href=\"https:\/\/horticom.ee\/e-pood\/toode\/rotiloks-supercat\/\" \/>\n<meta property=\"og:locale\" content=\"et_EE\" \/>\n<meta property=\"og:type\" content=\"article\" \/>\n<meta property=\"og:title\" content=\"Rotil\u00f5ks SuperCat - Horticom\" \/>\n<meta property=\"og:description\" content=\"V\u00e4ga efektiivne vahend v\u00f5itluses n\u00e4rilistega. Lihtne ja mugav kasutada. S\u00f6\u00f6dana on kasutatud hiirte ja rottide jaoks atraktiivset naturaalset s\u00f6\u00f6ta. Rotil\u00f5ksu abil saab kiiresti kahjuritest vabaks. Sobib kasutamiseks kodus, ametiruumides, tootmisettev\u00f5tetes, farmides ja taimekasvatuses.\" \/>\n<meta property=\"og:url\" content=\"https:\/\/horticom.ee\/e-pood\/toode\/rotiloks-supercat\/\" \/>\n<meta property=\"og:site_name\" content=\"Horticom.ee\" \/>\n<meta property=\"article:publisher\" content=\"https:\/\/www.facebook.com\/horticom.ee\/e-pood\" \/>\n<meta property=\"article:modified_time\" content=\"2026-04-08T00:03:55+00:00\" \/>\n<meta property=\"og:image\" content=\"https:\/\/horticom.ee\/e-pood\/wp-content\/uploads\/importedmedia\/product-152522_0-411953.jpg\" \/>\n\t<meta property=\"og:image:width\" content=\"1000\" \/>\n\t<meta property=\"og:image:height\" content=\"1000\" \/>\n\t<meta property=\"og:image:type\" content=\"image\/jpeg\" \/>\n<meta name=\"twitter:card\" content=\"summary_large_image\" \/>\n<script type=\"application\/ld+json\" class=\"yoast-schema-graph\">{\"@context\":\"https:\/\/schema.org\",\"@graph\":[{\"@type\":\"WebPage\",\"@id\":\"https:\/\/horticom.ee\/e-pood\/toode\/rotiloks-supercat\/\",\"url\":\"https:\/\/horticom.ee\/e-pood\/toode\/rotiloks-supercat\/\",\"name\":\"Rotil\u00f5ks SuperCat - Horticom\",\"isPartOf\":{\"@id\":\"https:\/\/horticom.ee\/e-pood\/#website\"},\"primaryImageOfPage\":{\"@id\":\"https:\/\/horticom.ee\/e-pood\/toode\/rotiloks-supercat\/#primaryimage\"},\"image\":{\"@id\":\"https:\/\/horticom.ee\/e-pood\/toode\/rotiloks-supercat\/#primaryimage\"},\"thumbnailUrl\":\"https:\/\/horticom.ee\/e-pood\/wp-content\/uploads\/importedmedia\/product-152522_0-411953.jpg\",\"datePublished\":\"2022-01-17T13:57:13+00:00\",\"dateModified\":\"2026-04-08T00:03:55+00:00\",\"breadcrumb\":{\"@id\":\"https:\/\/horticom.ee\/e-pood\/toode\/rotiloks-supercat\/#breadcrumb\"},\"inLanguage\":\"et\",\"potentialAction\":[{\"@type\":\"ReadAction\",\"target\":[\"https:\/\/horticom.ee\/e-pood\/toode\/rotiloks-supercat\/\"]}]},{\"@type\":\"ImageObject\",\"inLanguage\":\"et\",\"@id\":\"https:\/\/horticom.ee\/e-pood\/toode\/rotiloks-supercat\/#primaryimage\",\"url\":\"https:\/\/horticom.ee\/e-pood\/wp-content\/uploads\/importedmedia\/product-152522_0-411953.jpg\",\"contentUrl\":\"https:\/\/horticom.ee\/e-pood\/wp-content\/uploads\/importedmedia\/product-152522_0-411953.jpg\",\"width\":1000,\"height\":1000},{\"@type\":\"BreadcrumbList\",\"@id\":\"https:\/\/horticom.ee\/e-pood\/toode\/rotiloks-supercat\/#breadcrumb\",\"itemListElement\":[{\"@type\":\"ListItem\",\"position\":1,\"name\":\"Home\",\"item\":\"https:\/\/horticom.ee\/e-pood\/\"},{\"@type\":\"ListItem\",\"position\":2,\"name\":\"Pood\",\"item\":\"https:\/\/horticom.ee\/e-pood\/pood\/\"},{\"@type\":\"ListItem\",\"position\":3,\"name\":\"Rotil\u00f5ks SuperCat\"}]},{\"@type\":\"WebSite\",\"@id\":\"https:\/\/horticom.ee\/e-pood\/#website\",\"url\":\"https:\/\/horticom.ee\/e-pood\/\",\"name\":\"Horticom.ee\",\"description\":\"Aianduskaubad ja kodukaubad nii harrastajatele kui professionaalidele\",\"potentialAction\":[{\"@type\":\"SearchAction\",\"target\":{\"@type\":\"EntryPoint\",\"urlTemplate\":\"https:\/\/horticom.ee\/e-pood\/?s={search_term_string}\"},\"query-input\":{\"@type\":\"PropertyValueSpecification\",\"valueRequired\":true,\"valueName\":\"search_term_string\"}}],\"inLanguage\":\"et\"}]}<\/script>\n<!-- \/ Yoast SEO plugin. -->","yoast_head_json":{"title":"Rotil\u00f5ks SuperCat - Horticom","robots":{"index":"index","follow":"follow","max-snippet":"max-snippet:-1","max-image-preview":"max-image-preview:large","max-video-preview":"max-video-preview:-1"},"canonical":"https:\/\/horticom.ee\/e-pood\/toode\/rotiloks-supercat\/","og_locale":"et_EE","og_type":"article","og_title":"Rotil\u00f5ks SuperCat - Horticom","og_description":"V\u00e4ga efektiivne vahend v\u00f5itluses n\u00e4rilistega. Lihtne ja mugav kasutada. S\u00f6\u00f6dana on kasutatud hiirte ja rottide jaoks atraktiivset naturaalset s\u00f6\u00f6ta. Rotil\u00f5ksu abil saab kiiresti kahjuritest vabaks. Sobib kasutamiseks kodus, ametiruumides, tootmisettev\u00f5tetes, farmides ja taimekasvatuses.","og_url":"https:\/\/horticom.ee\/e-pood\/toode\/rotiloks-supercat\/","og_site_name":"Horticom.ee","article_publisher":"https:\/\/www.facebook.com\/horticom.ee\/e-pood","article_modified_time":"2026-04-08T00:03:55+00:00","og_image":[{"width":1000,"height":1000,"url":"https:\/\/horticom.ee\/e-pood\/wp-content\/uploads\/importedmedia\/product-152522_0-411953.jpg","type":"image\/jpeg"}],"twitter_card":"summary_large_image","schema":{"@context":"https:\/\/schema.org","@graph":[{"@type":"WebPage","@id":"https:\/\/horticom.ee\/e-pood\/toode\/rotiloks-supercat\/","url":"https:\/\/horticom.ee\/e-pood\/toode\/rotiloks-supercat\/","name":"Rotil\u00f5ks SuperCat - Horticom","isPartOf":{"@id":"https:\/\/horticom.ee\/e-pood\/#website"},"primaryImageOfPage":{"@id":"https:\/\/horticom.ee\/e-pood\/toode\/rotiloks-supercat\/#primaryimage"},"image":{"@id":"https:\/\/horticom.ee\/e-pood\/toode\/rotiloks-supercat\/#primaryimage"},"thumbnailUrl":"https:\/\/horticom.ee\/e-pood\/wp-content\/uploads\/importedmedia\/product-152522_0-411953.jpg","datePublished":"2022-01-17T13:57:13+00:00","dateModified":"2026-04-08T00:03:55+00:00","breadcrumb":{"@id":"https:\/\/horticom.ee\/e-pood\/toode\/rotiloks-supercat\/#breadcrumb"},"inLanguage":"et","potentialAction":[{"@type":"ReadAction","target":["https:\/\/horticom.ee\/e-pood\/toode\/rotiloks-supercat\/"]}]},{"@type":"ImageObject","inLanguage":"et","@id":"https:\/\/horticom.ee\/e-pood\/toode\/rotiloks-supercat\/#primaryimage","url":"https:\/\/horticom.ee\/e-pood\/wp-content\/uploads\/importedmedia\/product-152522_0-411953.jpg","contentUrl":"https:\/\/horticom.ee\/e-pood\/wp-content\/uploads\/importedmedia\/product-152522_0-411953.jpg","width":1000,"height":1000},{"@type":"BreadcrumbList","@id":"https:\/\/horticom.ee\/e-pood\/toode\/rotiloks-supercat\/#breadcrumb","itemListElement":[{"@type":"ListItem","position":1,"name":"Home","item":"https:\/\/horticom.ee\/e-pood\/"},{"@type":"ListItem","position":2,"name":"Pood","item":"https:\/\/horticom.ee\/e-pood\/pood\/"},{"@type":"ListItem","position":3,"name":"Rotil\u00f5ks SuperCat"}]},{"@type":"WebSite","@id":"https:\/\/horticom.ee\/e-pood\/#website","url":"https:\/\/horticom.ee\/e-pood\/","name":"Horticom.ee","description":"Aianduskaubad ja kodukaubad nii harrastajatele kui professionaalidele","potentialAction":[{"@type":"SearchAction","target":{"@type":"EntryPoint","urlTemplate":"https:\/\/horticom.ee\/e-pood\/?s={search_term_string}"},"query-input":{"@type":"PropertyValueSpecification","valueRequired":true,"valueName":"search_term_string"}}],"inLanguage":"et"}]}},"_links":{"self":[{"href":"https:\/\/horticom.ee\/e-pood\/wp-json\/wp\/v2\/product\/152522","targetHints":{"allow":["GET"]}}],"collection":[{"href":"https:\/\/horticom.ee\/e-pood\/wp-json\/wp\/v2\/product"}],"about":[{"href":"https:\/\/horticom.ee\/e-pood\/wp-json\/wp\/v2\/types\/product"}],"replies":[{"embeddable":true,"href":"https:\/\/horticom.ee\/e-pood\/wp-json\/wp\/v2\/comments?post=152522"}],"wp:featuredmedia":[{"embeddable":true,"href":"https:\/\/horticom.ee\/e-pood\/wp-json\/wp\/v2\/media\/179608"}],"wp:attachment":[{"href":"https:\/\/horticom.ee\/e-pood\/wp-json\/wp\/v2\/media?parent=152522"}],"wp:term":[{"taxonomy":"product_cat","embeddable":true,"href":"https:\/\/horticom.ee\/e-pood\/wp-json\/wp\/v2\/product_cat?post=152522"},{"taxonomy":"product_tag","embeddable":true,"href":"https:\/\/horticom.ee\/e-pood\/wp-json\/wp\/v2\/product_tag?post=152522"}],"curies":[{"name":"wp","href":"https:\/\/api.w.org\/{rel}","templated":true}]}}