{"id":152566,"date":"2022-01-17T15:57:35","date_gmt":"2022-01-17T13:57:35","guid":{"rendered":"https:\/\/aednik24.ee\/toode\/aiakaarid-felco-160-l-suurele-kaele-25mm-22cm-190g\/"},"modified":"2026-05-13T03:04:23","modified_gmt":"2026-05-13T00:04:23","slug":"aiakaarid-felco-160-l-suurele-kaele-25mm-22cm-190g","status":"publish","type":"product","link":"https:\/\/horticom.ee\/e-pood\/toode\/aiakaarid-felco-160-l-suurele-kaele-25mm-22cm-190g\/","title":{"rendered":"Aiak\u00e4\u00e4rid Felco 160 L suurele k\u00e4ele l\u00f5ike d25mm 22cm kaal 190g"},"content":{"rendered":"<p>Mugavad, kerged ja tugevad. Sepistatud alumiiniumist k\u00e4epidemed on eluaegse garantiiga. Tera ja vastutera valmistatud tippkvaliteedilisest terasest, k\u00f5ik k\u00e4\u00e4ri osad vahetatavad.\u00a0Felco 160 aiak\u00e4\u00e4rid tagavad puhta, t\u00e4pse l\u00f5ike. T\u00f5hus ja lihtne kasutada. Sobivad suuremale k\u00e4ele.<\/p>\n","protected":false},"excerpt":{"rendered":"<p>Mugavad, kerged ja tugevad. Sepistatud alumiiniumist k\u00e4epidemed on eluaegse garantiiga. Tera ja vastutera valmistatud tippkvaliteedilisest terasest, k\u00f5ik k\u00e4\u00e4ri osad vahetatavad.\u00a0Felco 160 aiak\u00e4\u00e4rid tagavad puhta, t\u00e4pse l\u00f5ike. T\u00f5hus ja lihtne kasutada. Sobivad suuremale k\u00e4ele.<\/p>\n","protected":false},"featured_media":2381740,"comment_status":"closed","ping_status":"closed","template":"","meta":{"_themeisle_gutenberg_block_has_review":false},"product_cat":[13349,13622],"product_tag":[],"class_list":{"0":"post-152566","1":"product","2":"type-product","3":"status-publish","4":"has-post-thumbnail","6":"product_cat-kaarid","7":"product_cat-aiatooriistad-tootjale","9":"first","10":"instock","11":"shipping-taxable","12":"purchasable","13":"product-type-simple"},"yoast_head":"<!-- This site is optimized with the Yoast SEO plugin v24.0 - https:\/\/yoast.com\/wordpress\/plugins\/seo\/ -->\n<title>Aiak\u00e4\u00e4rid Felco 160 L suurele k\u00e4ele l\u00f5ike d25mm 22cm kaal 190g - Horticom<\/title>\n<meta name=\"robots\" content=\"index, follow, max-snippet:-1, max-image-preview:large, max-video-preview:-1\" \/>\n<link rel=\"canonical\" href=\"https:\/\/horticom.ee\/e-pood\/toode\/aiakaarid-felco-160-l-suurele-kaele-25mm-22cm-190g\/\" \/>\n<meta property=\"og:locale\" content=\"et_EE\" \/>\n<meta property=\"og:type\" content=\"article\" \/>\n<meta property=\"og:title\" content=\"Aiak\u00e4\u00e4rid Felco 160 L suurele k\u00e4ele l\u00f5ike d25mm 22cm kaal 190g - Horticom\" \/>\n<meta property=\"og:description\" content=\"Mugavad, kerged ja tugevad. Sepistatud alumiiniumist k\u00e4epidemed on eluaegse garantiiga. Tera ja vastutera valmistatud tippkvaliteedilisest terasest, k\u00f5ik k\u00e4\u00e4ri osad vahetatavad.\u00a0Felco 160 aiak\u00e4\u00e4rid tagavad puhta, t\u00e4pse l\u00f5ike. T\u00f5hus ja lihtne kasutada. Sobivad suuremale k\u00e4ele.\" \/>\n<meta property=\"og:url\" content=\"https:\/\/horticom.ee\/e-pood\/toode\/aiakaarid-felco-160-l-suurele-kaele-25mm-22cm-190g\/\" \/>\n<meta property=\"og:site_name\" content=\"Horticom.ee\" \/>\n<meta property=\"article:publisher\" content=\"https:\/\/www.facebook.com\/horticom.ee\/e-pood\" \/>\n<meta property=\"article:modified_time\" content=\"2026-05-13T00:04:23+00:00\" \/>\n<meta property=\"og:image\" content=\"https:\/\/horticom.ee\/e-pood\/wp-content\/uploads\/importedmedia\/product-152566_0-3600056-458x1024.jpg\" \/>\n\t<meta property=\"og:image:width\" content=\"458\" \/>\n\t<meta property=\"og:image:height\" content=\"1024\" \/>\n\t<meta property=\"og:image:type\" content=\"image\/jpeg\" \/>\n<meta name=\"twitter:card\" content=\"summary_large_image\" \/>\n<script type=\"application\/ld+json\" class=\"yoast-schema-graph\">{\"@context\":\"https:\/\/schema.org\",\"@graph\":[{\"@type\":\"WebPage\",\"@id\":\"https:\/\/horticom.ee\/e-pood\/toode\/aiakaarid-felco-160-l-suurele-kaele-25mm-22cm-190g\/\",\"url\":\"https:\/\/horticom.ee\/e-pood\/toode\/aiakaarid-felco-160-l-suurele-kaele-25mm-22cm-190g\/\",\"name\":\"Aiak\u00e4\u00e4rid Felco 160 L suurele k\u00e4ele l\u00f5ike d25mm 22cm kaal 190g - Horticom\",\"isPartOf\":{\"@id\":\"https:\/\/horticom.ee\/e-pood\/#website\"},\"primaryImageOfPage\":{\"@id\":\"https:\/\/horticom.ee\/e-pood\/toode\/aiakaarid-felco-160-l-suurele-kaele-25mm-22cm-190g\/#primaryimage\"},\"image\":{\"@id\":\"https:\/\/horticom.ee\/e-pood\/toode\/aiakaarid-felco-160-l-suurele-kaele-25mm-22cm-190g\/#primaryimage\"},\"thumbnailUrl\":\"https:\/\/horticom.ee\/e-pood\/wp-content\/uploads\/importedmedia\/product-152566_0-3600056.jpg\",\"datePublished\":\"2022-01-17T13:57:35+00:00\",\"dateModified\":\"2026-05-13T00:04:23+00:00\",\"breadcrumb\":{\"@id\":\"https:\/\/horticom.ee\/e-pood\/toode\/aiakaarid-felco-160-l-suurele-kaele-25mm-22cm-190g\/#breadcrumb\"},\"inLanguage\":\"et\",\"potentialAction\":[{\"@type\":\"ReadAction\",\"target\":[\"https:\/\/horticom.ee\/e-pood\/toode\/aiakaarid-felco-160-l-suurele-kaele-25mm-22cm-190g\/\"]}]},{\"@type\":\"ImageObject\",\"inLanguage\":\"et\",\"@id\":\"https:\/\/horticom.ee\/e-pood\/toode\/aiakaarid-felco-160-l-suurele-kaele-25mm-22cm-190g\/#primaryimage\",\"url\":\"https:\/\/horticom.ee\/e-pood\/wp-content\/uploads\/importedmedia\/product-152566_0-3600056.jpg\",\"contentUrl\":\"https:\/\/horticom.ee\/e-pood\/wp-content\/uploads\/importedmedia\/product-152566_0-3600056.jpg\",\"width\":1000,\"height\":2238},{\"@type\":\"BreadcrumbList\",\"@id\":\"https:\/\/horticom.ee\/e-pood\/toode\/aiakaarid-felco-160-l-suurele-kaele-25mm-22cm-190g\/#breadcrumb\",\"itemListElement\":[{\"@type\":\"ListItem\",\"position\":1,\"name\":\"Home\",\"item\":\"https:\/\/horticom.ee\/e-pood\/\"},{\"@type\":\"ListItem\",\"position\":2,\"name\":\"Pood\",\"item\":\"https:\/\/horticom.ee\/e-pood\/pood\/\"},{\"@type\":\"ListItem\",\"position\":3,\"name\":\"Aiak\u00e4\u00e4rid Felco 160 L suurele k\u00e4ele l\u00f5ike d25mm 22cm kaal 190g\"}]},{\"@type\":\"WebSite\",\"@id\":\"https:\/\/horticom.ee\/e-pood\/#website\",\"url\":\"https:\/\/horticom.ee\/e-pood\/\",\"name\":\"Horticom.ee\",\"description\":\"Aianduskaubad ja kodukaubad nii harrastajatele kui professionaalidele\",\"potentialAction\":[{\"@type\":\"SearchAction\",\"target\":{\"@type\":\"EntryPoint\",\"urlTemplate\":\"https:\/\/horticom.ee\/e-pood\/?s={search_term_string}\"},\"query-input\":{\"@type\":\"PropertyValueSpecification\",\"valueRequired\":true,\"valueName\":\"search_term_string\"}}],\"inLanguage\":\"et\"}]}<\/script>\n<!-- \/ Yoast SEO plugin. -->","yoast_head_json":{"title":"Aiak\u00e4\u00e4rid Felco 160 L suurele k\u00e4ele l\u00f5ike d25mm 22cm kaal 190g - Horticom","robots":{"index":"index","follow":"follow","max-snippet":"max-snippet:-1","max-image-preview":"max-image-preview:large","max-video-preview":"max-video-preview:-1"},"canonical":"https:\/\/horticom.ee\/e-pood\/toode\/aiakaarid-felco-160-l-suurele-kaele-25mm-22cm-190g\/","og_locale":"et_EE","og_type":"article","og_title":"Aiak\u00e4\u00e4rid Felco 160 L suurele k\u00e4ele l\u00f5ike d25mm 22cm kaal 190g - Horticom","og_description":"Mugavad, kerged ja tugevad. Sepistatud alumiiniumist k\u00e4epidemed on eluaegse garantiiga. Tera ja vastutera valmistatud tippkvaliteedilisest terasest, k\u00f5ik k\u00e4\u00e4ri osad vahetatavad.\u00a0Felco 160 aiak\u00e4\u00e4rid tagavad puhta, t\u00e4pse l\u00f5ike. T\u00f5hus ja lihtne kasutada. Sobivad suuremale k\u00e4ele.","og_url":"https:\/\/horticom.ee\/e-pood\/toode\/aiakaarid-felco-160-l-suurele-kaele-25mm-22cm-190g\/","og_site_name":"Horticom.ee","article_publisher":"https:\/\/www.facebook.com\/horticom.ee\/e-pood","article_modified_time":"2026-05-13T00:04:23+00:00","og_image":[{"width":458,"height":1024,"url":"https:\/\/horticom.ee\/e-pood\/wp-content\/uploads\/importedmedia\/product-152566_0-3600056-458x1024.jpg","type":"image\/jpeg"}],"twitter_card":"summary_large_image","schema":{"@context":"https:\/\/schema.org","@graph":[{"@type":"WebPage","@id":"https:\/\/horticom.ee\/e-pood\/toode\/aiakaarid-felco-160-l-suurele-kaele-25mm-22cm-190g\/","url":"https:\/\/horticom.ee\/e-pood\/toode\/aiakaarid-felco-160-l-suurele-kaele-25mm-22cm-190g\/","name":"Aiak\u00e4\u00e4rid Felco 160 L suurele k\u00e4ele l\u00f5ike d25mm 22cm kaal 190g - Horticom","isPartOf":{"@id":"https:\/\/horticom.ee\/e-pood\/#website"},"primaryImageOfPage":{"@id":"https:\/\/horticom.ee\/e-pood\/toode\/aiakaarid-felco-160-l-suurele-kaele-25mm-22cm-190g\/#primaryimage"},"image":{"@id":"https:\/\/horticom.ee\/e-pood\/toode\/aiakaarid-felco-160-l-suurele-kaele-25mm-22cm-190g\/#primaryimage"},"thumbnailUrl":"https:\/\/horticom.ee\/e-pood\/wp-content\/uploads\/importedmedia\/product-152566_0-3600056.jpg","datePublished":"2022-01-17T13:57:35+00:00","dateModified":"2026-05-13T00:04:23+00:00","breadcrumb":{"@id":"https:\/\/horticom.ee\/e-pood\/toode\/aiakaarid-felco-160-l-suurele-kaele-25mm-22cm-190g\/#breadcrumb"},"inLanguage":"et","potentialAction":[{"@type":"ReadAction","target":["https:\/\/horticom.ee\/e-pood\/toode\/aiakaarid-felco-160-l-suurele-kaele-25mm-22cm-190g\/"]}]},{"@type":"ImageObject","inLanguage":"et","@id":"https:\/\/horticom.ee\/e-pood\/toode\/aiakaarid-felco-160-l-suurele-kaele-25mm-22cm-190g\/#primaryimage","url":"https:\/\/horticom.ee\/e-pood\/wp-content\/uploads\/importedmedia\/product-152566_0-3600056.jpg","contentUrl":"https:\/\/horticom.ee\/e-pood\/wp-content\/uploads\/importedmedia\/product-152566_0-3600056.jpg","width":1000,"height":2238},{"@type":"BreadcrumbList","@id":"https:\/\/horticom.ee\/e-pood\/toode\/aiakaarid-felco-160-l-suurele-kaele-25mm-22cm-190g\/#breadcrumb","itemListElement":[{"@type":"ListItem","position":1,"name":"Home","item":"https:\/\/horticom.ee\/e-pood\/"},{"@type":"ListItem","position":2,"name":"Pood","item":"https:\/\/horticom.ee\/e-pood\/pood\/"},{"@type":"ListItem","position":3,"name":"Aiak\u00e4\u00e4rid Felco 160 L suurele k\u00e4ele l\u00f5ike d25mm 22cm kaal 190g"}]},{"@type":"WebSite","@id":"https:\/\/horticom.ee\/e-pood\/#website","url":"https:\/\/horticom.ee\/e-pood\/","name":"Horticom.ee","description":"Aianduskaubad ja kodukaubad nii harrastajatele kui professionaalidele","potentialAction":[{"@type":"SearchAction","target":{"@type":"EntryPoint","urlTemplate":"https:\/\/horticom.ee\/e-pood\/?s={search_term_string}"},"query-input":{"@type":"PropertyValueSpecification","valueRequired":true,"valueName":"search_term_string"}}],"inLanguage":"et"}]}},"_links":{"self":[{"href":"https:\/\/horticom.ee\/e-pood\/wp-json\/wp\/v2\/product\/152566","targetHints":{"allow":["GET"]}}],"collection":[{"href":"https:\/\/horticom.ee\/e-pood\/wp-json\/wp\/v2\/product"}],"about":[{"href":"https:\/\/horticom.ee\/e-pood\/wp-json\/wp\/v2\/types\/product"}],"replies":[{"embeddable":true,"href":"https:\/\/horticom.ee\/e-pood\/wp-json\/wp\/v2\/comments?post=152566"}],"wp:featuredmedia":[{"embeddable":true,"href":"https:\/\/horticom.ee\/e-pood\/wp-json\/wp\/v2\/media\/2381740"}],"wp:attachment":[{"href":"https:\/\/horticom.ee\/e-pood\/wp-json\/wp\/v2\/media?parent=152566"}],"wp:term":[{"taxonomy":"product_cat","embeddable":true,"href":"https:\/\/horticom.ee\/e-pood\/wp-json\/wp\/v2\/product_cat?post=152566"},{"taxonomy":"product_tag","embeddable":true,"href":"https:\/\/horticom.ee\/e-pood\/wp-json\/wp\/v2\/product_tag?post=152566"}],"curies":[{"name":"wp","href":"https:\/\/api.w.org\/{rel}","templated":true}]}}