{"id":152576,"date":"2022-01-17T15:57:40","date_gmt":"2022-01-17T13:57:40","guid":{"rendered":"https:\/\/aednik24.ee\/toode\/katteloor-horticom-17g-m2-320-x-10m-32m2\/"},"modified":"2026-05-02T03:03:48","modified_gmt":"2026-05-02T00:03:48","slug":"katteloor-horticom-17g-m2-320-x-10m-32m2","status":"publish","type":"product","link":"https:\/\/horticom.ee\/e-pood\/toode\/katteloor-horticom-17g-m2-320-x-10m-32m2\/","title":{"rendered":"Katteloor Horticom 17g\/m2 3,20 x 10m 32m2"},"content":{"rendered":"<p>UV kindel, vett ja \u00f5hku l\u00e4bi laskev v\u00e4ga kerge kangas, mida kasutatakse k\u00f6\u00f6giviljade, k\u00fclma\u00f5rnade kultuuride ja k\u00fclvide katmiseks. Selle abil saavutatakse ideaalsed tingimused taimede kasvuks. Loori all on \u00fchtlane temperatuur, sobiv \u00f5hutsirkulatsioon, piisavalt valgust ja niiskust. Katteloor on suurep\u00e4rase veel\u00e4bilaskev\u00f5imega ja ideaalse valgusl\u00e4bilaskev\u00f5imega. T\u00e4nu tugevatele ja \u00fchtlaselt jaotatud kiududele on loori kasutusaeg pikk.<\/p>\n","protected":false},"excerpt":{"rendered":"<p>UV kindel, vett ja \u00f5hku l\u00e4bi laskev v\u00e4ga kerge kangas, mida kasutatakse k\u00f6\u00f6giviljade, k\u00fclma\u00f5rnade kultuuride ja k\u00fclvide katmiseks. Selle abil saavutatakse ideaalsed tingimused taimede kasvuks. Loori all on \u00fchtlane temperatuur, sobiv \u00f5hutsirkulatsioon, piisavalt valgust ja niiskust. Katteloor on suurep\u00e4rase veel\u00e4bilaskev\u00f5imega ja ideaalse valgusl\u00e4bilaskev\u00f5imega. T\u00e4nu tugevatele ja \u00fchtlaselt jaotatud kiududele on loori kasutusaeg pikk.<\/p>\n","protected":false},"featured_media":178732,"comment_status":"closed","ping_status":"closed","template":"","meta":{"_themeisle_gutenberg_block_has_review":false},"product_cat":[13384,13636],"product_tag":[],"class_list":{"0":"post-152576","1":"product","2":"type-product","3":"status-publish","4":"has-post-thumbnail","6":"product_cat-katteloorid","7":"product_cat-katteloorid-tootjale","9":"first","10":"instock","11":"shipping-taxable","12":"purchasable","13":"product-type-simple"},"yoast_head":"<!-- This site is optimized with the Yoast SEO plugin v24.0 - https:\/\/yoast.com\/wordpress\/plugins\/seo\/ -->\n<title>Katteloor Horticom 17g\/m2 3,20 x 10m 32m2 - Horticom.ee<\/title>\n<meta name=\"description\" content=\"UV kindel, vett ja \u00f5hku l\u00e4bi laskev v\u00e4ga kerge kangas, mida kasutatakse k\u00f6\u00f6giviljade, k\u00fclma\u00f5rnade kultuuride ja k\u00fclvide katmiseks.\" \/>\n<meta name=\"robots\" content=\"index, follow, max-snippet:-1, max-image-preview:large, max-video-preview:-1\" \/>\n<link rel=\"canonical\" href=\"https:\/\/horticom.ee\/e-pood\/toode\/katteloor-horticom-17g-m2-320-x-10m-32m2\/\" \/>\n<meta property=\"og:locale\" content=\"et_EE\" \/>\n<meta property=\"og:type\" content=\"article\" \/>\n<meta property=\"og:title\" content=\"Katteloor Horticom 17g\/m2 3,20 x 10m 32m2 - Horticom.ee\" \/>\n<meta property=\"og:description\" content=\"UV kindel, vett ja \u00f5hku l\u00e4bi laskev v\u00e4ga kerge kangas, mida kasutatakse k\u00f6\u00f6giviljade, k\u00fclma\u00f5rnade kultuuride ja k\u00fclvide katmiseks.\" \/>\n<meta property=\"og:url\" content=\"https:\/\/horticom.ee\/e-pood\/toode\/katteloor-horticom-17g-m2-320-x-10m-32m2\/\" \/>\n<meta property=\"og:site_name\" content=\"Horticom.ee\" \/>\n<meta property=\"article:publisher\" content=\"https:\/\/www.facebook.com\/horticom.ee\/e-pood\" \/>\n<meta property=\"article:modified_time\" content=\"2026-05-02T00:03:48+00:00\" \/>\n<meta property=\"og:image\" content=\"https:\/\/horticom.ee\/e-pood\/wp-content\/uploads\/importedmedia\/product-152576_0-86AL74.jpg\" \/>\n\t<meta property=\"og:image:width\" content=\"1000\" \/>\n\t<meta property=\"og:image:height\" content=\"1400\" \/>\n\t<meta property=\"og:image:type\" content=\"image\/jpeg\" \/>\n<meta name=\"twitter:card\" content=\"summary_large_image\" \/>\n<script type=\"application\/ld+json\" class=\"yoast-schema-graph\">{\"@context\":\"https:\/\/schema.org\",\"@graph\":[{\"@type\":\"WebPage\",\"@id\":\"https:\/\/horticom.ee\/e-pood\/toode\/katteloor-horticom-17g-m2-320-x-10m-32m2\/\",\"url\":\"https:\/\/horticom.ee\/e-pood\/toode\/katteloor-horticom-17g-m2-320-x-10m-32m2\/\",\"name\":\"Katteloor Horticom 17g\/m2 3,20 x 10m 32m2 - Horticom.ee\",\"isPartOf\":{\"@id\":\"https:\/\/horticom.ee\/e-pood\/#website\"},\"primaryImageOfPage\":{\"@id\":\"https:\/\/horticom.ee\/e-pood\/toode\/katteloor-horticom-17g-m2-320-x-10m-32m2\/#primaryimage\"},\"image\":{\"@id\":\"https:\/\/horticom.ee\/e-pood\/toode\/katteloor-horticom-17g-m2-320-x-10m-32m2\/#primaryimage\"},\"thumbnailUrl\":\"https:\/\/horticom.ee\/e-pood\/wp-content\/uploads\/importedmedia\/product-152576_0-86AL74.jpg\",\"datePublished\":\"2022-01-17T13:57:40+00:00\",\"dateModified\":\"2026-05-02T00:03:48+00:00\",\"description\":\"UV kindel, vett ja \u00f5hku l\u00e4bi laskev v\u00e4ga kerge kangas, mida kasutatakse k\u00f6\u00f6giviljade, k\u00fclma\u00f5rnade kultuuride ja k\u00fclvide katmiseks.\",\"breadcrumb\":{\"@id\":\"https:\/\/horticom.ee\/e-pood\/toode\/katteloor-horticom-17g-m2-320-x-10m-32m2\/#breadcrumb\"},\"inLanguage\":\"et\",\"potentialAction\":[{\"@type\":\"ReadAction\",\"target\":[\"https:\/\/horticom.ee\/e-pood\/toode\/katteloor-horticom-17g-m2-320-x-10m-32m2\/\"]}]},{\"@type\":\"ImageObject\",\"inLanguage\":\"et\",\"@id\":\"https:\/\/horticom.ee\/e-pood\/toode\/katteloor-horticom-17g-m2-320-x-10m-32m2\/#primaryimage\",\"url\":\"https:\/\/horticom.ee\/e-pood\/wp-content\/uploads\/importedmedia\/product-152576_0-86AL74.jpg\",\"contentUrl\":\"https:\/\/horticom.ee\/e-pood\/wp-content\/uploads\/importedmedia\/product-152576_0-86AL74.jpg\",\"width\":1000,\"height\":1400,\"caption\":\"Katteloor Horticom 17g\/m2 3,20 x 10m 32m2\"},{\"@type\":\"BreadcrumbList\",\"@id\":\"https:\/\/horticom.ee\/e-pood\/toode\/katteloor-horticom-17g-m2-320-x-10m-32m2\/#breadcrumb\",\"itemListElement\":[{\"@type\":\"ListItem\",\"position\":1,\"name\":\"Home\",\"item\":\"https:\/\/horticom.ee\/e-pood\/\"},{\"@type\":\"ListItem\",\"position\":2,\"name\":\"Pood\",\"item\":\"https:\/\/horticom.ee\/e-pood\/pood\/\"},{\"@type\":\"ListItem\",\"position\":3,\"name\":\"Katteloor Horticom 17g\/m2 3,20 x 10m 32m2\"}]},{\"@type\":\"WebSite\",\"@id\":\"https:\/\/horticom.ee\/e-pood\/#website\",\"url\":\"https:\/\/horticom.ee\/e-pood\/\",\"name\":\"Horticom.ee\",\"description\":\"Aianduskaubad ja kodukaubad nii harrastajatele kui professionaalidele\",\"potentialAction\":[{\"@type\":\"SearchAction\",\"target\":{\"@type\":\"EntryPoint\",\"urlTemplate\":\"https:\/\/horticom.ee\/e-pood\/?s={search_term_string}\"},\"query-input\":{\"@type\":\"PropertyValueSpecification\",\"valueRequired\":true,\"valueName\":\"search_term_string\"}}],\"inLanguage\":\"et\"}]}<\/script>\n<!-- \/ Yoast SEO plugin. -->","yoast_head_json":{"title":"Katteloor Horticom 17g\/m2 3,20 x 10m 32m2 - Horticom.ee","description":"UV kindel, vett ja \u00f5hku l\u00e4bi laskev v\u00e4ga kerge kangas, mida kasutatakse k\u00f6\u00f6giviljade, k\u00fclma\u00f5rnade kultuuride ja k\u00fclvide katmiseks.","robots":{"index":"index","follow":"follow","max-snippet":"max-snippet:-1","max-image-preview":"max-image-preview:large","max-video-preview":"max-video-preview:-1"},"canonical":"https:\/\/horticom.ee\/e-pood\/toode\/katteloor-horticom-17g-m2-320-x-10m-32m2\/","og_locale":"et_EE","og_type":"article","og_title":"Katteloor Horticom 17g\/m2 3,20 x 10m 32m2 - Horticom.ee","og_description":"UV kindel, vett ja \u00f5hku l\u00e4bi laskev v\u00e4ga kerge kangas, mida kasutatakse k\u00f6\u00f6giviljade, k\u00fclma\u00f5rnade kultuuride ja k\u00fclvide katmiseks.","og_url":"https:\/\/horticom.ee\/e-pood\/toode\/katteloor-horticom-17g-m2-320-x-10m-32m2\/","og_site_name":"Horticom.ee","article_publisher":"https:\/\/www.facebook.com\/horticom.ee\/e-pood","article_modified_time":"2026-05-02T00:03:48+00:00","og_image":[{"width":1000,"height":1400,"url":"https:\/\/horticom.ee\/e-pood\/wp-content\/uploads\/importedmedia\/product-152576_0-86AL74.jpg","type":"image\/jpeg"}],"twitter_card":"summary_large_image","schema":{"@context":"https:\/\/schema.org","@graph":[{"@type":"WebPage","@id":"https:\/\/horticom.ee\/e-pood\/toode\/katteloor-horticom-17g-m2-320-x-10m-32m2\/","url":"https:\/\/horticom.ee\/e-pood\/toode\/katteloor-horticom-17g-m2-320-x-10m-32m2\/","name":"Katteloor Horticom 17g\/m2 3,20 x 10m 32m2 - Horticom.ee","isPartOf":{"@id":"https:\/\/horticom.ee\/e-pood\/#website"},"primaryImageOfPage":{"@id":"https:\/\/horticom.ee\/e-pood\/toode\/katteloor-horticom-17g-m2-320-x-10m-32m2\/#primaryimage"},"image":{"@id":"https:\/\/horticom.ee\/e-pood\/toode\/katteloor-horticom-17g-m2-320-x-10m-32m2\/#primaryimage"},"thumbnailUrl":"https:\/\/horticom.ee\/e-pood\/wp-content\/uploads\/importedmedia\/product-152576_0-86AL74.jpg","datePublished":"2022-01-17T13:57:40+00:00","dateModified":"2026-05-02T00:03:48+00:00","description":"UV kindel, vett ja \u00f5hku l\u00e4bi laskev v\u00e4ga kerge kangas, mida kasutatakse k\u00f6\u00f6giviljade, k\u00fclma\u00f5rnade kultuuride ja k\u00fclvide katmiseks.","breadcrumb":{"@id":"https:\/\/horticom.ee\/e-pood\/toode\/katteloor-horticom-17g-m2-320-x-10m-32m2\/#breadcrumb"},"inLanguage":"et","potentialAction":[{"@type":"ReadAction","target":["https:\/\/horticom.ee\/e-pood\/toode\/katteloor-horticom-17g-m2-320-x-10m-32m2\/"]}]},{"@type":"ImageObject","inLanguage":"et","@id":"https:\/\/horticom.ee\/e-pood\/toode\/katteloor-horticom-17g-m2-320-x-10m-32m2\/#primaryimage","url":"https:\/\/horticom.ee\/e-pood\/wp-content\/uploads\/importedmedia\/product-152576_0-86AL74.jpg","contentUrl":"https:\/\/horticom.ee\/e-pood\/wp-content\/uploads\/importedmedia\/product-152576_0-86AL74.jpg","width":1000,"height":1400,"caption":"Katteloor Horticom 17g\/m2 3,20 x 10m 32m2"},{"@type":"BreadcrumbList","@id":"https:\/\/horticom.ee\/e-pood\/toode\/katteloor-horticom-17g-m2-320-x-10m-32m2\/#breadcrumb","itemListElement":[{"@type":"ListItem","position":1,"name":"Home","item":"https:\/\/horticom.ee\/e-pood\/"},{"@type":"ListItem","position":2,"name":"Pood","item":"https:\/\/horticom.ee\/e-pood\/pood\/"},{"@type":"ListItem","position":3,"name":"Katteloor Horticom 17g\/m2 3,20 x 10m 32m2"}]},{"@type":"WebSite","@id":"https:\/\/horticom.ee\/e-pood\/#website","url":"https:\/\/horticom.ee\/e-pood\/","name":"Horticom.ee","description":"Aianduskaubad ja kodukaubad nii harrastajatele kui professionaalidele","potentialAction":[{"@type":"SearchAction","target":{"@type":"EntryPoint","urlTemplate":"https:\/\/horticom.ee\/e-pood\/?s={search_term_string}"},"query-input":{"@type":"PropertyValueSpecification","valueRequired":true,"valueName":"search_term_string"}}],"inLanguage":"et"}]}},"_links":{"self":[{"href":"https:\/\/horticom.ee\/e-pood\/wp-json\/wp\/v2\/product\/152576","targetHints":{"allow":["GET"]}}],"collection":[{"href":"https:\/\/horticom.ee\/e-pood\/wp-json\/wp\/v2\/product"}],"about":[{"href":"https:\/\/horticom.ee\/e-pood\/wp-json\/wp\/v2\/types\/product"}],"replies":[{"embeddable":true,"href":"https:\/\/horticom.ee\/e-pood\/wp-json\/wp\/v2\/comments?post=152576"}],"wp:featuredmedia":[{"embeddable":true,"href":"https:\/\/horticom.ee\/e-pood\/wp-json\/wp\/v2\/media\/178732"}],"wp:attachment":[{"href":"https:\/\/horticom.ee\/e-pood\/wp-json\/wp\/v2\/media?parent=152576"}],"wp:term":[{"taxonomy":"product_cat","embeddable":true,"href":"https:\/\/horticom.ee\/e-pood\/wp-json\/wp\/v2\/product_cat?post=152576"},{"taxonomy":"product_tag","embeddable":true,"href":"https:\/\/horticom.ee\/e-pood\/wp-json\/wp\/v2\/product_tag?post=152576"}],"curies":[{"name":"wp","href":"https:\/\/api.w.org\/{rel}","templated":true}]}}