{"id":152581,"date":"2022-01-17T15:57:43","date_gmt":"2022-01-17T13:57:43","guid":{"rendered":"https:\/\/aednik24.ee\/toode\/prussaka-spray-arox-500ml\/"},"modified":"2026-04-21T11:01:32","modified_gmt":"2026-04-21T08:01:32","slug":"prussaka-spray-arox-500ml","status":"publish","type":"product","link":"https:\/\/horticom.ee\/e-pood\/toode\/prussaka-spray-arox-500ml\/","title":{"rendered":"Prussaka Spray Arox 500ml"},"content":{"rendered":"<p>Kasutusvalmis vedel insektitsiid ja akaritsiid, mida kasutatakse prussakate ja teiste roomavate putukate t\u00f5rjeks eramutes, \u00e4rihoonetes, ladudes ja lautades. Toode hakkab toimima paar minutit p\u00e4rast kokkupuudet ja biotsiidne toime avaldub tunni aja p\u00e4rast. Toote pikaajaline kaitse ruumis peale t\u00f6\u00f6tlemist on kuni kolm kuud olenevalt kasutustingimustest. NB! KASUTAGE  BIOTSIIDI  OHUTULT. ENNE KASUTAMIST LUGEGE ALATI L\u00c4BI M\u00c4RGISTUS JA TEAVE TOOTE KOHTA.<\/p>\n","protected":false},"excerpt":{"rendered":"<p>Kasutusvalmis vedel insektitsiid ja akaritsiid, mida kasutatakse prussakate ja teiste roomavate putukate t\u00f5rjeks eramutes, \u00e4rihoonetes, ladudes ja lautades. Toode hakkab toimima paar minutit p\u00e4rast kokkupuudet ja biotsiidne toime avaldub tunni aja p\u00e4rast. Toote pikaajaline kaitse ruumis peale t\u00f6\u00f6tlemist on kuni kolm kuud olenevalt kasutustingimustest. NB! KASUTAGE BIOTSIIDI OHUTULT. ENNE KASUTAMIST LUGEGE ALATI L\u00c4BI M\u00c4RGISTUS JA [&hellip;]<\/p>\n","protected":false},"featured_media":178719,"comment_status":"closed","ping_status":"closed","template":"","meta":{"_themeisle_gutenberg_block_has_review":false},"product_cat":[13596],"product_tag":[],"class_list":{"0":"post-152581","1":"product","2":"type-product","3":"status-publish","4":"has-post-thumbnail","6":"product_cat-prussakad","8":"first","9":"instock","10":"shipping-taxable","11":"purchasable","12":"product-type-simple"},"yoast_head":"<!-- This site is optimized with the Yoast SEO plugin v24.0 - https:\/\/yoast.com\/wordpress\/plugins\/seo\/ -->\n<title>Prussaka Spray Arox 500ml - Horticom.ee\/e-pood<\/title>\n<meta name=\"description\" content=\"Kasutusvalmis vedel insektitsiid ja akaritsiid, mida kasutatakse prussakate ja teiste roomavate putukate t\u00f5rjeks eramutes, \u00e4rihoonetes, ladudes ja lautades.\" \/>\n<meta name=\"robots\" content=\"index, follow, max-snippet:-1, max-image-preview:large, max-video-preview:-1\" \/>\n<link rel=\"canonical\" href=\"https:\/\/horticom.ee\/e-pood\/toode\/prussaka-spray-arox-500ml\/\" \/>\n<meta property=\"og:locale\" content=\"et_EE\" \/>\n<meta property=\"og:type\" content=\"article\" \/>\n<meta property=\"og:title\" content=\"Prussaka Spray Arox 500ml - Horticom.ee\/e-pood\" \/>\n<meta property=\"og:description\" content=\"Kasutusvalmis vedel insektitsiid ja akaritsiid, mida kasutatakse prussakate ja teiste roomavate putukate t\u00f5rjeks eramutes, \u00e4rihoonetes, ladudes ja lautades.\" \/>\n<meta property=\"og:url\" content=\"https:\/\/horticom.ee\/e-pood\/toode\/prussaka-spray-arox-500ml\/\" \/>\n<meta property=\"og:site_name\" content=\"Horticom.ee\" \/>\n<meta property=\"article:publisher\" content=\"https:\/\/www.facebook.com\/horticom.ee\/e-pood\" \/>\n<meta property=\"article:modified_time\" content=\"2026-04-21T08:01:32+00:00\" \/>\n<meta property=\"og:image\" content=\"https:\/\/horticom.ee\/e-pood\/wp-content\/uploads\/importedmedia\/product-152581_0-P0204.jpg\" \/>\n\t<meta property=\"og:image:width\" content=\"1000\" \/>\n\t<meta property=\"og:image:height\" content=\"1499\" \/>\n\t<meta property=\"og:image:type\" content=\"image\/jpeg\" \/>\n<meta name=\"twitter:card\" content=\"summary_large_image\" \/>\n<script type=\"application\/ld+json\" class=\"yoast-schema-graph\">{\"@context\":\"https:\/\/schema.org\",\"@graph\":[{\"@type\":\"WebPage\",\"@id\":\"https:\/\/horticom.ee\/e-pood\/toode\/prussaka-spray-arox-500ml\/\",\"url\":\"https:\/\/horticom.ee\/e-pood\/toode\/prussaka-spray-arox-500ml\/\",\"name\":\"Prussaka Spray Arox 500ml - Horticom.ee\/e-pood\",\"isPartOf\":{\"@id\":\"https:\/\/horticom.ee\/e-pood\/#website\"},\"primaryImageOfPage\":{\"@id\":\"https:\/\/horticom.ee\/e-pood\/toode\/prussaka-spray-arox-500ml\/#primaryimage\"},\"image\":{\"@id\":\"https:\/\/horticom.ee\/e-pood\/toode\/prussaka-spray-arox-500ml\/#primaryimage\"},\"thumbnailUrl\":\"https:\/\/horticom.ee\/e-pood\/wp-content\/uploads\/importedmedia\/product-152581_0-P0204.jpg\",\"datePublished\":\"2022-01-17T13:57:43+00:00\",\"dateModified\":\"2026-04-21T08:01:32+00:00\",\"description\":\"Kasutusvalmis vedel insektitsiid ja akaritsiid, mida kasutatakse prussakate ja teiste roomavate putukate t\u00f5rjeks eramutes, \u00e4rihoonetes, ladudes ja lautades.\",\"breadcrumb\":{\"@id\":\"https:\/\/horticom.ee\/e-pood\/toode\/prussaka-spray-arox-500ml\/#breadcrumb\"},\"inLanguage\":\"et\",\"potentialAction\":[{\"@type\":\"ReadAction\",\"target\":[\"https:\/\/horticom.ee\/e-pood\/toode\/prussaka-spray-arox-500ml\/\"]}]},{\"@type\":\"ImageObject\",\"inLanguage\":\"et\",\"@id\":\"https:\/\/horticom.ee\/e-pood\/toode\/prussaka-spray-arox-500ml\/#primaryimage\",\"url\":\"https:\/\/horticom.ee\/e-pood\/wp-content\/uploads\/importedmedia\/product-152581_0-P0204.jpg\",\"contentUrl\":\"https:\/\/horticom.ee\/e-pood\/wp-content\/uploads\/importedmedia\/product-152581_0-P0204.jpg\",\"width\":1000,\"height\":1499,\"caption\":\"Prussaka Spray Arox 500ml\"},{\"@type\":\"BreadcrumbList\",\"@id\":\"https:\/\/horticom.ee\/e-pood\/toode\/prussaka-spray-arox-500ml\/#breadcrumb\",\"itemListElement\":[{\"@type\":\"ListItem\",\"position\":1,\"name\":\"Home\",\"item\":\"https:\/\/horticom.ee\/e-pood\/\"},{\"@type\":\"ListItem\",\"position\":2,\"name\":\"Pood\",\"item\":\"https:\/\/horticom.ee\/e-pood\/pood\/\"},{\"@type\":\"ListItem\",\"position\":3,\"name\":\"Prussaka Spray Arox 500ml\"}]},{\"@type\":\"WebSite\",\"@id\":\"https:\/\/horticom.ee\/e-pood\/#website\",\"url\":\"https:\/\/horticom.ee\/e-pood\/\",\"name\":\"Horticom.ee\",\"description\":\"Aianduskaubad ja kodukaubad nii harrastajatele kui professionaalidele\",\"potentialAction\":[{\"@type\":\"SearchAction\",\"target\":{\"@type\":\"EntryPoint\",\"urlTemplate\":\"https:\/\/horticom.ee\/e-pood\/?s={search_term_string}\"},\"query-input\":{\"@type\":\"PropertyValueSpecification\",\"valueRequired\":true,\"valueName\":\"search_term_string\"}}],\"inLanguage\":\"et\"}]}<\/script>\n<!-- \/ Yoast SEO plugin. -->","yoast_head_json":{"title":"Prussaka Spray Arox 500ml - Horticom.ee\/e-pood","description":"Kasutusvalmis vedel insektitsiid ja akaritsiid, mida kasutatakse prussakate ja teiste roomavate putukate t\u00f5rjeks eramutes, \u00e4rihoonetes, ladudes ja lautades.","robots":{"index":"index","follow":"follow","max-snippet":"max-snippet:-1","max-image-preview":"max-image-preview:large","max-video-preview":"max-video-preview:-1"},"canonical":"https:\/\/horticom.ee\/e-pood\/toode\/prussaka-spray-arox-500ml\/","og_locale":"et_EE","og_type":"article","og_title":"Prussaka Spray Arox 500ml - Horticom.ee\/e-pood","og_description":"Kasutusvalmis vedel insektitsiid ja akaritsiid, mida kasutatakse prussakate ja teiste roomavate putukate t\u00f5rjeks eramutes, \u00e4rihoonetes, ladudes ja lautades.","og_url":"https:\/\/horticom.ee\/e-pood\/toode\/prussaka-spray-arox-500ml\/","og_site_name":"Horticom.ee","article_publisher":"https:\/\/www.facebook.com\/horticom.ee\/e-pood","article_modified_time":"2026-04-21T08:01:32+00:00","og_image":[{"width":1000,"height":1499,"url":"https:\/\/horticom.ee\/e-pood\/wp-content\/uploads\/importedmedia\/product-152581_0-P0204.jpg","type":"image\/jpeg"}],"twitter_card":"summary_large_image","schema":{"@context":"https:\/\/schema.org","@graph":[{"@type":"WebPage","@id":"https:\/\/horticom.ee\/e-pood\/toode\/prussaka-spray-arox-500ml\/","url":"https:\/\/horticom.ee\/e-pood\/toode\/prussaka-spray-arox-500ml\/","name":"Prussaka Spray Arox 500ml - Horticom.ee\/e-pood","isPartOf":{"@id":"https:\/\/horticom.ee\/e-pood\/#website"},"primaryImageOfPage":{"@id":"https:\/\/horticom.ee\/e-pood\/toode\/prussaka-spray-arox-500ml\/#primaryimage"},"image":{"@id":"https:\/\/horticom.ee\/e-pood\/toode\/prussaka-spray-arox-500ml\/#primaryimage"},"thumbnailUrl":"https:\/\/horticom.ee\/e-pood\/wp-content\/uploads\/importedmedia\/product-152581_0-P0204.jpg","datePublished":"2022-01-17T13:57:43+00:00","dateModified":"2026-04-21T08:01:32+00:00","description":"Kasutusvalmis vedel insektitsiid ja akaritsiid, mida kasutatakse prussakate ja teiste roomavate putukate t\u00f5rjeks eramutes, \u00e4rihoonetes, ladudes ja lautades.","breadcrumb":{"@id":"https:\/\/horticom.ee\/e-pood\/toode\/prussaka-spray-arox-500ml\/#breadcrumb"},"inLanguage":"et","potentialAction":[{"@type":"ReadAction","target":["https:\/\/horticom.ee\/e-pood\/toode\/prussaka-spray-arox-500ml\/"]}]},{"@type":"ImageObject","inLanguage":"et","@id":"https:\/\/horticom.ee\/e-pood\/toode\/prussaka-spray-arox-500ml\/#primaryimage","url":"https:\/\/horticom.ee\/e-pood\/wp-content\/uploads\/importedmedia\/product-152581_0-P0204.jpg","contentUrl":"https:\/\/horticom.ee\/e-pood\/wp-content\/uploads\/importedmedia\/product-152581_0-P0204.jpg","width":1000,"height":1499,"caption":"Prussaka Spray Arox 500ml"},{"@type":"BreadcrumbList","@id":"https:\/\/horticom.ee\/e-pood\/toode\/prussaka-spray-arox-500ml\/#breadcrumb","itemListElement":[{"@type":"ListItem","position":1,"name":"Home","item":"https:\/\/horticom.ee\/e-pood\/"},{"@type":"ListItem","position":2,"name":"Pood","item":"https:\/\/horticom.ee\/e-pood\/pood\/"},{"@type":"ListItem","position":3,"name":"Prussaka Spray Arox 500ml"}]},{"@type":"WebSite","@id":"https:\/\/horticom.ee\/e-pood\/#website","url":"https:\/\/horticom.ee\/e-pood\/","name":"Horticom.ee","description":"Aianduskaubad ja kodukaubad nii harrastajatele kui professionaalidele","potentialAction":[{"@type":"SearchAction","target":{"@type":"EntryPoint","urlTemplate":"https:\/\/horticom.ee\/e-pood\/?s={search_term_string}"},"query-input":{"@type":"PropertyValueSpecification","valueRequired":true,"valueName":"search_term_string"}}],"inLanguage":"et"}]}},"_links":{"self":[{"href":"https:\/\/horticom.ee\/e-pood\/wp-json\/wp\/v2\/product\/152581","targetHints":{"allow":["GET"]}}],"collection":[{"href":"https:\/\/horticom.ee\/e-pood\/wp-json\/wp\/v2\/product"}],"about":[{"href":"https:\/\/horticom.ee\/e-pood\/wp-json\/wp\/v2\/types\/product"}],"replies":[{"embeddable":true,"href":"https:\/\/horticom.ee\/e-pood\/wp-json\/wp\/v2\/comments?post=152581"}],"wp:featuredmedia":[{"embeddable":true,"href":"https:\/\/horticom.ee\/e-pood\/wp-json\/wp\/v2\/media\/178719"}],"wp:attachment":[{"href":"https:\/\/horticom.ee\/e-pood\/wp-json\/wp\/v2\/media?parent=152581"}],"wp:term":[{"taxonomy":"product_cat","embeddable":true,"href":"https:\/\/horticom.ee\/e-pood\/wp-json\/wp\/v2\/product_cat?post=152581"},{"taxonomy":"product_tag","embeddable":true,"href":"https:\/\/horticom.ee\/e-pood\/wp-json\/wp\/v2\/product_tag?post=152581"}],"curies":[{"name":"wp","href":"https:\/\/api.w.org\/{rel}","templated":true}]}}