{"id":152583,"date":"2022-01-17T15:57:44","date_gmt":"2022-01-17T13:57:44","guid":{"rendered":"https:\/\/aednik24.ee\/toode\/nariliste-kaitseks-metallvork-15-x-25m-silm-127mm-traadipaksus-09mm-plastikkattega-roheline\/"},"modified":"2026-04-08T03:04:19","modified_gmt":"2026-04-08T00:04:19","slug":"nariliste-kaitseks-metallvork-15-x-25m-silm-127mm-traadipaksus-09mm-plastikkattega-roheline","status":"publish","type":"product","link":"https:\/\/horticom.ee\/e-pood\/toode\/nariliste-kaitseks-metallvork-15-x-25m-silm-127mm-traadipaksus-09mm-plastikkattega-roheline\/","title":{"rendered":"Kaitsev\u00f5rk n\u00e4rilistele 1,5 x 2,5m silm 12,7mm traadipaksus 0,9mm metall plastikkattega roheline"},"content":{"rendered":"<p>Tsingitud ja keevitatud plastkattega v\u00f5rk. Silma suurus 12,7 mm, traadi paksus 0,8mm, koos plastkattega 0,9mm. M\u00fcgri ja muude kahjurite t\u00f5rjeks. Sobib ka komposti kogumiskohta p\u00f5hjav\u00f5rguks.<\/p>\n","protected":false},"excerpt":{"rendered":"<p>Tsingitud ja keevitatud plastkattega v\u00f5rk. Silma suurus 12,7 mm, traadi paksus 0,8mm, koos plastkattega 0,9mm. M\u00fcgri ja muude kahjurite t\u00f5rjeks. Sobib ka komposti kogumiskohta p\u00f5hjav\u00f5rguks.<\/p>\n","protected":false},"featured_media":2388428,"comment_status":"closed","ping_status":"closed","template":"","meta":{"_themeisle_gutenberg_block_has_review":false},"product_cat":[13422],"product_tag":[],"class_list":{"0":"post-152583","1":"product","2":"type-product","3":"status-publish","4":"has-post-thumbnail","6":"product_cat-nariliste-vorgud","8":"first","9":"instock","10":"shipping-taxable","11":"purchasable","12":"product-type-simple"},"yoast_head":"<!-- This site is optimized with the Yoast SEO plugin v24.0 - https:\/\/yoast.com\/wordpress\/plugins\/seo\/ -->\n<title>Kaitsev\u00f5rk n\u00e4rilistele 1,5 x 2,5m silm 12,7mm traadipaksus 0,9mm metall plastikkattega roheline - Horticom<\/title>\n<meta name=\"robots\" content=\"index, follow, max-snippet:-1, max-image-preview:large, max-video-preview:-1\" \/>\n<link rel=\"canonical\" href=\"https:\/\/horticom.ee\/e-pood\/toode\/nariliste-kaitseks-metallvork-15-x-25m-silm-127mm-traadipaksus-09mm-plastikkattega-roheline\/\" \/>\n<meta property=\"og:locale\" content=\"et_EE\" \/>\n<meta property=\"og:type\" content=\"article\" \/>\n<meta property=\"og:title\" content=\"Kaitsev\u00f5rk n\u00e4rilistele 1,5 x 2,5m silm 12,7mm traadipaksus 0,9mm metall plastikkattega roheline - Horticom\" \/>\n<meta property=\"og:description\" content=\"Tsingitud ja keevitatud plastkattega v\u00f5rk. Silma suurus 12,7 mm, traadi paksus 0,8mm, koos plastkattega 0,9mm. M\u00fcgri ja muude kahjurite t\u00f5rjeks. Sobib ka komposti kogumiskohta p\u00f5hjav\u00f5rguks.\" \/>\n<meta property=\"og:url\" content=\"https:\/\/horticom.ee\/e-pood\/toode\/nariliste-kaitseks-metallvork-15-x-25m-silm-127mm-traadipaksus-09mm-plastikkattega-roheline\/\" \/>\n<meta property=\"og:site_name\" content=\"Horticom.ee\" \/>\n<meta property=\"article:publisher\" content=\"https:\/\/www.facebook.com\/horticom.ee\/e-pood\" \/>\n<meta property=\"article:modified_time\" content=\"2026-04-08T00:04:19+00:00\" \/>\n<meta property=\"og:image\" content=\"https:\/\/horticom.ee\/e-pood\/wp-content\/uploads\/2022\/01\/6416556104279-scaled.jpg\" \/>\n\t<meta property=\"og:image:width\" content=\"408\" \/>\n\t<meta property=\"og:image:height\" content=\"2560\" \/>\n\t<meta property=\"og:image:type\" content=\"image\/jpeg\" \/>\n<meta name=\"twitter:card\" content=\"summary_large_image\" \/>\n<meta name=\"twitter:label1\" content=\"Est. reading time\" \/>\n\t<meta name=\"twitter:data1\" content=\"1 minut\" \/>\n<script type=\"application\/ld+json\" class=\"yoast-schema-graph\">{\"@context\":\"https:\/\/schema.org\",\"@graph\":[{\"@type\":\"WebPage\",\"@id\":\"https:\/\/horticom.ee\/e-pood\/toode\/nariliste-kaitseks-metallvork-15-x-25m-silm-127mm-traadipaksus-09mm-plastikkattega-roheline\/\",\"url\":\"https:\/\/horticom.ee\/e-pood\/toode\/nariliste-kaitseks-metallvork-15-x-25m-silm-127mm-traadipaksus-09mm-plastikkattega-roheline\/\",\"name\":\"Kaitsev\u00f5rk n\u00e4rilistele 1,5 x 2,5m silm 12,7mm traadipaksus 0,9mm metall plastikkattega roheline - Horticom\",\"isPartOf\":{\"@id\":\"https:\/\/horticom.ee\/e-pood\/#website\"},\"primaryImageOfPage\":{\"@id\":\"https:\/\/horticom.ee\/e-pood\/toode\/nariliste-kaitseks-metallvork-15-x-25m-silm-127mm-traadipaksus-09mm-plastikkattega-roheline\/#primaryimage\"},\"image\":{\"@id\":\"https:\/\/horticom.ee\/e-pood\/toode\/nariliste-kaitseks-metallvork-15-x-25m-silm-127mm-traadipaksus-09mm-plastikkattega-roheline\/#primaryimage\"},\"thumbnailUrl\":\"https:\/\/horticom.ee\/e-pood\/wp-content\/uploads\/2022\/01\/6416556104279-scaled.jpg\",\"datePublished\":\"2022-01-17T13:57:44+00:00\",\"dateModified\":\"2026-04-08T00:04:19+00:00\",\"breadcrumb\":{\"@id\":\"https:\/\/horticom.ee\/e-pood\/toode\/nariliste-kaitseks-metallvork-15-x-25m-silm-127mm-traadipaksus-09mm-plastikkattega-roheline\/#breadcrumb\"},\"inLanguage\":\"et\",\"potentialAction\":[{\"@type\":\"ReadAction\",\"target\":[\"https:\/\/horticom.ee\/e-pood\/toode\/nariliste-kaitseks-metallvork-15-x-25m-silm-127mm-traadipaksus-09mm-plastikkattega-roheline\/\"]}]},{\"@type\":\"ImageObject\",\"inLanguage\":\"et\",\"@id\":\"https:\/\/horticom.ee\/e-pood\/toode\/nariliste-kaitseks-metallvork-15-x-25m-silm-127mm-traadipaksus-09mm-plastikkattega-roheline\/#primaryimage\",\"url\":\"https:\/\/horticom.ee\/e-pood\/wp-content\/uploads\/2022\/01\/6416556104279-scaled.jpg\",\"contentUrl\":\"https:\/\/horticom.ee\/e-pood\/wp-content\/uploads\/2022\/01\/6416556104279-scaled.jpg\",\"width\":408,\"height\":2560},{\"@type\":\"BreadcrumbList\",\"@id\":\"https:\/\/horticom.ee\/e-pood\/toode\/nariliste-kaitseks-metallvork-15-x-25m-silm-127mm-traadipaksus-09mm-plastikkattega-roheline\/#breadcrumb\",\"itemListElement\":[{\"@type\":\"ListItem\",\"position\":1,\"name\":\"Home\",\"item\":\"https:\/\/horticom.ee\/e-pood\/\"},{\"@type\":\"ListItem\",\"position\":2,\"name\":\"Pood\",\"item\":\"https:\/\/horticom.ee\/e-pood\/pood\/\"},{\"@type\":\"ListItem\",\"position\":3,\"name\":\"Kaitsev\u00f5rk n\u00e4rilistele 1,5 x 2,5m silm 12,7mm traadipaksus 0,9mm metall plastikkattega roheline\"}]},{\"@type\":\"WebSite\",\"@id\":\"https:\/\/horticom.ee\/e-pood\/#website\",\"url\":\"https:\/\/horticom.ee\/e-pood\/\",\"name\":\"Horticom.ee\",\"description\":\"Aianduskaubad ja kodukaubad nii harrastajatele kui professionaalidele\",\"potentialAction\":[{\"@type\":\"SearchAction\",\"target\":{\"@type\":\"EntryPoint\",\"urlTemplate\":\"https:\/\/horticom.ee\/e-pood\/?s={search_term_string}\"},\"query-input\":{\"@type\":\"PropertyValueSpecification\",\"valueRequired\":true,\"valueName\":\"search_term_string\"}}],\"inLanguage\":\"et\"}]}<\/script>\n<!-- \/ Yoast SEO plugin. -->","yoast_head_json":{"title":"Kaitsev\u00f5rk n\u00e4rilistele 1,5 x 2,5m silm 12,7mm traadipaksus 0,9mm metall plastikkattega roheline - Horticom","robots":{"index":"index","follow":"follow","max-snippet":"max-snippet:-1","max-image-preview":"max-image-preview:large","max-video-preview":"max-video-preview:-1"},"canonical":"https:\/\/horticom.ee\/e-pood\/toode\/nariliste-kaitseks-metallvork-15-x-25m-silm-127mm-traadipaksus-09mm-plastikkattega-roheline\/","og_locale":"et_EE","og_type":"article","og_title":"Kaitsev\u00f5rk n\u00e4rilistele 1,5 x 2,5m silm 12,7mm traadipaksus 0,9mm metall plastikkattega roheline - Horticom","og_description":"Tsingitud ja keevitatud plastkattega v\u00f5rk. Silma suurus 12,7 mm, traadi paksus 0,8mm, koos plastkattega 0,9mm. M\u00fcgri ja muude kahjurite t\u00f5rjeks. Sobib ka komposti kogumiskohta p\u00f5hjav\u00f5rguks.","og_url":"https:\/\/horticom.ee\/e-pood\/toode\/nariliste-kaitseks-metallvork-15-x-25m-silm-127mm-traadipaksus-09mm-plastikkattega-roheline\/","og_site_name":"Horticom.ee","article_publisher":"https:\/\/www.facebook.com\/horticom.ee\/e-pood","article_modified_time":"2026-04-08T00:04:19+00:00","og_image":[{"width":408,"height":2560,"url":"https:\/\/horticom.ee\/e-pood\/wp-content\/uploads\/2022\/01\/6416556104279-scaled.jpg","type":"image\/jpeg"}],"twitter_card":"summary_large_image","twitter_misc":{"Est. reading time":"1 minut"},"schema":{"@context":"https:\/\/schema.org","@graph":[{"@type":"WebPage","@id":"https:\/\/horticom.ee\/e-pood\/toode\/nariliste-kaitseks-metallvork-15-x-25m-silm-127mm-traadipaksus-09mm-plastikkattega-roheline\/","url":"https:\/\/horticom.ee\/e-pood\/toode\/nariliste-kaitseks-metallvork-15-x-25m-silm-127mm-traadipaksus-09mm-plastikkattega-roheline\/","name":"Kaitsev\u00f5rk n\u00e4rilistele 1,5 x 2,5m silm 12,7mm traadipaksus 0,9mm metall plastikkattega roheline - Horticom","isPartOf":{"@id":"https:\/\/horticom.ee\/e-pood\/#website"},"primaryImageOfPage":{"@id":"https:\/\/horticom.ee\/e-pood\/toode\/nariliste-kaitseks-metallvork-15-x-25m-silm-127mm-traadipaksus-09mm-plastikkattega-roheline\/#primaryimage"},"image":{"@id":"https:\/\/horticom.ee\/e-pood\/toode\/nariliste-kaitseks-metallvork-15-x-25m-silm-127mm-traadipaksus-09mm-plastikkattega-roheline\/#primaryimage"},"thumbnailUrl":"https:\/\/horticom.ee\/e-pood\/wp-content\/uploads\/2022\/01\/6416556104279-scaled.jpg","datePublished":"2022-01-17T13:57:44+00:00","dateModified":"2026-04-08T00:04:19+00:00","breadcrumb":{"@id":"https:\/\/horticom.ee\/e-pood\/toode\/nariliste-kaitseks-metallvork-15-x-25m-silm-127mm-traadipaksus-09mm-plastikkattega-roheline\/#breadcrumb"},"inLanguage":"et","potentialAction":[{"@type":"ReadAction","target":["https:\/\/horticom.ee\/e-pood\/toode\/nariliste-kaitseks-metallvork-15-x-25m-silm-127mm-traadipaksus-09mm-plastikkattega-roheline\/"]}]},{"@type":"ImageObject","inLanguage":"et","@id":"https:\/\/horticom.ee\/e-pood\/toode\/nariliste-kaitseks-metallvork-15-x-25m-silm-127mm-traadipaksus-09mm-plastikkattega-roheline\/#primaryimage","url":"https:\/\/horticom.ee\/e-pood\/wp-content\/uploads\/2022\/01\/6416556104279-scaled.jpg","contentUrl":"https:\/\/horticom.ee\/e-pood\/wp-content\/uploads\/2022\/01\/6416556104279-scaled.jpg","width":408,"height":2560},{"@type":"BreadcrumbList","@id":"https:\/\/horticom.ee\/e-pood\/toode\/nariliste-kaitseks-metallvork-15-x-25m-silm-127mm-traadipaksus-09mm-plastikkattega-roheline\/#breadcrumb","itemListElement":[{"@type":"ListItem","position":1,"name":"Home","item":"https:\/\/horticom.ee\/e-pood\/"},{"@type":"ListItem","position":2,"name":"Pood","item":"https:\/\/horticom.ee\/e-pood\/pood\/"},{"@type":"ListItem","position":3,"name":"Kaitsev\u00f5rk n\u00e4rilistele 1,5 x 2,5m silm 12,7mm traadipaksus 0,9mm metall plastikkattega roheline"}]},{"@type":"WebSite","@id":"https:\/\/horticom.ee\/e-pood\/#website","url":"https:\/\/horticom.ee\/e-pood\/","name":"Horticom.ee","description":"Aianduskaubad ja kodukaubad nii harrastajatele kui professionaalidele","potentialAction":[{"@type":"SearchAction","target":{"@type":"EntryPoint","urlTemplate":"https:\/\/horticom.ee\/e-pood\/?s={search_term_string}"},"query-input":{"@type":"PropertyValueSpecification","valueRequired":true,"valueName":"search_term_string"}}],"inLanguage":"et"}]}},"_links":{"self":[{"href":"https:\/\/horticom.ee\/e-pood\/wp-json\/wp\/v2\/product\/152583","targetHints":{"allow":["GET"]}}],"collection":[{"href":"https:\/\/horticom.ee\/e-pood\/wp-json\/wp\/v2\/product"}],"about":[{"href":"https:\/\/horticom.ee\/e-pood\/wp-json\/wp\/v2\/types\/product"}],"replies":[{"embeddable":true,"href":"https:\/\/horticom.ee\/e-pood\/wp-json\/wp\/v2\/comments?post=152583"}],"wp:featuredmedia":[{"embeddable":true,"href":"https:\/\/horticom.ee\/e-pood\/wp-json\/wp\/v2\/media\/2388428"}],"wp:attachment":[{"href":"https:\/\/horticom.ee\/e-pood\/wp-json\/wp\/v2\/media?parent=152583"}],"wp:term":[{"taxonomy":"product_cat","embeddable":true,"href":"https:\/\/horticom.ee\/e-pood\/wp-json\/wp\/v2\/product_cat?post=152583"},{"taxonomy":"product_tag","embeddable":true,"href":"https:\/\/horticom.ee\/e-pood\/wp-json\/wp\/v2\/product_tag?post=152583"}],"curies":[{"name":"wp","href":"https:\/\/api.w.org\/{rel}","templated":true}]}}