{"id":152613,"date":"2022-01-17T15:58:00","date_gmt":"2022-01-17T13:58:00","guid":{"rendered":"https:\/\/aednik24.ee\/toode\/talvematt-gs-jutelint-015-x-4m\/"},"modified":"2026-05-13T03:04:36","modified_gmt":"2026-05-13T00:04:36","slug":"talvematt-gs-jutelint-015-x-4m","status":"publish","type":"product","link":"https:\/\/horticom.ee\/e-pood\/toode\/talvematt-gs-jutelint-015-x-4m\/","title":{"rendered":"Talvematt GS jutelint 0,15 x 4m"},"content":{"rendered":"<p>Looduslikust d\u017euutkangast valmistatud talvematt, mis kaitseb taimi k\u00fclma eest ning aitab kaasa taimede talvitumisele. Aiakultuuride kaitsmiseks k\u00fclma, vihma, rahe, lume ja intensiivse p\u00e4ikese eest, lastes l\u00e4bi niiskust, \u00f5hku ja valgust. Talvematt on korduvkasutatav ja kvaliteetne aiaabiline.<\/p>\n","protected":false},"excerpt":{"rendered":"<p>Looduslikust d\u017euutkangast valmistatud talvematt, mis kaitseb taimi k\u00fclma eest ning aitab kaasa taimede talvitumisele. Aiakultuuride kaitsmiseks k\u00fclma, vihma, rahe, lume ja intensiivse p\u00e4ikese eest, lastes l\u00e4bi niiskust, \u00f5hku ja valgust. Talvematt on korduvkasutatav ja kvaliteetne aiaabiline.<\/p>\n","protected":false},"featured_media":2381380,"comment_status":"closed","ping_status":"closed","template":"","meta":{"_themeisle_gutenberg_block_has_review":false},"product_cat":[13381,13639],"product_tag":[],"class_list":{"0":"post-152613","1":"product","2":"type-product","3":"status-publish","4":"has-post-thumbnail","6":"product_cat-talvekangad","7":"product_cat-talvekangad-tootjale","9":"first","10":"instock","11":"shipping-taxable","12":"purchasable","13":"product-type-simple"},"yoast_head":"<!-- This site is optimized with the Yoast SEO plugin v24.0 - https:\/\/yoast.com\/wordpress\/plugins\/seo\/ -->\n<title>Talvematt GS jutelint 0,15 x 4m - Horticom<\/title>\n<meta name=\"robots\" content=\"index, follow, max-snippet:-1, max-image-preview:large, max-video-preview:-1\" \/>\n<link rel=\"canonical\" href=\"https:\/\/horticom.ee\/e-pood\/toode\/talvematt-gs-jutelint-015-x-4m\/\" \/>\n<meta property=\"og:locale\" content=\"et_EE\" \/>\n<meta property=\"og:type\" content=\"article\" \/>\n<meta property=\"og:title\" content=\"Talvematt GS jutelint 0,15 x 4m - Horticom\" \/>\n<meta property=\"og:description\" content=\"Looduslikust d\u017euutkangast valmistatud talvematt, mis kaitseb taimi k\u00fclma eest ning aitab kaasa taimede talvitumisele. Aiakultuuride kaitsmiseks k\u00fclma, vihma, rahe, lume ja intensiivse p\u00e4ikese eest, lastes l\u00e4bi niiskust, \u00f5hku ja valgust. Talvematt on korduvkasutatav ja kvaliteetne aiaabiline.\" \/>\n<meta property=\"og:url\" content=\"https:\/\/horticom.ee\/e-pood\/toode\/talvematt-gs-jutelint-015-x-4m\/\" \/>\n<meta property=\"og:site_name\" content=\"Horticom.ee\" \/>\n<meta property=\"article:publisher\" content=\"https:\/\/www.facebook.com\/horticom.ee\/e-pood\" \/>\n<meta property=\"article:modified_time\" content=\"2026-05-13T00:04:36+00:00\" \/>\n<meta property=\"og:image\" content=\"https:\/\/horticom.ee\/e-pood\/wp-content\/uploads\/importedmedia\/product-152613_0-672129.jpg\" \/>\n\t<meta property=\"og:image:width\" content=\"1000\" \/>\n\t<meta property=\"og:image:height\" content=\"1496\" \/>\n\t<meta property=\"og:image:type\" content=\"image\/jpeg\" \/>\n<meta name=\"twitter:card\" content=\"summary_large_image\" \/>\n<script type=\"application\/ld+json\" class=\"yoast-schema-graph\">{\"@context\":\"https:\/\/schema.org\",\"@graph\":[{\"@type\":\"WebPage\",\"@id\":\"https:\/\/horticom.ee\/e-pood\/toode\/talvematt-gs-jutelint-015-x-4m\/\",\"url\":\"https:\/\/horticom.ee\/e-pood\/toode\/talvematt-gs-jutelint-015-x-4m\/\",\"name\":\"Talvematt GS jutelint 0,15 x 4m - Horticom\",\"isPartOf\":{\"@id\":\"https:\/\/horticom.ee\/e-pood\/#website\"},\"primaryImageOfPage\":{\"@id\":\"https:\/\/horticom.ee\/e-pood\/toode\/talvematt-gs-jutelint-015-x-4m\/#primaryimage\"},\"image\":{\"@id\":\"https:\/\/horticom.ee\/e-pood\/toode\/talvematt-gs-jutelint-015-x-4m\/#primaryimage\"},\"thumbnailUrl\":\"https:\/\/horticom.ee\/e-pood\/wp-content\/uploads\/importedmedia\/product-152613_0-672129.jpg\",\"datePublished\":\"2022-01-17T13:58:00+00:00\",\"dateModified\":\"2026-05-13T00:04:36+00:00\",\"breadcrumb\":{\"@id\":\"https:\/\/horticom.ee\/e-pood\/toode\/talvematt-gs-jutelint-015-x-4m\/#breadcrumb\"},\"inLanguage\":\"et\",\"potentialAction\":[{\"@type\":\"ReadAction\",\"target\":[\"https:\/\/horticom.ee\/e-pood\/toode\/talvematt-gs-jutelint-015-x-4m\/\"]}]},{\"@type\":\"ImageObject\",\"inLanguage\":\"et\",\"@id\":\"https:\/\/horticom.ee\/e-pood\/toode\/talvematt-gs-jutelint-015-x-4m\/#primaryimage\",\"url\":\"https:\/\/horticom.ee\/e-pood\/wp-content\/uploads\/importedmedia\/product-152613_0-672129.jpg\",\"contentUrl\":\"https:\/\/horticom.ee\/e-pood\/wp-content\/uploads\/importedmedia\/product-152613_0-672129.jpg\",\"width\":1000,\"height\":1496},{\"@type\":\"BreadcrumbList\",\"@id\":\"https:\/\/horticom.ee\/e-pood\/toode\/talvematt-gs-jutelint-015-x-4m\/#breadcrumb\",\"itemListElement\":[{\"@type\":\"ListItem\",\"position\":1,\"name\":\"Home\",\"item\":\"https:\/\/horticom.ee\/e-pood\/\"},{\"@type\":\"ListItem\",\"position\":2,\"name\":\"Pood\",\"item\":\"https:\/\/horticom.ee\/e-pood\/pood\/\"},{\"@type\":\"ListItem\",\"position\":3,\"name\":\"Talvematt GS jutelint 0,15 x 4m\"}]},{\"@type\":\"WebSite\",\"@id\":\"https:\/\/horticom.ee\/e-pood\/#website\",\"url\":\"https:\/\/horticom.ee\/e-pood\/\",\"name\":\"Horticom.ee\",\"description\":\"Aianduskaubad ja kodukaubad nii harrastajatele kui professionaalidele\",\"potentialAction\":[{\"@type\":\"SearchAction\",\"target\":{\"@type\":\"EntryPoint\",\"urlTemplate\":\"https:\/\/horticom.ee\/e-pood\/?s={search_term_string}\"},\"query-input\":{\"@type\":\"PropertyValueSpecification\",\"valueRequired\":true,\"valueName\":\"search_term_string\"}}],\"inLanguage\":\"et\"}]}<\/script>\n<!-- \/ Yoast SEO plugin. -->","yoast_head_json":{"title":"Talvematt GS jutelint 0,15 x 4m - Horticom","robots":{"index":"index","follow":"follow","max-snippet":"max-snippet:-1","max-image-preview":"max-image-preview:large","max-video-preview":"max-video-preview:-1"},"canonical":"https:\/\/horticom.ee\/e-pood\/toode\/talvematt-gs-jutelint-015-x-4m\/","og_locale":"et_EE","og_type":"article","og_title":"Talvematt GS jutelint 0,15 x 4m - Horticom","og_description":"Looduslikust d\u017euutkangast valmistatud talvematt, mis kaitseb taimi k\u00fclma eest ning aitab kaasa taimede talvitumisele. Aiakultuuride kaitsmiseks k\u00fclma, vihma, rahe, lume ja intensiivse p\u00e4ikese eest, lastes l\u00e4bi niiskust, \u00f5hku ja valgust. Talvematt on korduvkasutatav ja kvaliteetne aiaabiline.","og_url":"https:\/\/horticom.ee\/e-pood\/toode\/talvematt-gs-jutelint-015-x-4m\/","og_site_name":"Horticom.ee","article_publisher":"https:\/\/www.facebook.com\/horticom.ee\/e-pood","article_modified_time":"2026-05-13T00:04:36+00:00","og_image":[{"width":1000,"height":1496,"url":"https:\/\/horticom.ee\/e-pood\/wp-content\/uploads\/importedmedia\/product-152613_0-672129.jpg","type":"image\/jpeg"}],"twitter_card":"summary_large_image","schema":{"@context":"https:\/\/schema.org","@graph":[{"@type":"WebPage","@id":"https:\/\/horticom.ee\/e-pood\/toode\/talvematt-gs-jutelint-015-x-4m\/","url":"https:\/\/horticom.ee\/e-pood\/toode\/talvematt-gs-jutelint-015-x-4m\/","name":"Talvematt GS jutelint 0,15 x 4m - Horticom","isPartOf":{"@id":"https:\/\/horticom.ee\/e-pood\/#website"},"primaryImageOfPage":{"@id":"https:\/\/horticom.ee\/e-pood\/toode\/talvematt-gs-jutelint-015-x-4m\/#primaryimage"},"image":{"@id":"https:\/\/horticom.ee\/e-pood\/toode\/talvematt-gs-jutelint-015-x-4m\/#primaryimage"},"thumbnailUrl":"https:\/\/horticom.ee\/e-pood\/wp-content\/uploads\/importedmedia\/product-152613_0-672129.jpg","datePublished":"2022-01-17T13:58:00+00:00","dateModified":"2026-05-13T00:04:36+00:00","breadcrumb":{"@id":"https:\/\/horticom.ee\/e-pood\/toode\/talvematt-gs-jutelint-015-x-4m\/#breadcrumb"},"inLanguage":"et","potentialAction":[{"@type":"ReadAction","target":["https:\/\/horticom.ee\/e-pood\/toode\/talvematt-gs-jutelint-015-x-4m\/"]}]},{"@type":"ImageObject","inLanguage":"et","@id":"https:\/\/horticom.ee\/e-pood\/toode\/talvematt-gs-jutelint-015-x-4m\/#primaryimage","url":"https:\/\/horticom.ee\/e-pood\/wp-content\/uploads\/importedmedia\/product-152613_0-672129.jpg","contentUrl":"https:\/\/horticom.ee\/e-pood\/wp-content\/uploads\/importedmedia\/product-152613_0-672129.jpg","width":1000,"height":1496},{"@type":"BreadcrumbList","@id":"https:\/\/horticom.ee\/e-pood\/toode\/talvematt-gs-jutelint-015-x-4m\/#breadcrumb","itemListElement":[{"@type":"ListItem","position":1,"name":"Home","item":"https:\/\/horticom.ee\/e-pood\/"},{"@type":"ListItem","position":2,"name":"Pood","item":"https:\/\/horticom.ee\/e-pood\/pood\/"},{"@type":"ListItem","position":3,"name":"Talvematt GS jutelint 0,15 x 4m"}]},{"@type":"WebSite","@id":"https:\/\/horticom.ee\/e-pood\/#website","url":"https:\/\/horticom.ee\/e-pood\/","name":"Horticom.ee","description":"Aianduskaubad ja kodukaubad nii harrastajatele kui professionaalidele","potentialAction":[{"@type":"SearchAction","target":{"@type":"EntryPoint","urlTemplate":"https:\/\/horticom.ee\/e-pood\/?s={search_term_string}"},"query-input":{"@type":"PropertyValueSpecification","valueRequired":true,"valueName":"search_term_string"}}],"inLanguage":"et"}]}},"_links":{"self":[{"href":"https:\/\/horticom.ee\/e-pood\/wp-json\/wp\/v2\/product\/152613","targetHints":{"allow":["GET"]}}],"collection":[{"href":"https:\/\/horticom.ee\/e-pood\/wp-json\/wp\/v2\/product"}],"about":[{"href":"https:\/\/horticom.ee\/e-pood\/wp-json\/wp\/v2\/types\/product"}],"replies":[{"embeddable":true,"href":"https:\/\/horticom.ee\/e-pood\/wp-json\/wp\/v2\/comments?post=152613"}],"wp:featuredmedia":[{"embeddable":true,"href":"https:\/\/horticom.ee\/e-pood\/wp-json\/wp\/v2\/media\/2381380"}],"wp:attachment":[{"href":"https:\/\/horticom.ee\/e-pood\/wp-json\/wp\/v2\/media?parent=152613"}],"wp:term":[{"taxonomy":"product_cat","embeddable":true,"href":"https:\/\/horticom.ee\/e-pood\/wp-json\/wp\/v2\/product_cat?post=152613"},{"taxonomy":"product_tag","embeddable":true,"href":"https:\/\/horticom.ee\/e-pood\/wp-json\/wp\/v2\/product_tag?post=152613"}],"curies":[{"name":"wp","href":"https:\/\/api.w.org\/{rel}","templated":true}]}}