{"id":152629,"date":"2022-01-17T15:58:09","date_gmt":"2022-01-17T13:58:09","guid":{"rendered":"https:\/\/aednik24.ee\/toode\/pastinaak-guernsey-pastinaca-sativa-l-b\/"},"modified":"2026-04-21T03:08:20","modified_gmt":"2026-04-21T00:08:20","slug":"pastinaak-guernsey-pastinaca-sativa-l-b","status":"publish","type":"product","link":"https:\/\/horticom.ee\/e-pood\/toode\/pastinaak-guernsey-pastinaca-sativa-l-b\/","title":{"rendered":"Pastinaak Guernsey &#8211; Pastinaca sativa L."},"content":{"rendered":"<p>Pastinaak Guernsey on pikkade valgete juurikatega. Toiduks kasutatakse v\u00e4rskelt, keedetult, praetult, hautatult, konserveeritult. Maitselt meenutab sellerit. Juurikad sisaldavad palju kaltsiumi. Seeme idaneb kaua. Talveks v\u00f5ib juurika j\u00e4tta mulda, s\u00e4ilivad paremini kui keldris.<\/p>\n","protected":false},"excerpt":{"rendered":"<p>Pastinaak Guernsey on pikkade valgete juurikatega. Toiduks kasutatakse v\u00e4rskelt, keedetult, praetult, hautatult, konserveeritult. Maitselt meenutab sellerit. Juurikad sisaldavad palju kaltsiumi. Seeme idaneb kaua. Talveks v\u00f5ib juurika j\u00e4tta mulda, s\u00e4ilivad paremini kui keldris.<\/p>\n","protected":false},"featured_media":177859,"comment_status":"closed","ping_status":"closed","template":"","meta":{"_themeisle_gutenberg_block_has_review":false},"product_cat":[13487],"product_tag":[],"class_list":{"0":"post-152629","1":"product","2":"type-product","3":"status-publish","4":"has-post-thumbnail","6":"product_cat-porgand-pastinaak","8":"first","9":"instock","10":"shipping-taxable","11":"purchasable","12":"product-type-simple"},"yoast_head":"<!-- This site is optimized with the Yoast SEO plugin v24.0 - https:\/\/yoast.com\/wordpress\/plugins\/seo\/ -->\n<title>Pastinaak Guernsey - Pastinaca sativa L. - Horticom.ee<\/title>\n<meta name=\"description\" content=\"Pastinaak Guernsey \u2013 Pikk valge juurikas, maitse sarnaneb sellerile. Sobib v\u00e4rskelt v\u00f5i keedetult, s\u00e4ilivad h\u00e4sti talvel mulda j\u00e4etuna.\" \/>\n<meta name=\"robots\" content=\"index, follow, max-snippet:-1, max-image-preview:large, max-video-preview:-1\" \/>\n<link rel=\"canonical\" href=\"https:\/\/horticom.ee\/e-pood\/toode\/pastinaak-guernsey-pastinaca-sativa-l-b\/\" \/>\n<meta property=\"og:locale\" content=\"et_EE\" \/>\n<meta property=\"og:type\" content=\"article\" \/>\n<meta property=\"og:title\" content=\"Pastinaak Guernsey - Pastinaca sativa L. - Horticom.ee\" \/>\n<meta property=\"og:description\" content=\"Pastinaak Guernsey \u2013 Pikk valge juurikas, maitse sarnaneb sellerile. Sobib v\u00e4rskelt v\u00f5i keedetult, s\u00e4ilivad h\u00e4sti talvel mulda j\u00e4etuna.\" \/>\n<meta property=\"og:url\" content=\"https:\/\/horticom.ee\/e-pood\/toode\/pastinaak-guernsey-pastinaca-sativa-l-b\/\" \/>\n<meta property=\"og:site_name\" content=\"Horticom.ee\" \/>\n<meta property=\"article:publisher\" content=\"https:\/\/www.facebook.com\/horticom.ee\/e-pood\" \/>\n<meta property=\"article:modified_time\" content=\"2026-04-21T00:08:20+00:00\" \/>\n<meta property=\"og:image\" content=\"https:\/\/horticom.ee\/e-pood\/wp-content\/uploads\/importedmedia\/product-152629_0-L12604.jpg\" \/>\n\t<meta property=\"og:image:width\" content=\"1000\" \/>\n\t<meta property=\"og:image:height\" content=\"1757\" \/>\n\t<meta property=\"og:image:type\" content=\"image\/jpeg\" \/>\n<meta name=\"twitter:card\" content=\"summary_large_image\" \/>\n<script type=\"application\/ld+json\" class=\"yoast-schema-graph\">{\"@context\":\"https:\/\/schema.org\",\"@graph\":[{\"@type\":\"WebPage\",\"@id\":\"https:\/\/horticom.ee\/e-pood\/toode\/pastinaak-guernsey-pastinaca-sativa-l-b\/\",\"url\":\"https:\/\/horticom.ee\/e-pood\/toode\/pastinaak-guernsey-pastinaca-sativa-l-b\/\",\"name\":\"Pastinaak Guernsey - Pastinaca sativa L. - Horticom.ee\",\"isPartOf\":{\"@id\":\"https:\/\/horticom.ee\/e-pood\/#website\"},\"primaryImageOfPage\":{\"@id\":\"https:\/\/horticom.ee\/e-pood\/toode\/pastinaak-guernsey-pastinaca-sativa-l-b\/#primaryimage\"},\"image\":{\"@id\":\"https:\/\/horticom.ee\/e-pood\/toode\/pastinaak-guernsey-pastinaca-sativa-l-b\/#primaryimage\"},\"thumbnailUrl\":\"https:\/\/horticom.ee\/e-pood\/wp-content\/uploads\/importedmedia\/product-152629_0-L12604.jpg\",\"datePublished\":\"2022-01-17T13:58:09+00:00\",\"dateModified\":\"2026-04-21T00:08:20+00:00\",\"description\":\"Pastinaak Guernsey \u2013 Pikk valge juurikas, maitse sarnaneb sellerile. Sobib v\u00e4rskelt v\u00f5i keedetult, s\u00e4ilivad h\u00e4sti talvel mulda j\u00e4etuna.\",\"breadcrumb\":{\"@id\":\"https:\/\/horticom.ee\/e-pood\/toode\/pastinaak-guernsey-pastinaca-sativa-l-b\/#breadcrumb\"},\"inLanguage\":\"et\",\"potentialAction\":[{\"@type\":\"ReadAction\",\"target\":[\"https:\/\/horticom.ee\/e-pood\/toode\/pastinaak-guernsey-pastinaca-sativa-l-b\/\"]}]},{\"@type\":\"ImageObject\",\"inLanguage\":\"et\",\"@id\":\"https:\/\/horticom.ee\/e-pood\/toode\/pastinaak-guernsey-pastinaca-sativa-l-b\/#primaryimage\",\"url\":\"https:\/\/horticom.ee\/e-pood\/wp-content\/uploads\/importedmedia\/product-152629_0-L12604.jpg\",\"contentUrl\":\"https:\/\/horticom.ee\/e-pood\/wp-content\/uploads\/importedmedia\/product-152629_0-L12604.jpg\",\"width\":1000,\"height\":1757,\"caption\":\"Pastinaak Guernsey - Pastinaca sativa L.\"},{\"@type\":\"BreadcrumbList\",\"@id\":\"https:\/\/horticom.ee\/e-pood\/toode\/pastinaak-guernsey-pastinaca-sativa-l-b\/#breadcrumb\",\"itemListElement\":[{\"@type\":\"ListItem\",\"position\":1,\"name\":\"Home\",\"item\":\"https:\/\/horticom.ee\/e-pood\/\"},{\"@type\":\"ListItem\",\"position\":2,\"name\":\"Pood\",\"item\":\"https:\/\/horticom.ee\/e-pood\/pood\/\"},{\"@type\":\"ListItem\",\"position\":3,\"name\":\"Pastinaak Guernsey &#8211; Pastinaca sativa L.\"}]},{\"@type\":\"WebSite\",\"@id\":\"https:\/\/horticom.ee\/e-pood\/#website\",\"url\":\"https:\/\/horticom.ee\/e-pood\/\",\"name\":\"Horticom.ee\",\"description\":\"Aianduskaubad ja kodukaubad nii harrastajatele kui professionaalidele\",\"potentialAction\":[{\"@type\":\"SearchAction\",\"target\":{\"@type\":\"EntryPoint\",\"urlTemplate\":\"https:\/\/horticom.ee\/e-pood\/?s={search_term_string}\"},\"query-input\":{\"@type\":\"PropertyValueSpecification\",\"valueRequired\":true,\"valueName\":\"search_term_string\"}}],\"inLanguage\":\"et\"}]}<\/script>\n<!-- \/ Yoast SEO plugin. -->","yoast_head_json":{"title":"Pastinaak Guernsey - Pastinaca sativa L. - Horticom.ee","description":"Pastinaak Guernsey \u2013 Pikk valge juurikas, maitse sarnaneb sellerile. Sobib v\u00e4rskelt v\u00f5i keedetult, s\u00e4ilivad h\u00e4sti talvel mulda j\u00e4etuna.","robots":{"index":"index","follow":"follow","max-snippet":"max-snippet:-1","max-image-preview":"max-image-preview:large","max-video-preview":"max-video-preview:-1"},"canonical":"https:\/\/horticom.ee\/e-pood\/toode\/pastinaak-guernsey-pastinaca-sativa-l-b\/","og_locale":"et_EE","og_type":"article","og_title":"Pastinaak Guernsey - Pastinaca sativa L. - Horticom.ee","og_description":"Pastinaak Guernsey \u2013 Pikk valge juurikas, maitse sarnaneb sellerile. Sobib v\u00e4rskelt v\u00f5i keedetult, s\u00e4ilivad h\u00e4sti talvel mulda j\u00e4etuna.","og_url":"https:\/\/horticom.ee\/e-pood\/toode\/pastinaak-guernsey-pastinaca-sativa-l-b\/","og_site_name":"Horticom.ee","article_publisher":"https:\/\/www.facebook.com\/horticom.ee\/e-pood","article_modified_time":"2026-04-21T00:08:20+00:00","og_image":[{"width":1000,"height":1757,"url":"https:\/\/horticom.ee\/e-pood\/wp-content\/uploads\/importedmedia\/product-152629_0-L12604.jpg","type":"image\/jpeg"}],"twitter_card":"summary_large_image","schema":{"@context":"https:\/\/schema.org","@graph":[{"@type":"WebPage","@id":"https:\/\/horticom.ee\/e-pood\/toode\/pastinaak-guernsey-pastinaca-sativa-l-b\/","url":"https:\/\/horticom.ee\/e-pood\/toode\/pastinaak-guernsey-pastinaca-sativa-l-b\/","name":"Pastinaak Guernsey - Pastinaca sativa L. - Horticom.ee","isPartOf":{"@id":"https:\/\/horticom.ee\/e-pood\/#website"},"primaryImageOfPage":{"@id":"https:\/\/horticom.ee\/e-pood\/toode\/pastinaak-guernsey-pastinaca-sativa-l-b\/#primaryimage"},"image":{"@id":"https:\/\/horticom.ee\/e-pood\/toode\/pastinaak-guernsey-pastinaca-sativa-l-b\/#primaryimage"},"thumbnailUrl":"https:\/\/horticom.ee\/e-pood\/wp-content\/uploads\/importedmedia\/product-152629_0-L12604.jpg","datePublished":"2022-01-17T13:58:09+00:00","dateModified":"2026-04-21T00:08:20+00:00","description":"Pastinaak Guernsey \u2013 Pikk valge juurikas, maitse sarnaneb sellerile. Sobib v\u00e4rskelt v\u00f5i keedetult, s\u00e4ilivad h\u00e4sti talvel mulda j\u00e4etuna.","breadcrumb":{"@id":"https:\/\/horticom.ee\/e-pood\/toode\/pastinaak-guernsey-pastinaca-sativa-l-b\/#breadcrumb"},"inLanguage":"et","potentialAction":[{"@type":"ReadAction","target":["https:\/\/horticom.ee\/e-pood\/toode\/pastinaak-guernsey-pastinaca-sativa-l-b\/"]}]},{"@type":"ImageObject","inLanguage":"et","@id":"https:\/\/horticom.ee\/e-pood\/toode\/pastinaak-guernsey-pastinaca-sativa-l-b\/#primaryimage","url":"https:\/\/horticom.ee\/e-pood\/wp-content\/uploads\/importedmedia\/product-152629_0-L12604.jpg","contentUrl":"https:\/\/horticom.ee\/e-pood\/wp-content\/uploads\/importedmedia\/product-152629_0-L12604.jpg","width":1000,"height":1757,"caption":"Pastinaak Guernsey - Pastinaca sativa L."},{"@type":"BreadcrumbList","@id":"https:\/\/horticom.ee\/e-pood\/toode\/pastinaak-guernsey-pastinaca-sativa-l-b\/#breadcrumb","itemListElement":[{"@type":"ListItem","position":1,"name":"Home","item":"https:\/\/horticom.ee\/e-pood\/"},{"@type":"ListItem","position":2,"name":"Pood","item":"https:\/\/horticom.ee\/e-pood\/pood\/"},{"@type":"ListItem","position":3,"name":"Pastinaak Guernsey &#8211; Pastinaca sativa L."}]},{"@type":"WebSite","@id":"https:\/\/horticom.ee\/e-pood\/#website","url":"https:\/\/horticom.ee\/e-pood\/","name":"Horticom.ee","description":"Aianduskaubad ja kodukaubad nii harrastajatele kui professionaalidele","potentialAction":[{"@type":"SearchAction","target":{"@type":"EntryPoint","urlTemplate":"https:\/\/horticom.ee\/e-pood\/?s={search_term_string}"},"query-input":{"@type":"PropertyValueSpecification","valueRequired":true,"valueName":"search_term_string"}}],"inLanguage":"et"}]}},"_links":{"self":[{"href":"https:\/\/horticom.ee\/e-pood\/wp-json\/wp\/v2\/product\/152629","targetHints":{"allow":["GET"]}}],"collection":[{"href":"https:\/\/horticom.ee\/e-pood\/wp-json\/wp\/v2\/product"}],"about":[{"href":"https:\/\/horticom.ee\/e-pood\/wp-json\/wp\/v2\/types\/product"}],"replies":[{"embeddable":true,"href":"https:\/\/horticom.ee\/e-pood\/wp-json\/wp\/v2\/comments?post=152629"}],"wp:featuredmedia":[{"embeddable":true,"href":"https:\/\/horticom.ee\/e-pood\/wp-json\/wp\/v2\/media\/177859"}],"wp:attachment":[{"href":"https:\/\/horticom.ee\/e-pood\/wp-json\/wp\/v2\/media?parent=152629"}],"wp:term":[{"taxonomy":"product_cat","embeddable":true,"href":"https:\/\/horticom.ee\/e-pood\/wp-json\/wp\/v2\/product_cat?post=152629"},{"taxonomy":"product_tag","embeddable":true,"href":"https:\/\/horticom.ee\/e-pood\/wp-json\/wp\/v2\/product_tag?post=152629"}],"curies":[{"name":"wp","href":"https:\/\/api.w.org\/{rel}","templated":true}]}}