{"id":152630,"date":"2022-01-17T15:58:10","date_gmt":"2022-01-17T13:58:10","guid":{"rendered":"https:\/\/aednik24.ee\/toode\/paprika-trapez-capsicum-annuum-l-b\/"},"modified":"2026-04-12T03:04:47","modified_gmt":"2026-04-12T00:04:47","slug":"paprika-trapez-capsicum-annuum-l-b","status":"publish","type":"product","link":"https:\/\/horticom.ee\/e-pood\/toode\/paprika-trapez-capsicum-annuum-l-b\/","title":{"rendered":"Paprika Trapez &#8211; Capsicum annuum L."},"content":{"rendered":"<p>Paprika Trapez on varajane sort, m\u00f5eldud kasvatamiseks avamaal ja mitte soojendatavates kasvuhoonetes. Vili on suur, kuubikujuline, punast v\u00e4rvi, 8\u201310mm paksuse viljaseinaga. Suurep\u00e4raselt k\u00fcpseb v\u00e4hese valgusega ja madala temperatuuriga tingimustes. Optimaalne seemnete idanemistemperatuur on +22\u201325 C. 1g umbes 150 seemet<\/p>\n","protected":false},"excerpt":{"rendered":"<p>Paprika Trapez on varajane sort, m\u00f5eldud kasvatamiseks avamaal ja mitte soojendatavates kasvuhoonetes. Vili on suur, kuubikujuline, punast v\u00e4rvi, 8\u201310mm paksuse viljaseinaga. Suurep\u00e4raselt k\u00fcpseb v\u00e4hese valgusega ja madala temperatuuriga tingimustes. Optimaalne seemnete idanemistemperatuur on +22\u201325 C. 1g umbes 150 seemet<\/p>\n","protected":false},"featured_media":177855,"comment_status":"closed","ping_status":"closed","template":"","meta":{"_themeisle_gutenberg_block_has_review":false},"product_cat":[13489],"product_tag":[],"class_list":{"0":"post-152630","1":"product","2":"type-product","3":"status-publish","4":"has-post-thumbnail","6":"product_cat-paprika-kibepipar","8":"first","9":"instock","10":"shipping-taxable","11":"purchasable","12":"product-type-simple"},"yoast_head":"<!-- This site is optimized with the Yoast SEO plugin v24.0 - https:\/\/yoast.com\/wordpress\/plugins\/seo\/ -->\n<title>Paprika Trapez - Capsicum annuum L. - Horticom.ee\/e-pood<\/title>\n<meta name=\"description\" content=\"Paprika Trapez \u2013 Varajane sort, sobib avamaale ja kasvuhoonesse. Punane kuubikujuline vili, paks viljasein. Idanemistemperatuur +22\u201325\u00b0C.\" \/>\n<meta name=\"robots\" content=\"index, follow, max-snippet:-1, max-image-preview:large, max-video-preview:-1\" \/>\n<link rel=\"canonical\" href=\"https:\/\/horticom.ee\/e-pood\/toode\/paprika-trapez-capsicum-annuum-l-b\/\" \/>\n<meta property=\"og:locale\" content=\"et_EE\" \/>\n<meta property=\"og:type\" content=\"article\" \/>\n<meta property=\"og:title\" content=\"Paprika Trapez - Capsicum annuum L. - Horticom.ee\/e-pood\" \/>\n<meta property=\"og:description\" content=\"Paprika Trapez \u2013 Varajane sort, sobib avamaale ja kasvuhoonesse. Punane kuubikujuline vili, paks viljasein. Idanemistemperatuur +22\u201325\u00b0C.\" \/>\n<meta property=\"og:url\" content=\"https:\/\/horticom.ee\/e-pood\/toode\/paprika-trapez-capsicum-annuum-l-b\/\" \/>\n<meta property=\"og:site_name\" content=\"Horticom.ee\" \/>\n<meta property=\"article:publisher\" content=\"https:\/\/www.facebook.com\/horticom.ee\/e-pood\" \/>\n<meta property=\"article:modified_time\" content=\"2026-04-12T00:04:47+00:00\" \/>\n<meta property=\"og:image\" content=\"https:\/\/horticom.ee\/e-pood\/wp-content\/uploads\/importedmedia\/product-152630_0-L2534.jpg\" \/>\n\t<meta property=\"og:image:width\" content=\"1000\" \/>\n\t<meta property=\"og:image:height\" content=\"1577\" \/>\n\t<meta property=\"og:image:type\" content=\"image\/jpeg\" \/>\n<meta name=\"twitter:card\" content=\"summary_large_image\" \/>\n<script type=\"application\/ld+json\" class=\"yoast-schema-graph\">{\"@context\":\"https:\/\/schema.org\",\"@graph\":[{\"@type\":\"WebPage\",\"@id\":\"https:\/\/horticom.ee\/e-pood\/toode\/paprika-trapez-capsicum-annuum-l-b\/\",\"url\":\"https:\/\/horticom.ee\/e-pood\/toode\/paprika-trapez-capsicum-annuum-l-b\/\",\"name\":\"Paprika Trapez - Capsicum annuum L. - Horticom.ee\/e-pood\",\"isPartOf\":{\"@id\":\"https:\/\/horticom.ee\/e-pood\/#website\"},\"primaryImageOfPage\":{\"@id\":\"https:\/\/horticom.ee\/e-pood\/toode\/paprika-trapez-capsicum-annuum-l-b\/#primaryimage\"},\"image\":{\"@id\":\"https:\/\/horticom.ee\/e-pood\/toode\/paprika-trapez-capsicum-annuum-l-b\/#primaryimage\"},\"thumbnailUrl\":\"https:\/\/horticom.ee\/e-pood\/wp-content\/uploads\/importedmedia\/product-152630_0-L2534.jpg\",\"datePublished\":\"2022-01-17T13:58:10+00:00\",\"dateModified\":\"2026-04-12T00:04:47+00:00\",\"description\":\"Paprika Trapez \u2013 Varajane sort, sobib avamaale ja kasvuhoonesse. Punane kuubikujuline vili, paks viljasein. Idanemistemperatuur +22\u201325\u00b0C.\",\"breadcrumb\":{\"@id\":\"https:\/\/horticom.ee\/e-pood\/toode\/paprika-trapez-capsicum-annuum-l-b\/#breadcrumb\"},\"inLanguage\":\"et\",\"potentialAction\":[{\"@type\":\"ReadAction\",\"target\":[\"https:\/\/horticom.ee\/e-pood\/toode\/paprika-trapez-capsicum-annuum-l-b\/\"]}]},{\"@type\":\"ImageObject\",\"inLanguage\":\"et\",\"@id\":\"https:\/\/horticom.ee\/e-pood\/toode\/paprika-trapez-capsicum-annuum-l-b\/#primaryimage\",\"url\":\"https:\/\/horticom.ee\/e-pood\/wp-content\/uploads\/importedmedia\/product-152630_0-L2534.jpg\",\"contentUrl\":\"https:\/\/horticom.ee\/e-pood\/wp-content\/uploads\/importedmedia\/product-152630_0-L2534.jpg\",\"width\":1000,\"height\":1577,\"caption\":\"Paprika Trapez - Capsicum annuum L.\"},{\"@type\":\"BreadcrumbList\",\"@id\":\"https:\/\/horticom.ee\/e-pood\/toode\/paprika-trapez-capsicum-annuum-l-b\/#breadcrumb\",\"itemListElement\":[{\"@type\":\"ListItem\",\"position\":1,\"name\":\"Home\",\"item\":\"https:\/\/horticom.ee\/e-pood\/\"},{\"@type\":\"ListItem\",\"position\":2,\"name\":\"Pood\",\"item\":\"https:\/\/horticom.ee\/e-pood\/pood\/\"},{\"@type\":\"ListItem\",\"position\":3,\"name\":\"Paprika Trapez &#8211; Capsicum annuum L.\"}]},{\"@type\":\"WebSite\",\"@id\":\"https:\/\/horticom.ee\/e-pood\/#website\",\"url\":\"https:\/\/horticom.ee\/e-pood\/\",\"name\":\"Horticom.ee\",\"description\":\"Aianduskaubad ja kodukaubad nii harrastajatele kui professionaalidele\",\"potentialAction\":[{\"@type\":\"SearchAction\",\"target\":{\"@type\":\"EntryPoint\",\"urlTemplate\":\"https:\/\/horticom.ee\/e-pood\/?s={search_term_string}\"},\"query-input\":{\"@type\":\"PropertyValueSpecification\",\"valueRequired\":true,\"valueName\":\"search_term_string\"}}],\"inLanguage\":\"et\"}]}<\/script>\n<!-- \/ Yoast SEO plugin. -->","yoast_head_json":{"title":"Paprika Trapez - Capsicum annuum L. - Horticom.ee\/e-pood","description":"Paprika Trapez \u2013 Varajane sort, sobib avamaale ja kasvuhoonesse. Punane kuubikujuline vili, paks viljasein. Idanemistemperatuur +22\u201325\u00b0C.","robots":{"index":"index","follow":"follow","max-snippet":"max-snippet:-1","max-image-preview":"max-image-preview:large","max-video-preview":"max-video-preview:-1"},"canonical":"https:\/\/horticom.ee\/e-pood\/toode\/paprika-trapez-capsicum-annuum-l-b\/","og_locale":"et_EE","og_type":"article","og_title":"Paprika Trapez - Capsicum annuum L. - Horticom.ee\/e-pood","og_description":"Paprika Trapez \u2013 Varajane sort, sobib avamaale ja kasvuhoonesse. Punane kuubikujuline vili, paks viljasein. Idanemistemperatuur +22\u201325\u00b0C.","og_url":"https:\/\/horticom.ee\/e-pood\/toode\/paprika-trapez-capsicum-annuum-l-b\/","og_site_name":"Horticom.ee","article_publisher":"https:\/\/www.facebook.com\/horticom.ee\/e-pood","article_modified_time":"2026-04-12T00:04:47+00:00","og_image":[{"width":1000,"height":1577,"url":"https:\/\/horticom.ee\/e-pood\/wp-content\/uploads\/importedmedia\/product-152630_0-L2534.jpg","type":"image\/jpeg"}],"twitter_card":"summary_large_image","schema":{"@context":"https:\/\/schema.org","@graph":[{"@type":"WebPage","@id":"https:\/\/horticom.ee\/e-pood\/toode\/paprika-trapez-capsicum-annuum-l-b\/","url":"https:\/\/horticom.ee\/e-pood\/toode\/paprika-trapez-capsicum-annuum-l-b\/","name":"Paprika Trapez - Capsicum annuum L. - Horticom.ee\/e-pood","isPartOf":{"@id":"https:\/\/horticom.ee\/e-pood\/#website"},"primaryImageOfPage":{"@id":"https:\/\/horticom.ee\/e-pood\/toode\/paprika-trapez-capsicum-annuum-l-b\/#primaryimage"},"image":{"@id":"https:\/\/horticom.ee\/e-pood\/toode\/paprika-trapez-capsicum-annuum-l-b\/#primaryimage"},"thumbnailUrl":"https:\/\/horticom.ee\/e-pood\/wp-content\/uploads\/importedmedia\/product-152630_0-L2534.jpg","datePublished":"2022-01-17T13:58:10+00:00","dateModified":"2026-04-12T00:04:47+00:00","description":"Paprika Trapez \u2013 Varajane sort, sobib avamaale ja kasvuhoonesse. Punane kuubikujuline vili, paks viljasein. Idanemistemperatuur +22\u201325\u00b0C.","breadcrumb":{"@id":"https:\/\/horticom.ee\/e-pood\/toode\/paprika-trapez-capsicum-annuum-l-b\/#breadcrumb"},"inLanguage":"et","potentialAction":[{"@type":"ReadAction","target":["https:\/\/horticom.ee\/e-pood\/toode\/paprika-trapez-capsicum-annuum-l-b\/"]}]},{"@type":"ImageObject","inLanguage":"et","@id":"https:\/\/horticom.ee\/e-pood\/toode\/paprika-trapez-capsicum-annuum-l-b\/#primaryimage","url":"https:\/\/horticom.ee\/e-pood\/wp-content\/uploads\/importedmedia\/product-152630_0-L2534.jpg","contentUrl":"https:\/\/horticom.ee\/e-pood\/wp-content\/uploads\/importedmedia\/product-152630_0-L2534.jpg","width":1000,"height":1577,"caption":"Paprika Trapez - Capsicum annuum L."},{"@type":"BreadcrumbList","@id":"https:\/\/horticom.ee\/e-pood\/toode\/paprika-trapez-capsicum-annuum-l-b\/#breadcrumb","itemListElement":[{"@type":"ListItem","position":1,"name":"Home","item":"https:\/\/horticom.ee\/e-pood\/"},{"@type":"ListItem","position":2,"name":"Pood","item":"https:\/\/horticom.ee\/e-pood\/pood\/"},{"@type":"ListItem","position":3,"name":"Paprika Trapez &#8211; Capsicum annuum L."}]},{"@type":"WebSite","@id":"https:\/\/horticom.ee\/e-pood\/#website","url":"https:\/\/horticom.ee\/e-pood\/","name":"Horticom.ee","description":"Aianduskaubad ja kodukaubad nii harrastajatele kui professionaalidele","potentialAction":[{"@type":"SearchAction","target":{"@type":"EntryPoint","urlTemplate":"https:\/\/horticom.ee\/e-pood\/?s={search_term_string}"},"query-input":{"@type":"PropertyValueSpecification","valueRequired":true,"valueName":"search_term_string"}}],"inLanguage":"et"}]}},"_links":{"self":[{"href":"https:\/\/horticom.ee\/e-pood\/wp-json\/wp\/v2\/product\/152630","targetHints":{"allow":["GET"]}}],"collection":[{"href":"https:\/\/horticom.ee\/e-pood\/wp-json\/wp\/v2\/product"}],"about":[{"href":"https:\/\/horticom.ee\/e-pood\/wp-json\/wp\/v2\/types\/product"}],"replies":[{"embeddable":true,"href":"https:\/\/horticom.ee\/e-pood\/wp-json\/wp\/v2\/comments?post=152630"}],"wp:featuredmedia":[{"embeddable":true,"href":"https:\/\/horticom.ee\/e-pood\/wp-json\/wp\/v2\/media\/177855"}],"wp:attachment":[{"href":"https:\/\/horticom.ee\/e-pood\/wp-json\/wp\/v2\/media?parent=152630"}],"wp:term":[{"taxonomy":"product_cat","embeddable":true,"href":"https:\/\/horticom.ee\/e-pood\/wp-json\/wp\/v2\/product_cat?post=152630"},{"taxonomy":"product_tag","embeddable":true,"href":"https:\/\/horticom.ee\/e-pood\/wp-json\/wp\/v2\/product_tag?post=152630"}],"curies":[{"name":"wp","href":"https:\/\/api.w.org\/{rel}","templated":true}]}}