{"id":152658,"date":"2022-01-17T15:58:25","date_gmt":"2022-01-17T13:58:25","guid":{"rendered":"https:\/\/aednik24.ee\/toode\/vaetis-terraflex-c-npk-17-7-213-me-25kg\/"},"modified":"2026-04-24T03:04:28","modified_gmt":"2026-04-24T00:04:28","slug":"vaetis-terraflex-c-npk-17-7-213-me-25kg","status":"publish","type":"product","link":"https:\/\/horticom.ee\/e-pood\/toode\/vaetis-terraflex-c-npk-17-7-213-me-25kg\/","title":{"rendered":"V\u00e4etis Terraflex C NPK 17-7-22+3 +me 25kg"},"content":{"rendered":"<p>Veeslahustuv mikroelementidega NPK t\u00e4isv\u00e4etis kastmis- ja lehev\u00e4etamiseks. Tasakaalustatud l\u00e4mmastik-kaaliumi suhtega NPK t\u00e4isv\u00e4etis Terraflex on ideaalne kastmisv\u00e4etis vegetatiivse kasvuga k\u00f6\u00f6giviljadele ja rohtsetele dekoratiivlilledele pealtv\u00e4etamiseks kogu kasvuperioodi jooksul. Sobib kasutada kastmisv\u00e4etisena kasvuhoonetes, kiletunnelites, peenardel. V\u00e4etis on keemiliselt puhas, ohutu taimele ja keskkonnale. T\u00e4nu v\u00e4ga heale veeslahustuvusele ja kvaliteetsetele taimetoiteelementidele on Terraflex suurep\u00e4rane lehev\u00e4etis paljudele koduaia kultuuridele.<\/p>\n","protected":false},"excerpt":{"rendered":"<p>Veeslahustuv mikroelementidega NPK t\u00e4isv\u00e4etis kastmis- ja lehev\u00e4etamiseks. Tasakaalustatud l\u00e4mmastik-kaaliumi suhtega NPK t\u00e4isv\u00e4etis Terraflex on ideaalne kastmisv\u00e4etis vegetatiivse kasvuga k\u00f6\u00f6giviljadele ja rohtsetele dekoratiivlilledele pealtv\u00e4etamiseks kogu kasvuperioodi jooksul. Sobib kasutada kastmisv\u00e4etisena kasvuhoonetes, kiletunnelites, peenardel. V\u00e4etis on keemiliselt puhas, ohutu taimele ja keskkonnale. T\u00e4nu v\u00e4ga heale veeslahustuvusele ja kvaliteetsetele taimetoiteelementidele on Terraflex suurep\u00e4rane lehev\u00e4etis paljudele koduaia kultuuridele.<\/p>\n","protected":false},"featured_media":2378284,"comment_status":"closed","ping_status":"closed","template":"","meta":{"_themeisle_gutenberg_block_has_review":false},"product_cat":[16965],"product_tag":[],"class_list":{"0":"post-152658","1":"product","2":"type-product","3":"status-publish","4":"has-post-thumbnail","6":"product_cat-koogiviljadele-ja-maitsetaimedele","8":"first","9":"instock","10":"sale","11":"shipping-taxable","12":"purchasable","13":"product-type-simple"},"yoast_head":"<!-- This site is optimized with the Yoast SEO plugin v24.0 - https:\/\/yoast.com\/wordpress\/plugins\/seo\/ -->\n<title>V\u00e4etis Terraflex C NPK 17-7-22+3 +me 25kg - Horticom<\/title>\n<meta name=\"robots\" content=\"index, follow, max-snippet:-1, max-image-preview:large, max-video-preview:-1\" \/>\n<link rel=\"canonical\" href=\"https:\/\/horticom.ee\/e-pood\/toode\/vaetis-terraflex-c-npk-17-7-213-me-25kg\/\" \/>\n<meta property=\"og:locale\" content=\"et_EE\" \/>\n<meta property=\"og:type\" content=\"article\" \/>\n<meta property=\"og:title\" content=\"V\u00e4etis Terraflex C NPK 17-7-22+3 +me 25kg - Horticom\" \/>\n<meta property=\"og:description\" content=\"Veeslahustuv mikroelementidega NPK t\u00e4isv\u00e4etis kastmis- ja lehev\u00e4etamiseks. Tasakaalustatud l\u00e4mmastik-kaaliumi suhtega NPK t\u00e4isv\u00e4etis Terraflex on ideaalne kastmisv\u00e4etis vegetatiivse kasvuga k\u00f6\u00f6giviljadele ja rohtsetele dekoratiivlilledele pealtv\u00e4etamiseks kogu kasvuperioodi jooksul. Sobib kasutada kastmisv\u00e4etisena kasvuhoonetes, kiletunnelites, peenardel. V\u00e4etis on keemiliselt puhas, ohutu taimele ja keskkonnale. T\u00e4nu v\u00e4ga heale veeslahustuvusele ja kvaliteetsetele taimetoiteelementidele on Terraflex suurep\u00e4rane lehev\u00e4etis paljudele koduaia kultuuridele.\" \/>\n<meta property=\"og:url\" content=\"https:\/\/horticom.ee\/e-pood\/toode\/vaetis-terraflex-c-npk-17-7-213-me-25kg\/\" \/>\n<meta property=\"og:site_name\" content=\"Horticom.ee\" \/>\n<meta property=\"article:publisher\" content=\"https:\/\/www.facebook.com\/horticom.ee\/e-pood\" \/>\n<meta property=\"article:modified_time\" content=\"2026-04-24T00:04:28+00:00\" \/>\n<meta property=\"og:image\" content=\"https:\/\/horticom.ee\/e-pood\/wp-content\/uploads\/importedmedia\/product-152658_0-432016.jpg\" \/>\n\t<meta property=\"og:image:width\" content=\"999\" \/>\n\t<meta property=\"og:image:height\" content=\"1497\" \/>\n\t<meta property=\"og:image:type\" content=\"image\/jpeg\" \/>\n<meta name=\"twitter:card\" content=\"summary_large_image\" \/>\n<script type=\"application\/ld+json\" class=\"yoast-schema-graph\">{\"@context\":\"https:\/\/schema.org\",\"@graph\":[{\"@type\":\"WebPage\",\"@id\":\"https:\/\/horticom.ee\/e-pood\/toode\/vaetis-terraflex-c-npk-17-7-213-me-25kg\/\",\"url\":\"https:\/\/horticom.ee\/e-pood\/toode\/vaetis-terraflex-c-npk-17-7-213-me-25kg\/\",\"name\":\"V\u00e4etis Terraflex C NPK 17-7-22+3 +me 25kg - Horticom\",\"isPartOf\":{\"@id\":\"https:\/\/horticom.ee\/e-pood\/#website\"},\"primaryImageOfPage\":{\"@id\":\"https:\/\/horticom.ee\/e-pood\/toode\/vaetis-terraflex-c-npk-17-7-213-me-25kg\/#primaryimage\"},\"image\":{\"@id\":\"https:\/\/horticom.ee\/e-pood\/toode\/vaetis-terraflex-c-npk-17-7-213-me-25kg\/#primaryimage\"},\"thumbnailUrl\":\"https:\/\/horticom.ee\/e-pood\/wp-content\/uploads\/importedmedia\/product-152658_0-432016.jpg\",\"datePublished\":\"2022-01-17T13:58:25+00:00\",\"dateModified\":\"2026-04-24T00:04:28+00:00\",\"breadcrumb\":{\"@id\":\"https:\/\/horticom.ee\/e-pood\/toode\/vaetis-terraflex-c-npk-17-7-213-me-25kg\/#breadcrumb\"},\"inLanguage\":\"et\",\"potentialAction\":[{\"@type\":\"ReadAction\",\"target\":[\"https:\/\/horticom.ee\/e-pood\/toode\/vaetis-terraflex-c-npk-17-7-213-me-25kg\/\"]}]},{\"@type\":\"ImageObject\",\"inLanguage\":\"et\",\"@id\":\"https:\/\/horticom.ee\/e-pood\/toode\/vaetis-terraflex-c-npk-17-7-213-me-25kg\/#primaryimage\",\"url\":\"https:\/\/horticom.ee\/e-pood\/wp-content\/uploads\/importedmedia\/product-152658_0-432016.jpg\",\"contentUrl\":\"https:\/\/horticom.ee\/e-pood\/wp-content\/uploads\/importedmedia\/product-152658_0-432016.jpg\",\"width\":999,\"height\":1497},{\"@type\":\"BreadcrumbList\",\"@id\":\"https:\/\/horticom.ee\/e-pood\/toode\/vaetis-terraflex-c-npk-17-7-213-me-25kg\/#breadcrumb\",\"itemListElement\":[{\"@type\":\"ListItem\",\"position\":1,\"name\":\"Home\",\"item\":\"https:\/\/horticom.ee\/e-pood\/\"},{\"@type\":\"ListItem\",\"position\":2,\"name\":\"Pood\",\"item\":\"https:\/\/horticom.ee\/e-pood\/pood\/\"},{\"@type\":\"ListItem\",\"position\":3,\"name\":\"V\u00e4etis Terraflex C NPK 17-7-22+3 +me 25kg\"}]},{\"@type\":\"WebSite\",\"@id\":\"https:\/\/horticom.ee\/e-pood\/#website\",\"url\":\"https:\/\/horticom.ee\/e-pood\/\",\"name\":\"Horticom.ee\",\"description\":\"Aianduskaubad ja kodukaubad nii harrastajatele kui professionaalidele\",\"potentialAction\":[{\"@type\":\"SearchAction\",\"target\":{\"@type\":\"EntryPoint\",\"urlTemplate\":\"https:\/\/horticom.ee\/e-pood\/?s={search_term_string}\"},\"query-input\":{\"@type\":\"PropertyValueSpecification\",\"valueRequired\":true,\"valueName\":\"search_term_string\"}}],\"inLanguage\":\"et\"}]}<\/script>\n<!-- \/ Yoast SEO plugin. -->","yoast_head_json":{"title":"V\u00e4etis Terraflex C NPK 17-7-22+3 +me 25kg - Horticom","robots":{"index":"index","follow":"follow","max-snippet":"max-snippet:-1","max-image-preview":"max-image-preview:large","max-video-preview":"max-video-preview:-1"},"canonical":"https:\/\/horticom.ee\/e-pood\/toode\/vaetis-terraflex-c-npk-17-7-213-me-25kg\/","og_locale":"et_EE","og_type":"article","og_title":"V\u00e4etis Terraflex C NPK 17-7-22+3 +me 25kg - Horticom","og_description":"Veeslahustuv mikroelementidega NPK t\u00e4isv\u00e4etis kastmis- ja lehev\u00e4etamiseks. Tasakaalustatud l\u00e4mmastik-kaaliumi suhtega NPK t\u00e4isv\u00e4etis Terraflex on ideaalne kastmisv\u00e4etis vegetatiivse kasvuga k\u00f6\u00f6giviljadele ja rohtsetele dekoratiivlilledele pealtv\u00e4etamiseks kogu kasvuperioodi jooksul. Sobib kasutada kastmisv\u00e4etisena kasvuhoonetes, kiletunnelites, peenardel. V\u00e4etis on keemiliselt puhas, ohutu taimele ja keskkonnale. T\u00e4nu v\u00e4ga heale veeslahustuvusele ja kvaliteetsetele taimetoiteelementidele on Terraflex suurep\u00e4rane lehev\u00e4etis paljudele koduaia kultuuridele.","og_url":"https:\/\/horticom.ee\/e-pood\/toode\/vaetis-terraflex-c-npk-17-7-213-me-25kg\/","og_site_name":"Horticom.ee","article_publisher":"https:\/\/www.facebook.com\/horticom.ee\/e-pood","article_modified_time":"2026-04-24T00:04:28+00:00","og_image":[{"width":999,"height":1497,"url":"https:\/\/horticom.ee\/e-pood\/wp-content\/uploads\/importedmedia\/product-152658_0-432016.jpg","type":"image\/jpeg"}],"twitter_card":"summary_large_image","schema":{"@context":"https:\/\/schema.org","@graph":[{"@type":"WebPage","@id":"https:\/\/horticom.ee\/e-pood\/toode\/vaetis-terraflex-c-npk-17-7-213-me-25kg\/","url":"https:\/\/horticom.ee\/e-pood\/toode\/vaetis-terraflex-c-npk-17-7-213-me-25kg\/","name":"V\u00e4etis Terraflex C NPK 17-7-22+3 +me 25kg - Horticom","isPartOf":{"@id":"https:\/\/horticom.ee\/e-pood\/#website"},"primaryImageOfPage":{"@id":"https:\/\/horticom.ee\/e-pood\/toode\/vaetis-terraflex-c-npk-17-7-213-me-25kg\/#primaryimage"},"image":{"@id":"https:\/\/horticom.ee\/e-pood\/toode\/vaetis-terraflex-c-npk-17-7-213-me-25kg\/#primaryimage"},"thumbnailUrl":"https:\/\/horticom.ee\/e-pood\/wp-content\/uploads\/importedmedia\/product-152658_0-432016.jpg","datePublished":"2022-01-17T13:58:25+00:00","dateModified":"2026-04-24T00:04:28+00:00","breadcrumb":{"@id":"https:\/\/horticom.ee\/e-pood\/toode\/vaetis-terraflex-c-npk-17-7-213-me-25kg\/#breadcrumb"},"inLanguage":"et","potentialAction":[{"@type":"ReadAction","target":["https:\/\/horticom.ee\/e-pood\/toode\/vaetis-terraflex-c-npk-17-7-213-me-25kg\/"]}]},{"@type":"ImageObject","inLanguage":"et","@id":"https:\/\/horticom.ee\/e-pood\/toode\/vaetis-terraflex-c-npk-17-7-213-me-25kg\/#primaryimage","url":"https:\/\/horticom.ee\/e-pood\/wp-content\/uploads\/importedmedia\/product-152658_0-432016.jpg","contentUrl":"https:\/\/horticom.ee\/e-pood\/wp-content\/uploads\/importedmedia\/product-152658_0-432016.jpg","width":999,"height":1497},{"@type":"BreadcrumbList","@id":"https:\/\/horticom.ee\/e-pood\/toode\/vaetis-terraflex-c-npk-17-7-213-me-25kg\/#breadcrumb","itemListElement":[{"@type":"ListItem","position":1,"name":"Home","item":"https:\/\/horticom.ee\/e-pood\/"},{"@type":"ListItem","position":2,"name":"Pood","item":"https:\/\/horticom.ee\/e-pood\/pood\/"},{"@type":"ListItem","position":3,"name":"V\u00e4etis Terraflex C NPK 17-7-22+3 +me 25kg"}]},{"@type":"WebSite","@id":"https:\/\/horticom.ee\/e-pood\/#website","url":"https:\/\/horticom.ee\/e-pood\/","name":"Horticom.ee","description":"Aianduskaubad ja kodukaubad nii harrastajatele kui professionaalidele","potentialAction":[{"@type":"SearchAction","target":{"@type":"EntryPoint","urlTemplate":"https:\/\/horticom.ee\/e-pood\/?s={search_term_string}"},"query-input":{"@type":"PropertyValueSpecification","valueRequired":true,"valueName":"search_term_string"}}],"inLanguage":"et"}]}},"_links":{"self":[{"href":"https:\/\/horticom.ee\/e-pood\/wp-json\/wp\/v2\/product\/152658","targetHints":{"allow":["GET"]}}],"collection":[{"href":"https:\/\/horticom.ee\/e-pood\/wp-json\/wp\/v2\/product"}],"about":[{"href":"https:\/\/horticom.ee\/e-pood\/wp-json\/wp\/v2\/types\/product"}],"replies":[{"embeddable":true,"href":"https:\/\/horticom.ee\/e-pood\/wp-json\/wp\/v2\/comments?post=152658"}],"wp:featuredmedia":[{"embeddable":true,"href":"https:\/\/horticom.ee\/e-pood\/wp-json\/wp\/v2\/media\/2378284"}],"wp:attachment":[{"href":"https:\/\/horticom.ee\/e-pood\/wp-json\/wp\/v2\/media?parent=152658"}],"wp:term":[{"taxonomy":"product_cat","embeddable":true,"href":"https:\/\/horticom.ee\/e-pood\/wp-json\/wp\/v2\/product_cat?post=152658"},{"taxonomy":"product_tag","embeddable":true,"href":"https:\/\/horticom.ee\/e-pood\/wp-json\/wp\/v2\/product_tag?post=152658"}],"curies":[{"name":"wp","href":"https:\/\/api.w.org\/{rel}","templated":true}]}}