{"id":152680,"date":"2022-01-17T15:58:36","date_gmt":"2022-01-17T13:58:36","guid":{"rendered":"https:\/\/aednik24.ee\/toode\/vaetis-hydroflex-s-npk-10-9-33-me-25kg\/"},"modified":"2026-04-29T03:04:17","modified_gmt":"2026-04-29T00:04:17","slug":"vaetis-hydroflex-s-npk-10-9-33-me-25kg","status":"publish","type":"product","link":"https:\/\/horticom.ee\/e-pood\/toode\/vaetis-hydroflex-s-npk-10-9-33-me-25kg\/","title":{"rendered":"V\u00e4etis Hydroflex S NPK 10-9-33 +me 25kg"},"content":{"rendered":"<p>Veeslahustuv kaaliumi \u00fclekaaluga NPK t\u00e4isv\u00e4etis, mis on spetsiaalselt v\u00e4lja t\u00f6\u00f6tatud piiratud kasvusubstraadil kasvavate kultuuride v\u00e4etamiseks. K\u00f5rgekvaliteediliste koostisosade ja h\u00e4sti tasakaalustatud elementide vahelise suhte t\u00f5ttu on Hydroflex v\u00f5tmekomponent igas k\u00f5rgtehnoloogilises h\u00fcdropoonikas\u00fcsteemis. Hydroflex t\u00f5estab oma v\u00e4\u00e4rtust substraadis kasvavate kultuuride puhul, nt. kivivill, perliit, turvas, jne. ning ka tilkkastmiss\u00fcsteemis liivastel muldadel. Katsetulemusi anal\u00fc\u00fcsides ning teadlastega koost\u00f6\u00f6s v\u00e4ljat\u00f6\u00f6tatud retsept v\u00f5imaldab kombinatsioonis lihtv\u00e4etistega edukalt v\u00e4etada k\u00f6\u00f6givilju. Lihtne ja l\u00e4bipaistev kontseptsioon, mida saame kombineerida s\u00f5ltuvalt kasvufaasist, p\u00e4ikesekiirgusest ning temperatuurist kahe t\u00e4iendv\u00e4etistega \u2013kaltsiumnitraat ja l\u00e4mmastikhape. Kvaliteet ja innovatiivsus. V\u00e4etise koostises olev puhas ning kvaliteetne tooraine on t\u00e4ielikult veeslahustuv ja taimede poolt alati kadudeta omastatav. Maailma juhtiv kastmisv\u00e4etiste tootja tagab kvaliteetse tooraine. Hydroflexi eelised: Kompleksus ja tasakaalustatus. Kasutades v\u00e4etist koos kaltsiumnitraadiga, varustatakse taimi toitelahusega, mis sisaldab k\u00f5iki vajalikke toitaineid optimaalses koguses. Raud on lisatud DTPA-vormis, mis garanteerib selle parema omastamise isegi karedas vees (k\u00f5rge pH). Hydroflex varustab taimi k\u00f5ikide makro- (N, P, K, S, Mg) ja mikroelementidega (Fe, B, Cu, Zn, Mn, Mo). Kaltsium ja osa l\u00e4mmastikust antakse kaltsiumnitraadiga.<\/p>\n","protected":false},"excerpt":{"rendered":"<p>Veeslahustuv kaaliumi \u00fclekaaluga NPK t\u00e4isv\u00e4etis, mis on spetsiaalselt v\u00e4lja t\u00f6\u00f6tatud piiratud kasvusubstraadil kasvavate kultuuride v\u00e4etamiseks. K\u00f5rgekvaliteediliste koostisosade ja h\u00e4sti tasakaalustatud elementide vahelise suhte t\u00f5ttu on Hydroflex v\u00f5tmekomponent igas k\u00f5rgtehnoloogilises h\u00fcdropoonikas\u00fcsteemis. Hydroflex t\u00f5estab oma v\u00e4\u00e4rtust substraadis kasvavate kultuuride puhul, nt. kivivill, perliit, turvas, jne. ning ka tilkkastmiss\u00fcsteemis liivastel muldadel. Katsetulemusi anal\u00fc\u00fcsides ning teadlastega koost\u00f6\u00f6s v\u00e4ljat\u00f6\u00f6tatud retsept [&hellip;]<\/p>\n","protected":false},"featured_media":177007,"comment_status":"closed","ping_status":"closed","template":"","meta":{"_themeisle_gutenberg_block_has_review":false},"product_cat":[16965,16966],"product_tag":[],"class_list":{"0":"post-152680","1":"product","2":"type-product","3":"status-publish","4":"has-post-thumbnail","6":"product_cat-koogiviljadele-ja-maitsetaimedele","7":"product_cat-marjadele-ja-puuviljadele","9":"first","10":"instock","11":"shipping-taxable","12":"purchasable","13":"product-type-simple"},"yoast_head":"<!-- This site is optimized with the Yoast SEO plugin v24.0 - https:\/\/yoast.com\/wordpress\/plugins\/seo\/ -->\n<title>V\u00e4etis Hydroflex S NPK 10-9-33 +me 25kg - Horticom<\/title>\n<meta name=\"robots\" content=\"index, follow, max-snippet:-1, max-image-preview:large, max-video-preview:-1\" \/>\n<link rel=\"canonical\" href=\"https:\/\/horticom.ee\/e-pood\/toode\/vaetis-hydroflex-s-npk-10-9-33-me-25kg\/\" \/>\n<meta property=\"og:locale\" content=\"et_EE\" \/>\n<meta property=\"og:type\" content=\"article\" \/>\n<meta property=\"og:title\" content=\"V\u00e4etis Hydroflex S NPK 10-9-33 +me 25kg - Horticom\" \/>\n<meta property=\"og:description\" content=\"Veeslahustuv kaaliumi \u00fclekaaluga NPK t\u00e4isv\u00e4etis, mis on spetsiaalselt v\u00e4lja t\u00f6\u00f6tatud piiratud kasvusubstraadil kasvavate kultuuride v\u00e4etamiseks. K\u00f5rgekvaliteediliste koostisosade ja h\u00e4sti tasakaalustatud elementide vahelise suhte t\u00f5ttu on Hydroflex v\u00f5tmekomponent igas k\u00f5rgtehnoloogilises h\u00fcdropoonikas\u00fcsteemis. Hydroflex t\u00f5estab oma v\u00e4\u00e4rtust substraadis kasvavate kultuuride puhul, nt. kivivill, perliit, turvas, jne. ning ka tilkkastmiss\u00fcsteemis liivastel muldadel. Katsetulemusi anal\u00fc\u00fcsides ning teadlastega koost\u00f6\u00f6s v\u00e4ljat\u00f6\u00f6tatud retsept [&hellip;]\" \/>\n<meta property=\"og:url\" content=\"https:\/\/horticom.ee\/e-pood\/toode\/vaetis-hydroflex-s-npk-10-9-33-me-25kg\/\" \/>\n<meta property=\"og:site_name\" content=\"Horticom.ee\" \/>\n<meta property=\"article:publisher\" content=\"https:\/\/www.facebook.com\/horticom.ee\/e-pood\" \/>\n<meta property=\"article:modified_time\" content=\"2026-04-29T00:04:17+00:00\" \/>\n<meta property=\"og:image\" content=\"https:\/\/horticom.ee\/e-pood\/wp-content\/uploads\/importedmedia\/product-152680_0-431986.jpg\" \/>\n\t<meta property=\"og:image:width\" content=\"1000\" \/>\n\t<meta property=\"og:image:height\" content=\"1498\" \/>\n\t<meta property=\"og:image:type\" content=\"image\/jpeg\" \/>\n<meta name=\"twitter:card\" content=\"summary_large_image\" \/>\n<meta name=\"twitter:label1\" content=\"Est. reading time\" \/>\n\t<meta name=\"twitter:data1\" content=\"1 minut\" \/>\n<script type=\"application\/ld+json\" class=\"yoast-schema-graph\">{\"@context\":\"https:\/\/schema.org\",\"@graph\":[{\"@type\":\"WebPage\",\"@id\":\"https:\/\/horticom.ee\/e-pood\/toode\/vaetis-hydroflex-s-npk-10-9-33-me-25kg\/\",\"url\":\"https:\/\/horticom.ee\/e-pood\/toode\/vaetis-hydroflex-s-npk-10-9-33-me-25kg\/\",\"name\":\"V\u00e4etis Hydroflex S NPK 10-9-33 +me 25kg - Horticom\",\"isPartOf\":{\"@id\":\"https:\/\/horticom.ee\/e-pood\/#website\"},\"primaryImageOfPage\":{\"@id\":\"https:\/\/horticom.ee\/e-pood\/toode\/vaetis-hydroflex-s-npk-10-9-33-me-25kg\/#primaryimage\"},\"image\":{\"@id\":\"https:\/\/horticom.ee\/e-pood\/toode\/vaetis-hydroflex-s-npk-10-9-33-me-25kg\/#primaryimage\"},\"thumbnailUrl\":\"https:\/\/horticom.ee\/e-pood\/wp-content\/uploads\/importedmedia\/product-152680_0-431986.jpg\",\"datePublished\":\"2022-01-17T13:58:36+00:00\",\"dateModified\":\"2026-04-29T00:04:17+00:00\",\"breadcrumb\":{\"@id\":\"https:\/\/horticom.ee\/e-pood\/toode\/vaetis-hydroflex-s-npk-10-9-33-me-25kg\/#breadcrumb\"},\"inLanguage\":\"et\",\"potentialAction\":[{\"@type\":\"ReadAction\",\"target\":[\"https:\/\/horticom.ee\/e-pood\/toode\/vaetis-hydroflex-s-npk-10-9-33-me-25kg\/\"]}]},{\"@type\":\"ImageObject\",\"inLanguage\":\"et\",\"@id\":\"https:\/\/horticom.ee\/e-pood\/toode\/vaetis-hydroflex-s-npk-10-9-33-me-25kg\/#primaryimage\",\"url\":\"https:\/\/horticom.ee\/e-pood\/wp-content\/uploads\/importedmedia\/product-152680_0-431986.jpg\",\"contentUrl\":\"https:\/\/horticom.ee\/e-pood\/wp-content\/uploads\/importedmedia\/product-152680_0-431986.jpg\",\"width\":1000,\"height\":1498},{\"@type\":\"BreadcrumbList\",\"@id\":\"https:\/\/horticom.ee\/e-pood\/toode\/vaetis-hydroflex-s-npk-10-9-33-me-25kg\/#breadcrumb\",\"itemListElement\":[{\"@type\":\"ListItem\",\"position\":1,\"name\":\"Home\",\"item\":\"https:\/\/horticom.ee\/e-pood\/\"},{\"@type\":\"ListItem\",\"position\":2,\"name\":\"Pood\",\"item\":\"https:\/\/horticom.ee\/e-pood\/pood\/\"},{\"@type\":\"ListItem\",\"position\":3,\"name\":\"V\u00e4etis Hydroflex S NPK 10-9-33 +me 25kg\"}]},{\"@type\":\"WebSite\",\"@id\":\"https:\/\/horticom.ee\/e-pood\/#website\",\"url\":\"https:\/\/horticom.ee\/e-pood\/\",\"name\":\"Horticom.ee\",\"description\":\"Aianduskaubad ja kodukaubad nii harrastajatele kui professionaalidele\",\"potentialAction\":[{\"@type\":\"SearchAction\",\"target\":{\"@type\":\"EntryPoint\",\"urlTemplate\":\"https:\/\/horticom.ee\/e-pood\/?s={search_term_string}\"},\"query-input\":{\"@type\":\"PropertyValueSpecification\",\"valueRequired\":true,\"valueName\":\"search_term_string\"}}],\"inLanguage\":\"et\"}]}<\/script>\n<!-- \/ Yoast SEO plugin. -->","yoast_head_json":{"title":"V\u00e4etis Hydroflex S NPK 10-9-33 +me 25kg - Horticom","robots":{"index":"index","follow":"follow","max-snippet":"max-snippet:-1","max-image-preview":"max-image-preview:large","max-video-preview":"max-video-preview:-1"},"canonical":"https:\/\/horticom.ee\/e-pood\/toode\/vaetis-hydroflex-s-npk-10-9-33-me-25kg\/","og_locale":"et_EE","og_type":"article","og_title":"V\u00e4etis Hydroflex S NPK 10-9-33 +me 25kg - Horticom","og_description":"Veeslahustuv kaaliumi \u00fclekaaluga NPK t\u00e4isv\u00e4etis, mis on spetsiaalselt v\u00e4lja t\u00f6\u00f6tatud piiratud kasvusubstraadil kasvavate kultuuride v\u00e4etamiseks. K\u00f5rgekvaliteediliste koostisosade ja h\u00e4sti tasakaalustatud elementide vahelise suhte t\u00f5ttu on Hydroflex v\u00f5tmekomponent igas k\u00f5rgtehnoloogilises h\u00fcdropoonikas\u00fcsteemis. Hydroflex t\u00f5estab oma v\u00e4\u00e4rtust substraadis kasvavate kultuuride puhul, nt. kivivill, perliit, turvas, jne. ning ka tilkkastmiss\u00fcsteemis liivastel muldadel. Katsetulemusi anal\u00fc\u00fcsides ning teadlastega koost\u00f6\u00f6s v\u00e4ljat\u00f6\u00f6tatud retsept [&hellip;]","og_url":"https:\/\/horticom.ee\/e-pood\/toode\/vaetis-hydroflex-s-npk-10-9-33-me-25kg\/","og_site_name":"Horticom.ee","article_publisher":"https:\/\/www.facebook.com\/horticom.ee\/e-pood","article_modified_time":"2026-04-29T00:04:17+00:00","og_image":[{"width":1000,"height":1498,"url":"https:\/\/horticom.ee\/e-pood\/wp-content\/uploads\/importedmedia\/product-152680_0-431986.jpg","type":"image\/jpeg"}],"twitter_card":"summary_large_image","twitter_misc":{"Est. reading time":"1 minut"},"schema":{"@context":"https:\/\/schema.org","@graph":[{"@type":"WebPage","@id":"https:\/\/horticom.ee\/e-pood\/toode\/vaetis-hydroflex-s-npk-10-9-33-me-25kg\/","url":"https:\/\/horticom.ee\/e-pood\/toode\/vaetis-hydroflex-s-npk-10-9-33-me-25kg\/","name":"V\u00e4etis Hydroflex S NPK 10-9-33 +me 25kg - Horticom","isPartOf":{"@id":"https:\/\/horticom.ee\/e-pood\/#website"},"primaryImageOfPage":{"@id":"https:\/\/horticom.ee\/e-pood\/toode\/vaetis-hydroflex-s-npk-10-9-33-me-25kg\/#primaryimage"},"image":{"@id":"https:\/\/horticom.ee\/e-pood\/toode\/vaetis-hydroflex-s-npk-10-9-33-me-25kg\/#primaryimage"},"thumbnailUrl":"https:\/\/horticom.ee\/e-pood\/wp-content\/uploads\/importedmedia\/product-152680_0-431986.jpg","datePublished":"2022-01-17T13:58:36+00:00","dateModified":"2026-04-29T00:04:17+00:00","breadcrumb":{"@id":"https:\/\/horticom.ee\/e-pood\/toode\/vaetis-hydroflex-s-npk-10-9-33-me-25kg\/#breadcrumb"},"inLanguage":"et","potentialAction":[{"@type":"ReadAction","target":["https:\/\/horticom.ee\/e-pood\/toode\/vaetis-hydroflex-s-npk-10-9-33-me-25kg\/"]}]},{"@type":"ImageObject","inLanguage":"et","@id":"https:\/\/horticom.ee\/e-pood\/toode\/vaetis-hydroflex-s-npk-10-9-33-me-25kg\/#primaryimage","url":"https:\/\/horticom.ee\/e-pood\/wp-content\/uploads\/importedmedia\/product-152680_0-431986.jpg","contentUrl":"https:\/\/horticom.ee\/e-pood\/wp-content\/uploads\/importedmedia\/product-152680_0-431986.jpg","width":1000,"height":1498},{"@type":"BreadcrumbList","@id":"https:\/\/horticom.ee\/e-pood\/toode\/vaetis-hydroflex-s-npk-10-9-33-me-25kg\/#breadcrumb","itemListElement":[{"@type":"ListItem","position":1,"name":"Home","item":"https:\/\/horticom.ee\/e-pood\/"},{"@type":"ListItem","position":2,"name":"Pood","item":"https:\/\/horticom.ee\/e-pood\/pood\/"},{"@type":"ListItem","position":3,"name":"V\u00e4etis Hydroflex S NPK 10-9-33 +me 25kg"}]},{"@type":"WebSite","@id":"https:\/\/horticom.ee\/e-pood\/#website","url":"https:\/\/horticom.ee\/e-pood\/","name":"Horticom.ee","description":"Aianduskaubad ja kodukaubad nii harrastajatele kui professionaalidele","potentialAction":[{"@type":"SearchAction","target":{"@type":"EntryPoint","urlTemplate":"https:\/\/horticom.ee\/e-pood\/?s={search_term_string}"},"query-input":{"@type":"PropertyValueSpecification","valueRequired":true,"valueName":"search_term_string"}}],"inLanguage":"et"}]}},"_links":{"self":[{"href":"https:\/\/horticom.ee\/e-pood\/wp-json\/wp\/v2\/product\/152680","targetHints":{"allow":["GET"]}}],"collection":[{"href":"https:\/\/horticom.ee\/e-pood\/wp-json\/wp\/v2\/product"}],"about":[{"href":"https:\/\/horticom.ee\/e-pood\/wp-json\/wp\/v2\/types\/product"}],"replies":[{"embeddable":true,"href":"https:\/\/horticom.ee\/e-pood\/wp-json\/wp\/v2\/comments?post=152680"}],"wp:featuredmedia":[{"embeddable":true,"href":"https:\/\/horticom.ee\/e-pood\/wp-json\/wp\/v2\/media\/177007"}],"wp:attachment":[{"href":"https:\/\/horticom.ee\/e-pood\/wp-json\/wp\/v2\/media?parent=152680"}],"wp:term":[{"taxonomy":"product_cat","embeddable":true,"href":"https:\/\/horticom.ee\/e-pood\/wp-json\/wp\/v2\/product_cat?post=152680"},{"taxonomy":"product_tag","embeddable":true,"href":"https:\/\/horticom.ee\/e-pood\/wp-json\/wp\/v2\/product_tag?post=152680"}],"curies":[{"name":"wp","href":"https:\/\/api.w.org\/{rel}","templated":true}]}}