{"id":152790,"date":"2022-01-17T15:59:34","date_gmt":"2022-01-17T13:59:34","guid":{"rendered":"https:\/\/aednik24.ee\/toode\/juurutuspulber-vorsetele-agrecol-90g\/"},"modified":"2026-04-20T18:14:40","modified_gmt":"2026-04-20T15:14:40","slug":"juurutuspulber-vorsetele-agrecol-90g","status":"publish","type":"product","link":"https:\/\/horticom.ee\/e-pood\/toode\/juurutuspulber-vorsetele-agrecol-90g\/","title":{"rendered":"Juurutuspulber v\u00f5rsetele Agrecol 90g"},"content":{"rendered":"<p>Kristalliline mitmek\u00fclgse toitainesisaldusega juurutuspulber, mida kasutatakse roheliste seemikute juurdumiseks. Lisaks v\u00f5ib kasutada nii vegetatiivsel (v\u00f5rsed, pistikud) kui ka seemnest paljundamisel. Samuti sobib noortele juurdunud taimedele toitainete andmiseks. Toode sisaldab palju kaaliumit, hoolikalt valitud mikroelemente ja lisatud on B-vitamiini. K\u00f5ik kokku soodustavad juurte kasvu ja arengut.<\/p>\n","protected":false},"excerpt":{"rendered":"<p>Kristalliline mitmek\u00fclgse toitainesisaldusega juurutuspulber, mida kasutatakse roheliste seemikute juurdumiseks. Lisaks v\u00f5ib kasutada nii vegetatiivsel (v\u00f5rsed, pistikud) kui ka seemnest paljundamisel. Samuti sobib noortele juurdunud taimedele toitainete andmiseks. Toode sisaldab palju kaaliumit, hoolikalt valitud mikroelemente ja lisatud on B-vitamiini. K\u00f5ik kokku soodustavad juurte kasvu ja arengut.<\/p>\n","protected":false},"featured_media":176021,"comment_status":"closed","ping_status":"closed","template":"","meta":{"_themeisle_gutenberg_block_has_review":false},"product_cat":[16961],"product_tag":[],"class_list":{"0":"post-152790","1":"product","2":"type-product","3":"status-publish","4":"has-post-thumbnail","6":"product_cat-vaetis-juurdumiseks","8":"first","9":"instock","10":"shipping-taxable","11":"purchasable","12":"product-type-simple"},"yoast_head":"<!-- This site is optimized with the Yoast SEO plugin v24.0 - https:\/\/yoast.com\/wordpress\/plugins\/seo\/ -->\n<title>Juurutuspulber v\u00f5rsetele Agrecol 90g - Horticom.ee\/e-pood<\/title>\n<meta name=\"description\" content=\"Kristalliline mitmek\u00fclgse toitainesisaldusega juurutuspulber, mida kasutatakse roheliste seemikute juurdumiseks.\" \/>\n<meta name=\"robots\" content=\"index, follow, max-snippet:-1, max-image-preview:large, max-video-preview:-1\" \/>\n<link rel=\"canonical\" href=\"https:\/\/horticom.ee\/e-pood\/toode\/juurutuspulber-vorsetele-agrecol-90g\/\" \/>\n<meta property=\"og:locale\" content=\"et_EE\" \/>\n<meta property=\"og:type\" content=\"article\" \/>\n<meta property=\"og:title\" content=\"Juurutuspulber v\u00f5rsetele Agrecol 90g - Horticom.ee\/e-pood\" \/>\n<meta property=\"og:description\" content=\"Kristalliline mitmek\u00fclgse toitainesisaldusega juurutuspulber, mida kasutatakse roheliste seemikute juurdumiseks.\" \/>\n<meta property=\"og:url\" content=\"https:\/\/horticom.ee\/e-pood\/toode\/juurutuspulber-vorsetele-agrecol-90g\/\" \/>\n<meta property=\"og:site_name\" content=\"Horticom.ee\" \/>\n<meta property=\"article:publisher\" content=\"https:\/\/www.facebook.com\/horticom.ee\/e-pood\" \/>\n<meta property=\"article:modified_time\" content=\"2026-04-20T15:14:40+00:00\" \/>\n<meta property=\"og:image\" content=\"https:\/\/horticom.ee\/e-pood\/wp-content\/uploads\/importedmedia\/product-152790_0-P07118.jpg\" \/>\n\t<meta property=\"og:image:width\" content=\"1000\" \/>\n\t<meta property=\"og:image:height\" content=\"1089\" \/>\n\t<meta property=\"og:image:type\" content=\"image\/jpeg\" \/>\n<meta name=\"twitter:card\" content=\"summary_large_image\" \/>\n<script type=\"application\/ld+json\" class=\"yoast-schema-graph\">{\"@context\":\"https:\/\/schema.org\",\"@graph\":[{\"@type\":\"WebPage\",\"@id\":\"https:\/\/horticom.ee\/e-pood\/toode\/juurutuspulber-vorsetele-agrecol-90g\/\",\"url\":\"https:\/\/horticom.ee\/e-pood\/toode\/juurutuspulber-vorsetele-agrecol-90g\/\",\"name\":\"Juurutuspulber v\u00f5rsetele Agrecol 90g - Horticom.ee\/e-pood\",\"isPartOf\":{\"@id\":\"https:\/\/horticom.ee\/e-pood\/#website\"},\"primaryImageOfPage\":{\"@id\":\"https:\/\/horticom.ee\/e-pood\/toode\/juurutuspulber-vorsetele-agrecol-90g\/#primaryimage\"},\"image\":{\"@id\":\"https:\/\/horticom.ee\/e-pood\/toode\/juurutuspulber-vorsetele-agrecol-90g\/#primaryimage\"},\"thumbnailUrl\":\"https:\/\/horticom.ee\/e-pood\/wp-content\/uploads\/importedmedia\/product-152790_0-P07118.jpg\",\"datePublished\":\"2022-01-17T13:59:34+00:00\",\"dateModified\":\"2026-04-20T15:14:40+00:00\",\"description\":\"Kristalliline mitmek\u00fclgse toitainesisaldusega juurutuspulber, mida kasutatakse roheliste seemikute juurdumiseks.\",\"breadcrumb\":{\"@id\":\"https:\/\/horticom.ee\/e-pood\/toode\/juurutuspulber-vorsetele-agrecol-90g\/#breadcrumb\"},\"inLanguage\":\"et\",\"potentialAction\":[{\"@type\":\"ReadAction\",\"target\":[\"https:\/\/horticom.ee\/e-pood\/toode\/juurutuspulber-vorsetele-agrecol-90g\/\"]}]},{\"@type\":\"ImageObject\",\"inLanguage\":\"et\",\"@id\":\"https:\/\/horticom.ee\/e-pood\/toode\/juurutuspulber-vorsetele-agrecol-90g\/#primaryimage\",\"url\":\"https:\/\/horticom.ee\/e-pood\/wp-content\/uploads\/importedmedia\/product-152790_0-P07118.jpg\",\"contentUrl\":\"https:\/\/horticom.ee\/e-pood\/wp-content\/uploads\/importedmedia\/product-152790_0-P07118.jpg\",\"width\":1000,\"height\":1089,\"caption\":\"Juurutuspulber v\u00f5rsetele Agrecol 90g\"},{\"@type\":\"BreadcrumbList\",\"@id\":\"https:\/\/horticom.ee\/e-pood\/toode\/juurutuspulber-vorsetele-agrecol-90g\/#breadcrumb\",\"itemListElement\":[{\"@type\":\"ListItem\",\"position\":1,\"name\":\"Home\",\"item\":\"https:\/\/horticom.ee\/e-pood\/\"},{\"@type\":\"ListItem\",\"position\":2,\"name\":\"Pood\",\"item\":\"https:\/\/horticom.ee\/e-pood\/pood\/\"},{\"@type\":\"ListItem\",\"position\":3,\"name\":\"Juurutuspulber v\u00f5rsetele Agrecol 90g\"}]},{\"@type\":\"WebSite\",\"@id\":\"https:\/\/horticom.ee\/e-pood\/#website\",\"url\":\"https:\/\/horticom.ee\/e-pood\/\",\"name\":\"Horticom.ee\",\"description\":\"Aianduskaubad ja kodukaubad nii harrastajatele kui professionaalidele\",\"potentialAction\":[{\"@type\":\"SearchAction\",\"target\":{\"@type\":\"EntryPoint\",\"urlTemplate\":\"https:\/\/horticom.ee\/e-pood\/?s={search_term_string}\"},\"query-input\":{\"@type\":\"PropertyValueSpecification\",\"valueRequired\":true,\"valueName\":\"search_term_string\"}}],\"inLanguage\":\"et\"}]}<\/script>\n<!-- \/ Yoast SEO plugin. -->","yoast_head_json":{"title":"Juurutuspulber v\u00f5rsetele Agrecol 90g - Horticom.ee\/e-pood","description":"Kristalliline mitmek\u00fclgse toitainesisaldusega juurutuspulber, mida kasutatakse roheliste seemikute juurdumiseks.","robots":{"index":"index","follow":"follow","max-snippet":"max-snippet:-1","max-image-preview":"max-image-preview:large","max-video-preview":"max-video-preview:-1"},"canonical":"https:\/\/horticom.ee\/e-pood\/toode\/juurutuspulber-vorsetele-agrecol-90g\/","og_locale":"et_EE","og_type":"article","og_title":"Juurutuspulber v\u00f5rsetele Agrecol 90g - Horticom.ee\/e-pood","og_description":"Kristalliline mitmek\u00fclgse toitainesisaldusega juurutuspulber, mida kasutatakse roheliste seemikute juurdumiseks.","og_url":"https:\/\/horticom.ee\/e-pood\/toode\/juurutuspulber-vorsetele-agrecol-90g\/","og_site_name":"Horticom.ee","article_publisher":"https:\/\/www.facebook.com\/horticom.ee\/e-pood","article_modified_time":"2026-04-20T15:14:40+00:00","og_image":[{"width":1000,"height":1089,"url":"https:\/\/horticom.ee\/e-pood\/wp-content\/uploads\/importedmedia\/product-152790_0-P07118.jpg","type":"image\/jpeg"}],"twitter_card":"summary_large_image","schema":{"@context":"https:\/\/schema.org","@graph":[{"@type":"WebPage","@id":"https:\/\/horticom.ee\/e-pood\/toode\/juurutuspulber-vorsetele-agrecol-90g\/","url":"https:\/\/horticom.ee\/e-pood\/toode\/juurutuspulber-vorsetele-agrecol-90g\/","name":"Juurutuspulber v\u00f5rsetele Agrecol 90g - Horticom.ee\/e-pood","isPartOf":{"@id":"https:\/\/horticom.ee\/e-pood\/#website"},"primaryImageOfPage":{"@id":"https:\/\/horticom.ee\/e-pood\/toode\/juurutuspulber-vorsetele-agrecol-90g\/#primaryimage"},"image":{"@id":"https:\/\/horticom.ee\/e-pood\/toode\/juurutuspulber-vorsetele-agrecol-90g\/#primaryimage"},"thumbnailUrl":"https:\/\/horticom.ee\/e-pood\/wp-content\/uploads\/importedmedia\/product-152790_0-P07118.jpg","datePublished":"2022-01-17T13:59:34+00:00","dateModified":"2026-04-20T15:14:40+00:00","description":"Kristalliline mitmek\u00fclgse toitainesisaldusega juurutuspulber, mida kasutatakse roheliste seemikute juurdumiseks.","breadcrumb":{"@id":"https:\/\/horticom.ee\/e-pood\/toode\/juurutuspulber-vorsetele-agrecol-90g\/#breadcrumb"},"inLanguage":"et","potentialAction":[{"@type":"ReadAction","target":["https:\/\/horticom.ee\/e-pood\/toode\/juurutuspulber-vorsetele-agrecol-90g\/"]}]},{"@type":"ImageObject","inLanguage":"et","@id":"https:\/\/horticom.ee\/e-pood\/toode\/juurutuspulber-vorsetele-agrecol-90g\/#primaryimage","url":"https:\/\/horticom.ee\/e-pood\/wp-content\/uploads\/importedmedia\/product-152790_0-P07118.jpg","contentUrl":"https:\/\/horticom.ee\/e-pood\/wp-content\/uploads\/importedmedia\/product-152790_0-P07118.jpg","width":1000,"height":1089,"caption":"Juurutuspulber v\u00f5rsetele Agrecol 90g"},{"@type":"BreadcrumbList","@id":"https:\/\/horticom.ee\/e-pood\/toode\/juurutuspulber-vorsetele-agrecol-90g\/#breadcrumb","itemListElement":[{"@type":"ListItem","position":1,"name":"Home","item":"https:\/\/horticom.ee\/e-pood\/"},{"@type":"ListItem","position":2,"name":"Pood","item":"https:\/\/horticom.ee\/e-pood\/pood\/"},{"@type":"ListItem","position":3,"name":"Juurutuspulber v\u00f5rsetele Agrecol 90g"}]},{"@type":"WebSite","@id":"https:\/\/horticom.ee\/e-pood\/#website","url":"https:\/\/horticom.ee\/e-pood\/","name":"Horticom.ee","description":"Aianduskaubad ja kodukaubad nii harrastajatele kui professionaalidele","potentialAction":[{"@type":"SearchAction","target":{"@type":"EntryPoint","urlTemplate":"https:\/\/horticom.ee\/e-pood\/?s={search_term_string}"},"query-input":{"@type":"PropertyValueSpecification","valueRequired":true,"valueName":"search_term_string"}}],"inLanguage":"et"}]}},"_links":{"self":[{"href":"https:\/\/horticom.ee\/e-pood\/wp-json\/wp\/v2\/product\/152790","targetHints":{"allow":["GET"]}}],"collection":[{"href":"https:\/\/horticom.ee\/e-pood\/wp-json\/wp\/v2\/product"}],"about":[{"href":"https:\/\/horticom.ee\/e-pood\/wp-json\/wp\/v2\/types\/product"}],"replies":[{"embeddable":true,"href":"https:\/\/horticom.ee\/e-pood\/wp-json\/wp\/v2\/comments?post=152790"}],"wp:featuredmedia":[{"embeddable":true,"href":"https:\/\/horticom.ee\/e-pood\/wp-json\/wp\/v2\/media\/176021"}],"wp:attachment":[{"href":"https:\/\/horticom.ee\/e-pood\/wp-json\/wp\/v2\/media?parent=152790"}],"wp:term":[{"taxonomy":"product_cat","embeddable":true,"href":"https:\/\/horticom.ee\/e-pood\/wp-json\/wp\/v2\/product_cat?post=152790"},{"taxonomy":"product_tag","embeddable":true,"href":"https:\/\/horticom.ee\/e-pood\/wp-json\/wp\/v2\/product_tag?post=152790"}],"curies":[{"name":"wp","href":"https:\/\/api.w.org\/{rel}","templated":true}]}}