{"id":152791,"date":"2022-01-17T15:59:35","date_gmt":"2022-01-17T13:59:35","guid":{"rendered":"https:\/\/aednik24.ee\/toode\/toitelahus-rohelistele-taimedele-agrecol-30ml\/"},"modified":"2026-04-20T03:08:02","modified_gmt":"2026-04-20T00:08:02","slug":"toitelahus-rohelistele-taimedele-agrecol-30ml","status":"publish","type":"product","link":"https:\/\/horticom.ee\/e-pood\/toode\/toitelahus-rohelistele-taimedele-agrecol-30ml\/","title":{"rendered":"Toitelahus rohelistele taimedele Agrecol 30ml"},"content":{"rendered":"<p>Toitelahus potitaimedele Agrecol Green Strong on erilise, v\u00e4ga innovatiivse koostisega toode k\u00f5ikide dekoratiivsete lehtedega potitaimede kosutamiseks ja taastamiseks. Spetsiaalne koostis aitab toitainetel imenduda taimedesse ja tugevdab nende immuuns\u00fcsteemi. Regulaarne kasutamine m\u00f5jub h\u00e4sti juurestikule, tagab lehtede piisava elastsuse ning annab neile erksa rohelise v\u00e4rvitooni. Asjatundlik, esteetiline ja kasutusvalmis pakend, mis lihtsustab toote kasutamist.<\/p>\n","protected":false},"excerpt":{"rendered":"<p>Toitelahus potitaimedele Agrecol Green Strong on erilise, v\u00e4ga innovatiivse koostisega toode k\u00f5ikide dekoratiivsete lehtedega potitaimede kosutamiseks ja taastamiseks. Spetsiaalne koostis aitab toitainetel imenduda taimedesse ja tugevdab nende immuuns\u00fcsteemi. Regulaarne kasutamine m\u00f5jub h\u00e4sti juurestikule, tagab lehtede piisava elastsuse ning annab neile erksa rohelise v\u00e4rvitooni. Asjatundlik, esteetiline ja kasutusvalmis pakend, mis lihtsustab toote kasutamist.<\/p>\n","protected":false},"featured_media":176015,"comment_status":"closed","ping_status":"closed","template":"","meta":{"_themeisle_gutenberg_block_has_review":false},"product_cat":[16968],"product_tag":[],"class_list":{"0":"post-152791","1":"product","2":"type-product","3":"status-publish","4":"has-post-thumbnail","6":"product_cat-toataimedele","8":"first","9":"instock","10":"shipping-taxable","11":"purchasable","12":"product-type-simple"},"yoast_head":"<!-- This site is optimized with the Yoast SEO plugin v24.0 - https:\/\/yoast.com\/wordpress\/plugins\/seo\/ -->\n<title>Toitelahus rohelistele taimedele Agrecol 30ml - Horticom<\/title>\n<meta name=\"description\" content=\"Agrecol 30ml toitelahus tagab roheliste taimede j\u00f5ulise kasvu ja intensiivse rohelise v\u00e4rvi. Lihtne kasutada ja t\u00f5hus.\" \/>\n<meta name=\"robots\" content=\"index, follow, max-snippet:-1, max-image-preview:large, max-video-preview:-1\" \/>\n<link rel=\"canonical\" href=\"https:\/\/horticom.ee\/e-pood\/toode\/toitelahus-rohelistele-taimedele-agrecol-30ml\/\" \/>\n<meta property=\"og:locale\" content=\"et_EE\" \/>\n<meta property=\"og:type\" content=\"article\" \/>\n<meta property=\"og:title\" content=\"Toitelahus rohelistele taimedele Agrecol 30ml - Horticom\" \/>\n<meta property=\"og:description\" content=\"Agrecol 30ml toitelahus tagab roheliste taimede j\u00f5ulise kasvu ja intensiivse rohelise v\u00e4rvi. Lihtne kasutada ja t\u00f5hus.\" \/>\n<meta property=\"og:url\" content=\"https:\/\/horticom.ee\/e-pood\/toode\/toitelahus-rohelistele-taimedele-agrecol-30ml\/\" \/>\n<meta property=\"og:site_name\" content=\"Horticom.ee\" \/>\n<meta property=\"article:publisher\" content=\"https:\/\/www.facebook.com\/horticom.ee\/e-pood\" \/>\n<meta property=\"article:modified_time\" content=\"2026-04-20T00:08:02+00:00\" \/>\n<meta property=\"og:image\" content=\"https:\/\/horticom.ee\/e-pood\/wp-content\/uploads\/importedmedia\/product-152791_0-P07437.jpg\" \/>\n\t<meta property=\"og:image:width\" content=\"1000\" \/>\n\t<meta property=\"og:image:height\" content=\"1862\" \/>\n\t<meta property=\"og:image:type\" content=\"image\/jpeg\" \/>\n<meta name=\"twitter:card\" content=\"summary_large_image\" \/>\n<script type=\"application\/ld+json\" class=\"yoast-schema-graph\">{\"@context\":\"https:\/\/schema.org\",\"@graph\":[{\"@type\":\"WebPage\",\"@id\":\"https:\/\/horticom.ee\/e-pood\/toode\/toitelahus-rohelistele-taimedele-agrecol-30ml\/\",\"url\":\"https:\/\/horticom.ee\/e-pood\/toode\/toitelahus-rohelistele-taimedele-agrecol-30ml\/\",\"name\":\"Toitelahus rohelistele taimedele Agrecol 30ml - Horticom\",\"isPartOf\":{\"@id\":\"https:\/\/horticom.ee\/e-pood\/#website\"},\"primaryImageOfPage\":{\"@id\":\"https:\/\/horticom.ee\/e-pood\/toode\/toitelahus-rohelistele-taimedele-agrecol-30ml\/#primaryimage\"},\"image\":{\"@id\":\"https:\/\/horticom.ee\/e-pood\/toode\/toitelahus-rohelistele-taimedele-agrecol-30ml\/#primaryimage\"},\"thumbnailUrl\":\"https:\/\/horticom.ee\/e-pood\/wp-content\/uploads\/importedmedia\/product-152791_0-P07437.jpg\",\"datePublished\":\"2022-01-17T13:59:35+00:00\",\"dateModified\":\"2026-04-20T00:08:02+00:00\",\"description\":\"Agrecol 30ml toitelahus tagab roheliste taimede j\u00f5ulise kasvu ja intensiivse rohelise v\u00e4rvi. Lihtne kasutada ja t\u00f5hus.\",\"breadcrumb\":{\"@id\":\"https:\/\/horticom.ee\/e-pood\/toode\/toitelahus-rohelistele-taimedele-agrecol-30ml\/#breadcrumb\"},\"inLanguage\":\"et\",\"potentialAction\":[{\"@type\":\"ReadAction\",\"target\":[\"https:\/\/horticom.ee\/e-pood\/toode\/toitelahus-rohelistele-taimedele-agrecol-30ml\/\"]}]},{\"@type\":\"ImageObject\",\"inLanguage\":\"et\",\"@id\":\"https:\/\/horticom.ee\/e-pood\/toode\/toitelahus-rohelistele-taimedele-agrecol-30ml\/#primaryimage\",\"url\":\"https:\/\/horticom.ee\/e-pood\/wp-content\/uploads\/importedmedia\/product-152791_0-P07437.jpg\",\"contentUrl\":\"https:\/\/horticom.ee\/e-pood\/wp-content\/uploads\/importedmedia\/product-152791_0-P07437.jpg\",\"width\":1000,\"height\":1862,\"caption\":\"Toitelahus rohelistele taimedele Agrecol 30ml\"},{\"@type\":\"BreadcrumbList\",\"@id\":\"https:\/\/horticom.ee\/e-pood\/toode\/toitelahus-rohelistele-taimedele-agrecol-30ml\/#breadcrumb\",\"itemListElement\":[{\"@type\":\"ListItem\",\"position\":1,\"name\":\"Home\",\"item\":\"https:\/\/horticom.ee\/e-pood\/\"},{\"@type\":\"ListItem\",\"position\":2,\"name\":\"Pood\",\"item\":\"https:\/\/horticom.ee\/e-pood\/pood\/\"},{\"@type\":\"ListItem\",\"position\":3,\"name\":\"Toitelahus rohelistele taimedele Agrecol 30ml\"}]},{\"@type\":\"WebSite\",\"@id\":\"https:\/\/horticom.ee\/e-pood\/#website\",\"url\":\"https:\/\/horticom.ee\/e-pood\/\",\"name\":\"Horticom.ee\",\"description\":\"Aianduskaubad ja kodukaubad nii harrastajatele kui professionaalidele\",\"potentialAction\":[{\"@type\":\"SearchAction\",\"target\":{\"@type\":\"EntryPoint\",\"urlTemplate\":\"https:\/\/horticom.ee\/e-pood\/?s={search_term_string}\"},\"query-input\":{\"@type\":\"PropertyValueSpecification\",\"valueRequired\":true,\"valueName\":\"search_term_string\"}}],\"inLanguage\":\"et\"}]}<\/script>\n<!-- \/ Yoast SEO plugin. -->","yoast_head_json":{"title":"Toitelahus rohelistele taimedele Agrecol 30ml - Horticom","description":"Agrecol 30ml toitelahus tagab roheliste taimede j\u00f5ulise kasvu ja intensiivse rohelise v\u00e4rvi. Lihtne kasutada ja t\u00f5hus.","robots":{"index":"index","follow":"follow","max-snippet":"max-snippet:-1","max-image-preview":"max-image-preview:large","max-video-preview":"max-video-preview:-1"},"canonical":"https:\/\/horticom.ee\/e-pood\/toode\/toitelahus-rohelistele-taimedele-agrecol-30ml\/","og_locale":"et_EE","og_type":"article","og_title":"Toitelahus rohelistele taimedele Agrecol 30ml - Horticom","og_description":"Agrecol 30ml toitelahus tagab roheliste taimede j\u00f5ulise kasvu ja intensiivse rohelise v\u00e4rvi. Lihtne kasutada ja t\u00f5hus.","og_url":"https:\/\/horticom.ee\/e-pood\/toode\/toitelahus-rohelistele-taimedele-agrecol-30ml\/","og_site_name":"Horticom.ee","article_publisher":"https:\/\/www.facebook.com\/horticom.ee\/e-pood","article_modified_time":"2026-04-20T00:08:02+00:00","og_image":[{"width":1000,"height":1862,"url":"https:\/\/horticom.ee\/e-pood\/wp-content\/uploads\/importedmedia\/product-152791_0-P07437.jpg","type":"image\/jpeg"}],"twitter_card":"summary_large_image","schema":{"@context":"https:\/\/schema.org","@graph":[{"@type":"WebPage","@id":"https:\/\/horticom.ee\/e-pood\/toode\/toitelahus-rohelistele-taimedele-agrecol-30ml\/","url":"https:\/\/horticom.ee\/e-pood\/toode\/toitelahus-rohelistele-taimedele-agrecol-30ml\/","name":"Toitelahus rohelistele taimedele Agrecol 30ml - Horticom","isPartOf":{"@id":"https:\/\/horticom.ee\/e-pood\/#website"},"primaryImageOfPage":{"@id":"https:\/\/horticom.ee\/e-pood\/toode\/toitelahus-rohelistele-taimedele-agrecol-30ml\/#primaryimage"},"image":{"@id":"https:\/\/horticom.ee\/e-pood\/toode\/toitelahus-rohelistele-taimedele-agrecol-30ml\/#primaryimage"},"thumbnailUrl":"https:\/\/horticom.ee\/e-pood\/wp-content\/uploads\/importedmedia\/product-152791_0-P07437.jpg","datePublished":"2022-01-17T13:59:35+00:00","dateModified":"2026-04-20T00:08:02+00:00","description":"Agrecol 30ml toitelahus tagab roheliste taimede j\u00f5ulise kasvu ja intensiivse rohelise v\u00e4rvi. Lihtne kasutada ja t\u00f5hus.","breadcrumb":{"@id":"https:\/\/horticom.ee\/e-pood\/toode\/toitelahus-rohelistele-taimedele-agrecol-30ml\/#breadcrumb"},"inLanguage":"et","potentialAction":[{"@type":"ReadAction","target":["https:\/\/horticom.ee\/e-pood\/toode\/toitelahus-rohelistele-taimedele-agrecol-30ml\/"]}]},{"@type":"ImageObject","inLanguage":"et","@id":"https:\/\/horticom.ee\/e-pood\/toode\/toitelahus-rohelistele-taimedele-agrecol-30ml\/#primaryimage","url":"https:\/\/horticom.ee\/e-pood\/wp-content\/uploads\/importedmedia\/product-152791_0-P07437.jpg","contentUrl":"https:\/\/horticom.ee\/e-pood\/wp-content\/uploads\/importedmedia\/product-152791_0-P07437.jpg","width":1000,"height":1862,"caption":"Toitelahus rohelistele taimedele Agrecol 30ml"},{"@type":"BreadcrumbList","@id":"https:\/\/horticom.ee\/e-pood\/toode\/toitelahus-rohelistele-taimedele-agrecol-30ml\/#breadcrumb","itemListElement":[{"@type":"ListItem","position":1,"name":"Home","item":"https:\/\/horticom.ee\/e-pood\/"},{"@type":"ListItem","position":2,"name":"Pood","item":"https:\/\/horticom.ee\/e-pood\/pood\/"},{"@type":"ListItem","position":3,"name":"Toitelahus rohelistele taimedele Agrecol 30ml"}]},{"@type":"WebSite","@id":"https:\/\/horticom.ee\/e-pood\/#website","url":"https:\/\/horticom.ee\/e-pood\/","name":"Horticom.ee","description":"Aianduskaubad ja kodukaubad nii harrastajatele kui professionaalidele","potentialAction":[{"@type":"SearchAction","target":{"@type":"EntryPoint","urlTemplate":"https:\/\/horticom.ee\/e-pood\/?s={search_term_string}"},"query-input":{"@type":"PropertyValueSpecification","valueRequired":true,"valueName":"search_term_string"}}],"inLanguage":"et"}]}},"_links":{"self":[{"href":"https:\/\/horticom.ee\/e-pood\/wp-json\/wp\/v2\/product\/152791","targetHints":{"allow":["GET"]}}],"collection":[{"href":"https:\/\/horticom.ee\/e-pood\/wp-json\/wp\/v2\/product"}],"about":[{"href":"https:\/\/horticom.ee\/e-pood\/wp-json\/wp\/v2\/types\/product"}],"replies":[{"embeddable":true,"href":"https:\/\/horticom.ee\/e-pood\/wp-json\/wp\/v2\/comments?post=152791"}],"wp:featuredmedia":[{"embeddable":true,"href":"https:\/\/horticom.ee\/e-pood\/wp-json\/wp\/v2\/media\/176015"}],"wp:attachment":[{"href":"https:\/\/horticom.ee\/e-pood\/wp-json\/wp\/v2\/media?parent=152791"}],"wp:term":[{"taxonomy":"product_cat","embeddable":true,"href":"https:\/\/horticom.ee\/e-pood\/wp-json\/wp\/v2\/product_cat?post=152791"},{"taxonomy":"product_tag","embeddable":true,"href":"https:\/\/horticom.ee\/e-pood\/wp-json\/wp\/v2\/product_tag?post=152791"}],"curies":[{"name":"wp","href":"https:\/\/api.w.org\/{rel}","templated":true}]}}