{"id":152809,"date":"2022-01-17T15:59:45","date_gmt":"2022-01-17T13:59:45","guid":{"rendered":"https:\/\/aednik24.ee\/toode\/pikaajaline-tomativaetis-6-kuud-compo-850g\/"},"modified":"2026-04-24T03:04:53","modified_gmt":"2026-04-24T00:04:53","slug":"pikaajaline-tomativaetis-6-kuud-compo-850g","status":"publish","type":"product","link":"https:\/\/horticom.ee\/e-pood\/toode\/pikaajaline-tomativaetis-6-kuud-compo-850g\/","title":{"rendered":"Pikaajaline tomativ\u00e4etis 6-kuud Compo 850g"},"content":{"rendered":"<p>Uudne, pikaajalise toimega tomativ\u00e4etis, kus toitainete vabastamine toimub kahes faasis, Esmane m\u00f5ju: helehallid v\u00e4etisegraanulid vabastavad toiteained kohe, nii et taimed on esimesest p\u00e4evast alates k\u00f5ikide olulisemate p\u00f5hi- ja mikrotoitainetega varustatud. K\u00f5rge toitainete esmavajadus kaetakse seel\u00e4bi kiirelt ja optimaalselt. Pikaajaline m\u00f5ju: vaigukihiga kaetud rohelised v\u00e4etisegraanulid katavad hilisema toitainete vajaduse. 6-kuuline pikaajaline toime  hakkab aeglaselt m\u00f5juma. Soojuse ja vee m\u00f5jul tungivad toitained v\u00e4hehaaval l\u00e4bi \u00fcmbriskihi. Seel\u00e4bi kindlustatakse taimedele kontrollitud ja vajadustekohane toitainetega varustamine. \u00dchekordsest v\u00e4etamisest piisab terveks hooajaks. Optimaalne varustamine t\u00e4nu esmasele ja pikaajalisele m\u00f5jule. Pole \u00fcle- ega alav\u00e4etamist, vajadusekohane doseerimine vastavalt niiskusele ja soojusele. K\u00f5ik olulisemad p\u00f5hi- ja mikrotoitained igas teras hoolitsevad tugeva ja terve kasvu eest. Vastupidavus haiguste ja kahjustuste vastu suureneb. Compo pikaajalise toimega tomativ\u00e4etis on k\u00f6\u00f6giviljade &#8211; tomatid, kurgid, kabat\u0161okid, k\u00f5rvitsad, bakla\u017eaanid ning maitsetaimede erivajadustega koosk\u00f5las.<\/p>\n","protected":false},"excerpt":{"rendered":"<p>Uudne, pikaajalise toimega tomativ\u00e4etis, kus toitainete vabastamine toimub kahes faasis, Esmane m\u00f5ju: helehallid v\u00e4etisegraanulid vabastavad toiteained kohe, nii et taimed on esimesest p\u00e4evast alates k\u00f5ikide olulisemate p\u00f5hi- ja mikrotoitainetega varustatud. K\u00f5rge toitainete esmavajadus kaetakse seel\u00e4bi kiirelt ja optimaalselt. Pikaajaline m\u00f5ju: vaigukihiga kaetud rohelised v\u00e4etisegraanulid katavad hilisema toitainete vajaduse. 6-kuuline pikaajaline toime hakkab aeglaselt m\u00f5juma. Soojuse [&hellip;]<\/p>\n","protected":false},"featured_media":175973,"comment_status":"closed","ping_status":"closed","template":"","meta":{"_themeisle_gutenberg_block_has_review":false},"product_cat":[16965],"product_tag":[],"class_list":{"0":"post-152809","1":"product","2":"type-product","3":"status-publish","4":"has-post-thumbnail","6":"product_cat-koogiviljadele-ja-maitsetaimedele","8":"first","9":"instock","10":"shipping-taxable","11":"purchasable","12":"product-type-simple"},"yoast_head":"<!-- This site is optimized with the Yoast SEO plugin v24.0 - https:\/\/yoast.com\/wordpress\/plugins\/seo\/ -->\n<title>Pikaajaline tomativ\u00e4etis 6-kuud Compo 850g - Horticom.ee<\/title>\n<meta name=\"description\" content=\"Compo tomativ\u00e4etis vabastab toitaineid kahes faasis. Toime 6 kuu v\u00e4ltel, edendades tomatite ja k\u00f6\u00f6giviljade tervislikku kasvu.\" \/>\n<meta name=\"robots\" content=\"index, follow, max-snippet:-1, max-image-preview:large, max-video-preview:-1\" \/>\n<link rel=\"canonical\" href=\"https:\/\/horticom.ee\/e-pood\/toode\/pikaajaline-tomativaetis-6-kuud-compo-850g\/\" \/>\n<meta property=\"og:locale\" content=\"et_EE\" \/>\n<meta property=\"og:type\" content=\"article\" \/>\n<meta property=\"og:title\" content=\"Pikaajaline tomativ\u00e4etis 6-kuud Compo 850g - Horticom.ee\" \/>\n<meta property=\"og:description\" content=\"Compo tomativ\u00e4etis vabastab toitaineid kahes faasis. Toime 6 kuu v\u00e4ltel, edendades tomatite ja k\u00f6\u00f6giviljade tervislikku kasvu.\" \/>\n<meta property=\"og:url\" content=\"https:\/\/horticom.ee\/e-pood\/toode\/pikaajaline-tomativaetis-6-kuud-compo-850g\/\" \/>\n<meta property=\"og:site_name\" content=\"Horticom.ee\" \/>\n<meta property=\"article:publisher\" content=\"https:\/\/www.facebook.com\/horticom.ee\/e-pood\" \/>\n<meta property=\"article:modified_time\" content=\"2026-04-24T00:04:53+00:00\" \/>\n<meta property=\"og:image\" content=\"https:\/\/horticom.ee\/e-pood\/wp-content\/uploads\/importedmedia\/product-152809_0-670118_8.jpg\" \/>\n\t<meta property=\"og:image:width\" content=\"1000\" \/>\n\t<meta property=\"og:image:height\" content=\"1414\" \/>\n\t<meta property=\"og:image:type\" content=\"image\/jpeg\" \/>\n<meta name=\"twitter:card\" content=\"summary_large_image\" \/>\n<meta name=\"twitter:label1\" content=\"Est. reading time\" \/>\n\t<meta name=\"twitter:data1\" content=\"1 minut\" \/>\n<script type=\"application\/ld+json\" class=\"yoast-schema-graph\">{\"@context\":\"https:\/\/schema.org\",\"@graph\":[{\"@type\":\"WebPage\",\"@id\":\"https:\/\/horticom.ee\/e-pood\/toode\/pikaajaline-tomativaetis-6-kuud-compo-850g\/\",\"url\":\"https:\/\/horticom.ee\/e-pood\/toode\/pikaajaline-tomativaetis-6-kuud-compo-850g\/\",\"name\":\"Pikaajaline tomativ\u00e4etis 6-kuud Compo 850g - Horticom.ee\",\"isPartOf\":{\"@id\":\"https:\/\/horticom.ee\/e-pood\/#website\"},\"primaryImageOfPage\":{\"@id\":\"https:\/\/horticom.ee\/e-pood\/toode\/pikaajaline-tomativaetis-6-kuud-compo-850g\/#primaryimage\"},\"image\":{\"@id\":\"https:\/\/horticom.ee\/e-pood\/toode\/pikaajaline-tomativaetis-6-kuud-compo-850g\/#primaryimage\"},\"thumbnailUrl\":\"https:\/\/horticom.ee\/e-pood\/wp-content\/uploads\/importedmedia\/product-152809_0-670118_8.jpg\",\"datePublished\":\"2022-01-17T13:59:45+00:00\",\"dateModified\":\"2026-04-24T00:04:53+00:00\",\"description\":\"Compo tomativ\u00e4etis vabastab toitaineid kahes faasis. Toime 6 kuu v\u00e4ltel, edendades tomatite ja k\u00f6\u00f6giviljade tervislikku kasvu.\",\"breadcrumb\":{\"@id\":\"https:\/\/horticom.ee\/e-pood\/toode\/pikaajaline-tomativaetis-6-kuud-compo-850g\/#breadcrumb\"},\"inLanguage\":\"et\",\"potentialAction\":[{\"@type\":\"ReadAction\",\"target\":[\"https:\/\/horticom.ee\/e-pood\/toode\/pikaajaline-tomativaetis-6-kuud-compo-850g\/\"]}]},{\"@type\":\"ImageObject\",\"inLanguage\":\"et\",\"@id\":\"https:\/\/horticom.ee\/e-pood\/toode\/pikaajaline-tomativaetis-6-kuud-compo-850g\/#primaryimage\",\"url\":\"https:\/\/horticom.ee\/e-pood\/wp-content\/uploads\/importedmedia\/product-152809_0-670118_8.jpg\",\"contentUrl\":\"https:\/\/horticom.ee\/e-pood\/wp-content\/uploads\/importedmedia\/product-152809_0-670118_8.jpg\",\"width\":1000,\"height\":1414,\"caption\":\"Pikaajaline tomativ\u00e4etis 6-kuud Compo 850g\"},{\"@type\":\"BreadcrumbList\",\"@id\":\"https:\/\/horticom.ee\/e-pood\/toode\/pikaajaline-tomativaetis-6-kuud-compo-850g\/#breadcrumb\",\"itemListElement\":[{\"@type\":\"ListItem\",\"position\":1,\"name\":\"Home\",\"item\":\"https:\/\/horticom.ee\/e-pood\/\"},{\"@type\":\"ListItem\",\"position\":2,\"name\":\"Pood\",\"item\":\"https:\/\/horticom.ee\/e-pood\/pood\/\"},{\"@type\":\"ListItem\",\"position\":3,\"name\":\"Pikaajaline tomativ\u00e4etis 6-kuud Compo 850g\"}]},{\"@type\":\"WebSite\",\"@id\":\"https:\/\/horticom.ee\/e-pood\/#website\",\"url\":\"https:\/\/horticom.ee\/e-pood\/\",\"name\":\"Horticom.ee\",\"description\":\"Aianduskaubad ja kodukaubad nii harrastajatele kui professionaalidele\",\"potentialAction\":[{\"@type\":\"SearchAction\",\"target\":{\"@type\":\"EntryPoint\",\"urlTemplate\":\"https:\/\/horticom.ee\/e-pood\/?s={search_term_string}\"},\"query-input\":{\"@type\":\"PropertyValueSpecification\",\"valueRequired\":true,\"valueName\":\"search_term_string\"}}],\"inLanguage\":\"et\"}]}<\/script>\n<!-- \/ Yoast SEO plugin. -->","yoast_head_json":{"title":"Pikaajaline tomativ\u00e4etis 6-kuud Compo 850g - Horticom.ee","description":"Compo tomativ\u00e4etis vabastab toitaineid kahes faasis. Toime 6 kuu v\u00e4ltel, edendades tomatite ja k\u00f6\u00f6giviljade tervislikku kasvu.","robots":{"index":"index","follow":"follow","max-snippet":"max-snippet:-1","max-image-preview":"max-image-preview:large","max-video-preview":"max-video-preview:-1"},"canonical":"https:\/\/horticom.ee\/e-pood\/toode\/pikaajaline-tomativaetis-6-kuud-compo-850g\/","og_locale":"et_EE","og_type":"article","og_title":"Pikaajaline tomativ\u00e4etis 6-kuud Compo 850g - Horticom.ee","og_description":"Compo tomativ\u00e4etis vabastab toitaineid kahes faasis. Toime 6 kuu v\u00e4ltel, edendades tomatite ja k\u00f6\u00f6giviljade tervislikku kasvu.","og_url":"https:\/\/horticom.ee\/e-pood\/toode\/pikaajaline-tomativaetis-6-kuud-compo-850g\/","og_site_name":"Horticom.ee","article_publisher":"https:\/\/www.facebook.com\/horticom.ee\/e-pood","article_modified_time":"2026-04-24T00:04:53+00:00","og_image":[{"width":1000,"height":1414,"url":"https:\/\/horticom.ee\/e-pood\/wp-content\/uploads\/importedmedia\/product-152809_0-670118_8.jpg","type":"image\/jpeg"}],"twitter_card":"summary_large_image","twitter_misc":{"Est. reading time":"1 minut"},"schema":{"@context":"https:\/\/schema.org","@graph":[{"@type":"WebPage","@id":"https:\/\/horticom.ee\/e-pood\/toode\/pikaajaline-tomativaetis-6-kuud-compo-850g\/","url":"https:\/\/horticom.ee\/e-pood\/toode\/pikaajaline-tomativaetis-6-kuud-compo-850g\/","name":"Pikaajaline tomativ\u00e4etis 6-kuud Compo 850g - Horticom.ee","isPartOf":{"@id":"https:\/\/horticom.ee\/e-pood\/#website"},"primaryImageOfPage":{"@id":"https:\/\/horticom.ee\/e-pood\/toode\/pikaajaline-tomativaetis-6-kuud-compo-850g\/#primaryimage"},"image":{"@id":"https:\/\/horticom.ee\/e-pood\/toode\/pikaajaline-tomativaetis-6-kuud-compo-850g\/#primaryimage"},"thumbnailUrl":"https:\/\/horticom.ee\/e-pood\/wp-content\/uploads\/importedmedia\/product-152809_0-670118_8.jpg","datePublished":"2022-01-17T13:59:45+00:00","dateModified":"2026-04-24T00:04:53+00:00","description":"Compo tomativ\u00e4etis vabastab toitaineid kahes faasis. Toime 6 kuu v\u00e4ltel, edendades tomatite ja k\u00f6\u00f6giviljade tervislikku kasvu.","breadcrumb":{"@id":"https:\/\/horticom.ee\/e-pood\/toode\/pikaajaline-tomativaetis-6-kuud-compo-850g\/#breadcrumb"},"inLanguage":"et","potentialAction":[{"@type":"ReadAction","target":["https:\/\/horticom.ee\/e-pood\/toode\/pikaajaline-tomativaetis-6-kuud-compo-850g\/"]}]},{"@type":"ImageObject","inLanguage":"et","@id":"https:\/\/horticom.ee\/e-pood\/toode\/pikaajaline-tomativaetis-6-kuud-compo-850g\/#primaryimage","url":"https:\/\/horticom.ee\/e-pood\/wp-content\/uploads\/importedmedia\/product-152809_0-670118_8.jpg","contentUrl":"https:\/\/horticom.ee\/e-pood\/wp-content\/uploads\/importedmedia\/product-152809_0-670118_8.jpg","width":1000,"height":1414,"caption":"Pikaajaline tomativ\u00e4etis 6-kuud Compo 850g"},{"@type":"BreadcrumbList","@id":"https:\/\/horticom.ee\/e-pood\/toode\/pikaajaline-tomativaetis-6-kuud-compo-850g\/#breadcrumb","itemListElement":[{"@type":"ListItem","position":1,"name":"Home","item":"https:\/\/horticom.ee\/e-pood\/"},{"@type":"ListItem","position":2,"name":"Pood","item":"https:\/\/horticom.ee\/e-pood\/pood\/"},{"@type":"ListItem","position":3,"name":"Pikaajaline tomativ\u00e4etis 6-kuud Compo 850g"}]},{"@type":"WebSite","@id":"https:\/\/horticom.ee\/e-pood\/#website","url":"https:\/\/horticom.ee\/e-pood\/","name":"Horticom.ee","description":"Aianduskaubad ja kodukaubad nii harrastajatele kui professionaalidele","potentialAction":[{"@type":"SearchAction","target":{"@type":"EntryPoint","urlTemplate":"https:\/\/horticom.ee\/e-pood\/?s={search_term_string}"},"query-input":{"@type":"PropertyValueSpecification","valueRequired":true,"valueName":"search_term_string"}}],"inLanguage":"et"}]}},"_links":{"self":[{"href":"https:\/\/horticom.ee\/e-pood\/wp-json\/wp\/v2\/product\/152809","targetHints":{"allow":["GET"]}}],"collection":[{"href":"https:\/\/horticom.ee\/e-pood\/wp-json\/wp\/v2\/product"}],"about":[{"href":"https:\/\/horticom.ee\/e-pood\/wp-json\/wp\/v2\/types\/product"}],"replies":[{"embeddable":true,"href":"https:\/\/horticom.ee\/e-pood\/wp-json\/wp\/v2\/comments?post=152809"}],"wp:featuredmedia":[{"embeddable":true,"href":"https:\/\/horticom.ee\/e-pood\/wp-json\/wp\/v2\/media\/175973"}],"wp:attachment":[{"href":"https:\/\/horticom.ee\/e-pood\/wp-json\/wp\/v2\/media?parent=152809"}],"wp:term":[{"taxonomy":"product_cat","embeddable":true,"href":"https:\/\/horticom.ee\/e-pood\/wp-json\/wp\/v2\/product_cat?post=152809"},{"taxonomy":"product_tag","embeddable":true,"href":"https:\/\/horticom.ee\/e-pood\/wp-json\/wp\/v2\/product_tag?post=152809"}],"curies":[{"name":"wp","href":"https:\/\/api.w.org\/{rel}","templated":true}]}}