{"id":152819,"date":"2022-01-17T15:59:50","date_gmt":"2022-01-17T13:59:50","guid":{"rendered":"https:\/\/aednik24.ee\/toode\/hortensia-vedelvaetis-compo-500ml\/"},"modified":"2026-04-20T03:08:21","modified_gmt":"2026-04-20T00:08:21","slug":"hortensia-vedelvaetis-compo-500ml","status":"publish","type":"product","link":"https:\/\/horticom.ee\/e-pood\/toode\/hortensia-vedelvaetis-compo-500ml\/","title":{"rendered":"Hortensia vedelv\u00e4etis Compo 500ml"},"content":{"rendered":"<p>Hortensia vedelv\u00e4etis Compo on mikroelementidega NPK v\u00e4etiselahus, mis sobib k\u00f5ikidele hortensia sortidele. V\u00e4etis parandab rakustruktuuri, muudab puitunud taimeosad tugevamaks ning suurendab taime vastupanuv\u00f5imet haigustele. PAA biostimulaator soodustab toitainete omastamist, ergutab taimede kasvu ning arendab juurekava.<\/p>\n","protected":false},"excerpt":{"rendered":"<p>Hortensia vedelv\u00e4etis Compo on mikroelementidega NPK v\u00e4etiselahus, mis sobib k\u00f5ikidele hortensia sortidele. V\u00e4etis parandab rakustruktuuri, muudab puitunud taimeosad tugevamaks ning suurendab taime vastupanuv\u00f5imet haigustele. PAA biostimulaator soodustab toitainete omastamist, ergutab taimede kasvu ning arendab juurekava.<\/p>\n","protected":false},"featured_media":175201,"comment_status":"closed","ping_status":"closed","template":"","meta":{"_themeisle_gutenberg_block_has_review":false},"product_cat":[16967],"product_tag":[],"class_list":{"0":"post-152819","1":"product","2":"type-product","3":"status-publish","4":"has-post-thumbnail","6":"product_cat-okaspuudele-rododele-ja-hortensiatele","8":"first","9":"instock","10":"shipping-taxable","11":"purchasable","12":"product-type-simple"},"yoast_head":"<!-- This site is optimized with the Yoast SEO plugin v24.0 - https:\/\/yoast.com\/wordpress\/plugins\/seo\/ -->\n<title>Hortensia vedelv\u00e4etis Compo 500ml - Horticom<\/title>\n<meta name=\"robots\" content=\"index, follow, max-snippet:-1, max-image-preview:large, max-video-preview:-1\" \/>\n<link rel=\"canonical\" href=\"https:\/\/horticom.ee\/e-pood\/toode\/hortensia-vedelvaetis-compo-500ml\/\" \/>\n<meta property=\"og:locale\" content=\"et_EE\" \/>\n<meta property=\"og:type\" content=\"article\" \/>\n<meta property=\"og:title\" content=\"Hortensia vedelv\u00e4etis Compo 500ml - Horticom\" \/>\n<meta property=\"og:description\" content=\"Hortensia vedelv\u00e4etis Compo on mikroelementidega NPK v\u00e4etiselahus, mis sobib k\u00f5ikidele hortensia sortidele. V\u00e4etis parandab rakustruktuuri, muudab puitunud taimeosad tugevamaks ning suurendab taime vastupanuv\u00f5imet haigustele. PAA biostimulaator soodustab toitainete omastamist, ergutab taimede kasvu ning arendab juurekava.\" \/>\n<meta property=\"og:url\" content=\"https:\/\/horticom.ee\/e-pood\/toode\/hortensia-vedelvaetis-compo-500ml\/\" \/>\n<meta property=\"og:site_name\" content=\"Horticom.ee\" \/>\n<meta property=\"article:publisher\" content=\"https:\/\/www.facebook.com\/horticom.ee\/e-pood\" \/>\n<meta property=\"article:modified_time\" content=\"2026-04-20T00:08:21+00:00\" \/>\n<meta property=\"og:image\" content=\"https:\/\/horticom.ee\/e-pood\/wp-content\/uploads\/importedmedia\/product-152819_0-670138.jpg\" \/>\n\t<meta property=\"og:image:width\" content=\"1000\" \/>\n\t<meta property=\"og:image:height\" content=\"1414\" \/>\n\t<meta property=\"og:image:type\" content=\"image\/jpeg\" \/>\n<meta name=\"twitter:card\" content=\"summary_large_image\" \/>\n<script type=\"application\/ld+json\" class=\"yoast-schema-graph\">{\"@context\":\"https:\/\/schema.org\",\"@graph\":[{\"@type\":\"WebPage\",\"@id\":\"https:\/\/horticom.ee\/e-pood\/toode\/hortensia-vedelvaetis-compo-500ml\/\",\"url\":\"https:\/\/horticom.ee\/e-pood\/toode\/hortensia-vedelvaetis-compo-500ml\/\",\"name\":\"Hortensia vedelv\u00e4etis Compo 500ml - Horticom\",\"isPartOf\":{\"@id\":\"https:\/\/horticom.ee\/e-pood\/#website\"},\"primaryImageOfPage\":{\"@id\":\"https:\/\/horticom.ee\/e-pood\/toode\/hortensia-vedelvaetis-compo-500ml\/#primaryimage\"},\"image\":{\"@id\":\"https:\/\/horticom.ee\/e-pood\/toode\/hortensia-vedelvaetis-compo-500ml\/#primaryimage\"},\"thumbnailUrl\":\"https:\/\/horticom.ee\/e-pood\/wp-content\/uploads\/importedmedia\/product-152819_0-670138.jpg\",\"datePublished\":\"2022-01-17T13:59:50+00:00\",\"dateModified\":\"2026-04-20T00:08:21+00:00\",\"breadcrumb\":{\"@id\":\"https:\/\/horticom.ee\/e-pood\/toode\/hortensia-vedelvaetis-compo-500ml\/#breadcrumb\"},\"inLanguage\":\"et\",\"potentialAction\":[{\"@type\":\"ReadAction\",\"target\":[\"https:\/\/horticom.ee\/e-pood\/toode\/hortensia-vedelvaetis-compo-500ml\/\"]}]},{\"@type\":\"ImageObject\",\"inLanguage\":\"et\",\"@id\":\"https:\/\/horticom.ee\/e-pood\/toode\/hortensia-vedelvaetis-compo-500ml\/#primaryimage\",\"url\":\"https:\/\/horticom.ee\/e-pood\/wp-content\/uploads\/importedmedia\/product-152819_0-670138.jpg\",\"contentUrl\":\"https:\/\/horticom.ee\/e-pood\/wp-content\/uploads\/importedmedia\/product-152819_0-670138.jpg\",\"width\":1000,\"height\":1414},{\"@type\":\"BreadcrumbList\",\"@id\":\"https:\/\/horticom.ee\/e-pood\/toode\/hortensia-vedelvaetis-compo-500ml\/#breadcrumb\",\"itemListElement\":[{\"@type\":\"ListItem\",\"position\":1,\"name\":\"Home\",\"item\":\"https:\/\/horticom.ee\/e-pood\/\"},{\"@type\":\"ListItem\",\"position\":2,\"name\":\"Pood\",\"item\":\"https:\/\/horticom.ee\/e-pood\/pood\/\"},{\"@type\":\"ListItem\",\"position\":3,\"name\":\"Hortensia vedelv\u00e4etis Compo 500ml\"}]},{\"@type\":\"WebSite\",\"@id\":\"https:\/\/horticom.ee\/e-pood\/#website\",\"url\":\"https:\/\/horticom.ee\/e-pood\/\",\"name\":\"Horticom.ee\",\"description\":\"Aianduskaubad ja kodukaubad nii harrastajatele kui professionaalidele\",\"potentialAction\":[{\"@type\":\"SearchAction\",\"target\":{\"@type\":\"EntryPoint\",\"urlTemplate\":\"https:\/\/horticom.ee\/e-pood\/?s={search_term_string}\"},\"query-input\":{\"@type\":\"PropertyValueSpecification\",\"valueRequired\":true,\"valueName\":\"search_term_string\"}}],\"inLanguage\":\"et\"}]}<\/script>\n<!-- \/ Yoast SEO plugin. -->","yoast_head_json":{"title":"Hortensia vedelv\u00e4etis Compo 500ml - Horticom","robots":{"index":"index","follow":"follow","max-snippet":"max-snippet:-1","max-image-preview":"max-image-preview:large","max-video-preview":"max-video-preview:-1"},"canonical":"https:\/\/horticom.ee\/e-pood\/toode\/hortensia-vedelvaetis-compo-500ml\/","og_locale":"et_EE","og_type":"article","og_title":"Hortensia vedelv\u00e4etis Compo 500ml - Horticom","og_description":"Hortensia vedelv\u00e4etis Compo on mikroelementidega NPK v\u00e4etiselahus, mis sobib k\u00f5ikidele hortensia sortidele. V\u00e4etis parandab rakustruktuuri, muudab puitunud taimeosad tugevamaks ning suurendab taime vastupanuv\u00f5imet haigustele. PAA biostimulaator soodustab toitainete omastamist, ergutab taimede kasvu ning arendab juurekava.","og_url":"https:\/\/horticom.ee\/e-pood\/toode\/hortensia-vedelvaetis-compo-500ml\/","og_site_name":"Horticom.ee","article_publisher":"https:\/\/www.facebook.com\/horticom.ee\/e-pood","article_modified_time":"2026-04-20T00:08:21+00:00","og_image":[{"width":1000,"height":1414,"url":"https:\/\/horticom.ee\/e-pood\/wp-content\/uploads\/importedmedia\/product-152819_0-670138.jpg","type":"image\/jpeg"}],"twitter_card":"summary_large_image","schema":{"@context":"https:\/\/schema.org","@graph":[{"@type":"WebPage","@id":"https:\/\/horticom.ee\/e-pood\/toode\/hortensia-vedelvaetis-compo-500ml\/","url":"https:\/\/horticom.ee\/e-pood\/toode\/hortensia-vedelvaetis-compo-500ml\/","name":"Hortensia vedelv\u00e4etis Compo 500ml - Horticom","isPartOf":{"@id":"https:\/\/horticom.ee\/e-pood\/#website"},"primaryImageOfPage":{"@id":"https:\/\/horticom.ee\/e-pood\/toode\/hortensia-vedelvaetis-compo-500ml\/#primaryimage"},"image":{"@id":"https:\/\/horticom.ee\/e-pood\/toode\/hortensia-vedelvaetis-compo-500ml\/#primaryimage"},"thumbnailUrl":"https:\/\/horticom.ee\/e-pood\/wp-content\/uploads\/importedmedia\/product-152819_0-670138.jpg","datePublished":"2022-01-17T13:59:50+00:00","dateModified":"2026-04-20T00:08:21+00:00","breadcrumb":{"@id":"https:\/\/horticom.ee\/e-pood\/toode\/hortensia-vedelvaetis-compo-500ml\/#breadcrumb"},"inLanguage":"et","potentialAction":[{"@type":"ReadAction","target":["https:\/\/horticom.ee\/e-pood\/toode\/hortensia-vedelvaetis-compo-500ml\/"]}]},{"@type":"ImageObject","inLanguage":"et","@id":"https:\/\/horticom.ee\/e-pood\/toode\/hortensia-vedelvaetis-compo-500ml\/#primaryimage","url":"https:\/\/horticom.ee\/e-pood\/wp-content\/uploads\/importedmedia\/product-152819_0-670138.jpg","contentUrl":"https:\/\/horticom.ee\/e-pood\/wp-content\/uploads\/importedmedia\/product-152819_0-670138.jpg","width":1000,"height":1414},{"@type":"BreadcrumbList","@id":"https:\/\/horticom.ee\/e-pood\/toode\/hortensia-vedelvaetis-compo-500ml\/#breadcrumb","itemListElement":[{"@type":"ListItem","position":1,"name":"Home","item":"https:\/\/horticom.ee\/e-pood\/"},{"@type":"ListItem","position":2,"name":"Pood","item":"https:\/\/horticom.ee\/e-pood\/pood\/"},{"@type":"ListItem","position":3,"name":"Hortensia vedelv\u00e4etis Compo 500ml"}]},{"@type":"WebSite","@id":"https:\/\/horticom.ee\/e-pood\/#website","url":"https:\/\/horticom.ee\/e-pood\/","name":"Horticom.ee","description":"Aianduskaubad ja kodukaubad nii harrastajatele kui professionaalidele","potentialAction":[{"@type":"SearchAction","target":{"@type":"EntryPoint","urlTemplate":"https:\/\/horticom.ee\/e-pood\/?s={search_term_string}"},"query-input":{"@type":"PropertyValueSpecification","valueRequired":true,"valueName":"search_term_string"}}],"inLanguage":"et"}]}},"_links":{"self":[{"href":"https:\/\/horticom.ee\/e-pood\/wp-json\/wp\/v2\/product\/152819","targetHints":{"allow":["GET"]}}],"collection":[{"href":"https:\/\/horticom.ee\/e-pood\/wp-json\/wp\/v2\/product"}],"about":[{"href":"https:\/\/horticom.ee\/e-pood\/wp-json\/wp\/v2\/types\/product"}],"replies":[{"embeddable":true,"href":"https:\/\/horticom.ee\/e-pood\/wp-json\/wp\/v2\/comments?post=152819"}],"wp:featuredmedia":[{"embeddable":true,"href":"https:\/\/horticom.ee\/e-pood\/wp-json\/wp\/v2\/media\/175201"}],"wp:attachment":[{"href":"https:\/\/horticom.ee\/e-pood\/wp-json\/wp\/v2\/media?parent=152819"}],"wp:term":[{"taxonomy":"product_cat","embeddable":true,"href":"https:\/\/horticom.ee\/e-pood\/wp-json\/wp\/v2\/product_cat?post=152819"},{"taxonomy":"product_tag","embeddable":true,"href":"https:\/\/horticom.ee\/e-pood\/wp-json\/wp\/v2\/product_tag?post=152819"}],"curies":[{"name":"wp","href":"https:\/\/api.w.org\/{rel}","templated":true}]}}