{"id":152820,"date":"2022-01-17T15:59:51","date_gmt":"2022-01-17T13:59:51","guid":{"rendered":"https:\/\/aednik24.ee\/toode\/kaktuse-ja-bonsai-vedelvaetis-compo-250ml\/"},"modified":"2026-04-20T11:01:41","modified_gmt":"2026-04-20T08:01:41","slug":"kaktuse-ja-bonsai-vedelvaetis-compo-250ml","status":"publish","type":"product","link":"https:\/\/horticom.ee\/e-pood\/toode\/kaktuse-ja-bonsai-vedelvaetis-compo-250ml\/","title":{"rendered":"Kaktuse ja bonsai vedelv\u00e4etis Compo 250ml"},"content":{"rendered":"<p>Kaktuste vedelv\u00e4etis Compo on mikroelementidega, spetsiaalse koostisega NPK vedelv\u00e4etis vett koguvatele taimedele. V\u00e4etis sobib k\u00f5ikidele kaktustele ja sukulentidele. K\u00f5rge kaaliumi osakaal hoolitseb tugeva rakustruktuuri eest ja t\u00f5stab taimede vastupanuv\u00f5imet. V\u00e4etises sisalduv PAA-biostimulaator annab taime juurtele eluj\u00f5udu, ergutades toitainete vastuv\u00f5ttu ja soodustades samaaegselt juurte moodustumist ning stimuleerides taimede kasvu.<\/p>\n","protected":false},"excerpt":{"rendered":"<p>Kaktuste vedelv\u00e4etis Compo on mikroelementidega, spetsiaalse koostisega NPK vedelv\u00e4etis vett koguvatele taimedele. V\u00e4etis sobib k\u00f5ikidele kaktustele ja sukulentidele. K\u00f5rge kaaliumi osakaal hoolitseb tugeva rakustruktuuri eest ja t\u00f5stab taimede vastupanuv\u00f5imet. V\u00e4etises sisalduv PAA-biostimulaator annab taime juurtele eluj\u00f5udu, ergutades toitainete vastuv\u00f5ttu ja soodustades samaaegselt juurte moodustumist ning stimuleerides taimede kasvu.<\/p>\n","protected":false},"featured_media":2377912,"comment_status":"closed","ping_status":"closed","template":"","meta":{"_themeisle_gutenberg_block_has_review":false},"product_cat":[16968],"product_tag":[],"class_list":{"0":"post-152820","1":"product","2":"type-product","3":"status-publish","4":"has-post-thumbnail","6":"product_cat-toataimedele","8":"first","9":"instock","10":"shipping-taxable","11":"purchasable","12":"product-type-simple"},"yoast_head":"<!-- This site is optimized with the Yoast SEO plugin v24.0 - https:\/\/yoast.com\/wordpress\/plugins\/seo\/ -->\n<title>Kaktuse ja bonsai vedelv\u00e4etis Compo 250ml - Horticom<\/title>\n<meta name=\"robots\" content=\"index, follow, max-snippet:-1, max-image-preview:large, max-video-preview:-1\" \/>\n<link rel=\"canonical\" href=\"https:\/\/horticom.ee\/e-pood\/toode\/kaktuse-ja-bonsai-vedelvaetis-compo-250ml\/\" \/>\n<meta property=\"og:locale\" content=\"et_EE\" \/>\n<meta property=\"og:type\" content=\"article\" \/>\n<meta property=\"og:title\" content=\"Kaktuse ja bonsai vedelv\u00e4etis Compo 250ml - Horticom\" \/>\n<meta property=\"og:description\" content=\"Kaktuste vedelv\u00e4etis Compo on mikroelementidega, spetsiaalse koostisega NPK vedelv\u00e4etis vett koguvatele taimedele. V\u00e4etis sobib k\u00f5ikidele kaktustele ja sukulentidele. K\u00f5rge kaaliumi osakaal hoolitseb tugeva rakustruktuuri eest ja t\u00f5stab taimede vastupanuv\u00f5imet. V\u00e4etises sisalduv PAA-biostimulaator annab taime juurtele eluj\u00f5udu, ergutades toitainete vastuv\u00f5ttu ja soodustades samaaegselt juurte moodustumist ning stimuleerides taimede kasvu.\" \/>\n<meta property=\"og:url\" content=\"https:\/\/horticom.ee\/e-pood\/toode\/kaktuse-ja-bonsai-vedelvaetis-compo-250ml\/\" \/>\n<meta property=\"og:site_name\" content=\"Horticom.ee\" \/>\n<meta property=\"article:publisher\" content=\"https:\/\/www.facebook.com\/horticom.ee\/e-pood\" \/>\n<meta property=\"article:modified_time\" content=\"2026-04-20T08:01:41+00:00\" \/>\n<meta property=\"og:image\" content=\"https:\/\/horticom.ee\/e-pood\/wp-content\/uploads\/importedmedia\/product-152820_0-670104.jpg\" \/>\n\t<meta property=\"og:image:width\" content=\"1000\" \/>\n\t<meta property=\"og:image:height\" content=\"1414\" \/>\n\t<meta property=\"og:image:type\" content=\"image\/jpeg\" \/>\n<meta name=\"twitter:card\" content=\"summary_large_image\" \/>\n<script type=\"application\/ld+json\" class=\"yoast-schema-graph\">{\"@context\":\"https:\/\/schema.org\",\"@graph\":[{\"@type\":\"WebPage\",\"@id\":\"https:\/\/horticom.ee\/e-pood\/toode\/kaktuse-ja-bonsai-vedelvaetis-compo-250ml\/\",\"url\":\"https:\/\/horticom.ee\/e-pood\/toode\/kaktuse-ja-bonsai-vedelvaetis-compo-250ml\/\",\"name\":\"Kaktuse ja bonsai vedelv\u00e4etis Compo 250ml - Horticom\",\"isPartOf\":{\"@id\":\"https:\/\/horticom.ee\/e-pood\/#website\"},\"primaryImageOfPage\":{\"@id\":\"https:\/\/horticom.ee\/e-pood\/toode\/kaktuse-ja-bonsai-vedelvaetis-compo-250ml\/#primaryimage\"},\"image\":{\"@id\":\"https:\/\/horticom.ee\/e-pood\/toode\/kaktuse-ja-bonsai-vedelvaetis-compo-250ml\/#primaryimage\"},\"thumbnailUrl\":\"https:\/\/horticom.ee\/e-pood\/wp-content\/uploads\/importedmedia\/product-152820_0-670104.jpg\",\"datePublished\":\"2022-01-17T13:59:51+00:00\",\"dateModified\":\"2026-04-20T08:01:41+00:00\",\"breadcrumb\":{\"@id\":\"https:\/\/horticom.ee\/e-pood\/toode\/kaktuse-ja-bonsai-vedelvaetis-compo-250ml\/#breadcrumb\"},\"inLanguage\":\"et\",\"potentialAction\":[{\"@type\":\"ReadAction\",\"target\":[\"https:\/\/horticom.ee\/e-pood\/toode\/kaktuse-ja-bonsai-vedelvaetis-compo-250ml\/\"]}]},{\"@type\":\"ImageObject\",\"inLanguage\":\"et\",\"@id\":\"https:\/\/horticom.ee\/e-pood\/toode\/kaktuse-ja-bonsai-vedelvaetis-compo-250ml\/#primaryimage\",\"url\":\"https:\/\/horticom.ee\/e-pood\/wp-content\/uploads\/importedmedia\/product-152820_0-670104.jpg\",\"contentUrl\":\"https:\/\/horticom.ee\/e-pood\/wp-content\/uploads\/importedmedia\/product-152820_0-670104.jpg\",\"width\":1000,\"height\":1414},{\"@type\":\"BreadcrumbList\",\"@id\":\"https:\/\/horticom.ee\/e-pood\/toode\/kaktuse-ja-bonsai-vedelvaetis-compo-250ml\/#breadcrumb\",\"itemListElement\":[{\"@type\":\"ListItem\",\"position\":1,\"name\":\"Home\",\"item\":\"https:\/\/horticom.ee\/e-pood\/\"},{\"@type\":\"ListItem\",\"position\":2,\"name\":\"Pood\",\"item\":\"https:\/\/horticom.ee\/e-pood\/pood\/\"},{\"@type\":\"ListItem\",\"position\":3,\"name\":\"Kaktuse ja bonsai vedelv\u00e4etis Compo 250ml\"}]},{\"@type\":\"WebSite\",\"@id\":\"https:\/\/horticom.ee\/e-pood\/#website\",\"url\":\"https:\/\/horticom.ee\/e-pood\/\",\"name\":\"Horticom.ee\",\"description\":\"Aianduskaubad ja kodukaubad nii harrastajatele kui professionaalidele\",\"potentialAction\":[{\"@type\":\"SearchAction\",\"target\":{\"@type\":\"EntryPoint\",\"urlTemplate\":\"https:\/\/horticom.ee\/e-pood\/?s={search_term_string}\"},\"query-input\":{\"@type\":\"PropertyValueSpecification\",\"valueRequired\":true,\"valueName\":\"search_term_string\"}}],\"inLanguage\":\"et\"}]}<\/script>\n<!-- \/ Yoast SEO plugin. -->","yoast_head_json":{"title":"Kaktuse ja bonsai vedelv\u00e4etis Compo 250ml - Horticom","robots":{"index":"index","follow":"follow","max-snippet":"max-snippet:-1","max-image-preview":"max-image-preview:large","max-video-preview":"max-video-preview:-1"},"canonical":"https:\/\/horticom.ee\/e-pood\/toode\/kaktuse-ja-bonsai-vedelvaetis-compo-250ml\/","og_locale":"et_EE","og_type":"article","og_title":"Kaktuse ja bonsai vedelv\u00e4etis Compo 250ml - Horticom","og_description":"Kaktuste vedelv\u00e4etis Compo on mikroelementidega, spetsiaalse koostisega NPK vedelv\u00e4etis vett koguvatele taimedele. V\u00e4etis sobib k\u00f5ikidele kaktustele ja sukulentidele. K\u00f5rge kaaliumi osakaal hoolitseb tugeva rakustruktuuri eest ja t\u00f5stab taimede vastupanuv\u00f5imet. V\u00e4etises sisalduv PAA-biostimulaator annab taime juurtele eluj\u00f5udu, ergutades toitainete vastuv\u00f5ttu ja soodustades samaaegselt juurte moodustumist ning stimuleerides taimede kasvu.","og_url":"https:\/\/horticom.ee\/e-pood\/toode\/kaktuse-ja-bonsai-vedelvaetis-compo-250ml\/","og_site_name":"Horticom.ee","article_publisher":"https:\/\/www.facebook.com\/horticom.ee\/e-pood","article_modified_time":"2026-04-20T08:01:41+00:00","og_image":[{"width":1000,"height":1414,"url":"https:\/\/horticom.ee\/e-pood\/wp-content\/uploads\/importedmedia\/product-152820_0-670104.jpg","type":"image\/jpeg"}],"twitter_card":"summary_large_image","schema":{"@context":"https:\/\/schema.org","@graph":[{"@type":"WebPage","@id":"https:\/\/horticom.ee\/e-pood\/toode\/kaktuse-ja-bonsai-vedelvaetis-compo-250ml\/","url":"https:\/\/horticom.ee\/e-pood\/toode\/kaktuse-ja-bonsai-vedelvaetis-compo-250ml\/","name":"Kaktuse ja bonsai vedelv\u00e4etis Compo 250ml - Horticom","isPartOf":{"@id":"https:\/\/horticom.ee\/e-pood\/#website"},"primaryImageOfPage":{"@id":"https:\/\/horticom.ee\/e-pood\/toode\/kaktuse-ja-bonsai-vedelvaetis-compo-250ml\/#primaryimage"},"image":{"@id":"https:\/\/horticom.ee\/e-pood\/toode\/kaktuse-ja-bonsai-vedelvaetis-compo-250ml\/#primaryimage"},"thumbnailUrl":"https:\/\/horticom.ee\/e-pood\/wp-content\/uploads\/importedmedia\/product-152820_0-670104.jpg","datePublished":"2022-01-17T13:59:51+00:00","dateModified":"2026-04-20T08:01:41+00:00","breadcrumb":{"@id":"https:\/\/horticom.ee\/e-pood\/toode\/kaktuse-ja-bonsai-vedelvaetis-compo-250ml\/#breadcrumb"},"inLanguage":"et","potentialAction":[{"@type":"ReadAction","target":["https:\/\/horticom.ee\/e-pood\/toode\/kaktuse-ja-bonsai-vedelvaetis-compo-250ml\/"]}]},{"@type":"ImageObject","inLanguage":"et","@id":"https:\/\/horticom.ee\/e-pood\/toode\/kaktuse-ja-bonsai-vedelvaetis-compo-250ml\/#primaryimage","url":"https:\/\/horticom.ee\/e-pood\/wp-content\/uploads\/importedmedia\/product-152820_0-670104.jpg","contentUrl":"https:\/\/horticom.ee\/e-pood\/wp-content\/uploads\/importedmedia\/product-152820_0-670104.jpg","width":1000,"height":1414},{"@type":"BreadcrumbList","@id":"https:\/\/horticom.ee\/e-pood\/toode\/kaktuse-ja-bonsai-vedelvaetis-compo-250ml\/#breadcrumb","itemListElement":[{"@type":"ListItem","position":1,"name":"Home","item":"https:\/\/horticom.ee\/e-pood\/"},{"@type":"ListItem","position":2,"name":"Pood","item":"https:\/\/horticom.ee\/e-pood\/pood\/"},{"@type":"ListItem","position":3,"name":"Kaktuse ja bonsai vedelv\u00e4etis Compo 250ml"}]},{"@type":"WebSite","@id":"https:\/\/horticom.ee\/e-pood\/#website","url":"https:\/\/horticom.ee\/e-pood\/","name":"Horticom.ee","description":"Aianduskaubad ja kodukaubad nii harrastajatele kui professionaalidele","potentialAction":[{"@type":"SearchAction","target":{"@type":"EntryPoint","urlTemplate":"https:\/\/horticom.ee\/e-pood\/?s={search_term_string}"},"query-input":{"@type":"PropertyValueSpecification","valueRequired":true,"valueName":"search_term_string"}}],"inLanguage":"et"}]}},"_links":{"self":[{"href":"https:\/\/horticom.ee\/e-pood\/wp-json\/wp\/v2\/product\/152820","targetHints":{"allow":["GET"]}}],"collection":[{"href":"https:\/\/horticom.ee\/e-pood\/wp-json\/wp\/v2\/product"}],"about":[{"href":"https:\/\/horticom.ee\/e-pood\/wp-json\/wp\/v2\/types\/product"}],"replies":[{"embeddable":true,"href":"https:\/\/horticom.ee\/e-pood\/wp-json\/wp\/v2\/comments?post=152820"}],"wp:featuredmedia":[{"embeddable":true,"href":"https:\/\/horticom.ee\/e-pood\/wp-json\/wp\/v2\/media\/2377912"}],"wp:attachment":[{"href":"https:\/\/horticom.ee\/e-pood\/wp-json\/wp\/v2\/media?parent=152820"}],"wp:term":[{"taxonomy":"product_cat","embeddable":true,"href":"https:\/\/horticom.ee\/e-pood\/wp-json\/wp\/v2\/product_cat?post=152820"},{"taxonomy":"product_tag","embeddable":true,"href":"https:\/\/horticom.ee\/e-pood\/wp-json\/wp\/v2\/product_tag?post=152820"}],"curies":[{"name":"wp","href":"https:\/\/api.w.org\/{rel}","templated":true}]}}