{"id":152823,"date":"2022-01-17T15:59:53","date_gmt":"2022-01-17T13:59:53","guid":{"rendered":"https:\/\/aednik24.ee\/toode\/universaalne-toataimede-vedelvaetis-compo-1l\/"},"modified":"2026-04-20T18:14:30","modified_gmt":"2026-04-20T15:14:30","slug":"universaalne-toataimede-vedelvaetis-compo-1l","status":"publish","type":"product","link":"https:\/\/horticom.ee\/e-pood\/toode\/universaalne-toataimede-vedelvaetis-compo-1l\/","title":{"rendered":"Universaalne toataimede vedelv\u00e4etis Compo 1L"},"content":{"rendered":"<p>Universaalne  NPK v\u00e4etislahus, mis sobib suurep\u00e4raselt k\u00f5ikidele toa-, r\u00f5du- ja terassililledele. K\u00f5rge l\u00e4mmastiku osakaal on lilledele heaks kasvumootoriks. Fosfori osakaal soodustab \u00f5ite lopsakat moodustumist ja tugevat v\u00e4rvumist. Kaalium tugevdab taime rakustruktuuri. Tasakaalustatud mikrotoitainete hulk t\u00f5stab vastupidavust haiguste vastu. V\u00e4etises sisalduv PAA-biostimulaator annab taime juurtele eluj\u00f5udu ergutades toitainete vastuv\u00f5ttu ja soodustades samaaegselt juurte moodustumist. Stimuleerib taimede kasvu.<\/p>\n","protected":false},"excerpt":{"rendered":"<p>Universaalne NPK v\u00e4etislahus, mis sobib suurep\u00e4raselt k\u00f5ikidele toa-, r\u00f5du- ja terassililledele. K\u00f5rge l\u00e4mmastiku osakaal on lilledele heaks kasvumootoriks. Fosfori osakaal soodustab \u00f5ite lopsakat moodustumist ja tugevat v\u00e4rvumist. Kaalium tugevdab taime rakustruktuuri. Tasakaalustatud mikrotoitainete hulk t\u00f5stab vastupidavust haiguste vastu. V\u00e4etises sisalduv PAA-biostimulaator annab taime juurtele eluj\u00f5udu ergutades toitainete vastuv\u00f5ttu ja soodustades samaaegselt juurte moodustumist. Stimuleerib taimede [&hellip;]<\/p>\n","protected":false},"featured_media":175187,"comment_status":"closed","ping_status":"closed","template":"","meta":{"_themeisle_gutenberg_block_has_review":false},"product_cat":[16964,16968],"product_tag":[],"class_list":{"0":"post-152823","1":"product","2":"type-product","3":"status-publish","4":"has-post-thumbnail","6":"product_cat-suvelilledele-ja-rodutaimedele","7":"product_cat-toataimedele","9":"first","10":"instock","11":"shipping-taxable","12":"purchasable","13":"product-type-simple"},"yoast_head":"<!-- This site is optimized with the Yoast SEO plugin v24.0 - https:\/\/yoast.com\/wordpress\/plugins\/seo\/ -->\n<title>Universaalne toataimede vedelv\u00e4etis Compo 1L - Horticom<\/title>\n<meta name=\"robots\" content=\"index, follow, max-snippet:-1, max-image-preview:large, max-video-preview:-1\" \/>\n<link rel=\"canonical\" href=\"https:\/\/horticom.ee\/e-pood\/toode\/universaalne-toataimede-vedelvaetis-compo-1l\/\" \/>\n<meta property=\"og:locale\" content=\"et_EE\" \/>\n<meta property=\"og:type\" content=\"article\" \/>\n<meta property=\"og:title\" content=\"Universaalne toataimede vedelv\u00e4etis Compo 1L - Horticom\" \/>\n<meta property=\"og:description\" content=\"Universaalne NPK v\u00e4etislahus, mis sobib suurep\u00e4raselt k\u00f5ikidele toa-, r\u00f5du- ja terassililledele. K\u00f5rge l\u00e4mmastiku osakaal on lilledele heaks kasvumootoriks. Fosfori osakaal soodustab \u00f5ite lopsakat moodustumist ja tugevat v\u00e4rvumist. Kaalium tugevdab taime rakustruktuuri. Tasakaalustatud mikrotoitainete hulk t\u00f5stab vastupidavust haiguste vastu. V\u00e4etises sisalduv PAA-biostimulaator annab taime juurtele eluj\u00f5udu ergutades toitainete vastuv\u00f5ttu ja soodustades samaaegselt juurte moodustumist. Stimuleerib taimede [&hellip;]\" \/>\n<meta property=\"og:url\" content=\"https:\/\/horticom.ee\/e-pood\/toode\/universaalne-toataimede-vedelvaetis-compo-1l\/\" \/>\n<meta property=\"og:site_name\" content=\"Horticom.ee\" \/>\n<meta property=\"article:publisher\" content=\"https:\/\/www.facebook.com\/horticom.ee\/e-pood\" \/>\n<meta property=\"article:modified_time\" content=\"2026-04-20T15:14:30+00:00\" \/>\n<meta property=\"og:image\" content=\"https:\/\/horticom.ee\/e-pood\/wp-content\/uploads\/importedmedia\/product-152823_0-670100.jpg\" \/>\n\t<meta property=\"og:image:width\" content=\"1000\" \/>\n\t<meta property=\"og:image:height\" content=\"1414\" \/>\n\t<meta property=\"og:image:type\" content=\"image\/jpeg\" \/>\n<meta name=\"twitter:card\" content=\"summary_large_image\" \/>\n<script type=\"application\/ld+json\" class=\"yoast-schema-graph\">{\"@context\":\"https:\/\/schema.org\",\"@graph\":[{\"@type\":\"WebPage\",\"@id\":\"https:\/\/horticom.ee\/e-pood\/toode\/universaalne-toataimede-vedelvaetis-compo-1l\/\",\"url\":\"https:\/\/horticom.ee\/e-pood\/toode\/universaalne-toataimede-vedelvaetis-compo-1l\/\",\"name\":\"Universaalne toataimede vedelv\u00e4etis Compo 1L - Horticom\",\"isPartOf\":{\"@id\":\"https:\/\/horticom.ee\/e-pood\/#website\"},\"primaryImageOfPage\":{\"@id\":\"https:\/\/horticom.ee\/e-pood\/toode\/universaalne-toataimede-vedelvaetis-compo-1l\/#primaryimage\"},\"image\":{\"@id\":\"https:\/\/horticom.ee\/e-pood\/toode\/universaalne-toataimede-vedelvaetis-compo-1l\/#primaryimage\"},\"thumbnailUrl\":\"https:\/\/horticom.ee\/e-pood\/wp-content\/uploads\/importedmedia\/product-152823_0-670100.jpg\",\"datePublished\":\"2022-01-17T13:59:53+00:00\",\"dateModified\":\"2026-04-20T15:14:30+00:00\",\"breadcrumb\":{\"@id\":\"https:\/\/horticom.ee\/e-pood\/toode\/universaalne-toataimede-vedelvaetis-compo-1l\/#breadcrumb\"},\"inLanguage\":\"et\",\"potentialAction\":[{\"@type\":\"ReadAction\",\"target\":[\"https:\/\/horticom.ee\/e-pood\/toode\/universaalne-toataimede-vedelvaetis-compo-1l\/\"]}]},{\"@type\":\"ImageObject\",\"inLanguage\":\"et\",\"@id\":\"https:\/\/horticom.ee\/e-pood\/toode\/universaalne-toataimede-vedelvaetis-compo-1l\/#primaryimage\",\"url\":\"https:\/\/horticom.ee\/e-pood\/wp-content\/uploads\/importedmedia\/product-152823_0-670100.jpg\",\"contentUrl\":\"https:\/\/horticom.ee\/e-pood\/wp-content\/uploads\/importedmedia\/product-152823_0-670100.jpg\",\"width\":1000,\"height\":1414},{\"@type\":\"BreadcrumbList\",\"@id\":\"https:\/\/horticom.ee\/e-pood\/toode\/universaalne-toataimede-vedelvaetis-compo-1l\/#breadcrumb\",\"itemListElement\":[{\"@type\":\"ListItem\",\"position\":1,\"name\":\"Home\",\"item\":\"https:\/\/horticom.ee\/e-pood\/\"},{\"@type\":\"ListItem\",\"position\":2,\"name\":\"Pood\",\"item\":\"https:\/\/horticom.ee\/e-pood\/pood\/\"},{\"@type\":\"ListItem\",\"position\":3,\"name\":\"Universaalne toataimede vedelv\u00e4etis Compo 1L\"}]},{\"@type\":\"WebSite\",\"@id\":\"https:\/\/horticom.ee\/e-pood\/#website\",\"url\":\"https:\/\/horticom.ee\/e-pood\/\",\"name\":\"Horticom.ee\",\"description\":\"Aianduskaubad ja kodukaubad nii harrastajatele kui professionaalidele\",\"potentialAction\":[{\"@type\":\"SearchAction\",\"target\":{\"@type\":\"EntryPoint\",\"urlTemplate\":\"https:\/\/horticom.ee\/e-pood\/?s={search_term_string}\"},\"query-input\":{\"@type\":\"PropertyValueSpecification\",\"valueRequired\":true,\"valueName\":\"search_term_string\"}}],\"inLanguage\":\"et\"}]}<\/script>\n<!-- \/ Yoast SEO plugin. -->","yoast_head_json":{"title":"Universaalne toataimede vedelv\u00e4etis Compo 1L - Horticom","robots":{"index":"index","follow":"follow","max-snippet":"max-snippet:-1","max-image-preview":"max-image-preview:large","max-video-preview":"max-video-preview:-1"},"canonical":"https:\/\/horticom.ee\/e-pood\/toode\/universaalne-toataimede-vedelvaetis-compo-1l\/","og_locale":"et_EE","og_type":"article","og_title":"Universaalne toataimede vedelv\u00e4etis Compo 1L - Horticom","og_description":"Universaalne NPK v\u00e4etislahus, mis sobib suurep\u00e4raselt k\u00f5ikidele toa-, r\u00f5du- ja terassililledele. K\u00f5rge l\u00e4mmastiku osakaal on lilledele heaks kasvumootoriks. Fosfori osakaal soodustab \u00f5ite lopsakat moodustumist ja tugevat v\u00e4rvumist. Kaalium tugevdab taime rakustruktuuri. Tasakaalustatud mikrotoitainete hulk t\u00f5stab vastupidavust haiguste vastu. V\u00e4etises sisalduv PAA-biostimulaator annab taime juurtele eluj\u00f5udu ergutades toitainete vastuv\u00f5ttu ja soodustades samaaegselt juurte moodustumist. Stimuleerib taimede [&hellip;]","og_url":"https:\/\/horticom.ee\/e-pood\/toode\/universaalne-toataimede-vedelvaetis-compo-1l\/","og_site_name":"Horticom.ee","article_publisher":"https:\/\/www.facebook.com\/horticom.ee\/e-pood","article_modified_time":"2026-04-20T15:14:30+00:00","og_image":[{"width":1000,"height":1414,"url":"https:\/\/horticom.ee\/e-pood\/wp-content\/uploads\/importedmedia\/product-152823_0-670100.jpg","type":"image\/jpeg"}],"twitter_card":"summary_large_image","schema":{"@context":"https:\/\/schema.org","@graph":[{"@type":"WebPage","@id":"https:\/\/horticom.ee\/e-pood\/toode\/universaalne-toataimede-vedelvaetis-compo-1l\/","url":"https:\/\/horticom.ee\/e-pood\/toode\/universaalne-toataimede-vedelvaetis-compo-1l\/","name":"Universaalne toataimede vedelv\u00e4etis Compo 1L - Horticom","isPartOf":{"@id":"https:\/\/horticom.ee\/e-pood\/#website"},"primaryImageOfPage":{"@id":"https:\/\/horticom.ee\/e-pood\/toode\/universaalne-toataimede-vedelvaetis-compo-1l\/#primaryimage"},"image":{"@id":"https:\/\/horticom.ee\/e-pood\/toode\/universaalne-toataimede-vedelvaetis-compo-1l\/#primaryimage"},"thumbnailUrl":"https:\/\/horticom.ee\/e-pood\/wp-content\/uploads\/importedmedia\/product-152823_0-670100.jpg","datePublished":"2022-01-17T13:59:53+00:00","dateModified":"2026-04-20T15:14:30+00:00","breadcrumb":{"@id":"https:\/\/horticom.ee\/e-pood\/toode\/universaalne-toataimede-vedelvaetis-compo-1l\/#breadcrumb"},"inLanguage":"et","potentialAction":[{"@type":"ReadAction","target":["https:\/\/horticom.ee\/e-pood\/toode\/universaalne-toataimede-vedelvaetis-compo-1l\/"]}]},{"@type":"ImageObject","inLanguage":"et","@id":"https:\/\/horticom.ee\/e-pood\/toode\/universaalne-toataimede-vedelvaetis-compo-1l\/#primaryimage","url":"https:\/\/horticom.ee\/e-pood\/wp-content\/uploads\/importedmedia\/product-152823_0-670100.jpg","contentUrl":"https:\/\/horticom.ee\/e-pood\/wp-content\/uploads\/importedmedia\/product-152823_0-670100.jpg","width":1000,"height":1414},{"@type":"BreadcrumbList","@id":"https:\/\/horticom.ee\/e-pood\/toode\/universaalne-toataimede-vedelvaetis-compo-1l\/#breadcrumb","itemListElement":[{"@type":"ListItem","position":1,"name":"Home","item":"https:\/\/horticom.ee\/e-pood\/"},{"@type":"ListItem","position":2,"name":"Pood","item":"https:\/\/horticom.ee\/e-pood\/pood\/"},{"@type":"ListItem","position":3,"name":"Universaalne toataimede vedelv\u00e4etis Compo 1L"}]},{"@type":"WebSite","@id":"https:\/\/horticom.ee\/e-pood\/#website","url":"https:\/\/horticom.ee\/e-pood\/","name":"Horticom.ee","description":"Aianduskaubad ja kodukaubad nii harrastajatele kui professionaalidele","potentialAction":[{"@type":"SearchAction","target":{"@type":"EntryPoint","urlTemplate":"https:\/\/horticom.ee\/e-pood\/?s={search_term_string}"},"query-input":{"@type":"PropertyValueSpecification","valueRequired":true,"valueName":"search_term_string"}}],"inLanguage":"et"}]}},"_links":{"self":[{"href":"https:\/\/horticom.ee\/e-pood\/wp-json\/wp\/v2\/product\/152823","targetHints":{"allow":["GET"]}}],"collection":[{"href":"https:\/\/horticom.ee\/e-pood\/wp-json\/wp\/v2\/product"}],"about":[{"href":"https:\/\/horticom.ee\/e-pood\/wp-json\/wp\/v2\/types\/product"}],"replies":[{"embeddable":true,"href":"https:\/\/horticom.ee\/e-pood\/wp-json\/wp\/v2\/comments?post=152823"}],"wp:featuredmedia":[{"embeddable":true,"href":"https:\/\/horticom.ee\/e-pood\/wp-json\/wp\/v2\/media\/175187"}],"wp:attachment":[{"href":"https:\/\/horticom.ee\/e-pood\/wp-json\/wp\/v2\/media?parent=152823"}],"wp:term":[{"taxonomy":"product_cat","embeddable":true,"href":"https:\/\/horticom.ee\/e-pood\/wp-json\/wp\/v2\/product_cat?post=152823"},{"taxonomy":"product_tag","embeddable":true,"href":"https:\/\/horticom.ee\/e-pood\/wp-json\/wp\/v2\/product_tag?post=152823"}],"curies":[{"name":"wp","href":"https:\/\/api.w.org\/{rel}","templated":true}]}}