{"id":152850,"date":"2022-01-17T16:00:09","date_gmt":"2022-01-17T14:00:09","guid":{"rendered":"https:\/\/aednik24.ee\/toode\/seemnelintide-kmpl-3-915m\/"},"modified":"2026-05-04T03:03:41","modified_gmt":"2026-05-04T00:03:41","slug":"seemnelintide-kmpl-3-915m","status":"publish","type":"product","link":"https:\/\/horticom.ee\/e-pood\/toode\/seemnelintide-kmpl-3-915m\/","title":{"rendered":"Seemnelintide kmpl 3 9*1,5m"},"content":{"rendered":"<p>Seemnelintide kmpl 3 on k\u00f6\u00f6givilja-\u00fcrdiaed teibil. Stardikomplekt valmislahenduste eelistajatele. Komplekt sisaldab 9 teipi. Iga\u00fcks neist on 1,5 m pikkune. Teibiga seemned lihtsustavad \u00fchtlast k\u00fclvi ja tagavad rikkaliku saagi. T\u00e4nu seemnete optimaalsele paigutusele puudub vajadus harvendamiseks ja taimed kasvavad \u00f5igete vahemaadega. Pakend sisaldab: Porgand Touchon, sibul Wolska, salat Great Lakes, spinat Matador, petersell Festival, redis Carmen, till Ambrozja, kurk Dalila F1, peet Alexis seemnete komplekte teibil. Teibid on biolagunevast materjalist, lahustuvad mullas ja on keskkonnas\u00f5bralikud. Edasine teave toote kohta on pakendi sees voldikul.<\/p>\n","protected":false},"excerpt":{"rendered":"<p>Seemnelintide kmpl 3 on k\u00f6\u00f6givilja-\u00fcrdiaed teibil. Stardikomplekt valmislahenduste eelistajatele. Komplekt sisaldab 9 teipi. Iga\u00fcks neist on 1,5 m pikkune. Teibiga seemned lihtsustavad \u00fchtlast k\u00fclvi ja tagavad rikkaliku saagi. T\u00e4nu seemnete optimaalsele paigutusele puudub vajadus harvendamiseks ja taimed kasvavad \u00f5igete vahemaadega. Pakend sisaldab: Porgand Touchon, sibul Wolska, salat Great Lakes, spinat Matador, petersell Festival, redis Carmen, [&hellip;]<\/p>\n","protected":false},"featured_media":175125,"comment_status":"closed","ping_status":"closed","template":"","meta":{"_themeisle_gutenberg_block_has_review":false},"product_cat":[18313],"product_tag":[],"class_list":{"0":"post-152850","1":"product","2":"type-product","3":"status-publish","4":"has-post-thumbnail","6":"product_cat-seemnelindid","8":"first","9":"instock","10":"shipping-taxable","11":"purchasable","12":"product-type-simple"},"yoast_head":"<!-- This site is optimized with the Yoast SEO plugin v24.0 - https:\/\/yoast.com\/wordpress\/plugins\/seo\/ -->\n<title>Seemnelintide kmpl 3 9*1,5m \/SP\/ - Horticom.ee\/e-pood<\/title>\n<meta name=\"description\" content=\"Seemnelintide komplekt 3: K\u00f6\u00f6givilja-\u00fcrdiaed teibil. Sisaldab 9 biolagunevat teipi: porgand, sibul, salat, redis jne. Lihtne k\u00fclv ja rikkalik saak.\" \/>\n<meta name=\"robots\" content=\"index, follow, max-snippet:-1, max-image-preview:large, max-video-preview:-1\" \/>\n<link rel=\"canonical\" href=\"https:\/\/horticom.ee\/e-pood\/toode\/seemnelintide-kmpl-3-915m\/\" \/>\n<meta property=\"og:locale\" content=\"et_EE\" \/>\n<meta property=\"og:type\" content=\"article\" \/>\n<meta property=\"og:title\" content=\"Seemnelintide kmpl 3 9*1,5m \/SP\/ - Horticom.ee\/e-pood\" \/>\n<meta property=\"og:description\" content=\"Seemnelintide komplekt 3: K\u00f6\u00f6givilja-\u00fcrdiaed teibil. Sisaldab 9 biolagunevat teipi: porgand, sibul, salat, redis jne. Lihtne k\u00fclv ja rikkalik saak.\" \/>\n<meta property=\"og:url\" content=\"https:\/\/horticom.ee\/e-pood\/toode\/seemnelintide-kmpl-3-915m\/\" \/>\n<meta property=\"og:site_name\" content=\"Horticom.ee\" \/>\n<meta property=\"article:publisher\" content=\"https:\/\/www.facebook.com\/horticom.ee\/e-pood\" \/>\n<meta property=\"article:modified_time\" content=\"2026-05-04T00:03:41+00:00\" \/>\n<meta property=\"og:image\" content=\"https:\/\/horticom.ee\/e-pood\/wp-content\/uploads\/importedmedia\/product-152850_0-VC5005.jpg\" \/>\n\t<meta property=\"og:image:width\" content=\"999\" \/>\n\t<meta property=\"og:image:height\" content=\"1439\" \/>\n\t<meta property=\"og:image:type\" content=\"image\/jpeg\" \/>\n<meta name=\"twitter:card\" content=\"summary_large_image\" \/>\n<script type=\"application\/ld+json\" class=\"yoast-schema-graph\">{\"@context\":\"https:\/\/schema.org\",\"@graph\":[{\"@type\":\"WebPage\",\"@id\":\"https:\/\/horticom.ee\/e-pood\/toode\/seemnelintide-kmpl-3-915m\/\",\"url\":\"https:\/\/horticom.ee\/e-pood\/toode\/seemnelintide-kmpl-3-915m\/\",\"name\":\"Seemnelintide kmpl 3 9*1,5m \/SP\/ - Horticom.ee\/e-pood\",\"isPartOf\":{\"@id\":\"https:\/\/horticom.ee\/e-pood\/#website\"},\"primaryImageOfPage\":{\"@id\":\"https:\/\/horticom.ee\/e-pood\/toode\/seemnelintide-kmpl-3-915m\/#primaryimage\"},\"image\":{\"@id\":\"https:\/\/horticom.ee\/e-pood\/toode\/seemnelintide-kmpl-3-915m\/#primaryimage\"},\"thumbnailUrl\":\"https:\/\/horticom.ee\/e-pood\/wp-content\/uploads\/importedmedia\/product-152850_0-VC5005.jpg\",\"datePublished\":\"2022-01-17T14:00:09+00:00\",\"dateModified\":\"2026-05-04T00:03:41+00:00\",\"description\":\"Seemnelintide komplekt 3: K\u00f6\u00f6givilja-\u00fcrdiaed teibil. Sisaldab 9 biolagunevat teipi: porgand, sibul, salat, redis jne. Lihtne k\u00fclv ja rikkalik saak.\",\"breadcrumb\":{\"@id\":\"https:\/\/horticom.ee\/e-pood\/toode\/seemnelintide-kmpl-3-915m\/#breadcrumb\"},\"inLanguage\":\"et\",\"potentialAction\":[{\"@type\":\"ReadAction\",\"target\":[\"https:\/\/horticom.ee\/e-pood\/toode\/seemnelintide-kmpl-3-915m\/\"]}]},{\"@type\":\"ImageObject\",\"inLanguage\":\"et\",\"@id\":\"https:\/\/horticom.ee\/e-pood\/toode\/seemnelintide-kmpl-3-915m\/#primaryimage\",\"url\":\"https:\/\/horticom.ee\/e-pood\/wp-content\/uploads\/importedmedia\/product-152850_0-VC5005.jpg\",\"contentUrl\":\"https:\/\/horticom.ee\/e-pood\/wp-content\/uploads\/importedmedia\/product-152850_0-VC5005.jpg\",\"width\":999,\"height\":1439,\"caption\":\"Seemnelintide kmpl 3 9*1,5m \/SP\/\"},{\"@type\":\"BreadcrumbList\",\"@id\":\"https:\/\/horticom.ee\/e-pood\/toode\/seemnelintide-kmpl-3-915m\/#breadcrumb\",\"itemListElement\":[{\"@type\":\"ListItem\",\"position\":1,\"name\":\"Home\",\"item\":\"https:\/\/horticom.ee\/e-pood\/\"},{\"@type\":\"ListItem\",\"position\":2,\"name\":\"Pood\",\"item\":\"https:\/\/horticom.ee\/e-pood\/pood\/\"},{\"@type\":\"ListItem\",\"position\":3,\"name\":\"Seemnelintide kmpl 3 9*1,5m\"}]},{\"@type\":\"WebSite\",\"@id\":\"https:\/\/horticom.ee\/e-pood\/#website\",\"url\":\"https:\/\/horticom.ee\/e-pood\/\",\"name\":\"Horticom.ee\",\"description\":\"Aianduskaubad ja kodukaubad nii harrastajatele kui professionaalidele\",\"potentialAction\":[{\"@type\":\"SearchAction\",\"target\":{\"@type\":\"EntryPoint\",\"urlTemplate\":\"https:\/\/horticom.ee\/e-pood\/?s={search_term_string}\"},\"query-input\":{\"@type\":\"PropertyValueSpecification\",\"valueRequired\":true,\"valueName\":\"search_term_string\"}}],\"inLanguage\":\"et\"}]}<\/script>\n<!-- \/ Yoast SEO plugin. -->","yoast_head_json":{"title":"Seemnelintide kmpl 3 9*1,5m \/SP\/ - Horticom.ee\/e-pood","description":"Seemnelintide komplekt 3: K\u00f6\u00f6givilja-\u00fcrdiaed teibil. Sisaldab 9 biolagunevat teipi: porgand, sibul, salat, redis jne. Lihtne k\u00fclv ja rikkalik saak.","robots":{"index":"index","follow":"follow","max-snippet":"max-snippet:-1","max-image-preview":"max-image-preview:large","max-video-preview":"max-video-preview:-1"},"canonical":"https:\/\/horticom.ee\/e-pood\/toode\/seemnelintide-kmpl-3-915m\/","og_locale":"et_EE","og_type":"article","og_title":"Seemnelintide kmpl 3 9*1,5m \/SP\/ - Horticom.ee\/e-pood","og_description":"Seemnelintide komplekt 3: K\u00f6\u00f6givilja-\u00fcrdiaed teibil. Sisaldab 9 biolagunevat teipi: porgand, sibul, salat, redis jne. Lihtne k\u00fclv ja rikkalik saak.","og_url":"https:\/\/horticom.ee\/e-pood\/toode\/seemnelintide-kmpl-3-915m\/","og_site_name":"Horticom.ee","article_publisher":"https:\/\/www.facebook.com\/horticom.ee\/e-pood","article_modified_time":"2026-05-04T00:03:41+00:00","og_image":[{"width":999,"height":1439,"url":"https:\/\/horticom.ee\/e-pood\/wp-content\/uploads\/importedmedia\/product-152850_0-VC5005.jpg","type":"image\/jpeg"}],"twitter_card":"summary_large_image","schema":{"@context":"https:\/\/schema.org","@graph":[{"@type":"WebPage","@id":"https:\/\/horticom.ee\/e-pood\/toode\/seemnelintide-kmpl-3-915m\/","url":"https:\/\/horticom.ee\/e-pood\/toode\/seemnelintide-kmpl-3-915m\/","name":"Seemnelintide kmpl 3 9*1,5m \/SP\/ - Horticom.ee\/e-pood","isPartOf":{"@id":"https:\/\/horticom.ee\/e-pood\/#website"},"primaryImageOfPage":{"@id":"https:\/\/horticom.ee\/e-pood\/toode\/seemnelintide-kmpl-3-915m\/#primaryimage"},"image":{"@id":"https:\/\/horticom.ee\/e-pood\/toode\/seemnelintide-kmpl-3-915m\/#primaryimage"},"thumbnailUrl":"https:\/\/horticom.ee\/e-pood\/wp-content\/uploads\/importedmedia\/product-152850_0-VC5005.jpg","datePublished":"2022-01-17T14:00:09+00:00","dateModified":"2026-05-04T00:03:41+00:00","description":"Seemnelintide komplekt 3: K\u00f6\u00f6givilja-\u00fcrdiaed teibil. Sisaldab 9 biolagunevat teipi: porgand, sibul, salat, redis jne. Lihtne k\u00fclv ja rikkalik saak.","breadcrumb":{"@id":"https:\/\/horticom.ee\/e-pood\/toode\/seemnelintide-kmpl-3-915m\/#breadcrumb"},"inLanguage":"et","potentialAction":[{"@type":"ReadAction","target":["https:\/\/horticom.ee\/e-pood\/toode\/seemnelintide-kmpl-3-915m\/"]}]},{"@type":"ImageObject","inLanguage":"et","@id":"https:\/\/horticom.ee\/e-pood\/toode\/seemnelintide-kmpl-3-915m\/#primaryimage","url":"https:\/\/horticom.ee\/e-pood\/wp-content\/uploads\/importedmedia\/product-152850_0-VC5005.jpg","contentUrl":"https:\/\/horticom.ee\/e-pood\/wp-content\/uploads\/importedmedia\/product-152850_0-VC5005.jpg","width":999,"height":1439,"caption":"Seemnelintide kmpl 3 9*1,5m \/SP\/"},{"@type":"BreadcrumbList","@id":"https:\/\/horticom.ee\/e-pood\/toode\/seemnelintide-kmpl-3-915m\/#breadcrumb","itemListElement":[{"@type":"ListItem","position":1,"name":"Home","item":"https:\/\/horticom.ee\/e-pood\/"},{"@type":"ListItem","position":2,"name":"Pood","item":"https:\/\/horticom.ee\/e-pood\/pood\/"},{"@type":"ListItem","position":3,"name":"Seemnelintide kmpl 3 9*1,5m"}]},{"@type":"WebSite","@id":"https:\/\/horticom.ee\/e-pood\/#website","url":"https:\/\/horticom.ee\/e-pood\/","name":"Horticom.ee","description":"Aianduskaubad ja kodukaubad nii harrastajatele kui professionaalidele","potentialAction":[{"@type":"SearchAction","target":{"@type":"EntryPoint","urlTemplate":"https:\/\/horticom.ee\/e-pood\/?s={search_term_string}"},"query-input":{"@type":"PropertyValueSpecification","valueRequired":true,"valueName":"search_term_string"}}],"inLanguage":"et"}]}},"_links":{"self":[{"href":"https:\/\/horticom.ee\/e-pood\/wp-json\/wp\/v2\/product\/152850","targetHints":{"allow":["GET"]}}],"collection":[{"href":"https:\/\/horticom.ee\/e-pood\/wp-json\/wp\/v2\/product"}],"about":[{"href":"https:\/\/horticom.ee\/e-pood\/wp-json\/wp\/v2\/types\/product"}],"replies":[{"embeddable":true,"href":"https:\/\/horticom.ee\/e-pood\/wp-json\/wp\/v2\/comments?post=152850"}],"wp:featuredmedia":[{"embeddable":true,"href":"https:\/\/horticom.ee\/e-pood\/wp-json\/wp\/v2\/media\/175125"}],"wp:attachment":[{"href":"https:\/\/horticom.ee\/e-pood\/wp-json\/wp\/v2\/media?parent=152850"}],"wp:term":[{"taxonomy":"product_cat","embeddable":true,"href":"https:\/\/horticom.ee\/e-pood\/wp-json\/wp\/v2\/product_cat?post=152850"},{"taxonomy":"product_tag","embeddable":true,"href":"https:\/\/horticom.ee\/e-pood\/wp-json\/wp\/v2\/product_tag?post=152850"}],"curies":[{"name":"wp","href":"https:\/\/api.w.org\/{rel}","templated":true}]}}