{"id":152880,"date":"2022-01-17T16:00:25","date_gmt":"2022-01-17T14:00:25","guid":{"rendered":"https:\/\/aednik24.ee\/toode\/geotekstiil-5-x-25m-125m2-tihedus-90g-m2\/"},"modified":"2026-04-24T03:05:20","modified_gmt":"2026-04-24T00:05:20","slug":"geotekstiil-5-x-25m-125m2-tihedus-90g-m2","status":"publish","type":"product","link":"https:\/\/horticom.ee\/e-pood\/toode\/geotekstiil-5-x-25m-125m2-tihedus-90g-m2\/","title":{"rendered":"Geotekstiil 5 x 25m 125m2 tihedus 90g\/m2"},"content":{"rendered":"<p>Filterkangas on pol\u00fcprop\u00fcleenkiududest valmistatud kiudkangas, mida kasutatakse nii haljastuses, kui teedeehitusel pinnase tugevdamiseks, k\u00fclmakaitseks ja umbrohu t\u00f5kestamiseks. Kangas on viltjas, vett l\u00e4bilaskev ja keemiliselt neutraalne ning vastupidav maapinnas esinevate hapete ning aluste suhtes. Eraldab erinevad mullakihid \u00fcksteisest, takistab nende segunemist, tugevdab struktuuri ja t\u00f5kestab k\u00fclmunud maapinnast tulenevaid kahjustusi. Erosiooniohu korral kaitseb filterkangas erodeeruva kihi alla asetatuna selle kihi kadumist voolava vee, n\u00e4iteks sademete m\u00f5jul, samuti tugevdab varisemisohtlikke piirkondi. Filterkangas laseb l\u00e4bi vett ja \u00f5hku, hoiab lahus maapinna- ja ehituskihid, filtreerib sademeid ning takistab mittevajaliku pinnasekihi sattumist ehituslikku kihti.<\/p>\n","protected":false},"excerpt":{"rendered":"<p>Filterkangas on pol\u00fcprop\u00fcleenkiududest valmistatud kiudkangas, mida kasutatakse nii haljastuses, kui teedeehitusel pinnase tugevdamiseks, k\u00fclmakaitseks ja umbrohu t\u00f5kestamiseks. Kangas on viltjas, vett l\u00e4bilaskev ja keemiliselt neutraalne ning vastupidav maapinnas esinevate hapete ning aluste suhtes. Eraldab erinevad mullakihid \u00fcksteisest, takistab nende segunemist, tugevdab struktuuri ja t\u00f5kestab k\u00fclmunud maapinnast tulenevaid kahjustusi. Erosiooniohu korral kaitseb filterkangas erodeeruva kihi alla [&hellip;]<\/p>\n","protected":false},"featured_media":175067,"comment_status":"closed","ping_status":"closed","template":"","meta":{"_themeisle_gutenberg_block_has_review":false},"product_cat":[13385,13637],"product_tag":[],"class_list":{"0":"post-152880","1":"product","2":"type-product","3":"status-publish","4":"has-post-thumbnail","6":"product_cat-geotekstiilid","7":"product_cat-geotekstiil-tootjale","9":"first","10":"instock","11":"shipping-taxable","12":"purchasable","13":"product-type-simple"},"yoast_head":"<!-- This site is optimized with the Yoast SEO plugin v24.0 - https:\/\/yoast.com\/wordpress\/plugins\/seo\/ -->\n<title>Geotekstiil 5 x 25m 125m2 tihedus 90g\/m2 - Horticom<\/title>\n<meta name=\"robots\" content=\"index, follow, max-snippet:-1, max-image-preview:large, max-video-preview:-1\" \/>\n<link rel=\"canonical\" href=\"https:\/\/horticom.ee\/e-pood\/toode\/geotekstiil-5-x-25m-125m2-tihedus-90g-m2\/\" \/>\n<meta property=\"og:locale\" content=\"et_EE\" \/>\n<meta property=\"og:type\" content=\"article\" \/>\n<meta property=\"og:title\" content=\"Geotekstiil 5 x 25m 125m2 tihedus 90g\/m2 - Horticom\" \/>\n<meta property=\"og:description\" content=\"Filterkangas on pol\u00fcprop\u00fcleenkiududest valmistatud kiudkangas, mida kasutatakse nii haljastuses, kui teedeehitusel pinnase tugevdamiseks, k\u00fclmakaitseks ja umbrohu t\u00f5kestamiseks. Kangas on viltjas, vett l\u00e4bilaskev ja keemiliselt neutraalne ning vastupidav maapinnas esinevate hapete ning aluste suhtes. Eraldab erinevad mullakihid \u00fcksteisest, takistab nende segunemist, tugevdab struktuuri ja t\u00f5kestab k\u00fclmunud maapinnast tulenevaid kahjustusi. Erosiooniohu korral kaitseb filterkangas erodeeruva kihi alla [&hellip;]\" \/>\n<meta property=\"og:url\" content=\"https:\/\/horticom.ee\/e-pood\/toode\/geotekstiil-5-x-25m-125m2-tihedus-90g-m2\/\" \/>\n<meta property=\"og:site_name\" content=\"Horticom.ee\" \/>\n<meta property=\"article:publisher\" content=\"https:\/\/www.facebook.com\/horticom.ee\/e-pood\" \/>\n<meta property=\"article:modified_time\" content=\"2026-04-24T00:05:20+00:00\" \/>\n<meta property=\"og:image\" content=\"https:\/\/horticom.ee\/e-pood\/wp-content\/uploads\/importedmedia\/product-152880_0-672268.jpg\" \/>\n\t<meta property=\"og:image:width\" content=\"1000\" \/>\n\t<meta property=\"og:image:height\" content=\"667\" \/>\n\t<meta property=\"og:image:type\" content=\"image\/jpeg\" \/>\n<meta name=\"twitter:card\" content=\"summary_large_image\" \/>\n<script type=\"application\/ld+json\" class=\"yoast-schema-graph\">{\"@context\":\"https:\/\/schema.org\",\"@graph\":[{\"@type\":\"WebPage\",\"@id\":\"https:\/\/horticom.ee\/e-pood\/toode\/geotekstiil-5-x-25m-125m2-tihedus-90g-m2\/\",\"url\":\"https:\/\/horticom.ee\/e-pood\/toode\/geotekstiil-5-x-25m-125m2-tihedus-90g-m2\/\",\"name\":\"Geotekstiil 5 x 25m 125m2 tihedus 90g\/m2 - Horticom\",\"isPartOf\":{\"@id\":\"https:\/\/horticom.ee\/e-pood\/#website\"},\"primaryImageOfPage\":{\"@id\":\"https:\/\/horticom.ee\/e-pood\/toode\/geotekstiil-5-x-25m-125m2-tihedus-90g-m2\/#primaryimage\"},\"image\":{\"@id\":\"https:\/\/horticom.ee\/e-pood\/toode\/geotekstiil-5-x-25m-125m2-tihedus-90g-m2\/#primaryimage\"},\"thumbnailUrl\":\"https:\/\/horticom.ee\/e-pood\/wp-content\/uploads\/importedmedia\/product-152880_0-672268.jpg\",\"datePublished\":\"2022-01-17T14:00:25+00:00\",\"dateModified\":\"2026-04-24T00:05:20+00:00\",\"breadcrumb\":{\"@id\":\"https:\/\/horticom.ee\/e-pood\/toode\/geotekstiil-5-x-25m-125m2-tihedus-90g-m2\/#breadcrumb\"},\"inLanguage\":\"et\",\"potentialAction\":[{\"@type\":\"ReadAction\",\"target\":[\"https:\/\/horticom.ee\/e-pood\/toode\/geotekstiil-5-x-25m-125m2-tihedus-90g-m2\/\"]}]},{\"@type\":\"ImageObject\",\"inLanguage\":\"et\",\"@id\":\"https:\/\/horticom.ee\/e-pood\/toode\/geotekstiil-5-x-25m-125m2-tihedus-90g-m2\/#primaryimage\",\"url\":\"https:\/\/horticom.ee\/e-pood\/wp-content\/uploads\/importedmedia\/product-152880_0-672268.jpg\",\"contentUrl\":\"https:\/\/horticom.ee\/e-pood\/wp-content\/uploads\/importedmedia\/product-152880_0-672268.jpg\",\"width\":1000,\"height\":667},{\"@type\":\"BreadcrumbList\",\"@id\":\"https:\/\/horticom.ee\/e-pood\/toode\/geotekstiil-5-x-25m-125m2-tihedus-90g-m2\/#breadcrumb\",\"itemListElement\":[{\"@type\":\"ListItem\",\"position\":1,\"name\":\"Home\",\"item\":\"https:\/\/horticom.ee\/e-pood\/\"},{\"@type\":\"ListItem\",\"position\":2,\"name\":\"Pood\",\"item\":\"https:\/\/horticom.ee\/e-pood\/pood\/\"},{\"@type\":\"ListItem\",\"position\":3,\"name\":\"Geotekstiil 5 x 25m 125m2 tihedus 90g\/m2\"}]},{\"@type\":\"WebSite\",\"@id\":\"https:\/\/horticom.ee\/e-pood\/#website\",\"url\":\"https:\/\/horticom.ee\/e-pood\/\",\"name\":\"Horticom.ee\",\"description\":\"Aianduskaubad ja kodukaubad nii harrastajatele kui professionaalidele\",\"potentialAction\":[{\"@type\":\"SearchAction\",\"target\":{\"@type\":\"EntryPoint\",\"urlTemplate\":\"https:\/\/horticom.ee\/e-pood\/?s={search_term_string}\"},\"query-input\":{\"@type\":\"PropertyValueSpecification\",\"valueRequired\":true,\"valueName\":\"search_term_string\"}}],\"inLanguage\":\"et\"}]}<\/script>\n<!-- \/ Yoast SEO plugin. -->","yoast_head_json":{"title":"Geotekstiil 5 x 25m 125m2 tihedus 90g\/m2 - Horticom","robots":{"index":"index","follow":"follow","max-snippet":"max-snippet:-1","max-image-preview":"max-image-preview:large","max-video-preview":"max-video-preview:-1"},"canonical":"https:\/\/horticom.ee\/e-pood\/toode\/geotekstiil-5-x-25m-125m2-tihedus-90g-m2\/","og_locale":"et_EE","og_type":"article","og_title":"Geotekstiil 5 x 25m 125m2 tihedus 90g\/m2 - Horticom","og_description":"Filterkangas on pol\u00fcprop\u00fcleenkiududest valmistatud kiudkangas, mida kasutatakse nii haljastuses, kui teedeehitusel pinnase tugevdamiseks, k\u00fclmakaitseks ja umbrohu t\u00f5kestamiseks. Kangas on viltjas, vett l\u00e4bilaskev ja keemiliselt neutraalne ning vastupidav maapinnas esinevate hapete ning aluste suhtes. Eraldab erinevad mullakihid \u00fcksteisest, takistab nende segunemist, tugevdab struktuuri ja t\u00f5kestab k\u00fclmunud maapinnast tulenevaid kahjustusi. Erosiooniohu korral kaitseb filterkangas erodeeruva kihi alla [&hellip;]","og_url":"https:\/\/horticom.ee\/e-pood\/toode\/geotekstiil-5-x-25m-125m2-tihedus-90g-m2\/","og_site_name":"Horticom.ee","article_publisher":"https:\/\/www.facebook.com\/horticom.ee\/e-pood","article_modified_time":"2026-04-24T00:05:20+00:00","og_image":[{"width":1000,"height":667,"url":"https:\/\/horticom.ee\/e-pood\/wp-content\/uploads\/importedmedia\/product-152880_0-672268.jpg","type":"image\/jpeg"}],"twitter_card":"summary_large_image","schema":{"@context":"https:\/\/schema.org","@graph":[{"@type":"WebPage","@id":"https:\/\/horticom.ee\/e-pood\/toode\/geotekstiil-5-x-25m-125m2-tihedus-90g-m2\/","url":"https:\/\/horticom.ee\/e-pood\/toode\/geotekstiil-5-x-25m-125m2-tihedus-90g-m2\/","name":"Geotekstiil 5 x 25m 125m2 tihedus 90g\/m2 - Horticom","isPartOf":{"@id":"https:\/\/horticom.ee\/e-pood\/#website"},"primaryImageOfPage":{"@id":"https:\/\/horticom.ee\/e-pood\/toode\/geotekstiil-5-x-25m-125m2-tihedus-90g-m2\/#primaryimage"},"image":{"@id":"https:\/\/horticom.ee\/e-pood\/toode\/geotekstiil-5-x-25m-125m2-tihedus-90g-m2\/#primaryimage"},"thumbnailUrl":"https:\/\/horticom.ee\/e-pood\/wp-content\/uploads\/importedmedia\/product-152880_0-672268.jpg","datePublished":"2022-01-17T14:00:25+00:00","dateModified":"2026-04-24T00:05:20+00:00","breadcrumb":{"@id":"https:\/\/horticom.ee\/e-pood\/toode\/geotekstiil-5-x-25m-125m2-tihedus-90g-m2\/#breadcrumb"},"inLanguage":"et","potentialAction":[{"@type":"ReadAction","target":["https:\/\/horticom.ee\/e-pood\/toode\/geotekstiil-5-x-25m-125m2-tihedus-90g-m2\/"]}]},{"@type":"ImageObject","inLanguage":"et","@id":"https:\/\/horticom.ee\/e-pood\/toode\/geotekstiil-5-x-25m-125m2-tihedus-90g-m2\/#primaryimage","url":"https:\/\/horticom.ee\/e-pood\/wp-content\/uploads\/importedmedia\/product-152880_0-672268.jpg","contentUrl":"https:\/\/horticom.ee\/e-pood\/wp-content\/uploads\/importedmedia\/product-152880_0-672268.jpg","width":1000,"height":667},{"@type":"BreadcrumbList","@id":"https:\/\/horticom.ee\/e-pood\/toode\/geotekstiil-5-x-25m-125m2-tihedus-90g-m2\/#breadcrumb","itemListElement":[{"@type":"ListItem","position":1,"name":"Home","item":"https:\/\/horticom.ee\/e-pood\/"},{"@type":"ListItem","position":2,"name":"Pood","item":"https:\/\/horticom.ee\/e-pood\/pood\/"},{"@type":"ListItem","position":3,"name":"Geotekstiil 5 x 25m 125m2 tihedus 90g\/m2"}]},{"@type":"WebSite","@id":"https:\/\/horticom.ee\/e-pood\/#website","url":"https:\/\/horticom.ee\/e-pood\/","name":"Horticom.ee","description":"Aianduskaubad ja kodukaubad nii harrastajatele kui professionaalidele","potentialAction":[{"@type":"SearchAction","target":{"@type":"EntryPoint","urlTemplate":"https:\/\/horticom.ee\/e-pood\/?s={search_term_string}"},"query-input":{"@type":"PropertyValueSpecification","valueRequired":true,"valueName":"search_term_string"}}],"inLanguage":"et"}]}},"_links":{"self":[{"href":"https:\/\/horticom.ee\/e-pood\/wp-json\/wp\/v2\/product\/152880","targetHints":{"allow":["GET"]}}],"collection":[{"href":"https:\/\/horticom.ee\/e-pood\/wp-json\/wp\/v2\/product"}],"about":[{"href":"https:\/\/horticom.ee\/e-pood\/wp-json\/wp\/v2\/types\/product"}],"replies":[{"embeddable":true,"href":"https:\/\/horticom.ee\/e-pood\/wp-json\/wp\/v2\/comments?post=152880"}],"wp:featuredmedia":[{"embeddable":true,"href":"https:\/\/horticom.ee\/e-pood\/wp-json\/wp\/v2\/media\/175067"}],"wp:attachment":[{"href":"https:\/\/horticom.ee\/e-pood\/wp-json\/wp\/v2\/media?parent=152880"}],"wp:term":[{"taxonomy":"product_cat","embeddable":true,"href":"https:\/\/horticom.ee\/e-pood\/wp-json\/wp\/v2\/product_cat?post=152880"},{"taxonomy":"product_tag","embeddable":true,"href":"https:\/\/horticom.ee\/e-pood\/wp-json\/wp\/v2\/product_tag?post=152880"}],"curies":[{"name":"wp","href":"https:\/\/api.w.org\/{rel}","templated":true}]}}