{"id":152887,"date":"2022-01-17T16:00:29","date_gmt":"2022-01-17T14:00:29","guid":{"rendered":"https:\/\/aednik24.ee\/toode\/muruseeme-talumuru-10kg\/"},"modified":"2026-04-08T03:05:00","modified_gmt":"2026-04-08T00:05:00","slug":"muruseeme-talumuru-10kg","status":"publish","type":"product","link":"https:\/\/horticom.ee\/e-pood\/toode\/muruseeme-talumuru-10kg\/","title":{"rendered":"Muruseeme Talumuru 10kg"},"content":{"rendered":"<p>Tallamist taluv, valget ristikut sisaldav kodu\u00f5uemuru. Ristiku kasulikkusest: kasvamiseks vajavad heintaimed p\u00f5hiliselt l\u00e4mmastikku. Kui taimede kasv l\u00e4mmastiku puudusest pidurdub, r\u00fcndavad kohe umbrohud, mist\u00f5ttu muru kolletub. Valge ristik toodab l\u00e4mmastikku, mis aitab heintaimedel kasvada, lisaboonusena hoiab ristik mulla niiske. P\u00f5uaperioodil s\u00e4ilib muru rohelisemana. Murusegu on talve- ja haiguskindel. Niita 3,5&#8230;5 cm k\u00f5rguselt. Sobib v\u00e4ga h\u00e4sti koduaedadesse. NB! Meelitab ligi mesilasi. Kululnorm: 10kg=500m\u00b2<\/p>\n","protected":false},"excerpt":{"rendered":"<p>Tallamist taluv, valget ristikut sisaldav kodu\u00f5uemuru. Ristiku kasulikkusest: kasvamiseks vajavad heintaimed p\u00f5hiliselt l\u00e4mmastikku. Kui taimede kasv l\u00e4mmastiku puudusest pidurdub, r\u00fcndavad kohe umbrohud, mist\u00f5ttu muru kolletub. Valge ristik toodab l\u00e4mmastikku, mis aitab heintaimedel kasvada, lisaboonusena hoiab ristik mulla niiske. P\u00f5uaperioodil s\u00e4ilib muru rohelisemana. Murusegu on talve- ja haiguskindel. Niita 3,5&#8230;5 cm k\u00f5rguselt. Sobib v\u00e4ga h\u00e4sti koduaedadesse. [&hellip;]<\/p>\n","protected":false},"featured_media":2379130,"comment_status":"closed","ping_status":"closed","template":"","meta":{"_themeisle_gutenberg_block_has_review":false},"product_cat":[13539,13651],"product_tag":[],"class_list":{"0":"post-152887","1":"product","2":"type-product","3":"status-publish","4":"has-post-thumbnail","6":"product_cat-koduaiamurud","7":"product_cat-muruseemned-haljastajale","9":"first","10":"instock","11":"shipping-taxable","12":"purchasable","13":"product-type-simple"},"yoast_head":"<!-- This site is optimized with the Yoast SEO plugin v24.0 - https:\/\/yoast.com\/wordpress\/plugins\/seo\/ -->\n<title>Muruseeme Talumuru 10kg - Horticom<\/title>\n<meta name=\"robots\" content=\"index, follow, max-snippet:-1, max-image-preview:large, max-video-preview:-1\" \/>\n<link rel=\"canonical\" href=\"https:\/\/horticom.ee\/e-pood\/toode\/muruseeme-talumuru-10kg\/\" \/>\n<meta property=\"og:locale\" content=\"et_EE\" \/>\n<meta property=\"og:type\" content=\"article\" \/>\n<meta property=\"og:title\" content=\"Muruseeme Talumuru 10kg - Horticom\" \/>\n<meta property=\"og:description\" content=\"Tallamist taluv, valget ristikut sisaldav kodu\u00f5uemuru. Ristiku kasulikkusest: kasvamiseks vajavad heintaimed p\u00f5hiliselt l\u00e4mmastikku. Kui taimede kasv l\u00e4mmastiku puudusest pidurdub, r\u00fcndavad kohe umbrohud, mist\u00f5ttu muru kolletub. Valge ristik toodab l\u00e4mmastikku, mis aitab heintaimedel kasvada, lisaboonusena hoiab ristik mulla niiske. P\u00f5uaperioodil s\u00e4ilib muru rohelisemana. Murusegu on talve- ja haiguskindel. Niita 3,5&#8230;5 cm k\u00f5rguselt. Sobib v\u00e4ga h\u00e4sti koduaedadesse. [&hellip;]\" \/>\n<meta property=\"og:url\" content=\"https:\/\/horticom.ee\/e-pood\/toode\/muruseeme-talumuru-10kg\/\" \/>\n<meta property=\"og:site_name\" content=\"Horticom.ee\" \/>\n<meta property=\"article:publisher\" content=\"https:\/\/www.facebook.com\/horticom.ee\/e-pood\" \/>\n<meta property=\"article:modified_time\" content=\"2026-04-08T00:05:00+00:00\" \/>\n<meta property=\"og:image\" content=\"https:\/\/horticom.ee\/e-pood\/wp-content\/uploads\/importedmedia\/product-152887_0-6115.jpg\" \/>\n\t<meta property=\"og:image:width\" content=\"1000\" \/>\n\t<meta property=\"og:image:height\" content=\"1333\" \/>\n\t<meta property=\"og:image:type\" content=\"image\/jpeg\" \/>\n<meta name=\"twitter:card\" content=\"summary_large_image\" \/>\n<meta name=\"twitter:label1\" content=\"Est. reading time\" \/>\n\t<meta name=\"twitter:data1\" content=\"1 minut\" \/>\n<script type=\"application\/ld+json\" class=\"yoast-schema-graph\">{\"@context\":\"https:\/\/schema.org\",\"@graph\":[{\"@type\":\"WebPage\",\"@id\":\"https:\/\/horticom.ee\/e-pood\/toode\/muruseeme-talumuru-10kg\/\",\"url\":\"https:\/\/horticom.ee\/e-pood\/toode\/muruseeme-talumuru-10kg\/\",\"name\":\"Muruseeme Talumuru 10kg - Horticom\",\"isPartOf\":{\"@id\":\"https:\/\/horticom.ee\/e-pood\/#website\"},\"primaryImageOfPage\":{\"@id\":\"https:\/\/horticom.ee\/e-pood\/toode\/muruseeme-talumuru-10kg\/#primaryimage\"},\"image\":{\"@id\":\"https:\/\/horticom.ee\/e-pood\/toode\/muruseeme-talumuru-10kg\/#primaryimage\"},\"thumbnailUrl\":\"https:\/\/horticom.ee\/e-pood\/wp-content\/uploads\/importedmedia\/product-152887_0-6115.jpg\",\"datePublished\":\"2022-01-17T14:00:29+00:00\",\"dateModified\":\"2026-04-08T00:05:00+00:00\",\"breadcrumb\":{\"@id\":\"https:\/\/horticom.ee\/e-pood\/toode\/muruseeme-talumuru-10kg\/#breadcrumb\"},\"inLanguage\":\"et\",\"potentialAction\":[{\"@type\":\"ReadAction\",\"target\":[\"https:\/\/horticom.ee\/e-pood\/toode\/muruseeme-talumuru-10kg\/\"]}]},{\"@type\":\"ImageObject\",\"inLanguage\":\"et\",\"@id\":\"https:\/\/horticom.ee\/e-pood\/toode\/muruseeme-talumuru-10kg\/#primaryimage\",\"url\":\"https:\/\/horticom.ee\/e-pood\/wp-content\/uploads\/importedmedia\/product-152887_0-6115.jpg\",\"contentUrl\":\"https:\/\/horticom.ee\/e-pood\/wp-content\/uploads\/importedmedia\/product-152887_0-6115.jpg\",\"width\":1000,\"height\":1333},{\"@type\":\"BreadcrumbList\",\"@id\":\"https:\/\/horticom.ee\/e-pood\/toode\/muruseeme-talumuru-10kg\/#breadcrumb\",\"itemListElement\":[{\"@type\":\"ListItem\",\"position\":1,\"name\":\"Home\",\"item\":\"https:\/\/horticom.ee\/e-pood\/\"},{\"@type\":\"ListItem\",\"position\":2,\"name\":\"Pood\",\"item\":\"https:\/\/horticom.ee\/e-pood\/pood\/\"},{\"@type\":\"ListItem\",\"position\":3,\"name\":\"Muruseeme Talumuru 10kg\"}]},{\"@type\":\"WebSite\",\"@id\":\"https:\/\/horticom.ee\/e-pood\/#website\",\"url\":\"https:\/\/horticom.ee\/e-pood\/\",\"name\":\"Horticom.ee\",\"description\":\"Aianduskaubad ja kodukaubad nii harrastajatele kui professionaalidele\",\"potentialAction\":[{\"@type\":\"SearchAction\",\"target\":{\"@type\":\"EntryPoint\",\"urlTemplate\":\"https:\/\/horticom.ee\/e-pood\/?s={search_term_string}\"},\"query-input\":{\"@type\":\"PropertyValueSpecification\",\"valueRequired\":true,\"valueName\":\"search_term_string\"}}],\"inLanguage\":\"et\"}]}<\/script>\n<!-- \/ Yoast SEO plugin. -->","yoast_head_json":{"title":"Muruseeme Talumuru 10kg - Horticom","robots":{"index":"index","follow":"follow","max-snippet":"max-snippet:-1","max-image-preview":"max-image-preview:large","max-video-preview":"max-video-preview:-1"},"canonical":"https:\/\/horticom.ee\/e-pood\/toode\/muruseeme-talumuru-10kg\/","og_locale":"et_EE","og_type":"article","og_title":"Muruseeme Talumuru 10kg - Horticom","og_description":"Tallamist taluv, valget ristikut sisaldav kodu\u00f5uemuru. Ristiku kasulikkusest: kasvamiseks vajavad heintaimed p\u00f5hiliselt l\u00e4mmastikku. Kui taimede kasv l\u00e4mmastiku puudusest pidurdub, r\u00fcndavad kohe umbrohud, mist\u00f5ttu muru kolletub. Valge ristik toodab l\u00e4mmastikku, mis aitab heintaimedel kasvada, lisaboonusena hoiab ristik mulla niiske. P\u00f5uaperioodil s\u00e4ilib muru rohelisemana. Murusegu on talve- ja haiguskindel. Niita 3,5&#8230;5 cm k\u00f5rguselt. Sobib v\u00e4ga h\u00e4sti koduaedadesse. [&hellip;]","og_url":"https:\/\/horticom.ee\/e-pood\/toode\/muruseeme-talumuru-10kg\/","og_site_name":"Horticom.ee","article_publisher":"https:\/\/www.facebook.com\/horticom.ee\/e-pood","article_modified_time":"2026-04-08T00:05:00+00:00","og_image":[{"width":1000,"height":1333,"url":"https:\/\/horticom.ee\/e-pood\/wp-content\/uploads\/importedmedia\/product-152887_0-6115.jpg","type":"image\/jpeg"}],"twitter_card":"summary_large_image","twitter_misc":{"Est. reading time":"1 minut"},"schema":{"@context":"https:\/\/schema.org","@graph":[{"@type":"WebPage","@id":"https:\/\/horticom.ee\/e-pood\/toode\/muruseeme-talumuru-10kg\/","url":"https:\/\/horticom.ee\/e-pood\/toode\/muruseeme-talumuru-10kg\/","name":"Muruseeme Talumuru 10kg - Horticom","isPartOf":{"@id":"https:\/\/horticom.ee\/e-pood\/#website"},"primaryImageOfPage":{"@id":"https:\/\/horticom.ee\/e-pood\/toode\/muruseeme-talumuru-10kg\/#primaryimage"},"image":{"@id":"https:\/\/horticom.ee\/e-pood\/toode\/muruseeme-talumuru-10kg\/#primaryimage"},"thumbnailUrl":"https:\/\/horticom.ee\/e-pood\/wp-content\/uploads\/importedmedia\/product-152887_0-6115.jpg","datePublished":"2022-01-17T14:00:29+00:00","dateModified":"2026-04-08T00:05:00+00:00","breadcrumb":{"@id":"https:\/\/horticom.ee\/e-pood\/toode\/muruseeme-talumuru-10kg\/#breadcrumb"},"inLanguage":"et","potentialAction":[{"@type":"ReadAction","target":["https:\/\/horticom.ee\/e-pood\/toode\/muruseeme-talumuru-10kg\/"]}]},{"@type":"ImageObject","inLanguage":"et","@id":"https:\/\/horticom.ee\/e-pood\/toode\/muruseeme-talumuru-10kg\/#primaryimage","url":"https:\/\/horticom.ee\/e-pood\/wp-content\/uploads\/importedmedia\/product-152887_0-6115.jpg","contentUrl":"https:\/\/horticom.ee\/e-pood\/wp-content\/uploads\/importedmedia\/product-152887_0-6115.jpg","width":1000,"height":1333},{"@type":"BreadcrumbList","@id":"https:\/\/horticom.ee\/e-pood\/toode\/muruseeme-talumuru-10kg\/#breadcrumb","itemListElement":[{"@type":"ListItem","position":1,"name":"Home","item":"https:\/\/horticom.ee\/e-pood\/"},{"@type":"ListItem","position":2,"name":"Pood","item":"https:\/\/horticom.ee\/e-pood\/pood\/"},{"@type":"ListItem","position":3,"name":"Muruseeme Talumuru 10kg"}]},{"@type":"WebSite","@id":"https:\/\/horticom.ee\/e-pood\/#website","url":"https:\/\/horticom.ee\/e-pood\/","name":"Horticom.ee","description":"Aianduskaubad ja kodukaubad nii harrastajatele kui professionaalidele","potentialAction":[{"@type":"SearchAction","target":{"@type":"EntryPoint","urlTemplate":"https:\/\/horticom.ee\/e-pood\/?s={search_term_string}"},"query-input":{"@type":"PropertyValueSpecification","valueRequired":true,"valueName":"search_term_string"}}],"inLanguage":"et"}]}},"_links":{"self":[{"href":"https:\/\/horticom.ee\/e-pood\/wp-json\/wp\/v2\/product\/152887","targetHints":{"allow":["GET"]}}],"collection":[{"href":"https:\/\/horticom.ee\/e-pood\/wp-json\/wp\/v2\/product"}],"about":[{"href":"https:\/\/horticom.ee\/e-pood\/wp-json\/wp\/v2\/types\/product"}],"replies":[{"embeddable":true,"href":"https:\/\/horticom.ee\/e-pood\/wp-json\/wp\/v2\/comments?post=152887"}],"wp:featuredmedia":[{"embeddable":true,"href":"https:\/\/horticom.ee\/e-pood\/wp-json\/wp\/v2\/media\/2379130"}],"wp:attachment":[{"href":"https:\/\/horticom.ee\/e-pood\/wp-json\/wp\/v2\/media?parent=152887"}],"wp:term":[{"taxonomy":"product_cat","embeddable":true,"href":"https:\/\/horticom.ee\/e-pood\/wp-json\/wp\/v2\/product_cat?post=152887"},{"taxonomy":"product_tag","embeddable":true,"href":"https:\/\/horticom.ee\/e-pood\/wp-json\/wp\/v2\/product_tag?post=152887"}],"curies":[{"name":"wp","href":"https:\/\/api.w.org\/{rel}","templated":true}]}}