{"id":152915,"date":"2022-01-17T16:00:44","date_gmt":"2022-01-17T14:00:44","guid":{"rendered":"https:\/\/aednik24.ee\/toode\/basseinikile-pvc-05mm-3-x-4m\/"},"modified":"2025-07-03T11:07:19","modified_gmt":"2025-07-03T08:07:19","slug":"basseinikile-pvc-05mm-3-x-4m","status":"publish","type":"product","link":"https:\/\/horticom.ee\/e-pood\/toode\/basseinikile-pvc-05mm-3-x-4m\/","title":{"rendered":"Basseinikile PVC 0,5mm 3x4m = 12m2"},"content":{"rendered":"<p>K\u00f5rgekvaliteetne, UV-kindel ja \u00fclimalt vastupidav PVC tiigivooderdus \/ basseinikile.<br \/>\nMaterjal on musta v\u00e4rvi ning paksusega 0,5 mm. Kalas\u00f5bralik.<br \/>\nSoovitatav kasutada veekogudes s\u00fcgavusega kuni 50cm.<br \/>\nTootjapoolne garantii 10 aastat ja kui kasutada koos aluskattega siis garantii 20 aastat.<\/p>\n","protected":false},"excerpt":{"rendered":"<p>K\u00f5rgekvaliteetne, UV-kindel ja \u00fclimalt vastupidav PVC tiigivooderdus \/ basseinikile. Materjal on musta v\u00e4rvi ning paksusega 0,5 mm. Kalas\u00f5bralik. Soovitatav kasutada veekogudes s\u00fcgavusega kuni 50cm. Tootjapoolne garantii 10 aastat ja kui kasutada koos aluskattega siis garantii 20 aastat.<\/p>\n","protected":false},"featured_media":2377764,"comment_status":"closed","ping_status":"closed","template":"","meta":{"_themeisle_gutenberg_block_has_review":false},"product_cat":[13398],"product_tag":[],"class_list":{"0":"post-152915","1":"product","2":"type-product","3":"status-publish","4":"has-post-thumbnail","6":"product_cat-basseinikiled","8":"first","9":"outofstock","10":"shipping-taxable","11":"purchasable","12":"product-type-simple"},"yoast_head":"<!-- This site is optimized with the Yoast SEO plugin v24.0 - https:\/\/yoast.com\/wordpress\/plugins\/seo\/ -->\n<title>Basseinikile PVC 0,5mm 3x4m = 12m2 - Horticom<\/title>\n<meta name=\"robots\" content=\"index, follow, max-snippet:-1, max-image-preview:large, max-video-preview:-1\" \/>\n<link rel=\"canonical\" href=\"https:\/\/horticom.ee\/e-pood\/toode\/basseinikile-pvc-05mm-3-x-4m\/\" \/>\n<meta property=\"og:locale\" content=\"et_EE\" \/>\n<meta property=\"og:type\" content=\"article\" \/>\n<meta property=\"og:title\" content=\"Basseinikile PVC 0,5mm 3x4m = 12m2 - Horticom\" \/>\n<meta property=\"og:description\" content=\"K\u00f5rgekvaliteetne, UV-kindel ja \u00fclimalt vastupidav PVC tiigivooderdus \/ basseinikile. Materjal on musta v\u00e4rvi ning paksusega 0,5 mm. Kalas\u00f5bralik. Soovitatav kasutada veekogudes s\u00fcgavusega kuni 50cm. Tootjapoolne garantii 10 aastat ja kui kasutada koos aluskattega siis garantii 20 aastat.\" \/>\n<meta property=\"og:url\" content=\"https:\/\/horticom.ee\/e-pood\/toode\/basseinikile-pvc-05mm-3-x-4m\/\" \/>\n<meta property=\"og:site_name\" content=\"Horticom.ee\" \/>\n<meta property=\"article:publisher\" content=\"https:\/\/www.facebook.com\/horticom.ee\/e-pood\" \/>\n<meta property=\"article:modified_time\" content=\"2025-07-03T08:07:19+00:00\" \/>\n<meta property=\"og:image\" content=\"https:\/\/horticom.ee\/e-pood\/wp-content\/uploads\/importedmedia\/product-152915_0-8500172.jpg\" \/>\n\t<meta property=\"og:image:width\" content=\"999\" \/>\n\t<meta property=\"og:image:height\" content=\"1386\" \/>\n\t<meta property=\"og:image:type\" content=\"image\/jpeg\" \/>\n<meta name=\"twitter:card\" content=\"summary_large_image\" \/>\n<script type=\"application\/ld+json\" class=\"yoast-schema-graph\">{\"@context\":\"https:\/\/schema.org\",\"@graph\":[{\"@type\":\"WebPage\",\"@id\":\"https:\/\/horticom.ee\/e-pood\/toode\/basseinikile-pvc-05mm-3-x-4m\/\",\"url\":\"https:\/\/horticom.ee\/e-pood\/toode\/basseinikile-pvc-05mm-3-x-4m\/\",\"name\":\"Basseinikile PVC 0,5mm 3x4m = 12m2 - Horticom\",\"isPartOf\":{\"@id\":\"https:\/\/horticom.ee\/e-pood\/#website\"},\"primaryImageOfPage\":{\"@id\":\"https:\/\/horticom.ee\/e-pood\/toode\/basseinikile-pvc-05mm-3-x-4m\/#primaryimage\"},\"image\":{\"@id\":\"https:\/\/horticom.ee\/e-pood\/toode\/basseinikile-pvc-05mm-3-x-4m\/#primaryimage\"},\"thumbnailUrl\":\"https:\/\/horticom.ee\/e-pood\/wp-content\/uploads\/importedmedia\/product-152915_0-8500172.jpg\",\"datePublished\":\"2022-01-17T14:00:44+00:00\",\"dateModified\":\"2025-07-03T08:07:19+00:00\",\"breadcrumb\":{\"@id\":\"https:\/\/horticom.ee\/e-pood\/toode\/basseinikile-pvc-05mm-3-x-4m\/#breadcrumb\"},\"inLanguage\":\"et\",\"potentialAction\":[{\"@type\":\"ReadAction\",\"target\":[\"https:\/\/horticom.ee\/e-pood\/toode\/basseinikile-pvc-05mm-3-x-4m\/\"]}]},{\"@type\":\"ImageObject\",\"inLanguage\":\"et\",\"@id\":\"https:\/\/horticom.ee\/e-pood\/toode\/basseinikile-pvc-05mm-3-x-4m\/#primaryimage\",\"url\":\"https:\/\/horticom.ee\/e-pood\/wp-content\/uploads\/importedmedia\/product-152915_0-8500172.jpg\",\"contentUrl\":\"https:\/\/horticom.ee\/e-pood\/wp-content\/uploads\/importedmedia\/product-152915_0-8500172.jpg\",\"width\":999,\"height\":1386},{\"@type\":\"BreadcrumbList\",\"@id\":\"https:\/\/horticom.ee\/e-pood\/toode\/basseinikile-pvc-05mm-3-x-4m\/#breadcrumb\",\"itemListElement\":[{\"@type\":\"ListItem\",\"position\":1,\"name\":\"Home\",\"item\":\"https:\/\/horticom.ee\/e-pood\/\"},{\"@type\":\"ListItem\",\"position\":2,\"name\":\"Pood\",\"item\":\"https:\/\/horticom.ee\/e-pood\/pood\/\"},{\"@type\":\"ListItem\",\"position\":3,\"name\":\"Basseinikile PVC 0,5mm 3x4m = 12m2\"}]},{\"@type\":\"WebSite\",\"@id\":\"https:\/\/horticom.ee\/e-pood\/#website\",\"url\":\"https:\/\/horticom.ee\/e-pood\/\",\"name\":\"Horticom.ee\",\"description\":\"Aianduskaubad ja kodukaubad nii harrastajatele kui professionaalidele\",\"potentialAction\":[{\"@type\":\"SearchAction\",\"target\":{\"@type\":\"EntryPoint\",\"urlTemplate\":\"https:\/\/horticom.ee\/e-pood\/?s={search_term_string}\"},\"query-input\":{\"@type\":\"PropertyValueSpecification\",\"valueRequired\":true,\"valueName\":\"search_term_string\"}}],\"inLanguage\":\"et\"}]}<\/script>\n<!-- \/ Yoast SEO plugin. -->","yoast_head_json":{"title":"Basseinikile PVC 0,5mm 3x4m = 12m2 - Horticom","robots":{"index":"index","follow":"follow","max-snippet":"max-snippet:-1","max-image-preview":"max-image-preview:large","max-video-preview":"max-video-preview:-1"},"canonical":"https:\/\/horticom.ee\/e-pood\/toode\/basseinikile-pvc-05mm-3-x-4m\/","og_locale":"et_EE","og_type":"article","og_title":"Basseinikile PVC 0,5mm 3x4m = 12m2 - Horticom","og_description":"K\u00f5rgekvaliteetne, UV-kindel ja \u00fclimalt vastupidav PVC tiigivooderdus \/ basseinikile. Materjal on musta v\u00e4rvi ning paksusega 0,5 mm. Kalas\u00f5bralik. Soovitatav kasutada veekogudes s\u00fcgavusega kuni 50cm. Tootjapoolne garantii 10 aastat ja kui kasutada koos aluskattega siis garantii 20 aastat.","og_url":"https:\/\/horticom.ee\/e-pood\/toode\/basseinikile-pvc-05mm-3-x-4m\/","og_site_name":"Horticom.ee","article_publisher":"https:\/\/www.facebook.com\/horticom.ee\/e-pood","article_modified_time":"2025-07-03T08:07:19+00:00","og_image":[{"width":999,"height":1386,"url":"https:\/\/horticom.ee\/e-pood\/wp-content\/uploads\/importedmedia\/product-152915_0-8500172.jpg","type":"image\/jpeg"}],"twitter_card":"summary_large_image","schema":{"@context":"https:\/\/schema.org","@graph":[{"@type":"WebPage","@id":"https:\/\/horticom.ee\/e-pood\/toode\/basseinikile-pvc-05mm-3-x-4m\/","url":"https:\/\/horticom.ee\/e-pood\/toode\/basseinikile-pvc-05mm-3-x-4m\/","name":"Basseinikile PVC 0,5mm 3x4m = 12m2 - Horticom","isPartOf":{"@id":"https:\/\/horticom.ee\/e-pood\/#website"},"primaryImageOfPage":{"@id":"https:\/\/horticom.ee\/e-pood\/toode\/basseinikile-pvc-05mm-3-x-4m\/#primaryimage"},"image":{"@id":"https:\/\/horticom.ee\/e-pood\/toode\/basseinikile-pvc-05mm-3-x-4m\/#primaryimage"},"thumbnailUrl":"https:\/\/horticom.ee\/e-pood\/wp-content\/uploads\/importedmedia\/product-152915_0-8500172.jpg","datePublished":"2022-01-17T14:00:44+00:00","dateModified":"2025-07-03T08:07:19+00:00","breadcrumb":{"@id":"https:\/\/horticom.ee\/e-pood\/toode\/basseinikile-pvc-05mm-3-x-4m\/#breadcrumb"},"inLanguage":"et","potentialAction":[{"@type":"ReadAction","target":["https:\/\/horticom.ee\/e-pood\/toode\/basseinikile-pvc-05mm-3-x-4m\/"]}]},{"@type":"ImageObject","inLanguage":"et","@id":"https:\/\/horticom.ee\/e-pood\/toode\/basseinikile-pvc-05mm-3-x-4m\/#primaryimage","url":"https:\/\/horticom.ee\/e-pood\/wp-content\/uploads\/importedmedia\/product-152915_0-8500172.jpg","contentUrl":"https:\/\/horticom.ee\/e-pood\/wp-content\/uploads\/importedmedia\/product-152915_0-8500172.jpg","width":999,"height":1386},{"@type":"BreadcrumbList","@id":"https:\/\/horticom.ee\/e-pood\/toode\/basseinikile-pvc-05mm-3-x-4m\/#breadcrumb","itemListElement":[{"@type":"ListItem","position":1,"name":"Home","item":"https:\/\/horticom.ee\/e-pood\/"},{"@type":"ListItem","position":2,"name":"Pood","item":"https:\/\/horticom.ee\/e-pood\/pood\/"},{"@type":"ListItem","position":3,"name":"Basseinikile PVC 0,5mm 3x4m = 12m2"}]},{"@type":"WebSite","@id":"https:\/\/horticom.ee\/e-pood\/#website","url":"https:\/\/horticom.ee\/e-pood\/","name":"Horticom.ee","description":"Aianduskaubad ja kodukaubad nii harrastajatele kui professionaalidele","potentialAction":[{"@type":"SearchAction","target":{"@type":"EntryPoint","urlTemplate":"https:\/\/horticom.ee\/e-pood\/?s={search_term_string}"},"query-input":{"@type":"PropertyValueSpecification","valueRequired":true,"valueName":"search_term_string"}}],"inLanguage":"et"}]}},"_links":{"self":[{"href":"https:\/\/horticom.ee\/e-pood\/wp-json\/wp\/v2\/product\/152915","targetHints":{"allow":["GET"]}}],"collection":[{"href":"https:\/\/horticom.ee\/e-pood\/wp-json\/wp\/v2\/product"}],"about":[{"href":"https:\/\/horticom.ee\/e-pood\/wp-json\/wp\/v2\/types\/product"}],"replies":[{"embeddable":true,"href":"https:\/\/horticom.ee\/e-pood\/wp-json\/wp\/v2\/comments?post=152915"}],"wp:featuredmedia":[{"embeddable":true,"href":"https:\/\/horticom.ee\/e-pood\/wp-json\/wp\/v2\/media\/2377764"}],"wp:attachment":[{"href":"https:\/\/horticom.ee\/e-pood\/wp-json\/wp\/v2\/media?parent=152915"}],"wp:term":[{"taxonomy":"product_cat","embeddable":true,"href":"https:\/\/horticom.ee\/e-pood\/wp-json\/wp\/v2\/product_cat?post=152915"},{"taxonomy":"product_tag","embeddable":true,"href":"https:\/\/horticom.ee\/e-pood\/wp-json\/wp\/v2\/product_tag?post=152915"}],"curies":[{"name":"wp","href":"https:\/\/api.w.org\/{rel}","templated":true}]}}