{"id":152927,"date":"2022-01-17T16:00:51","date_gmt":"2022-01-17T14:00:51","guid":{"rendered":"https:\/\/aednik24.ee\/toode\/madalad-kummikud-naistele-active-way-sp\/"},"modified":"2026-05-13T03:10:23","modified_gmt":"2026-05-13T00:10:23","slug":"madalad-kummikud-naistele-active-way-sp","status":"publish","type":"product","link":"https:\/\/horticom.ee\/e-pood\/toode\/madalad-kummikud-naistele-active-way-sp\/","title":{"rendered":"Madalad kummikud naistele Active Way"},"content":{"rendered":"<p>Madalad kummikud naistele Active Way. Active sari &#8211; Naturaalsest kaut\u0161ukist vastupidavate jalan\u00f5ude v\u00e4listald on hea painduvusega ja libisemiskindel. Jala soojusega vormuv sisetald tagab mugavuse igal sammul. Puuvillane vooder on hingav ja mugav jalale. NB! Active sarja mudel on kitsama liistuga.<\/p>\n","protected":false},"excerpt":{"rendered":"<p>Madalad kummikud naistele Active Way. Active sari &#8211; Naturaalsest kaut\u0161ukist vastupidavate jalan\u00f5ude v\u00e4listald on hea painduvusega ja libisemiskindel. Jala soojusega vormuv sisetald tagab mugavuse igal sammul. Puuvillane vooder on hingav ja mugav jalale. NB! Active sarja mudel on kitsama liistuga.<\/p>\n","protected":false},"featured_media":2038298,"comment_status":"closed","ping_status":"closed","template":"","meta":{"_themeisle_gutenberg_block_has_review":false},"product_cat":[18563,13418],"product_tag":[],"class_list":{"0":"post-152927","1":"product","2":"type-product","3":"status-publish","4":"has-post-thumbnail","6":"product_cat-lopumuugitooted","7":"product_cat-jalanoud","9":"first","10":"outofstock","11":"sale","12":"shipping-taxable","13":"purchasable","14":"product-type-variable"},"yoast_head":"<!-- This site is optimized with the Yoast SEO plugin v24.0 - https:\/\/yoast.com\/wordpress\/plugins\/seo\/ -->\n<title>Madalad kummikud naistele Active Way S 41 sinine<\/title>\n<meta name=\"description\" content=\"Active sarja kummikud on naturaalsest kaut\u0161ukist, painduvad ja libisemiskindlad jalan\u00f5ud. Puuvillane vooder hingab ja sisetald vormub jala soojusega.\" \/>\n<meta name=\"robots\" content=\"index, follow, max-snippet:-1, max-image-preview:large, max-video-preview:-1\" \/>\n<link rel=\"canonical\" href=\"https:\/\/horticom.ee\/e-pood\/toode\/madalad-kummikud-naistele-active-way-sp\/\" \/>\n<meta property=\"og:locale\" content=\"et_EE\" \/>\n<meta property=\"og:type\" content=\"article\" \/>\n<meta property=\"og:title\" content=\"Madalad kummikud naistele Active Way S 41 sinine\" \/>\n<meta property=\"og:description\" content=\"Active sarja kummikud on naturaalsest kaut\u0161ukist, painduvad ja libisemiskindlad jalan\u00f5ud. Puuvillane vooder hingab ja sisetald vormub jala soojusega.\" \/>\n<meta property=\"og:url\" content=\"https:\/\/horticom.ee\/e-pood\/toode\/madalad-kummikud-naistele-active-way-sp\/\" \/>\n<meta property=\"og:site_name\" content=\"Horticom.ee\" \/>\n<meta property=\"article:publisher\" content=\"https:\/\/www.facebook.com\/horticom.ee\/e-pood\" \/>\n<meta property=\"article:modified_time\" content=\"2026-05-13T00:10:23+00:00\" \/>\n<meta property=\"og:image\" content=\"https:\/\/horticom.ee\/e-pood\/wp-content\/uploads\/2022\/01\/203RCMKACTIVEWAY-2-scaled.jpg\" \/>\n\t<meta property=\"og:image:width\" content=\"2560\" \/>\n\t<meta property=\"og:image:height\" content=\"1744\" \/>\n\t<meta property=\"og:image:type\" content=\"image\/jpeg\" \/>\n<meta name=\"twitter:card\" content=\"summary_large_image\" \/>\n<meta name=\"twitter:label1\" content=\"Est. reading time\" \/>\n\t<meta name=\"twitter:data1\" content=\"1 minut\" \/>\n<script type=\"application\/ld+json\" class=\"yoast-schema-graph\">{\"@context\":\"https:\/\/schema.org\",\"@graph\":[{\"@type\":\"WebPage\",\"@id\":\"https:\/\/horticom.ee\/e-pood\/toode\/madalad-kummikud-naistele-active-way-sp\/\",\"url\":\"https:\/\/horticom.ee\/e-pood\/toode\/madalad-kummikud-naistele-active-way-sp\/\",\"name\":\"Madalad kummikud naistele Active Way S 41 sinine\",\"isPartOf\":{\"@id\":\"https:\/\/horticom.ee\/e-pood\/#website\"},\"primaryImageOfPage\":{\"@id\":\"https:\/\/horticom.ee\/e-pood\/toode\/madalad-kummikud-naistele-active-way-sp\/#primaryimage\"},\"image\":{\"@id\":\"https:\/\/horticom.ee\/e-pood\/toode\/madalad-kummikud-naistele-active-way-sp\/#primaryimage\"},\"thumbnailUrl\":\"https:\/\/horticom.ee\/e-pood\/wp-content\/uploads\/2022\/01\/203RCMKACTIVEWAY-2-scaled.jpg\",\"datePublished\":\"2022-01-17T14:00:51+00:00\",\"dateModified\":\"2026-05-13T00:10:23+00:00\",\"description\":\"Active sarja kummikud on naturaalsest kaut\u0161ukist, painduvad ja libisemiskindlad jalan\u00f5ud. Puuvillane vooder hingab ja sisetald vormub jala soojusega.\",\"breadcrumb\":{\"@id\":\"https:\/\/horticom.ee\/e-pood\/toode\/madalad-kummikud-naistele-active-way-sp\/#breadcrumb\"},\"inLanguage\":\"et\",\"potentialAction\":[{\"@type\":\"ReadAction\",\"target\":[\"https:\/\/horticom.ee\/e-pood\/toode\/madalad-kummikud-naistele-active-way-sp\/\"]}]},{\"@type\":\"ImageObject\",\"inLanguage\":\"et\",\"@id\":\"https:\/\/horticom.ee\/e-pood\/toode\/madalad-kummikud-naistele-active-way-sp\/#primaryimage\",\"url\":\"https:\/\/horticom.ee\/e-pood\/wp-content\/uploads\/2022\/01\/203RCMKACTIVEWAY-2-scaled.jpg\",\"contentUrl\":\"https:\/\/horticom.ee\/e-pood\/wp-content\/uploads\/2022\/01\/203RCMKACTIVEWAY-2-scaled.jpg\",\"width\":2560,\"height\":1744,\"caption\":\"Madalad kummikud naistele Active Way S 41 sinine\"},{\"@type\":\"BreadcrumbList\",\"@id\":\"https:\/\/horticom.ee\/e-pood\/toode\/madalad-kummikud-naistele-active-way-sp\/#breadcrumb\",\"itemListElement\":[{\"@type\":\"ListItem\",\"position\":1,\"name\":\"Home\",\"item\":\"https:\/\/horticom.ee\/e-pood\/\"},{\"@type\":\"ListItem\",\"position\":2,\"name\":\"Pood\",\"item\":\"https:\/\/horticom.ee\/e-pood\/pood\/\"},{\"@type\":\"ListItem\",\"position\":3,\"name\":\"Madalad kummikud naistele Active Way\"}]},{\"@type\":\"WebSite\",\"@id\":\"https:\/\/horticom.ee\/e-pood\/#website\",\"url\":\"https:\/\/horticom.ee\/e-pood\/\",\"name\":\"Horticom.ee\",\"description\":\"Aianduskaubad ja kodukaubad nii harrastajatele kui professionaalidele\",\"potentialAction\":[{\"@type\":\"SearchAction\",\"target\":{\"@type\":\"EntryPoint\",\"urlTemplate\":\"https:\/\/horticom.ee\/e-pood\/?s={search_term_string}\"},\"query-input\":{\"@type\":\"PropertyValueSpecification\",\"valueRequired\":true,\"valueName\":\"search_term_string\"}}],\"inLanguage\":\"et\"}]}<\/script>\n<!-- \/ Yoast SEO plugin. -->","yoast_head_json":{"title":"Madalad kummikud naistele Active Way S 41 sinine","description":"Active sarja kummikud on naturaalsest kaut\u0161ukist, painduvad ja libisemiskindlad jalan\u00f5ud. Puuvillane vooder hingab ja sisetald vormub jala soojusega.","robots":{"index":"index","follow":"follow","max-snippet":"max-snippet:-1","max-image-preview":"max-image-preview:large","max-video-preview":"max-video-preview:-1"},"canonical":"https:\/\/horticom.ee\/e-pood\/toode\/madalad-kummikud-naistele-active-way-sp\/","og_locale":"et_EE","og_type":"article","og_title":"Madalad kummikud naistele Active Way S 41 sinine","og_description":"Active sarja kummikud on naturaalsest kaut\u0161ukist, painduvad ja libisemiskindlad jalan\u00f5ud. Puuvillane vooder hingab ja sisetald vormub jala soojusega.","og_url":"https:\/\/horticom.ee\/e-pood\/toode\/madalad-kummikud-naistele-active-way-sp\/","og_site_name":"Horticom.ee","article_publisher":"https:\/\/www.facebook.com\/horticom.ee\/e-pood","article_modified_time":"2026-05-13T00:10:23+00:00","og_image":[{"width":2560,"height":1744,"url":"https:\/\/horticom.ee\/e-pood\/wp-content\/uploads\/2022\/01\/203RCMKACTIVEWAY-2-scaled.jpg","type":"image\/jpeg"}],"twitter_card":"summary_large_image","twitter_misc":{"Est. reading time":"1 minut"},"schema":{"@context":"https:\/\/schema.org","@graph":[{"@type":"WebPage","@id":"https:\/\/horticom.ee\/e-pood\/toode\/madalad-kummikud-naistele-active-way-sp\/","url":"https:\/\/horticom.ee\/e-pood\/toode\/madalad-kummikud-naistele-active-way-sp\/","name":"Madalad kummikud naistele Active Way S 41 sinine","isPartOf":{"@id":"https:\/\/horticom.ee\/e-pood\/#website"},"primaryImageOfPage":{"@id":"https:\/\/horticom.ee\/e-pood\/toode\/madalad-kummikud-naistele-active-way-sp\/#primaryimage"},"image":{"@id":"https:\/\/horticom.ee\/e-pood\/toode\/madalad-kummikud-naistele-active-way-sp\/#primaryimage"},"thumbnailUrl":"https:\/\/horticom.ee\/e-pood\/wp-content\/uploads\/2022\/01\/203RCMKACTIVEWAY-2-scaled.jpg","datePublished":"2022-01-17T14:00:51+00:00","dateModified":"2026-05-13T00:10:23+00:00","description":"Active sarja kummikud on naturaalsest kaut\u0161ukist, painduvad ja libisemiskindlad jalan\u00f5ud. Puuvillane vooder hingab ja sisetald vormub jala soojusega.","breadcrumb":{"@id":"https:\/\/horticom.ee\/e-pood\/toode\/madalad-kummikud-naistele-active-way-sp\/#breadcrumb"},"inLanguage":"et","potentialAction":[{"@type":"ReadAction","target":["https:\/\/horticom.ee\/e-pood\/toode\/madalad-kummikud-naistele-active-way-sp\/"]}]},{"@type":"ImageObject","inLanguage":"et","@id":"https:\/\/horticom.ee\/e-pood\/toode\/madalad-kummikud-naistele-active-way-sp\/#primaryimage","url":"https:\/\/horticom.ee\/e-pood\/wp-content\/uploads\/2022\/01\/203RCMKACTIVEWAY-2-scaled.jpg","contentUrl":"https:\/\/horticom.ee\/e-pood\/wp-content\/uploads\/2022\/01\/203RCMKACTIVEWAY-2-scaled.jpg","width":2560,"height":1744,"caption":"Madalad kummikud naistele Active Way S 41 sinine"},{"@type":"BreadcrumbList","@id":"https:\/\/horticom.ee\/e-pood\/toode\/madalad-kummikud-naistele-active-way-sp\/#breadcrumb","itemListElement":[{"@type":"ListItem","position":1,"name":"Home","item":"https:\/\/horticom.ee\/e-pood\/"},{"@type":"ListItem","position":2,"name":"Pood","item":"https:\/\/horticom.ee\/e-pood\/pood\/"},{"@type":"ListItem","position":3,"name":"Madalad kummikud naistele Active Way"}]},{"@type":"WebSite","@id":"https:\/\/horticom.ee\/e-pood\/#website","url":"https:\/\/horticom.ee\/e-pood\/","name":"Horticom.ee","description":"Aianduskaubad ja kodukaubad nii harrastajatele kui professionaalidele","potentialAction":[{"@type":"SearchAction","target":{"@type":"EntryPoint","urlTemplate":"https:\/\/horticom.ee\/e-pood\/?s={search_term_string}"},"query-input":{"@type":"PropertyValueSpecification","valueRequired":true,"valueName":"search_term_string"}}],"inLanguage":"et"}]}},"_links":{"self":[{"href":"https:\/\/horticom.ee\/e-pood\/wp-json\/wp\/v2\/product\/152927","targetHints":{"allow":["GET"]}}],"collection":[{"href":"https:\/\/horticom.ee\/e-pood\/wp-json\/wp\/v2\/product"}],"about":[{"href":"https:\/\/horticom.ee\/e-pood\/wp-json\/wp\/v2\/types\/product"}],"replies":[{"embeddable":true,"href":"https:\/\/horticom.ee\/e-pood\/wp-json\/wp\/v2\/comments?post=152927"}],"wp:featuredmedia":[{"embeddable":true,"href":"https:\/\/horticom.ee\/e-pood\/wp-json\/wp\/v2\/media\/2038298"}],"wp:attachment":[{"href":"https:\/\/horticom.ee\/e-pood\/wp-json\/wp\/v2\/media?parent=152927"}],"wp:term":[{"taxonomy":"product_cat","embeddable":true,"href":"https:\/\/horticom.ee\/e-pood\/wp-json\/wp\/v2\/product_cat?post=152927"},{"taxonomy":"product_tag","embeddable":true,"href":"https:\/\/horticom.ee\/e-pood\/wp-json\/wp\/v2\/product_tag?post=152927"}],"curies":[{"name":"wp","href":"https:\/\/api.w.org\/{rel}","templated":true}]}}