{"id":152971,"date":"2022-01-17T16:01:13","date_gmt":"2022-01-17T14:01:13","guid":{"rendered":"https:\/\/aednik24.ee\/toode\/toalillemuld-punane-matogard-3l\/"},"modified":"2026-04-24T03:06:02","modified_gmt":"2026-04-24T00:06:02","slug":"toalillemuld-punane-matogard-3l","status":"publish","type":"product","link":"https:\/\/horticom.ee\/e-pood\/toode\/toalillemuld-punane-matogard-3l\/","title":{"rendered":"Toalillemuld punane Matogard 3L"},"content":{"rendered":"<p>Kvaliteetne muld, milles tunnevad end h\u00e4sti m\u00f5\u00f5dukalt happelist mulda vajavad taimed, nagu n\u00e4iteks toas\u00f5najalad, diffenbahhiad, draakonipuud, fatseederad, s\u00e4ntpooliad e. Aafrika kannikesed, t\u00f5lvpuud, bromeelialised, t\u00f5lvlehikud ja flamingolilled.  Mulda on rikastatud hobuses\u00f5nnikust valmistatud kompostiga.<\/p>\n","protected":false},"excerpt":{"rendered":"<p>Kvaliteetne muld, milles tunnevad end h\u00e4sti m\u00f5\u00f5dukalt happelist mulda vajavad taimed, nagu n\u00e4iteks toas\u00f5najalad, diffenbahhiad, draakonipuud, fatseederad, s\u00e4ntpooliad e. Aafrika kannikesed, t\u00f5lvpuud, bromeelialised, t\u00f5lvlehikud ja flamingolilled. Mulda on rikastatud hobuses\u00f5nnikust valmistatud kompostiga.<\/p>\n","protected":false},"featured_media":2378352,"comment_status":"closed","ping_status":"closed","template":"","meta":{"_themeisle_gutenberg_block_has_review":false},"product_cat":[13575],"product_tag":[],"class_list":{"0":"post-152971","1":"product","2":"type-product","3":"status-publish","4":"has-post-thumbnail","6":"product_cat-mullad-ja-turbad","8":"first","9":"instock","10":"shipping-taxable","11":"purchasable","12":"product-type-simple"},"yoast_head":"<!-- This site is optimized with the Yoast SEO plugin v24.0 - https:\/\/yoast.com\/wordpress\/plugins\/seo\/ -->\n<title>Toalillemuld punane Matogard 3L - Horticom<\/title>\n<meta name=\"robots\" content=\"index, follow, max-snippet:-1, max-image-preview:large, max-video-preview:-1\" \/>\n<link rel=\"canonical\" href=\"https:\/\/horticom.ee\/e-pood\/toode\/toalillemuld-punane-matogard-3l\/\" \/>\n<meta property=\"og:locale\" content=\"et_EE\" \/>\n<meta property=\"og:type\" content=\"article\" \/>\n<meta property=\"og:title\" content=\"Toalillemuld punane Matogard 3L - Horticom\" \/>\n<meta property=\"og:description\" content=\"Kvaliteetne muld, milles tunnevad end h\u00e4sti m\u00f5\u00f5dukalt happelist mulda vajavad taimed, nagu n\u00e4iteks toas\u00f5najalad, diffenbahhiad, draakonipuud, fatseederad, s\u00e4ntpooliad e. Aafrika kannikesed, t\u00f5lvpuud, bromeelialised, t\u00f5lvlehikud ja flamingolilled. Mulda on rikastatud hobuses\u00f5nnikust valmistatud kompostiga.\" \/>\n<meta property=\"og:url\" content=\"https:\/\/horticom.ee\/e-pood\/toode\/toalillemuld-punane-matogard-3l\/\" \/>\n<meta property=\"og:site_name\" content=\"Horticom.ee\" \/>\n<meta property=\"article:publisher\" content=\"https:\/\/www.facebook.com\/horticom.ee\/e-pood\" \/>\n<meta property=\"article:modified_time\" content=\"2026-04-24T00:06:02+00:00\" \/>\n<meta property=\"og:image\" content=\"https:\/\/horticom.ee\/e-pood\/wp-content\/uploads\/importedmedia\/product-152971_0-671000.jpg\" \/>\n\t<meta property=\"og:image:width\" content=\"999\" \/>\n\t<meta property=\"og:image:height\" content=\"1237\" \/>\n\t<meta property=\"og:image:type\" content=\"image\/jpeg\" \/>\n<meta name=\"twitter:card\" content=\"summary_large_image\" \/>\n<script type=\"application\/ld+json\" class=\"yoast-schema-graph\">{\"@context\":\"https:\/\/schema.org\",\"@graph\":[{\"@type\":\"WebPage\",\"@id\":\"https:\/\/horticom.ee\/e-pood\/toode\/toalillemuld-punane-matogard-3l\/\",\"url\":\"https:\/\/horticom.ee\/e-pood\/toode\/toalillemuld-punane-matogard-3l\/\",\"name\":\"Toalillemuld punane Matogard 3L - Horticom\",\"isPartOf\":{\"@id\":\"https:\/\/horticom.ee\/e-pood\/#website\"},\"primaryImageOfPage\":{\"@id\":\"https:\/\/horticom.ee\/e-pood\/toode\/toalillemuld-punane-matogard-3l\/#primaryimage\"},\"image\":{\"@id\":\"https:\/\/horticom.ee\/e-pood\/toode\/toalillemuld-punane-matogard-3l\/#primaryimage\"},\"thumbnailUrl\":\"https:\/\/horticom.ee\/e-pood\/wp-content\/uploads\/importedmedia\/product-152971_0-671000.jpg\",\"datePublished\":\"2022-01-17T14:01:13+00:00\",\"dateModified\":\"2026-04-24T00:06:02+00:00\",\"breadcrumb\":{\"@id\":\"https:\/\/horticom.ee\/e-pood\/toode\/toalillemuld-punane-matogard-3l\/#breadcrumb\"},\"inLanguage\":\"et\",\"potentialAction\":[{\"@type\":\"ReadAction\",\"target\":[\"https:\/\/horticom.ee\/e-pood\/toode\/toalillemuld-punane-matogard-3l\/\"]}]},{\"@type\":\"ImageObject\",\"inLanguage\":\"et\",\"@id\":\"https:\/\/horticom.ee\/e-pood\/toode\/toalillemuld-punane-matogard-3l\/#primaryimage\",\"url\":\"https:\/\/horticom.ee\/e-pood\/wp-content\/uploads\/importedmedia\/product-152971_0-671000.jpg\",\"contentUrl\":\"https:\/\/horticom.ee\/e-pood\/wp-content\/uploads\/importedmedia\/product-152971_0-671000.jpg\",\"width\":999,\"height\":1237},{\"@type\":\"BreadcrumbList\",\"@id\":\"https:\/\/horticom.ee\/e-pood\/toode\/toalillemuld-punane-matogard-3l\/#breadcrumb\",\"itemListElement\":[{\"@type\":\"ListItem\",\"position\":1,\"name\":\"Home\",\"item\":\"https:\/\/horticom.ee\/e-pood\/\"},{\"@type\":\"ListItem\",\"position\":2,\"name\":\"Pood\",\"item\":\"https:\/\/horticom.ee\/e-pood\/pood\/\"},{\"@type\":\"ListItem\",\"position\":3,\"name\":\"Toalillemuld punane Matogard 3L\"}]},{\"@type\":\"WebSite\",\"@id\":\"https:\/\/horticom.ee\/e-pood\/#website\",\"url\":\"https:\/\/horticom.ee\/e-pood\/\",\"name\":\"Horticom.ee\",\"description\":\"Aianduskaubad ja kodukaubad nii harrastajatele kui professionaalidele\",\"potentialAction\":[{\"@type\":\"SearchAction\",\"target\":{\"@type\":\"EntryPoint\",\"urlTemplate\":\"https:\/\/horticom.ee\/e-pood\/?s={search_term_string}\"},\"query-input\":{\"@type\":\"PropertyValueSpecification\",\"valueRequired\":true,\"valueName\":\"search_term_string\"}}],\"inLanguage\":\"et\"}]}<\/script>\n<!-- \/ Yoast SEO plugin. -->","yoast_head_json":{"title":"Toalillemuld punane Matogard 3L - Horticom","robots":{"index":"index","follow":"follow","max-snippet":"max-snippet:-1","max-image-preview":"max-image-preview:large","max-video-preview":"max-video-preview:-1"},"canonical":"https:\/\/horticom.ee\/e-pood\/toode\/toalillemuld-punane-matogard-3l\/","og_locale":"et_EE","og_type":"article","og_title":"Toalillemuld punane Matogard 3L - Horticom","og_description":"Kvaliteetne muld, milles tunnevad end h\u00e4sti m\u00f5\u00f5dukalt happelist mulda vajavad taimed, nagu n\u00e4iteks toas\u00f5najalad, diffenbahhiad, draakonipuud, fatseederad, s\u00e4ntpooliad e. Aafrika kannikesed, t\u00f5lvpuud, bromeelialised, t\u00f5lvlehikud ja flamingolilled. Mulda on rikastatud hobuses\u00f5nnikust valmistatud kompostiga.","og_url":"https:\/\/horticom.ee\/e-pood\/toode\/toalillemuld-punane-matogard-3l\/","og_site_name":"Horticom.ee","article_publisher":"https:\/\/www.facebook.com\/horticom.ee\/e-pood","article_modified_time":"2026-04-24T00:06:02+00:00","og_image":[{"width":999,"height":1237,"url":"https:\/\/horticom.ee\/e-pood\/wp-content\/uploads\/importedmedia\/product-152971_0-671000.jpg","type":"image\/jpeg"}],"twitter_card":"summary_large_image","schema":{"@context":"https:\/\/schema.org","@graph":[{"@type":"WebPage","@id":"https:\/\/horticom.ee\/e-pood\/toode\/toalillemuld-punane-matogard-3l\/","url":"https:\/\/horticom.ee\/e-pood\/toode\/toalillemuld-punane-matogard-3l\/","name":"Toalillemuld punane Matogard 3L - Horticom","isPartOf":{"@id":"https:\/\/horticom.ee\/e-pood\/#website"},"primaryImageOfPage":{"@id":"https:\/\/horticom.ee\/e-pood\/toode\/toalillemuld-punane-matogard-3l\/#primaryimage"},"image":{"@id":"https:\/\/horticom.ee\/e-pood\/toode\/toalillemuld-punane-matogard-3l\/#primaryimage"},"thumbnailUrl":"https:\/\/horticom.ee\/e-pood\/wp-content\/uploads\/importedmedia\/product-152971_0-671000.jpg","datePublished":"2022-01-17T14:01:13+00:00","dateModified":"2026-04-24T00:06:02+00:00","breadcrumb":{"@id":"https:\/\/horticom.ee\/e-pood\/toode\/toalillemuld-punane-matogard-3l\/#breadcrumb"},"inLanguage":"et","potentialAction":[{"@type":"ReadAction","target":["https:\/\/horticom.ee\/e-pood\/toode\/toalillemuld-punane-matogard-3l\/"]}]},{"@type":"ImageObject","inLanguage":"et","@id":"https:\/\/horticom.ee\/e-pood\/toode\/toalillemuld-punane-matogard-3l\/#primaryimage","url":"https:\/\/horticom.ee\/e-pood\/wp-content\/uploads\/importedmedia\/product-152971_0-671000.jpg","contentUrl":"https:\/\/horticom.ee\/e-pood\/wp-content\/uploads\/importedmedia\/product-152971_0-671000.jpg","width":999,"height":1237},{"@type":"BreadcrumbList","@id":"https:\/\/horticom.ee\/e-pood\/toode\/toalillemuld-punane-matogard-3l\/#breadcrumb","itemListElement":[{"@type":"ListItem","position":1,"name":"Home","item":"https:\/\/horticom.ee\/e-pood\/"},{"@type":"ListItem","position":2,"name":"Pood","item":"https:\/\/horticom.ee\/e-pood\/pood\/"},{"@type":"ListItem","position":3,"name":"Toalillemuld punane Matogard 3L"}]},{"@type":"WebSite","@id":"https:\/\/horticom.ee\/e-pood\/#website","url":"https:\/\/horticom.ee\/e-pood\/","name":"Horticom.ee","description":"Aianduskaubad ja kodukaubad nii harrastajatele kui professionaalidele","potentialAction":[{"@type":"SearchAction","target":{"@type":"EntryPoint","urlTemplate":"https:\/\/horticom.ee\/e-pood\/?s={search_term_string}"},"query-input":{"@type":"PropertyValueSpecification","valueRequired":true,"valueName":"search_term_string"}}],"inLanguage":"et"}]}},"_links":{"self":[{"href":"https:\/\/horticom.ee\/e-pood\/wp-json\/wp\/v2\/product\/152971","targetHints":{"allow":["GET"]}}],"collection":[{"href":"https:\/\/horticom.ee\/e-pood\/wp-json\/wp\/v2\/product"}],"about":[{"href":"https:\/\/horticom.ee\/e-pood\/wp-json\/wp\/v2\/types\/product"}],"replies":[{"embeddable":true,"href":"https:\/\/horticom.ee\/e-pood\/wp-json\/wp\/v2\/comments?post=152971"}],"wp:featuredmedia":[{"embeddable":true,"href":"https:\/\/horticom.ee\/e-pood\/wp-json\/wp\/v2\/media\/2378352"}],"wp:attachment":[{"href":"https:\/\/horticom.ee\/e-pood\/wp-json\/wp\/v2\/media?parent=152971"}],"wp:term":[{"taxonomy":"product_cat","embeddable":true,"href":"https:\/\/horticom.ee\/e-pood\/wp-json\/wp\/v2\/product_cat?post=152971"},{"taxonomy":"product_tag","embeddable":true,"href":"https:\/\/horticom.ee\/e-pood\/wp-json\/wp\/v2\/product_tag?post=152971"}],"curies":[{"name":"wp","href":"https:\/\/api.w.org\/{rel}","templated":true}]}}