{"id":152977,"date":"2022-01-17T16:01:16","date_gmt":"2022-01-17T14:01:16","guid":{"rendered":"https:\/\/aednik24.ee\/toode\/muld-kaktustele-seklos-4l\/"},"modified":"2026-05-02T03:04:50","modified_gmt":"2026-05-02T00:04:50","slug":"muld-kaktustele-seklos-4l","status":"publish","type":"product","link":"https:\/\/horticom.ee\/e-pood\/toode\/muld-kaktustele-seklos-4l\/","title":{"rendered":"Muld kaktustele Seklos 4L"},"content":{"rendered":"<p>Spetsiaalse retseptuuriga professionaalselt ettevalmistatud orgaaniliste ja mineraalsete ainetega muld, mis on m\u00f5eldud kaktuste ja sukulentide kasvatamiseks ning \u00fcmberistutamiseks. Sobib ka istutamiseks kasutatava mulla t\u00e4iendamiseks ja parandamiseks. Toiteainete kogus on balansseeritud, muld on poorne, veeimavusv\u00f5ime on hea, s\u00e4ilitab niiskust, puuduvad taimede kahjurid.<\/p>\n","protected":false},"excerpt":{"rendered":"<p>Spetsiaalse retseptuuriga professionaalselt ettevalmistatud orgaaniliste ja mineraalsete ainetega muld, mis on m\u00f5eldud kaktuste ja sukulentide kasvatamiseks ning \u00fcmberistutamiseks. Sobib ka istutamiseks kasutatava mulla t\u00e4iendamiseks ja parandamiseks. Toiteainete kogus on balansseeritud, muld on poorne, veeimavusv\u00f5ime on hea, s\u00e4ilitab niiskust, puuduvad taimede kahjurid.<\/p>\n","protected":false},"featured_media":2379736,"comment_status":"closed","ping_status":"closed","template":"","meta":{"_themeisle_gutenberg_block_has_review":false},"product_cat":[13575],"product_tag":[],"class_list":{"0":"post-152977","1":"product","2":"type-product","3":"status-publish","4":"has-post-thumbnail","6":"product_cat-mullad-ja-turbad","8":"first","9":"instock","10":"shipping-taxable","11":"purchasable","12":"product-type-simple"},"yoast_head":"<!-- This site is optimized with the Yoast SEO plugin v24.0 - https:\/\/yoast.com\/wordpress\/plugins\/seo\/ -->\n<title>Muld kaktustele Seklos 4L - Horticom<\/title>\n<meta name=\"robots\" content=\"index, follow, max-snippet:-1, max-image-preview:large, max-video-preview:-1\" \/>\n<link rel=\"canonical\" href=\"https:\/\/horticom.ee\/e-pood\/toode\/muld-kaktustele-seklos-4l\/\" \/>\n<meta property=\"og:locale\" content=\"et_EE\" \/>\n<meta property=\"og:type\" content=\"article\" \/>\n<meta property=\"og:title\" content=\"Muld kaktustele Seklos 4L - Horticom\" \/>\n<meta property=\"og:description\" content=\"Spetsiaalse retseptuuriga professionaalselt ettevalmistatud orgaaniliste ja mineraalsete ainetega muld, mis on m\u00f5eldud kaktuste ja sukulentide kasvatamiseks ning \u00fcmberistutamiseks. Sobib ka istutamiseks kasutatava mulla t\u00e4iendamiseks ja parandamiseks. Toiteainete kogus on balansseeritud, muld on poorne, veeimavusv\u00f5ime on hea, s\u00e4ilitab niiskust, puuduvad taimede kahjurid.\" \/>\n<meta property=\"og:url\" content=\"https:\/\/horticom.ee\/e-pood\/toode\/muld-kaktustele-seklos-4l\/\" \/>\n<meta property=\"og:site_name\" content=\"Horticom.ee\" \/>\n<meta property=\"article:publisher\" content=\"https:\/\/www.facebook.com\/horticom.ee\/e-pood\" \/>\n<meta property=\"article:modified_time\" content=\"2026-05-02T00:04:50+00:00\" \/>\n<meta property=\"og:image\" content=\"https:\/\/horticom.ee\/e-pood\/wp-content\/uploads\/importedmedia\/product-152977_0-9030.jpg\" \/>\n\t<meta property=\"og:image:width\" content=\"999\" \/>\n\t<meta property=\"og:image:height\" content=\"1352\" \/>\n\t<meta property=\"og:image:type\" content=\"image\/jpeg\" \/>\n<meta name=\"twitter:card\" content=\"summary_large_image\" \/>\n<script type=\"application\/ld+json\" class=\"yoast-schema-graph\">{\"@context\":\"https:\/\/schema.org\",\"@graph\":[{\"@type\":\"WebPage\",\"@id\":\"https:\/\/horticom.ee\/e-pood\/toode\/muld-kaktustele-seklos-4l\/\",\"url\":\"https:\/\/horticom.ee\/e-pood\/toode\/muld-kaktustele-seklos-4l\/\",\"name\":\"Muld kaktustele Seklos 4L - Horticom\",\"isPartOf\":{\"@id\":\"https:\/\/horticom.ee\/e-pood\/#website\"},\"primaryImageOfPage\":{\"@id\":\"https:\/\/horticom.ee\/e-pood\/toode\/muld-kaktustele-seklos-4l\/#primaryimage\"},\"image\":{\"@id\":\"https:\/\/horticom.ee\/e-pood\/toode\/muld-kaktustele-seklos-4l\/#primaryimage\"},\"thumbnailUrl\":\"https:\/\/horticom.ee\/e-pood\/wp-content\/uploads\/importedmedia\/product-152977_0-9030.jpg\",\"datePublished\":\"2022-01-17T14:01:16+00:00\",\"dateModified\":\"2026-05-02T00:04:50+00:00\",\"breadcrumb\":{\"@id\":\"https:\/\/horticom.ee\/e-pood\/toode\/muld-kaktustele-seklos-4l\/#breadcrumb\"},\"inLanguage\":\"et\",\"potentialAction\":[{\"@type\":\"ReadAction\",\"target\":[\"https:\/\/horticom.ee\/e-pood\/toode\/muld-kaktustele-seklos-4l\/\"]}]},{\"@type\":\"ImageObject\",\"inLanguage\":\"et\",\"@id\":\"https:\/\/horticom.ee\/e-pood\/toode\/muld-kaktustele-seklos-4l\/#primaryimage\",\"url\":\"https:\/\/horticom.ee\/e-pood\/wp-content\/uploads\/importedmedia\/product-152977_0-9030.jpg\",\"contentUrl\":\"https:\/\/horticom.ee\/e-pood\/wp-content\/uploads\/importedmedia\/product-152977_0-9030.jpg\",\"width\":999,\"height\":1352},{\"@type\":\"BreadcrumbList\",\"@id\":\"https:\/\/horticom.ee\/e-pood\/toode\/muld-kaktustele-seklos-4l\/#breadcrumb\",\"itemListElement\":[{\"@type\":\"ListItem\",\"position\":1,\"name\":\"Home\",\"item\":\"https:\/\/horticom.ee\/e-pood\/\"},{\"@type\":\"ListItem\",\"position\":2,\"name\":\"Pood\",\"item\":\"https:\/\/horticom.ee\/e-pood\/pood\/\"},{\"@type\":\"ListItem\",\"position\":3,\"name\":\"Muld kaktustele Seklos 4L\"}]},{\"@type\":\"WebSite\",\"@id\":\"https:\/\/horticom.ee\/e-pood\/#website\",\"url\":\"https:\/\/horticom.ee\/e-pood\/\",\"name\":\"Horticom.ee\",\"description\":\"Aianduskaubad ja kodukaubad nii harrastajatele kui professionaalidele\",\"potentialAction\":[{\"@type\":\"SearchAction\",\"target\":{\"@type\":\"EntryPoint\",\"urlTemplate\":\"https:\/\/horticom.ee\/e-pood\/?s={search_term_string}\"},\"query-input\":{\"@type\":\"PropertyValueSpecification\",\"valueRequired\":true,\"valueName\":\"search_term_string\"}}],\"inLanguage\":\"et\"}]}<\/script>\n<!-- \/ Yoast SEO plugin. -->","yoast_head_json":{"title":"Muld kaktustele Seklos 4L - Horticom","robots":{"index":"index","follow":"follow","max-snippet":"max-snippet:-1","max-image-preview":"max-image-preview:large","max-video-preview":"max-video-preview:-1"},"canonical":"https:\/\/horticom.ee\/e-pood\/toode\/muld-kaktustele-seklos-4l\/","og_locale":"et_EE","og_type":"article","og_title":"Muld kaktustele Seklos 4L - Horticom","og_description":"Spetsiaalse retseptuuriga professionaalselt ettevalmistatud orgaaniliste ja mineraalsete ainetega muld, mis on m\u00f5eldud kaktuste ja sukulentide kasvatamiseks ning \u00fcmberistutamiseks. Sobib ka istutamiseks kasutatava mulla t\u00e4iendamiseks ja parandamiseks. Toiteainete kogus on balansseeritud, muld on poorne, veeimavusv\u00f5ime on hea, s\u00e4ilitab niiskust, puuduvad taimede kahjurid.","og_url":"https:\/\/horticom.ee\/e-pood\/toode\/muld-kaktustele-seklos-4l\/","og_site_name":"Horticom.ee","article_publisher":"https:\/\/www.facebook.com\/horticom.ee\/e-pood","article_modified_time":"2026-05-02T00:04:50+00:00","og_image":[{"width":999,"height":1352,"url":"https:\/\/horticom.ee\/e-pood\/wp-content\/uploads\/importedmedia\/product-152977_0-9030.jpg","type":"image\/jpeg"}],"twitter_card":"summary_large_image","schema":{"@context":"https:\/\/schema.org","@graph":[{"@type":"WebPage","@id":"https:\/\/horticom.ee\/e-pood\/toode\/muld-kaktustele-seklos-4l\/","url":"https:\/\/horticom.ee\/e-pood\/toode\/muld-kaktustele-seklos-4l\/","name":"Muld kaktustele Seklos 4L - Horticom","isPartOf":{"@id":"https:\/\/horticom.ee\/e-pood\/#website"},"primaryImageOfPage":{"@id":"https:\/\/horticom.ee\/e-pood\/toode\/muld-kaktustele-seklos-4l\/#primaryimage"},"image":{"@id":"https:\/\/horticom.ee\/e-pood\/toode\/muld-kaktustele-seklos-4l\/#primaryimage"},"thumbnailUrl":"https:\/\/horticom.ee\/e-pood\/wp-content\/uploads\/importedmedia\/product-152977_0-9030.jpg","datePublished":"2022-01-17T14:01:16+00:00","dateModified":"2026-05-02T00:04:50+00:00","breadcrumb":{"@id":"https:\/\/horticom.ee\/e-pood\/toode\/muld-kaktustele-seklos-4l\/#breadcrumb"},"inLanguage":"et","potentialAction":[{"@type":"ReadAction","target":["https:\/\/horticom.ee\/e-pood\/toode\/muld-kaktustele-seklos-4l\/"]}]},{"@type":"ImageObject","inLanguage":"et","@id":"https:\/\/horticom.ee\/e-pood\/toode\/muld-kaktustele-seklos-4l\/#primaryimage","url":"https:\/\/horticom.ee\/e-pood\/wp-content\/uploads\/importedmedia\/product-152977_0-9030.jpg","contentUrl":"https:\/\/horticom.ee\/e-pood\/wp-content\/uploads\/importedmedia\/product-152977_0-9030.jpg","width":999,"height":1352},{"@type":"BreadcrumbList","@id":"https:\/\/horticom.ee\/e-pood\/toode\/muld-kaktustele-seklos-4l\/#breadcrumb","itemListElement":[{"@type":"ListItem","position":1,"name":"Home","item":"https:\/\/horticom.ee\/e-pood\/"},{"@type":"ListItem","position":2,"name":"Pood","item":"https:\/\/horticom.ee\/e-pood\/pood\/"},{"@type":"ListItem","position":3,"name":"Muld kaktustele Seklos 4L"}]},{"@type":"WebSite","@id":"https:\/\/horticom.ee\/e-pood\/#website","url":"https:\/\/horticom.ee\/e-pood\/","name":"Horticom.ee","description":"Aianduskaubad ja kodukaubad nii harrastajatele kui professionaalidele","potentialAction":[{"@type":"SearchAction","target":{"@type":"EntryPoint","urlTemplate":"https:\/\/horticom.ee\/e-pood\/?s={search_term_string}"},"query-input":{"@type":"PropertyValueSpecification","valueRequired":true,"valueName":"search_term_string"}}],"inLanguage":"et"}]}},"_links":{"self":[{"href":"https:\/\/horticom.ee\/e-pood\/wp-json\/wp\/v2\/product\/152977","targetHints":{"allow":["GET"]}}],"collection":[{"href":"https:\/\/horticom.ee\/e-pood\/wp-json\/wp\/v2\/product"}],"about":[{"href":"https:\/\/horticom.ee\/e-pood\/wp-json\/wp\/v2\/types\/product"}],"replies":[{"embeddable":true,"href":"https:\/\/horticom.ee\/e-pood\/wp-json\/wp\/v2\/comments?post=152977"}],"wp:featuredmedia":[{"embeddable":true,"href":"https:\/\/horticom.ee\/e-pood\/wp-json\/wp\/v2\/media\/2379736"}],"wp:attachment":[{"href":"https:\/\/horticom.ee\/e-pood\/wp-json\/wp\/v2\/media?parent=152977"}],"wp:term":[{"taxonomy":"product_cat","embeddable":true,"href":"https:\/\/horticom.ee\/e-pood\/wp-json\/wp\/v2\/product_cat?post=152977"},{"taxonomy":"product_tag","embeddable":true,"href":"https:\/\/horticom.ee\/e-pood\/wp-json\/wp\/v2\/product_tag?post=152977"}],"curies":[{"name":"wp","href":"https:\/\/api.w.org\/{rel}","templated":true}]}}