{"id":152990,"date":"2022-01-17T16:01:24","date_gmt":"2022-01-17T14:01:24","guid":{"rendered":"https:\/\/aednik24.ee\/toode\/premium-muruvaetis-horticom-5kg\/"},"modified":"2026-04-29T03:05:07","modified_gmt":"2026-04-29T00:05:07","slug":"premium-muruvaetis-horticom-5kg","status":"publish","type":"product","link":"https:\/\/horticom.ee\/e-pood\/toode\/premium-muruvaetis-horticom-5kg\/","title":{"rendered":"Premium muruv\u00e4etis Horticom 5kg"},"content":{"rendered":"<p>Stimuleerib muru arenemist ja garanteerib intensiivse rohelise muru. Tegemist on profiv\u00e4etisega, mis vastab k\u00f5ikide muruliikide, eriti dekoratiivsete murude toitevajadustele. Sobib h\u00e4sti madalalt niidetavale murule. V\u00e4etises sisalduv k\u00f5rge l\u00e4mmastiku tase soodustab muru laienemist. Murukamar muutub tihedamaks ja tugevamaks, mis omakorda takistab umbrohu ja sambla kasvamist. Iga v\u00e4etisegraanul on identse koostisega ning toidab muru 2-3 kuud. Muruv\u00e4etis sisaldab minigraanuleid, mis sobib eriti \u00fchtlaseks v\u00e4etamiseks. K\u00f5rge l\u00e4mmastiku tase muudab muru kiiresti roheliseks ja tugevaks. Suurendab talvekindlust. Profiv\u00e4etis NPK 21-5-10.<\/p>\n","protected":false},"excerpt":{"rendered":"<p>Stimuleerib muru arenemist ja garanteerib intensiivse rohelise muru. Tegemist on profiv\u00e4etisega, mis vastab k\u00f5ikide muruliikide, eriti dekoratiivsete murude toitevajadustele. Sobib h\u00e4sti madalalt niidetavale murule. V\u00e4etises sisalduv k\u00f5rge l\u00e4mmastiku tase soodustab muru laienemist. Murukamar muutub tihedamaks ja tugevamaks, mis omakorda takistab umbrohu ja sambla kasvamist. Iga v\u00e4etisegraanul on identse koostisega ning toidab muru 2-3 kuud. Muruv\u00e4etis [&hellip;]<\/p>\n","protected":false},"featured_media":2379198,"comment_status":"closed","ping_status":"closed","template":"","meta":{"_themeisle_gutenberg_block_has_review":false},"product_cat":[16970],"product_tag":[],"class_list":{"0":"post-152990","1":"product","2":"type-product","3":"status-publish","4":"has-post-thumbnail","6":"product_cat-murule","8":"first","9":"instock","10":"shipping-taxable","11":"purchasable","12":"product-type-simple"},"yoast_head":"<!-- This site is optimized with the Yoast SEO plugin v24.0 - https:\/\/yoast.com\/wordpress\/plugins\/seo\/ -->\n<title>Premium muruv\u00e4etis Horticom 5kg - Horticom<\/title>\n<meta name=\"robots\" content=\"index, follow, max-snippet:-1, max-image-preview:large, max-video-preview:-1\" \/>\n<link rel=\"canonical\" href=\"https:\/\/horticom.ee\/e-pood\/toode\/premium-muruvaetis-horticom-5kg\/\" \/>\n<meta property=\"og:locale\" content=\"et_EE\" \/>\n<meta property=\"og:type\" content=\"article\" \/>\n<meta property=\"og:title\" content=\"Premium muruv\u00e4etis Horticom 5kg - Horticom\" \/>\n<meta property=\"og:description\" content=\"Stimuleerib muru arenemist ja garanteerib intensiivse rohelise muru. Tegemist on profiv\u00e4etisega, mis vastab k\u00f5ikide muruliikide, eriti dekoratiivsete murude toitevajadustele. Sobib h\u00e4sti madalalt niidetavale murule. V\u00e4etises sisalduv k\u00f5rge l\u00e4mmastiku tase soodustab muru laienemist. Murukamar muutub tihedamaks ja tugevamaks, mis omakorda takistab umbrohu ja sambla kasvamist. Iga v\u00e4etisegraanul on identse koostisega ning toidab muru 2-3 kuud. Muruv\u00e4etis [&hellip;]\" \/>\n<meta property=\"og:url\" content=\"https:\/\/horticom.ee\/e-pood\/toode\/premium-muruvaetis-horticom-5kg\/\" \/>\n<meta property=\"og:site_name\" content=\"Horticom.ee\" \/>\n<meta property=\"article:publisher\" content=\"https:\/\/www.facebook.com\/horticom.ee\/e-pood\" \/>\n<meta property=\"article:modified_time\" content=\"2026-04-29T00:05:07+00:00\" \/>\n<meta property=\"og:image\" content=\"https:\/\/horticom.ee\/e-pood\/wp-content\/uploads\/importedmedia\/product-152990_0-6700159.jpg\" \/>\n\t<meta property=\"og:image:width\" content=\"1000\" \/>\n\t<meta property=\"og:image:height\" content=\"1000\" \/>\n\t<meta property=\"og:image:type\" content=\"image\/jpeg\" \/>\n<meta name=\"twitter:card\" content=\"summary_large_image\" \/>\n<script type=\"application\/ld+json\" class=\"yoast-schema-graph\">{\"@context\":\"https:\/\/schema.org\",\"@graph\":[{\"@type\":\"WebPage\",\"@id\":\"https:\/\/horticom.ee\/e-pood\/toode\/premium-muruvaetis-horticom-5kg\/\",\"url\":\"https:\/\/horticom.ee\/e-pood\/toode\/premium-muruvaetis-horticom-5kg\/\",\"name\":\"Premium muruv\u00e4etis Horticom 5kg - Horticom\",\"isPartOf\":{\"@id\":\"https:\/\/horticom.ee\/e-pood\/#website\"},\"primaryImageOfPage\":{\"@id\":\"https:\/\/horticom.ee\/e-pood\/toode\/premium-muruvaetis-horticom-5kg\/#primaryimage\"},\"image\":{\"@id\":\"https:\/\/horticom.ee\/e-pood\/toode\/premium-muruvaetis-horticom-5kg\/#primaryimage\"},\"thumbnailUrl\":\"https:\/\/horticom.ee\/e-pood\/wp-content\/uploads\/importedmedia\/product-152990_0-6700159.jpg\",\"datePublished\":\"2022-01-17T14:01:24+00:00\",\"dateModified\":\"2026-04-29T00:05:07+00:00\",\"breadcrumb\":{\"@id\":\"https:\/\/horticom.ee\/e-pood\/toode\/premium-muruvaetis-horticom-5kg\/#breadcrumb\"},\"inLanguage\":\"et\",\"potentialAction\":[{\"@type\":\"ReadAction\",\"target\":[\"https:\/\/horticom.ee\/e-pood\/toode\/premium-muruvaetis-horticom-5kg\/\"]}]},{\"@type\":\"ImageObject\",\"inLanguage\":\"et\",\"@id\":\"https:\/\/horticom.ee\/e-pood\/toode\/premium-muruvaetis-horticom-5kg\/#primaryimage\",\"url\":\"https:\/\/horticom.ee\/e-pood\/wp-content\/uploads\/importedmedia\/product-152990_0-6700159.jpg\",\"contentUrl\":\"https:\/\/horticom.ee\/e-pood\/wp-content\/uploads\/importedmedia\/product-152990_0-6700159.jpg\",\"width\":1000,\"height\":1000},{\"@type\":\"BreadcrumbList\",\"@id\":\"https:\/\/horticom.ee\/e-pood\/toode\/premium-muruvaetis-horticom-5kg\/#breadcrumb\",\"itemListElement\":[{\"@type\":\"ListItem\",\"position\":1,\"name\":\"Home\",\"item\":\"https:\/\/horticom.ee\/e-pood\/\"},{\"@type\":\"ListItem\",\"position\":2,\"name\":\"Pood\",\"item\":\"https:\/\/horticom.ee\/e-pood\/pood\/\"},{\"@type\":\"ListItem\",\"position\":3,\"name\":\"Premium muruv\u00e4etis Horticom 5kg\"}]},{\"@type\":\"WebSite\",\"@id\":\"https:\/\/horticom.ee\/e-pood\/#website\",\"url\":\"https:\/\/horticom.ee\/e-pood\/\",\"name\":\"Horticom.ee\",\"description\":\"Aianduskaubad ja kodukaubad nii harrastajatele kui professionaalidele\",\"potentialAction\":[{\"@type\":\"SearchAction\",\"target\":{\"@type\":\"EntryPoint\",\"urlTemplate\":\"https:\/\/horticom.ee\/e-pood\/?s={search_term_string}\"},\"query-input\":{\"@type\":\"PropertyValueSpecification\",\"valueRequired\":true,\"valueName\":\"search_term_string\"}}],\"inLanguage\":\"et\"}]}<\/script>\n<!-- \/ Yoast SEO plugin. -->","yoast_head_json":{"title":"Premium muruv\u00e4etis Horticom 5kg - Horticom","robots":{"index":"index","follow":"follow","max-snippet":"max-snippet:-1","max-image-preview":"max-image-preview:large","max-video-preview":"max-video-preview:-1"},"canonical":"https:\/\/horticom.ee\/e-pood\/toode\/premium-muruvaetis-horticom-5kg\/","og_locale":"et_EE","og_type":"article","og_title":"Premium muruv\u00e4etis Horticom 5kg - Horticom","og_description":"Stimuleerib muru arenemist ja garanteerib intensiivse rohelise muru. Tegemist on profiv\u00e4etisega, mis vastab k\u00f5ikide muruliikide, eriti dekoratiivsete murude toitevajadustele. Sobib h\u00e4sti madalalt niidetavale murule. V\u00e4etises sisalduv k\u00f5rge l\u00e4mmastiku tase soodustab muru laienemist. Murukamar muutub tihedamaks ja tugevamaks, mis omakorda takistab umbrohu ja sambla kasvamist. Iga v\u00e4etisegraanul on identse koostisega ning toidab muru 2-3 kuud. Muruv\u00e4etis [&hellip;]","og_url":"https:\/\/horticom.ee\/e-pood\/toode\/premium-muruvaetis-horticom-5kg\/","og_site_name":"Horticom.ee","article_publisher":"https:\/\/www.facebook.com\/horticom.ee\/e-pood","article_modified_time":"2026-04-29T00:05:07+00:00","og_image":[{"width":1000,"height":1000,"url":"https:\/\/horticom.ee\/e-pood\/wp-content\/uploads\/importedmedia\/product-152990_0-6700159.jpg","type":"image\/jpeg"}],"twitter_card":"summary_large_image","schema":{"@context":"https:\/\/schema.org","@graph":[{"@type":"WebPage","@id":"https:\/\/horticom.ee\/e-pood\/toode\/premium-muruvaetis-horticom-5kg\/","url":"https:\/\/horticom.ee\/e-pood\/toode\/premium-muruvaetis-horticom-5kg\/","name":"Premium muruv\u00e4etis Horticom 5kg - Horticom","isPartOf":{"@id":"https:\/\/horticom.ee\/e-pood\/#website"},"primaryImageOfPage":{"@id":"https:\/\/horticom.ee\/e-pood\/toode\/premium-muruvaetis-horticom-5kg\/#primaryimage"},"image":{"@id":"https:\/\/horticom.ee\/e-pood\/toode\/premium-muruvaetis-horticom-5kg\/#primaryimage"},"thumbnailUrl":"https:\/\/horticom.ee\/e-pood\/wp-content\/uploads\/importedmedia\/product-152990_0-6700159.jpg","datePublished":"2022-01-17T14:01:24+00:00","dateModified":"2026-04-29T00:05:07+00:00","breadcrumb":{"@id":"https:\/\/horticom.ee\/e-pood\/toode\/premium-muruvaetis-horticom-5kg\/#breadcrumb"},"inLanguage":"et","potentialAction":[{"@type":"ReadAction","target":["https:\/\/horticom.ee\/e-pood\/toode\/premium-muruvaetis-horticom-5kg\/"]}]},{"@type":"ImageObject","inLanguage":"et","@id":"https:\/\/horticom.ee\/e-pood\/toode\/premium-muruvaetis-horticom-5kg\/#primaryimage","url":"https:\/\/horticom.ee\/e-pood\/wp-content\/uploads\/importedmedia\/product-152990_0-6700159.jpg","contentUrl":"https:\/\/horticom.ee\/e-pood\/wp-content\/uploads\/importedmedia\/product-152990_0-6700159.jpg","width":1000,"height":1000},{"@type":"BreadcrumbList","@id":"https:\/\/horticom.ee\/e-pood\/toode\/premium-muruvaetis-horticom-5kg\/#breadcrumb","itemListElement":[{"@type":"ListItem","position":1,"name":"Home","item":"https:\/\/horticom.ee\/e-pood\/"},{"@type":"ListItem","position":2,"name":"Pood","item":"https:\/\/horticom.ee\/e-pood\/pood\/"},{"@type":"ListItem","position":3,"name":"Premium muruv\u00e4etis Horticom 5kg"}]},{"@type":"WebSite","@id":"https:\/\/horticom.ee\/e-pood\/#website","url":"https:\/\/horticom.ee\/e-pood\/","name":"Horticom.ee","description":"Aianduskaubad ja kodukaubad nii harrastajatele kui professionaalidele","potentialAction":[{"@type":"SearchAction","target":{"@type":"EntryPoint","urlTemplate":"https:\/\/horticom.ee\/e-pood\/?s={search_term_string}"},"query-input":{"@type":"PropertyValueSpecification","valueRequired":true,"valueName":"search_term_string"}}],"inLanguage":"et"}]}},"_links":{"self":[{"href":"https:\/\/horticom.ee\/e-pood\/wp-json\/wp\/v2\/product\/152990","targetHints":{"allow":["GET"]}}],"collection":[{"href":"https:\/\/horticom.ee\/e-pood\/wp-json\/wp\/v2\/product"}],"about":[{"href":"https:\/\/horticom.ee\/e-pood\/wp-json\/wp\/v2\/types\/product"}],"replies":[{"embeddable":true,"href":"https:\/\/horticom.ee\/e-pood\/wp-json\/wp\/v2\/comments?post=152990"}],"wp:featuredmedia":[{"embeddable":true,"href":"https:\/\/horticom.ee\/e-pood\/wp-json\/wp\/v2\/media\/2379198"}],"wp:attachment":[{"href":"https:\/\/horticom.ee\/e-pood\/wp-json\/wp\/v2\/media?parent=152990"}],"wp:term":[{"taxonomy":"product_cat","embeddable":true,"href":"https:\/\/horticom.ee\/e-pood\/wp-json\/wp\/v2\/product_cat?post=152990"},{"taxonomy":"product_tag","embeddable":true,"href":"https:\/\/horticom.ee\/e-pood\/wp-json\/wp\/v2\/product_tag?post=152990"}],"curies":[{"name":"wp","href":"https:\/\/api.w.org\/{rel}","templated":true}]}}