{"id":152995,"date":"2022-01-17T16:01:27","date_gmt":"2022-01-17T14:01:27","guid":{"rendered":"https:\/\/aednik24.ee\/toode\/altkastmismatt-06-x-24m-sp\/"},"modified":"2026-05-13T03:05:36","modified_gmt":"2026-05-13T00:05:36","slug":"altkastmismatt-06-x-24m-sp","status":"publish","type":"product","link":"https:\/\/horticom.ee\/e-pood\/toode\/altkastmismatt-06-x-24m-sp\/","title":{"rendered":"Altkastmismatt 0,6 x 2,4m"},"content":{"rendered":"<p>Altkastmismatt 0,6 x 2,4m &#8211; Niiskusmatt Hydrotex on m\u00f5eldud konteinertaimede niiskushoidjaks, kangas imab endasse kuni 3,5l m2 kohta. Taimi tuleb kasta regulaarselt, kuid harvem. Kasutusviisid: 1.Horisontaalselt (potid peal) 2.Konteiner vooderdatud 3.Kasvumullas t\u00fckkidena. M\u00f5\u00f5tmetega  0,6 x 2,4m.<\/p>\n","protected":false},"excerpt":{"rendered":"<p>Altkastmismatt 0,6 x 2,4m &#8211; Niiskusmatt Hydrotex on m\u00f5eldud konteinertaimede niiskushoidjaks, kangas imab endasse kuni 3,5l m2 kohta. Taimi tuleb kasta regulaarselt, kuid harvem. Kasutusviisid: 1.Horisontaalselt (potid peal) 2.Konteiner vooderdatud 3.Kasvumullas t\u00fckkidena. M\u00f5\u00f5tmetega 0,6 x 2,4m.<\/p>\n","protected":false},"featured_media":2377312,"comment_status":"closed","ping_status":"closed","template":"","meta":{"_themeisle_gutenberg_block_has_review":false},"product_cat":[18563,13388,13638],"product_tag":[],"class_list":{"0":"post-152995","1":"product","2":"type-product","3":"status-publish","4":"has-post-thumbnail","6":"product_cat-lopumuugitooted","7":"product_cat-altkastmine","8":"product_cat-altkastmismatid-tootjale","10":"first","11":"instock","12":"sale","13":"shipping-taxable","14":"purchasable","15":"product-type-simple"},"yoast_head":"<!-- This site is optimized with the Yoast SEO plugin v24.0 - https:\/\/yoast.com\/wordpress\/plugins\/seo\/ -->\n<title>Altkastmismatt 0,6 x 2,4m - Horticom<\/title>\n<meta name=\"robots\" content=\"index, follow, max-snippet:-1, max-image-preview:large, max-video-preview:-1\" \/>\n<link rel=\"canonical\" href=\"https:\/\/horticom.ee\/e-pood\/toode\/altkastmismatt-06-x-24m-sp\/\" \/>\n<meta property=\"og:locale\" content=\"et_EE\" \/>\n<meta property=\"og:type\" content=\"article\" \/>\n<meta property=\"og:title\" content=\"Altkastmismatt 0,6 x 2,4m - Horticom\" \/>\n<meta property=\"og:description\" content=\"Altkastmismatt 0,6 x 2,4m &#8211; Niiskusmatt Hydrotex on m\u00f5eldud konteinertaimede niiskushoidjaks, kangas imab endasse kuni 3,5l m2 kohta. Taimi tuleb kasta regulaarselt, kuid harvem. Kasutusviisid: 1.Horisontaalselt (potid peal) 2.Konteiner vooderdatud 3.Kasvumullas t\u00fckkidena. M\u00f5\u00f5tmetega 0,6 x 2,4m.\" \/>\n<meta property=\"og:url\" content=\"https:\/\/horticom.ee\/e-pood\/toode\/altkastmismatt-06-x-24m-sp\/\" \/>\n<meta property=\"og:site_name\" content=\"Horticom.ee\" \/>\n<meta property=\"article:publisher\" content=\"https:\/\/www.facebook.com\/horticom.ee\/e-pood\" \/>\n<meta property=\"article:modified_time\" content=\"2026-05-13T00:05:36+00:00\" \/>\n<meta property=\"og:image\" content=\"https:\/\/horticom.ee\/e-pood\/wp-content\/uploads\/importedmedia\/product-152995_0-150092.jpg\" \/>\n\t<meta property=\"og:image:width\" content=\"1000\" \/>\n\t<meta property=\"og:image:height\" content=\"714\" \/>\n\t<meta property=\"og:image:type\" content=\"image\/jpeg\" \/>\n<meta name=\"twitter:card\" content=\"summary_large_image\" \/>\n<script type=\"application\/ld+json\" class=\"yoast-schema-graph\">{\"@context\":\"https:\/\/schema.org\",\"@graph\":[{\"@type\":\"WebPage\",\"@id\":\"https:\/\/horticom.ee\/e-pood\/toode\/altkastmismatt-06-x-24m-sp\/\",\"url\":\"https:\/\/horticom.ee\/e-pood\/toode\/altkastmismatt-06-x-24m-sp\/\",\"name\":\"Altkastmismatt 0,6 x 2,4m - Horticom\",\"isPartOf\":{\"@id\":\"https:\/\/horticom.ee\/e-pood\/#website\"},\"primaryImageOfPage\":{\"@id\":\"https:\/\/horticom.ee\/e-pood\/toode\/altkastmismatt-06-x-24m-sp\/#primaryimage\"},\"image\":{\"@id\":\"https:\/\/horticom.ee\/e-pood\/toode\/altkastmismatt-06-x-24m-sp\/#primaryimage\"},\"thumbnailUrl\":\"https:\/\/horticom.ee\/e-pood\/wp-content\/uploads\/importedmedia\/product-152995_0-150092.jpg\",\"datePublished\":\"2022-01-17T14:01:27+00:00\",\"dateModified\":\"2026-05-13T00:05:36+00:00\",\"breadcrumb\":{\"@id\":\"https:\/\/horticom.ee\/e-pood\/toode\/altkastmismatt-06-x-24m-sp\/#breadcrumb\"},\"inLanguage\":\"et\",\"potentialAction\":[{\"@type\":\"ReadAction\",\"target\":[\"https:\/\/horticom.ee\/e-pood\/toode\/altkastmismatt-06-x-24m-sp\/\"]}]},{\"@type\":\"ImageObject\",\"inLanguage\":\"et\",\"@id\":\"https:\/\/horticom.ee\/e-pood\/toode\/altkastmismatt-06-x-24m-sp\/#primaryimage\",\"url\":\"https:\/\/horticom.ee\/e-pood\/wp-content\/uploads\/importedmedia\/product-152995_0-150092.jpg\",\"contentUrl\":\"https:\/\/horticom.ee\/e-pood\/wp-content\/uploads\/importedmedia\/product-152995_0-150092.jpg\",\"width\":1000,\"height\":714},{\"@type\":\"BreadcrumbList\",\"@id\":\"https:\/\/horticom.ee\/e-pood\/toode\/altkastmismatt-06-x-24m-sp\/#breadcrumb\",\"itemListElement\":[{\"@type\":\"ListItem\",\"position\":1,\"name\":\"Home\",\"item\":\"https:\/\/horticom.ee\/e-pood\/\"},{\"@type\":\"ListItem\",\"position\":2,\"name\":\"Pood\",\"item\":\"https:\/\/horticom.ee\/e-pood\/pood\/\"},{\"@type\":\"ListItem\",\"position\":3,\"name\":\"Altkastmismatt 0,6 x 2,4m\"}]},{\"@type\":\"WebSite\",\"@id\":\"https:\/\/horticom.ee\/e-pood\/#website\",\"url\":\"https:\/\/horticom.ee\/e-pood\/\",\"name\":\"Horticom.ee\",\"description\":\"Aianduskaubad ja kodukaubad nii harrastajatele kui professionaalidele\",\"potentialAction\":[{\"@type\":\"SearchAction\",\"target\":{\"@type\":\"EntryPoint\",\"urlTemplate\":\"https:\/\/horticom.ee\/e-pood\/?s={search_term_string}\"},\"query-input\":{\"@type\":\"PropertyValueSpecification\",\"valueRequired\":true,\"valueName\":\"search_term_string\"}}],\"inLanguage\":\"et\"}]}<\/script>\n<!-- \/ Yoast SEO plugin. -->","yoast_head_json":{"title":"Altkastmismatt 0,6 x 2,4m - Horticom","robots":{"index":"index","follow":"follow","max-snippet":"max-snippet:-1","max-image-preview":"max-image-preview:large","max-video-preview":"max-video-preview:-1"},"canonical":"https:\/\/horticom.ee\/e-pood\/toode\/altkastmismatt-06-x-24m-sp\/","og_locale":"et_EE","og_type":"article","og_title":"Altkastmismatt 0,6 x 2,4m - Horticom","og_description":"Altkastmismatt 0,6 x 2,4m &#8211; Niiskusmatt Hydrotex on m\u00f5eldud konteinertaimede niiskushoidjaks, kangas imab endasse kuni 3,5l m2 kohta. Taimi tuleb kasta regulaarselt, kuid harvem. Kasutusviisid: 1.Horisontaalselt (potid peal) 2.Konteiner vooderdatud 3.Kasvumullas t\u00fckkidena. M\u00f5\u00f5tmetega 0,6 x 2,4m.","og_url":"https:\/\/horticom.ee\/e-pood\/toode\/altkastmismatt-06-x-24m-sp\/","og_site_name":"Horticom.ee","article_publisher":"https:\/\/www.facebook.com\/horticom.ee\/e-pood","article_modified_time":"2026-05-13T00:05:36+00:00","og_image":[{"width":1000,"height":714,"url":"https:\/\/horticom.ee\/e-pood\/wp-content\/uploads\/importedmedia\/product-152995_0-150092.jpg","type":"image\/jpeg"}],"twitter_card":"summary_large_image","schema":{"@context":"https:\/\/schema.org","@graph":[{"@type":"WebPage","@id":"https:\/\/horticom.ee\/e-pood\/toode\/altkastmismatt-06-x-24m-sp\/","url":"https:\/\/horticom.ee\/e-pood\/toode\/altkastmismatt-06-x-24m-sp\/","name":"Altkastmismatt 0,6 x 2,4m - Horticom","isPartOf":{"@id":"https:\/\/horticom.ee\/e-pood\/#website"},"primaryImageOfPage":{"@id":"https:\/\/horticom.ee\/e-pood\/toode\/altkastmismatt-06-x-24m-sp\/#primaryimage"},"image":{"@id":"https:\/\/horticom.ee\/e-pood\/toode\/altkastmismatt-06-x-24m-sp\/#primaryimage"},"thumbnailUrl":"https:\/\/horticom.ee\/e-pood\/wp-content\/uploads\/importedmedia\/product-152995_0-150092.jpg","datePublished":"2022-01-17T14:01:27+00:00","dateModified":"2026-05-13T00:05:36+00:00","breadcrumb":{"@id":"https:\/\/horticom.ee\/e-pood\/toode\/altkastmismatt-06-x-24m-sp\/#breadcrumb"},"inLanguage":"et","potentialAction":[{"@type":"ReadAction","target":["https:\/\/horticom.ee\/e-pood\/toode\/altkastmismatt-06-x-24m-sp\/"]}]},{"@type":"ImageObject","inLanguage":"et","@id":"https:\/\/horticom.ee\/e-pood\/toode\/altkastmismatt-06-x-24m-sp\/#primaryimage","url":"https:\/\/horticom.ee\/e-pood\/wp-content\/uploads\/importedmedia\/product-152995_0-150092.jpg","contentUrl":"https:\/\/horticom.ee\/e-pood\/wp-content\/uploads\/importedmedia\/product-152995_0-150092.jpg","width":1000,"height":714},{"@type":"BreadcrumbList","@id":"https:\/\/horticom.ee\/e-pood\/toode\/altkastmismatt-06-x-24m-sp\/#breadcrumb","itemListElement":[{"@type":"ListItem","position":1,"name":"Home","item":"https:\/\/horticom.ee\/e-pood\/"},{"@type":"ListItem","position":2,"name":"Pood","item":"https:\/\/horticom.ee\/e-pood\/pood\/"},{"@type":"ListItem","position":3,"name":"Altkastmismatt 0,6 x 2,4m"}]},{"@type":"WebSite","@id":"https:\/\/horticom.ee\/e-pood\/#website","url":"https:\/\/horticom.ee\/e-pood\/","name":"Horticom.ee","description":"Aianduskaubad ja kodukaubad nii harrastajatele kui professionaalidele","potentialAction":[{"@type":"SearchAction","target":{"@type":"EntryPoint","urlTemplate":"https:\/\/horticom.ee\/e-pood\/?s={search_term_string}"},"query-input":{"@type":"PropertyValueSpecification","valueRequired":true,"valueName":"search_term_string"}}],"inLanguage":"et"}]}},"_links":{"self":[{"href":"https:\/\/horticom.ee\/e-pood\/wp-json\/wp\/v2\/product\/152995","targetHints":{"allow":["GET"]}}],"collection":[{"href":"https:\/\/horticom.ee\/e-pood\/wp-json\/wp\/v2\/product"}],"about":[{"href":"https:\/\/horticom.ee\/e-pood\/wp-json\/wp\/v2\/types\/product"}],"replies":[{"embeddable":true,"href":"https:\/\/horticom.ee\/e-pood\/wp-json\/wp\/v2\/comments?post=152995"}],"wp:featuredmedia":[{"embeddable":true,"href":"https:\/\/horticom.ee\/e-pood\/wp-json\/wp\/v2\/media\/2377312"}],"wp:attachment":[{"href":"https:\/\/horticom.ee\/e-pood\/wp-json\/wp\/v2\/media?parent=152995"}],"wp:term":[{"taxonomy":"product_cat","embeddable":true,"href":"https:\/\/horticom.ee\/e-pood\/wp-json\/wp\/v2\/product_cat?post=152995"},{"taxonomy":"product_tag","embeddable":true,"href":"https:\/\/horticom.ee\/e-pood\/wp-json\/wp\/v2\/product_tag?post=152995"}],"curies":[{"name":"wp","href":"https:\/\/api.w.org\/{rel}","templated":true}]}}