{"id":153018,"date":"2022-01-17T16:01:41","date_gmt":"2022-01-17T14:01:41","guid":{"rendered":"https:\/\/aednik24.ee\/toode\/maasikas-rugen-fragaria-vesca-l\/"},"modified":"2026-04-23T03:14:03","modified_gmt":"2026-04-23T00:14:03","slug":"maasikas-rugen-fragaria-vesca-l","status":"publish","type":"product","link":"https:\/\/horticom.ee\/e-pood\/toode\/maasikas-rugen-fragaria-vesca-l\/","title":{"rendered":"Maasikas Rugen &#8211; Fragaria vesca L."},"content":{"rendered":"<p>Maasikas Rugen on mitmeaastane taim, viljad punased magusad ja aromaatsed. Kultuurtaimede marjad on tunduvalt suuremad, kui looduses kasvavatel metsmaasikatel. Annab saaki juunist s\u00fcgiseni. V\u00f5ib kasvatada alpinaariumides, talub h\u00e4sti varjulist kasvukohta. 1g umbes 3000 seemet.<\/p>\n","protected":false},"excerpt":{"rendered":"<p>Maasikas Rugen on mitmeaastane taim, viljad punased magusad ja aromaatsed. Kultuurtaimede marjad on tunduvalt suuremad, kui looduses kasvavatel metsmaasikatel. Annab saaki juunist s\u00fcgiseni. V\u00f5ib kasvatada alpinaariumides, talub h\u00e4sti varjulist kasvukohta. 1g umbes 3000 seemet.<\/p>\n","protected":false},"featured_media":174055,"comment_status":"closed","ping_status":"closed","template":"","meta":{"_themeisle_gutenberg_block_has_review":false},"product_cat":[13492],"product_tag":[],"class_list":{"0":"post-153018","1":"product","2":"type-product","3":"status-publish","4":"has-post-thumbnail","6":"product_cat-maasikas","8":"first","9":"instock","10":"shipping-taxable","11":"purchasable","12":"product-type-simple"},"yoast_head":"<!-- This site is optimized with the Yoast SEO plugin v24.0 - https:\/\/yoast.com\/wordpress\/plugins\/seo\/ -->\n<title>Maasikas Rugen - Fragaria vesca L. - Horticom.ee\/e-pood<\/title>\n<meta name=\"description\" content=\"Maasikas Rugen \u2013 Mitmeaastane, magusate punaste viljadega taim. Annab saaki juunist s\u00fcgiseni, sobib kasvatamiseks ka varjulises kohas.\" \/>\n<meta name=\"robots\" content=\"index, follow, max-snippet:-1, max-image-preview:large, max-video-preview:-1\" \/>\n<link rel=\"canonical\" href=\"https:\/\/horticom.ee\/e-pood\/toode\/maasikas-rugen-fragaria-vesca-l\/\" \/>\n<meta property=\"og:locale\" content=\"et_EE\" \/>\n<meta property=\"og:type\" content=\"article\" \/>\n<meta property=\"og:title\" content=\"Maasikas Rugen - Fragaria vesca L. - Horticom.ee\/e-pood\" \/>\n<meta property=\"og:description\" content=\"Maasikas Rugen \u2013 Mitmeaastane, magusate punaste viljadega taim. Annab saaki juunist s\u00fcgiseni, sobib kasvatamiseks ka varjulises kohas.\" \/>\n<meta property=\"og:url\" content=\"https:\/\/horticom.ee\/e-pood\/toode\/maasikas-rugen-fragaria-vesca-l\/\" \/>\n<meta property=\"og:site_name\" content=\"Horticom.ee\" \/>\n<meta property=\"article:publisher\" content=\"https:\/\/www.facebook.com\/horticom.ee\/e-pood\" \/>\n<meta property=\"article:modified_time\" content=\"2026-04-23T00:14:03+00:00\" \/>\n<meta property=\"og:image\" content=\"https:\/\/horticom.ee\/e-pood\/wp-content\/uploads\/importedmedia\/product-153018_0-LA1137.jpg\" \/>\n\t<meta property=\"og:image:width\" content=\"1000\" \/>\n\t<meta property=\"og:image:height\" content=\"1798\" \/>\n\t<meta property=\"og:image:type\" content=\"image\/jpeg\" \/>\n<meta name=\"twitter:card\" content=\"summary_large_image\" \/>\n<script type=\"application\/ld+json\" class=\"yoast-schema-graph\">{\"@context\":\"https:\/\/schema.org\",\"@graph\":[{\"@type\":\"WebPage\",\"@id\":\"https:\/\/horticom.ee\/e-pood\/toode\/maasikas-rugen-fragaria-vesca-l\/\",\"url\":\"https:\/\/horticom.ee\/e-pood\/toode\/maasikas-rugen-fragaria-vesca-l\/\",\"name\":\"Maasikas Rugen - Fragaria vesca L. - Horticom.ee\/e-pood\",\"isPartOf\":{\"@id\":\"https:\/\/horticom.ee\/e-pood\/#website\"},\"primaryImageOfPage\":{\"@id\":\"https:\/\/horticom.ee\/e-pood\/toode\/maasikas-rugen-fragaria-vesca-l\/#primaryimage\"},\"image\":{\"@id\":\"https:\/\/horticom.ee\/e-pood\/toode\/maasikas-rugen-fragaria-vesca-l\/#primaryimage\"},\"thumbnailUrl\":\"https:\/\/horticom.ee\/e-pood\/wp-content\/uploads\/importedmedia\/product-153018_0-LA1137.jpg\",\"datePublished\":\"2022-01-17T14:01:41+00:00\",\"dateModified\":\"2026-04-23T00:14:03+00:00\",\"description\":\"Maasikas Rugen \u2013 Mitmeaastane, magusate punaste viljadega taim. Annab saaki juunist s\u00fcgiseni, sobib kasvatamiseks ka varjulises kohas.\",\"breadcrumb\":{\"@id\":\"https:\/\/horticom.ee\/e-pood\/toode\/maasikas-rugen-fragaria-vesca-l\/#breadcrumb\"},\"inLanguage\":\"et\",\"potentialAction\":[{\"@type\":\"ReadAction\",\"target\":[\"https:\/\/horticom.ee\/e-pood\/toode\/maasikas-rugen-fragaria-vesca-l\/\"]}]},{\"@type\":\"ImageObject\",\"inLanguage\":\"et\",\"@id\":\"https:\/\/horticom.ee\/e-pood\/toode\/maasikas-rugen-fragaria-vesca-l\/#primaryimage\",\"url\":\"https:\/\/horticom.ee\/e-pood\/wp-content\/uploads\/importedmedia\/product-153018_0-LA1137.jpg\",\"contentUrl\":\"https:\/\/horticom.ee\/e-pood\/wp-content\/uploads\/importedmedia\/product-153018_0-LA1137.jpg\",\"width\":1000,\"height\":1798,\"caption\":\"Maasikas Rugen - Fragaria vesca L.\"},{\"@type\":\"BreadcrumbList\",\"@id\":\"https:\/\/horticom.ee\/e-pood\/toode\/maasikas-rugen-fragaria-vesca-l\/#breadcrumb\",\"itemListElement\":[{\"@type\":\"ListItem\",\"position\":1,\"name\":\"Home\",\"item\":\"https:\/\/horticom.ee\/e-pood\/\"},{\"@type\":\"ListItem\",\"position\":2,\"name\":\"Pood\",\"item\":\"https:\/\/horticom.ee\/e-pood\/pood\/\"},{\"@type\":\"ListItem\",\"position\":3,\"name\":\"Maasikas Rugen &#8211; Fragaria vesca L.\"}]},{\"@type\":\"WebSite\",\"@id\":\"https:\/\/horticom.ee\/e-pood\/#website\",\"url\":\"https:\/\/horticom.ee\/e-pood\/\",\"name\":\"Horticom.ee\",\"description\":\"Aianduskaubad ja kodukaubad nii harrastajatele kui professionaalidele\",\"potentialAction\":[{\"@type\":\"SearchAction\",\"target\":{\"@type\":\"EntryPoint\",\"urlTemplate\":\"https:\/\/horticom.ee\/e-pood\/?s={search_term_string}\"},\"query-input\":{\"@type\":\"PropertyValueSpecification\",\"valueRequired\":true,\"valueName\":\"search_term_string\"}}],\"inLanguage\":\"et\"}]}<\/script>\n<!-- \/ Yoast SEO plugin. -->","yoast_head_json":{"title":"Maasikas Rugen - Fragaria vesca L. - Horticom.ee\/e-pood","description":"Maasikas Rugen \u2013 Mitmeaastane, magusate punaste viljadega taim. Annab saaki juunist s\u00fcgiseni, sobib kasvatamiseks ka varjulises kohas.","robots":{"index":"index","follow":"follow","max-snippet":"max-snippet:-1","max-image-preview":"max-image-preview:large","max-video-preview":"max-video-preview:-1"},"canonical":"https:\/\/horticom.ee\/e-pood\/toode\/maasikas-rugen-fragaria-vesca-l\/","og_locale":"et_EE","og_type":"article","og_title":"Maasikas Rugen - Fragaria vesca L. - Horticom.ee\/e-pood","og_description":"Maasikas Rugen \u2013 Mitmeaastane, magusate punaste viljadega taim. Annab saaki juunist s\u00fcgiseni, sobib kasvatamiseks ka varjulises kohas.","og_url":"https:\/\/horticom.ee\/e-pood\/toode\/maasikas-rugen-fragaria-vesca-l\/","og_site_name":"Horticom.ee","article_publisher":"https:\/\/www.facebook.com\/horticom.ee\/e-pood","article_modified_time":"2026-04-23T00:14:03+00:00","og_image":[{"width":1000,"height":1798,"url":"https:\/\/horticom.ee\/e-pood\/wp-content\/uploads\/importedmedia\/product-153018_0-LA1137.jpg","type":"image\/jpeg"}],"twitter_card":"summary_large_image","schema":{"@context":"https:\/\/schema.org","@graph":[{"@type":"WebPage","@id":"https:\/\/horticom.ee\/e-pood\/toode\/maasikas-rugen-fragaria-vesca-l\/","url":"https:\/\/horticom.ee\/e-pood\/toode\/maasikas-rugen-fragaria-vesca-l\/","name":"Maasikas Rugen - Fragaria vesca L. - Horticom.ee\/e-pood","isPartOf":{"@id":"https:\/\/horticom.ee\/e-pood\/#website"},"primaryImageOfPage":{"@id":"https:\/\/horticom.ee\/e-pood\/toode\/maasikas-rugen-fragaria-vesca-l\/#primaryimage"},"image":{"@id":"https:\/\/horticom.ee\/e-pood\/toode\/maasikas-rugen-fragaria-vesca-l\/#primaryimage"},"thumbnailUrl":"https:\/\/horticom.ee\/e-pood\/wp-content\/uploads\/importedmedia\/product-153018_0-LA1137.jpg","datePublished":"2022-01-17T14:01:41+00:00","dateModified":"2026-04-23T00:14:03+00:00","description":"Maasikas Rugen \u2013 Mitmeaastane, magusate punaste viljadega taim. Annab saaki juunist s\u00fcgiseni, sobib kasvatamiseks ka varjulises kohas.","breadcrumb":{"@id":"https:\/\/horticom.ee\/e-pood\/toode\/maasikas-rugen-fragaria-vesca-l\/#breadcrumb"},"inLanguage":"et","potentialAction":[{"@type":"ReadAction","target":["https:\/\/horticom.ee\/e-pood\/toode\/maasikas-rugen-fragaria-vesca-l\/"]}]},{"@type":"ImageObject","inLanguage":"et","@id":"https:\/\/horticom.ee\/e-pood\/toode\/maasikas-rugen-fragaria-vesca-l\/#primaryimage","url":"https:\/\/horticom.ee\/e-pood\/wp-content\/uploads\/importedmedia\/product-153018_0-LA1137.jpg","contentUrl":"https:\/\/horticom.ee\/e-pood\/wp-content\/uploads\/importedmedia\/product-153018_0-LA1137.jpg","width":1000,"height":1798,"caption":"Maasikas Rugen - Fragaria vesca L."},{"@type":"BreadcrumbList","@id":"https:\/\/horticom.ee\/e-pood\/toode\/maasikas-rugen-fragaria-vesca-l\/#breadcrumb","itemListElement":[{"@type":"ListItem","position":1,"name":"Home","item":"https:\/\/horticom.ee\/e-pood\/"},{"@type":"ListItem","position":2,"name":"Pood","item":"https:\/\/horticom.ee\/e-pood\/pood\/"},{"@type":"ListItem","position":3,"name":"Maasikas Rugen &#8211; Fragaria vesca L."}]},{"@type":"WebSite","@id":"https:\/\/horticom.ee\/e-pood\/#website","url":"https:\/\/horticom.ee\/e-pood\/","name":"Horticom.ee","description":"Aianduskaubad ja kodukaubad nii harrastajatele kui professionaalidele","potentialAction":[{"@type":"SearchAction","target":{"@type":"EntryPoint","urlTemplate":"https:\/\/horticom.ee\/e-pood\/?s={search_term_string}"},"query-input":{"@type":"PropertyValueSpecification","valueRequired":true,"valueName":"search_term_string"}}],"inLanguage":"et"}]}},"_links":{"self":[{"href":"https:\/\/horticom.ee\/e-pood\/wp-json\/wp\/v2\/product\/153018","targetHints":{"allow":["GET"]}}],"collection":[{"href":"https:\/\/horticom.ee\/e-pood\/wp-json\/wp\/v2\/product"}],"about":[{"href":"https:\/\/horticom.ee\/e-pood\/wp-json\/wp\/v2\/types\/product"}],"replies":[{"embeddable":true,"href":"https:\/\/horticom.ee\/e-pood\/wp-json\/wp\/v2\/comments?post=153018"}],"wp:featuredmedia":[{"embeddable":true,"href":"https:\/\/horticom.ee\/e-pood\/wp-json\/wp\/v2\/media\/174055"}],"wp:attachment":[{"href":"https:\/\/horticom.ee\/e-pood\/wp-json\/wp\/v2\/media?parent=153018"}],"wp:term":[{"taxonomy":"product_cat","embeddable":true,"href":"https:\/\/horticom.ee\/e-pood\/wp-json\/wp\/v2\/product_cat?post=153018"},{"taxonomy":"product_tag","embeddable":true,"href":"https:\/\/horticom.ee\/e-pood\/wp-json\/wp\/v2\/product_tag?post=153018"}],"curies":[{"name":"wp","href":"https:\/\/api.w.org\/{rel}","templated":true}]}}