{"id":153038,"date":"2022-01-17T16:01:55","date_gmt":"2022-01-17T14:01:55","guid":{"rendered":"https:\/\/aednik24.ee\/toode\/piparmunt-006g-a\/"},"modified":"2026-04-19T03:08:09","modified_gmt":"2026-04-19T00:08:09","slug":"piparmunt-006g-a","status":"publish","type":"product","link":"https:\/\/horticom.ee\/e-pood\/toode\/piparmunt-006g-a\/","title":{"rendered":"Piparm\u00fcnt 0,06g A"},"content":{"rendered":"<p>Piparm\u00fcnt on teistest kasvatatavatest m\u00fcntidest k\u00f5ige madalam (kuni 60 cm). Vars on p\u00fcstine, peaaegu paljas, lehed on piklikud v\u00f5i s\u00fcstjad, teravalt saagja servaga, pealt paljad, alt roodude kohalt m\u00f5nikord karvased. \u00d5itseb juulist septembrini v\u00e4ikeste roosade v\u00f5i lillakate \u00f5itega, mis on koondunud tihedasse t\u00e4hkjasse \u00f5isikusse.<\/p>\n","protected":false},"excerpt":{"rendered":"<p>Piparm\u00fcnt on teistest kasvatatavatest m\u00fcntidest k\u00f5ige madalam (kuni 60 cm). Vars on p\u00fcstine, peaaegu paljas, lehed on piklikud v\u00f5i s\u00fcstjad, teravalt saagja servaga, pealt paljad, alt roodude kohalt m\u00f5nikord karvased. \u00d5itseb juulist septembrini v\u00e4ikeste roosade v\u00f5i lillakate \u00f5itega, mis on koondunud tihedasse t\u00e4hkjasse \u00f5isikusse.<\/p>\n","protected":false},"featured_media":2382630,"comment_status":"closed","ping_status":"closed","template":"","meta":{"_themeisle_gutenberg_block_has_review":false},"product_cat":[13490],"product_tag":[],"class_list":{"0":"post-153038","1":"product","2":"type-product","3":"status-publish","4":"has-post-thumbnail","6":"product_cat-maitsetaimede-seemned","8":"first","9":"outofstock","10":"shipping-taxable","11":"purchasable","12":"product-type-simple"},"yoast_head":"<!-- This site is optimized with the Yoast SEO plugin v24.0 - https:\/\/yoast.com\/wordpress\/plugins\/seo\/ -->\n<title>Piparm\u00fcnt 0,06g A - Horticom<\/title>\n<meta name=\"robots\" content=\"index, follow, max-snippet:-1, max-image-preview:large, max-video-preview:-1\" \/>\n<link rel=\"canonical\" href=\"https:\/\/horticom.ee\/e-pood\/toode\/piparmunt-006g-a\/\" \/>\n<meta property=\"og:locale\" content=\"et_EE\" \/>\n<meta property=\"og:type\" content=\"article\" \/>\n<meta property=\"og:title\" content=\"Piparm\u00fcnt 0,06g A - Horticom\" \/>\n<meta property=\"og:description\" content=\"Piparm\u00fcnt on teistest kasvatatavatest m\u00fcntidest k\u00f5ige madalam (kuni 60 cm). Vars on p\u00fcstine, peaaegu paljas, lehed on piklikud v\u00f5i s\u00fcstjad, teravalt saagja servaga, pealt paljad, alt roodude kohalt m\u00f5nikord karvased. \u00d5itseb juulist septembrini v\u00e4ikeste roosade v\u00f5i lillakate \u00f5itega, mis on koondunud tihedasse t\u00e4hkjasse \u00f5isikusse.\" \/>\n<meta property=\"og:url\" content=\"https:\/\/horticom.ee\/e-pood\/toode\/piparmunt-006g-a\/\" \/>\n<meta property=\"og:site_name\" content=\"Horticom.ee\" \/>\n<meta property=\"article:publisher\" content=\"https:\/\/www.facebook.com\/horticom.ee\/e-pood\" \/>\n<meta property=\"article:modified_time\" content=\"2026-04-19T00:08:09+00:00\" \/>\n<meta property=\"og:image\" content=\"https:\/\/horticom.ee\/e-pood\/wp-content\/uploads\/importedmedia\/product-153038_0-1401170.jpg\" \/>\n\t<meta property=\"og:image:width\" content=\"1000\" \/>\n\t<meta property=\"og:image:height\" content=\"1577\" \/>\n\t<meta property=\"og:image:type\" content=\"image\/jpeg\" \/>\n<meta name=\"twitter:card\" content=\"summary_large_image\" \/>\n<script type=\"application\/ld+json\" class=\"yoast-schema-graph\">{\"@context\":\"https:\/\/schema.org\",\"@graph\":[{\"@type\":\"WebPage\",\"@id\":\"https:\/\/horticom.ee\/e-pood\/toode\/piparmunt-006g-a\/\",\"url\":\"https:\/\/horticom.ee\/e-pood\/toode\/piparmunt-006g-a\/\",\"name\":\"Piparm\u00fcnt 0,06g A - Horticom\",\"isPartOf\":{\"@id\":\"https:\/\/horticom.ee\/e-pood\/#website\"},\"primaryImageOfPage\":{\"@id\":\"https:\/\/horticom.ee\/e-pood\/toode\/piparmunt-006g-a\/#primaryimage\"},\"image\":{\"@id\":\"https:\/\/horticom.ee\/e-pood\/toode\/piparmunt-006g-a\/#primaryimage\"},\"thumbnailUrl\":\"https:\/\/horticom.ee\/e-pood\/wp-content\/uploads\/importedmedia\/product-153038_0-1401170.jpg\",\"datePublished\":\"2022-01-17T14:01:55+00:00\",\"dateModified\":\"2026-04-19T00:08:09+00:00\",\"breadcrumb\":{\"@id\":\"https:\/\/horticom.ee\/e-pood\/toode\/piparmunt-006g-a\/#breadcrumb\"},\"inLanguage\":\"et\",\"potentialAction\":[{\"@type\":\"ReadAction\",\"target\":[\"https:\/\/horticom.ee\/e-pood\/toode\/piparmunt-006g-a\/\"]}]},{\"@type\":\"ImageObject\",\"inLanguage\":\"et\",\"@id\":\"https:\/\/horticom.ee\/e-pood\/toode\/piparmunt-006g-a\/#primaryimage\",\"url\":\"https:\/\/horticom.ee\/e-pood\/wp-content\/uploads\/importedmedia\/product-153038_0-1401170.jpg\",\"contentUrl\":\"https:\/\/horticom.ee\/e-pood\/wp-content\/uploads\/importedmedia\/product-153038_0-1401170.jpg\",\"width\":1000,\"height\":1577},{\"@type\":\"BreadcrumbList\",\"@id\":\"https:\/\/horticom.ee\/e-pood\/toode\/piparmunt-006g-a\/#breadcrumb\",\"itemListElement\":[{\"@type\":\"ListItem\",\"position\":1,\"name\":\"Home\",\"item\":\"https:\/\/horticom.ee\/e-pood\/\"},{\"@type\":\"ListItem\",\"position\":2,\"name\":\"Pood\",\"item\":\"https:\/\/horticom.ee\/e-pood\/pood\/\"},{\"@type\":\"ListItem\",\"position\":3,\"name\":\"Piparm\u00fcnt 0,06g A\"}]},{\"@type\":\"WebSite\",\"@id\":\"https:\/\/horticom.ee\/e-pood\/#website\",\"url\":\"https:\/\/horticom.ee\/e-pood\/\",\"name\":\"Horticom.ee\",\"description\":\"Aianduskaubad ja kodukaubad nii harrastajatele kui professionaalidele\",\"potentialAction\":[{\"@type\":\"SearchAction\",\"target\":{\"@type\":\"EntryPoint\",\"urlTemplate\":\"https:\/\/horticom.ee\/e-pood\/?s={search_term_string}\"},\"query-input\":{\"@type\":\"PropertyValueSpecification\",\"valueRequired\":true,\"valueName\":\"search_term_string\"}}],\"inLanguage\":\"et\"}]}<\/script>\n<!-- \/ Yoast SEO plugin. -->","yoast_head_json":{"title":"Piparm\u00fcnt 0,06g A - Horticom","robots":{"index":"index","follow":"follow","max-snippet":"max-snippet:-1","max-image-preview":"max-image-preview:large","max-video-preview":"max-video-preview:-1"},"canonical":"https:\/\/horticom.ee\/e-pood\/toode\/piparmunt-006g-a\/","og_locale":"et_EE","og_type":"article","og_title":"Piparm\u00fcnt 0,06g A - Horticom","og_description":"Piparm\u00fcnt on teistest kasvatatavatest m\u00fcntidest k\u00f5ige madalam (kuni 60 cm). Vars on p\u00fcstine, peaaegu paljas, lehed on piklikud v\u00f5i s\u00fcstjad, teravalt saagja servaga, pealt paljad, alt roodude kohalt m\u00f5nikord karvased. \u00d5itseb juulist septembrini v\u00e4ikeste roosade v\u00f5i lillakate \u00f5itega, mis on koondunud tihedasse t\u00e4hkjasse \u00f5isikusse.","og_url":"https:\/\/horticom.ee\/e-pood\/toode\/piparmunt-006g-a\/","og_site_name":"Horticom.ee","article_publisher":"https:\/\/www.facebook.com\/horticom.ee\/e-pood","article_modified_time":"2026-04-19T00:08:09+00:00","og_image":[{"width":1000,"height":1577,"url":"https:\/\/horticom.ee\/e-pood\/wp-content\/uploads\/importedmedia\/product-153038_0-1401170.jpg","type":"image\/jpeg"}],"twitter_card":"summary_large_image","schema":{"@context":"https:\/\/schema.org","@graph":[{"@type":"WebPage","@id":"https:\/\/horticom.ee\/e-pood\/toode\/piparmunt-006g-a\/","url":"https:\/\/horticom.ee\/e-pood\/toode\/piparmunt-006g-a\/","name":"Piparm\u00fcnt 0,06g A - Horticom","isPartOf":{"@id":"https:\/\/horticom.ee\/e-pood\/#website"},"primaryImageOfPage":{"@id":"https:\/\/horticom.ee\/e-pood\/toode\/piparmunt-006g-a\/#primaryimage"},"image":{"@id":"https:\/\/horticom.ee\/e-pood\/toode\/piparmunt-006g-a\/#primaryimage"},"thumbnailUrl":"https:\/\/horticom.ee\/e-pood\/wp-content\/uploads\/importedmedia\/product-153038_0-1401170.jpg","datePublished":"2022-01-17T14:01:55+00:00","dateModified":"2026-04-19T00:08:09+00:00","breadcrumb":{"@id":"https:\/\/horticom.ee\/e-pood\/toode\/piparmunt-006g-a\/#breadcrumb"},"inLanguage":"et","potentialAction":[{"@type":"ReadAction","target":["https:\/\/horticom.ee\/e-pood\/toode\/piparmunt-006g-a\/"]}]},{"@type":"ImageObject","inLanguage":"et","@id":"https:\/\/horticom.ee\/e-pood\/toode\/piparmunt-006g-a\/#primaryimage","url":"https:\/\/horticom.ee\/e-pood\/wp-content\/uploads\/importedmedia\/product-153038_0-1401170.jpg","contentUrl":"https:\/\/horticom.ee\/e-pood\/wp-content\/uploads\/importedmedia\/product-153038_0-1401170.jpg","width":1000,"height":1577},{"@type":"BreadcrumbList","@id":"https:\/\/horticom.ee\/e-pood\/toode\/piparmunt-006g-a\/#breadcrumb","itemListElement":[{"@type":"ListItem","position":1,"name":"Home","item":"https:\/\/horticom.ee\/e-pood\/"},{"@type":"ListItem","position":2,"name":"Pood","item":"https:\/\/horticom.ee\/e-pood\/pood\/"},{"@type":"ListItem","position":3,"name":"Piparm\u00fcnt 0,06g A"}]},{"@type":"WebSite","@id":"https:\/\/horticom.ee\/e-pood\/#website","url":"https:\/\/horticom.ee\/e-pood\/","name":"Horticom.ee","description":"Aianduskaubad ja kodukaubad nii harrastajatele kui professionaalidele","potentialAction":[{"@type":"SearchAction","target":{"@type":"EntryPoint","urlTemplate":"https:\/\/horticom.ee\/e-pood\/?s={search_term_string}"},"query-input":{"@type":"PropertyValueSpecification","valueRequired":true,"valueName":"search_term_string"}}],"inLanguage":"et"}]}},"_links":{"self":[{"href":"https:\/\/horticom.ee\/e-pood\/wp-json\/wp\/v2\/product\/153038","targetHints":{"allow":["GET"]}}],"collection":[{"href":"https:\/\/horticom.ee\/e-pood\/wp-json\/wp\/v2\/product"}],"about":[{"href":"https:\/\/horticom.ee\/e-pood\/wp-json\/wp\/v2\/types\/product"}],"replies":[{"embeddable":true,"href":"https:\/\/horticom.ee\/e-pood\/wp-json\/wp\/v2\/comments?post=153038"}],"wp:featuredmedia":[{"embeddable":true,"href":"https:\/\/horticom.ee\/e-pood\/wp-json\/wp\/v2\/media\/2382630"}],"wp:attachment":[{"href":"https:\/\/horticom.ee\/e-pood\/wp-json\/wp\/v2\/media?parent=153038"}],"wp:term":[{"taxonomy":"product_cat","embeddable":true,"href":"https:\/\/horticom.ee\/e-pood\/wp-json\/wp\/v2\/product_cat?post=153038"},{"taxonomy":"product_tag","embeddable":true,"href":"https:\/\/horticom.ee\/e-pood\/wp-json\/wp\/v2\/product_tag?post=153038"}],"curies":[{"name":"wp","href":"https:\/\/api.w.org\/{rel}","templated":true}]}}