{"id":153091,"date":"2022-01-17T16:02:29","date_gmt":"2022-01-17T14:02:29","guid":{"rendered":"https:\/\/aednik24.ee\/toode\/keskpaevalill-segu-05g-a\/"},"modified":"2026-04-12T03:07:36","modified_gmt":"2026-04-12T00:07:36","slug":"keskpaevalill-segu-05g-a","status":"publish","type":"product","link":"https:\/\/horticom.ee\/e-pood\/toode\/keskpaevalill-segu-05g-a\/","title":{"rendered":"Keskp\u00e4evalill, segu 0,4g A"},"content":{"rendered":"<p>Keskp\u00e4evalill on \u00fcheaastane taim. 10-15cm k\u00f5rgusel taimel on lihakad lehed ja gerbera\u00f5isi meenutavad, kuni 4cm l\u00e4bim\u00f5\u00f5duga \u00f5ied. \u00d5itseb juunist k\u00fclmadeni erksav\u00e4rviliste \u00f5itega, mis on pilves ilma ja vihmaga suletud. Sobivad pinnakatjaks, kiviktaimlasse ja ka aiaanumatesse, samuti amplitesse \u00e4\u00e4retaimeks. Eelistavad kuivemat ja lahjemat pinnast.<\/p>\n","protected":false},"excerpt":{"rendered":"<p>Keskp\u00e4evalill on \u00fcheaastane taim. 10-15cm k\u00f5rgusel taimel on lihakad lehed ja gerbera\u00f5isi meenutavad, kuni 4cm l\u00e4bim\u00f5\u00f5duga \u00f5ied. \u00d5itseb juunist k\u00fclmadeni erksav\u00e4rviliste \u00f5itega, mis on pilves ilma ja vihmaga suletud. Sobivad pinnakatjaks, kiviktaimlasse ja ka aiaanumatesse, samuti amplitesse \u00e4\u00e4retaimeks. Eelistavad kuivemat ja lahjemat pinnast.<\/p>\n","protected":false},"featured_media":2382820,"comment_status":"closed","ping_status":"closed","template":"","meta":{"_themeisle_gutenberg_block_has_review":false},"product_cat":[18326],"product_tag":[],"class_list":{"0":"post-153091","1":"product","2":"type-product","3":"status-publish","4":"has-post-thumbnail","6":"product_cat-keskpaevalill-lilleseemned","8":"first","9":"outofstock","10":"shipping-taxable","11":"purchasable","12":"product-type-simple"},"yoast_head":"<!-- This site is optimized with the Yoast SEO plugin v24.0 - https:\/\/yoast.com\/wordpress\/plugins\/seo\/ -->\n<title>Keskp\u00e4evalill, segu 0,4g A - Horticom<\/title>\n<meta name=\"robots\" content=\"index, follow, max-snippet:-1, max-image-preview:large, max-video-preview:-1\" \/>\n<link rel=\"canonical\" href=\"https:\/\/horticom.ee\/e-pood\/toode\/keskpaevalill-segu-05g-a\/\" \/>\n<meta property=\"og:locale\" content=\"et_EE\" \/>\n<meta property=\"og:type\" content=\"article\" \/>\n<meta property=\"og:title\" content=\"Keskp\u00e4evalill, segu 0,4g A - Horticom\" \/>\n<meta property=\"og:description\" content=\"Keskp\u00e4evalill on \u00fcheaastane taim. 10-15cm k\u00f5rgusel taimel on lihakad lehed ja gerbera\u00f5isi meenutavad, kuni 4cm l\u00e4bim\u00f5\u00f5duga \u00f5ied. \u00d5itseb juunist k\u00fclmadeni erksav\u00e4rviliste \u00f5itega, mis on pilves ilma ja vihmaga suletud. Sobivad pinnakatjaks, kiviktaimlasse ja ka aiaanumatesse, samuti amplitesse \u00e4\u00e4retaimeks. Eelistavad kuivemat ja lahjemat pinnast.\" \/>\n<meta property=\"og:url\" content=\"https:\/\/horticom.ee\/e-pood\/toode\/keskpaevalill-segu-05g-a\/\" \/>\n<meta property=\"og:site_name\" content=\"Horticom.ee\" \/>\n<meta property=\"article:publisher\" content=\"https:\/\/www.facebook.com\/horticom.ee\/e-pood\" \/>\n<meta property=\"article:modified_time\" content=\"2026-04-12T00:07:36+00:00\" \/>\n<meta property=\"og:image\" content=\"https:\/\/horticom.ee\/e-pood\/wp-content\/uploads\/importedmedia\/product-153091_0-1404490.jpg\" \/>\n\t<meta property=\"og:image:width\" content=\"1000\" \/>\n\t<meta property=\"og:image:height\" content=\"1501\" \/>\n\t<meta property=\"og:image:type\" content=\"image\/jpeg\" \/>\n<meta name=\"twitter:card\" content=\"summary_large_image\" \/>\n<script type=\"application\/ld+json\" class=\"yoast-schema-graph\">{\"@context\":\"https:\/\/schema.org\",\"@graph\":[{\"@type\":\"WebPage\",\"@id\":\"https:\/\/horticom.ee\/e-pood\/toode\/keskpaevalill-segu-05g-a\/\",\"url\":\"https:\/\/horticom.ee\/e-pood\/toode\/keskpaevalill-segu-05g-a\/\",\"name\":\"Keskp\u00e4evalill, segu 0,4g A - Horticom\",\"isPartOf\":{\"@id\":\"https:\/\/horticom.ee\/e-pood\/#website\"},\"primaryImageOfPage\":{\"@id\":\"https:\/\/horticom.ee\/e-pood\/toode\/keskpaevalill-segu-05g-a\/#primaryimage\"},\"image\":{\"@id\":\"https:\/\/horticom.ee\/e-pood\/toode\/keskpaevalill-segu-05g-a\/#primaryimage\"},\"thumbnailUrl\":\"https:\/\/horticom.ee\/e-pood\/wp-content\/uploads\/importedmedia\/product-153091_0-1404490.jpg\",\"datePublished\":\"2022-01-17T14:02:29+00:00\",\"dateModified\":\"2026-04-12T00:07:36+00:00\",\"breadcrumb\":{\"@id\":\"https:\/\/horticom.ee\/e-pood\/toode\/keskpaevalill-segu-05g-a\/#breadcrumb\"},\"inLanguage\":\"et\",\"potentialAction\":[{\"@type\":\"ReadAction\",\"target\":[\"https:\/\/horticom.ee\/e-pood\/toode\/keskpaevalill-segu-05g-a\/\"]}]},{\"@type\":\"ImageObject\",\"inLanguage\":\"et\",\"@id\":\"https:\/\/horticom.ee\/e-pood\/toode\/keskpaevalill-segu-05g-a\/#primaryimage\",\"url\":\"https:\/\/horticom.ee\/e-pood\/wp-content\/uploads\/importedmedia\/product-153091_0-1404490.jpg\",\"contentUrl\":\"https:\/\/horticom.ee\/e-pood\/wp-content\/uploads\/importedmedia\/product-153091_0-1404490.jpg\",\"width\":1000,\"height\":1501},{\"@type\":\"BreadcrumbList\",\"@id\":\"https:\/\/horticom.ee\/e-pood\/toode\/keskpaevalill-segu-05g-a\/#breadcrumb\",\"itemListElement\":[{\"@type\":\"ListItem\",\"position\":1,\"name\":\"Home\",\"item\":\"https:\/\/horticom.ee\/e-pood\/\"},{\"@type\":\"ListItem\",\"position\":2,\"name\":\"Pood\",\"item\":\"https:\/\/horticom.ee\/e-pood\/pood\/\"},{\"@type\":\"ListItem\",\"position\":3,\"name\":\"Keskp\u00e4evalill, segu 0,4g A\"}]},{\"@type\":\"WebSite\",\"@id\":\"https:\/\/horticom.ee\/e-pood\/#website\",\"url\":\"https:\/\/horticom.ee\/e-pood\/\",\"name\":\"Horticom.ee\",\"description\":\"Aianduskaubad ja kodukaubad nii harrastajatele kui professionaalidele\",\"potentialAction\":[{\"@type\":\"SearchAction\",\"target\":{\"@type\":\"EntryPoint\",\"urlTemplate\":\"https:\/\/horticom.ee\/e-pood\/?s={search_term_string}\"},\"query-input\":{\"@type\":\"PropertyValueSpecification\",\"valueRequired\":true,\"valueName\":\"search_term_string\"}}],\"inLanguage\":\"et\"}]}<\/script>\n<!-- \/ Yoast SEO plugin. -->","yoast_head_json":{"title":"Keskp\u00e4evalill, segu 0,4g A - Horticom","robots":{"index":"index","follow":"follow","max-snippet":"max-snippet:-1","max-image-preview":"max-image-preview:large","max-video-preview":"max-video-preview:-1"},"canonical":"https:\/\/horticom.ee\/e-pood\/toode\/keskpaevalill-segu-05g-a\/","og_locale":"et_EE","og_type":"article","og_title":"Keskp\u00e4evalill, segu 0,4g A - Horticom","og_description":"Keskp\u00e4evalill on \u00fcheaastane taim. 10-15cm k\u00f5rgusel taimel on lihakad lehed ja gerbera\u00f5isi meenutavad, kuni 4cm l\u00e4bim\u00f5\u00f5duga \u00f5ied. \u00d5itseb juunist k\u00fclmadeni erksav\u00e4rviliste \u00f5itega, mis on pilves ilma ja vihmaga suletud. Sobivad pinnakatjaks, kiviktaimlasse ja ka aiaanumatesse, samuti amplitesse \u00e4\u00e4retaimeks. Eelistavad kuivemat ja lahjemat pinnast.","og_url":"https:\/\/horticom.ee\/e-pood\/toode\/keskpaevalill-segu-05g-a\/","og_site_name":"Horticom.ee","article_publisher":"https:\/\/www.facebook.com\/horticom.ee\/e-pood","article_modified_time":"2026-04-12T00:07:36+00:00","og_image":[{"width":1000,"height":1501,"url":"https:\/\/horticom.ee\/e-pood\/wp-content\/uploads\/importedmedia\/product-153091_0-1404490.jpg","type":"image\/jpeg"}],"twitter_card":"summary_large_image","schema":{"@context":"https:\/\/schema.org","@graph":[{"@type":"WebPage","@id":"https:\/\/horticom.ee\/e-pood\/toode\/keskpaevalill-segu-05g-a\/","url":"https:\/\/horticom.ee\/e-pood\/toode\/keskpaevalill-segu-05g-a\/","name":"Keskp\u00e4evalill, segu 0,4g A - Horticom","isPartOf":{"@id":"https:\/\/horticom.ee\/e-pood\/#website"},"primaryImageOfPage":{"@id":"https:\/\/horticom.ee\/e-pood\/toode\/keskpaevalill-segu-05g-a\/#primaryimage"},"image":{"@id":"https:\/\/horticom.ee\/e-pood\/toode\/keskpaevalill-segu-05g-a\/#primaryimage"},"thumbnailUrl":"https:\/\/horticom.ee\/e-pood\/wp-content\/uploads\/importedmedia\/product-153091_0-1404490.jpg","datePublished":"2022-01-17T14:02:29+00:00","dateModified":"2026-04-12T00:07:36+00:00","breadcrumb":{"@id":"https:\/\/horticom.ee\/e-pood\/toode\/keskpaevalill-segu-05g-a\/#breadcrumb"},"inLanguage":"et","potentialAction":[{"@type":"ReadAction","target":["https:\/\/horticom.ee\/e-pood\/toode\/keskpaevalill-segu-05g-a\/"]}]},{"@type":"ImageObject","inLanguage":"et","@id":"https:\/\/horticom.ee\/e-pood\/toode\/keskpaevalill-segu-05g-a\/#primaryimage","url":"https:\/\/horticom.ee\/e-pood\/wp-content\/uploads\/importedmedia\/product-153091_0-1404490.jpg","contentUrl":"https:\/\/horticom.ee\/e-pood\/wp-content\/uploads\/importedmedia\/product-153091_0-1404490.jpg","width":1000,"height":1501},{"@type":"BreadcrumbList","@id":"https:\/\/horticom.ee\/e-pood\/toode\/keskpaevalill-segu-05g-a\/#breadcrumb","itemListElement":[{"@type":"ListItem","position":1,"name":"Home","item":"https:\/\/horticom.ee\/e-pood\/"},{"@type":"ListItem","position":2,"name":"Pood","item":"https:\/\/horticom.ee\/e-pood\/pood\/"},{"@type":"ListItem","position":3,"name":"Keskp\u00e4evalill, segu 0,4g A"}]},{"@type":"WebSite","@id":"https:\/\/horticom.ee\/e-pood\/#website","url":"https:\/\/horticom.ee\/e-pood\/","name":"Horticom.ee","description":"Aianduskaubad ja kodukaubad nii harrastajatele kui professionaalidele","potentialAction":[{"@type":"SearchAction","target":{"@type":"EntryPoint","urlTemplate":"https:\/\/horticom.ee\/e-pood\/?s={search_term_string}"},"query-input":{"@type":"PropertyValueSpecification","valueRequired":true,"valueName":"search_term_string"}}],"inLanguage":"et"}]}},"_links":{"self":[{"href":"https:\/\/horticom.ee\/e-pood\/wp-json\/wp\/v2\/product\/153091","targetHints":{"allow":["GET"]}}],"collection":[{"href":"https:\/\/horticom.ee\/e-pood\/wp-json\/wp\/v2\/product"}],"about":[{"href":"https:\/\/horticom.ee\/e-pood\/wp-json\/wp\/v2\/types\/product"}],"replies":[{"embeddable":true,"href":"https:\/\/horticom.ee\/e-pood\/wp-json\/wp\/v2\/comments?post=153091"}],"wp:featuredmedia":[{"embeddable":true,"href":"https:\/\/horticom.ee\/e-pood\/wp-json\/wp\/v2\/media\/2382820"}],"wp:attachment":[{"href":"https:\/\/horticom.ee\/e-pood\/wp-json\/wp\/v2\/media?parent=153091"}],"wp:term":[{"taxonomy":"product_cat","embeddable":true,"href":"https:\/\/horticom.ee\/e-pood\/wp-json\/wp\/v2\/product_cat?post=153091"},{"taxonomy":"product_tag","embeddable":true,"href":"https:\/\/horticom.ee\/e-pood\/wp-json\/wp\/v2\/product_tag?post=153091"}],"curies":[{"name":"wp","href":"https:\/\/api.w.org\/{rel}","templated":true}]}}