{"id":153144,"date":"2022-01-17T16:03:03","date_gmt":"2022-01-17T14:03:03","guid":{"rendered":"https:\/\/aednik24.ee\/toode\/koriander-coriandrum-sativum\/"},"modified":"2026-04-16T03:11:19","modified_gmt":"2026-04-16T00:11:19","slug":"koriander-coriandrum-sativum","status":"publish","type":"product","link":"https:\/\/horticom.ee\/e-pood\/toode\/koriander-coriandrum-sativum\/","title":{"rendered":"Koriander Coriandrum sativum"},"content":{"rendered":"<p>Koriander on \u00fcheaastane, kuni 1m k\u00f5rgune maitse- ja ravimtaim. Kasutamiseks l\u00f5igatakse kogu taime maapealne osa ja kuivatatakse \u00f5hurikkas kohas, seej\u00e4rel eraldatakse seemned. Kasutamine: maitse- ja ravimtaim. Aromaatseid seemneid lisatakse kastmetele, gulja\u0161\u0161ile, pasteetidele ja kookidele. T\u00f5mmised aitavad kaasa seedekulgla haiguste ravil. Parandab s\u00f6\u00f6giisu. Kasvukoht: eelistab tuulevarjulist, sooja ja p\u00e4ikesepaistelist kasvukohta. Taimele ei meeldi liigniisked, k\u00fclmad ja happelised mullad.<\/p>\n","protected":false},"excerpt":{"rendered":"<p>Koriander on \u00fcheaastane, kuni 1m k\u00f5rgune maitse- ja ravimtaim. Kasutamiseks l\u00f5igatakse kogu taime maapealne osa ja kuivatatakse \u00f5hurikkas kohas, seej\u00e4rel eraldatakse seemned. Kasutamine: maitse- ja ravimtaim. Aromaatseid seemneid lisatakse kastmetele, gulja\u0161\u0161ile, pasteetidele ja kookidele. T\u00f5mmised aitavad kaasa seedekulgla haiguste ravil. Parandab s\u00f6\u00f6giisu. Kasvukoht: eelistab tuulevarjulist, sooja ja p\u00e4ikesepaistelist kasvukohta. Taimele ei meeldi liigniisked, k\u00fclmad ja [&hellip;]<\/p>\n","protected":false},"featured_media":172299,"comment_status":"closed","ping_status":"closed","template":"","meta":{"_themeisle_gutenberg_block_has_review":false},"product_cat":[13490],"product_tag":[],"class_list":{"0":"post-153144","1":"product","2":"type-product","3":"status-publish","4":"has-post-thumbnail","6":"product_cat-maitsetaimede-seemned","8":"first","9":"outofstock","10":"shipping-taxable","11":"purchasable","12":"product-type-simple"},"yoast_head":"<!-- This site is optimized with the Yoast SEO plugin v24.0 - https:\/\/yoast.com\/wordpress\/plugins\/seo\/ -->\n<title>Koriander Coriandrum sativum - Horticom.ee\/e-pood<\/title>\n<meta name=\"description\" content=\"Koriander Coriandrum sativum \u2013 \u00dcheaastane, kuni 1m k\u00f5rgune maitse- ja ravimtaim. Sobib maitseainena gulja\u0161\u0161ile ja kastmetele, parandab s\u00f6\u00f6giisu.\" \/>\n<meta name=\"robots\" content=\"index, follow, max-snippet:-1, max-image-preview:large, max-video-preview:-1\" \/>\n<link rel=\"canonical\" href=\"https:\/\/horticom.ee\/e-pood\/toode\/koriander-coriandrum-sativum\/\" \/>\n<meta property=\"og:locale\" content=\"et_EE\" \/>\n<meta property=\"og:type\" content=\"article\" \/>\n<meta property=\"og:title\" content=\"Koriander Coriandrum sativum - Horticom.ee\/e-pood\" \/>\n<meta property=\"og:description\" content=\"Koriander Coriandrum sativum \u2013 \u00dcheaastane, kuni 1m k\u00f5rgune maitse- ja ravimtaim. Sobib maitseainena gulja\u0161\u0161ile ja kastmetele, parandab s\u00f6\u00f6giisu.\" \/>\n<meta property=\"og:url\" content=\"https:\/\/horticom.ee\/e-pood\/toode\/koriander-coriandrum-sativum\/\" \/>\n<meta property=\"og:site_name\" content=\"Horticom.ee\" \/>\n<meta property=\"article:publisher\" content=\"https:\/\/www.facebook.com\/horticom.ee\/e-pood\" \/>\n<meta property=\"article:modified_time\" content=\"2026-04-16T00:11:19+00:00\" \/>\n<meta property=\"og:image\" content=\"https:\/\/horticom.ee\/e-pood\/wp-content\/uploads\/importedmedia\/product-153144_0-VC510-521x1024.jpg\" \/>\n\t<meta property=\"og:image:width\" content=\"521\" \/>\n\t<meta property=\"og:image:height\" content=\"1024\" \/>\n\t<meta property=\"og:image:type\" content=\"image\/jpeg\" \/>\n<meta name=\"twitter:card\" content=\"summary_large_image\" \/>\n<script type=\"application\/ld+json\" class=\"yoast-schema-graph\">{\"@context\":\"https:\/\/schema.org\",\"@graph\":[{\"@type\":\"WebPage\",\"@id\":\"https:\/\/horticom.ee\/e-pood\/toode\/koriander-coriandrum-sativum\/\",\"url\":\"https:\/\/horticom.ee\/e-pood\/toode\/koriander-coriandrum-sativum\/\",\"name\":\"Koriander Coriandrum sativum - Horticom.ee\/e-pood\",\"isPartOf\":{\"@id\":\"https:\/\/horticom.ee\/e-pood\/#website\"},\"primaryImageOfPage\":{\"@id\":\"https:\/\/horticom.ee\/e-pood\/toode\/koriander-coriandrum-sativum\/#primaryimage\"},\"image\":{\"@id\":\"https:\/\/horticom.ee\/e-pood\/toode\/koriander-coriandrum-sativum\/#primaryimage\"},\"thumbnailUrl\":\"https:\/\/horticom.ee\/e-pood\/wp-content\/uploads\/importedmedia\/product-153144_0-VC510.jpg\",\"datePublished\":\"2022-01-17T14:03:03+00:00\",\"dateModified\":\"2026-04-16T00:11:19+00:00\",\"description\":\"Koriander Coriandrum sativum \u2013 \u00dcheaastane, kuni 1m k\u00f5rgune maitse- ja ravimtaim. Sobib maitseainena gulja\u0161\u0161ile ja kastmetele, parandab s\u00f6\u00f6giisu.\",\"breadcrumb\":{\"@id\":\"https:\/\/horticom.ee\/e-pood\/toode\/koriander-coriandrum-sativum\/#breadcrumb\"},\"inLanguage\":\"et\",\"potentialAction\":[{\"@type\":\"ReadAction\",\"target\":[\"https:\/\/horticom.ee\/e-pood\/toode\/koriander-coriandrum-sativum\/\"]}]},{\"@type\":\"ImageObject\",\"inLanguage\":\"et\",\"@id\":\"https:\/\/horticom.ee\/e-pood\/toode\/koriander-coriandrum-sativum\/#primaryimage\",\"url\":\"https:\/\/horticom.ee\/e-pood\/wp-content\/uploads\/importedmedia\/product-153144_0-VC510.jpg\",\"contentUrl\":\"https:\/\/horticom.ee\/e-pood\/wp-content\/uploads\/importedmedia\/product-153144_0-VC510.jpg\",\"width\":1000,\"height\":1965,\"caption\":\"Koriander Coriandrum sativum\"},{\"@type\":\"BreadcrumbList\",\"@id\":\"https:\/\/horticom.ee\/e-pood\/toode\/koriander-coriandrum-sativum\/#breadcrumb\",\"itemListElement\":[{\"@type\":\"ListItem\",\"position\":1,\"name\":\"Home\",\"item\":\"https:\/\/horticom.ee\/e-pood\/\"},{\"@type\":\"ListItem\",\"position\":2,\"name\":\"Pood\",\"item\":\"https:\/\/horticom.ee\/e-pood\/pood\/\"},{\"@type\":\"ListItem\",\"position\":3,\"name\":\"Koriander Coriandrum sativum\"}]},{\"@type\":\"WebSite\",\"@id\":\"https:\/\/horticom.ee\/e-pood\/#website\",\"url\":\"https:\/\/horticom.ee\/e-pood\/\",\"name\":\"Horticom.ee\",\"description\":\"Aianduskaubad ja kodukaubad nii harrastajatele kui professionaalidele\",\"potentialAction\":[{\"@type\":\"SearchAction\",\"target\":{\"@type\":\"EntryPoint\",\"urlTemplate\":\"https:\/\/horticom.ee\/e-pood\/?s={search_term_string}\"},\"query-input\":{\"@type\":\"PropertyValueSpecification\",\"valueRequired\":true,\"valueName\":\"search_term_string\"}}],\"inLanguage\":\"et\"}]}<\/script>\n<!-- \/ Yoast SEO plugin. -->","yoast_head_json":{"title":"Koriander Coriandrum sativum - Horticom.ee\/e-pood","description":"Koriander Coriandrum sativum \u2013 \u00dcheaastane, kuni 1m k\u00f5rgune maitse- ja ravimtaim. Sobib maitseainena gulja\u0161\u0161ile ja kastmetele, parandab s\u00f6\u00f6giisu.","robots":{"index":"index","follow":"follow","max-snippet":"max-snippet:-1","max-image-preview":"max-image-preview:large","max-video-preview":"max-video-preview:-1"},"canonical":"https:\/\/horticom.ee\/e-pood\/toode\/koriander-coriandrum-sativum\/","og_locale":"et_EE","og_type":"article","og_title":"Koriander Coriandrum sativum - Horticom.ee\/e-pood","og_description":"Koriander Coriandrum sativum \u2013 \u00dcheaastane, kuni 1m k\u00f5rgune maitse- ja ravimtaim. Sobib maitseainena gulja\u0161\u0161ile ja kastmetele, parandab s\u00f6\u00f6giisu.","og_url":"https:\/\/horticom.ee\/e-pood\/toode\/koriander-coriandrum-sativum\/","og_site_name":"Horticom.ee","article_publisher":"https:\/\/www.facebook.com\/horticom.ee\/e-pood","article_modified_time":"2026-04-16T00:11:19+00:00","og_image":[{"width":521,"height":1024,"url":"https:\/\/horticom.ee\/e-pood\/wp-content\/uploads\/importedmedia\/product-153144_0-VC510-521x1024.jpg","type":"image\/jpeg"}],"twitter_card":"summary_large_image","schema":{"@context":"https:\/\/schema.org","@graph":[{"@type":"WebPage","@id":"https:\/\/horticom.ee\/e-pood\/toode\/koriander-coriandrum-sativum\/","url":"https:\/\/horticom.ee\/e-pood\/toode\/koriander-coriandrum-sativum\/","name":"Koriander Coriandrum sativum - Horticom.ee\/e-pood","isPartOf":{"@id":"https:\/\/horticom.ee\/e-pood\/#website"},"primaryImageOfPage":{"@id":"https:\/\/horticom.ee\/e-pood\/toode\/koriander-coriandrum-sativum\/#primaryimage"},"image":{"@id":"https:\/\/horticom.ee\/e-pood\/toode\/koriander-coriandrum-sativum\/#primaryimage"},"thumbnailUrl":"https:\/\/horticom.ee\/e-pood\/wp-content\/uploads\/importedmedia\/product-153144_0-VC510.jpg","datePublished":"2022-01-17T14:03:03+00:00","dateModified":"2026-04-16T00:11:19+00:00","description":"Koriander Coriandrum sativum \u2013 \u00dcheaastane, kuni 1m k\u00f5rgune maitse- ja ravimtaim. Sobib maitseainena gulja\u0161\u0161ile ja kastmetele, parandab s\u00f6\u00f6giisu.","breadcrumb":{"@id":"https:\/\/horticom.ee\/e-pood\/toode\/koriander-coriandrum-sativum\/#breadcrumb"},"inLanguage":"et","potentialAction":[{"@type":"ReadAction","target":["https:\/\/horticom.ee\/e-pood\/toode\/koriander-coriandrum-sativum\/"]}]},{"@type":"ImageObject","inLanguage":"et","@id":"https:\/\/horticom.ee\/e-pood\/toode\/koriander-coriandrum-sativum\/#primaryimage","url":"https:\/\/horticom.ee\/e-pood\/wp-content\/uploads\/importedmedia\/product-153144_0-VC510.jpg","contentUrl":"https:\/\/horticom.ee\/e-pood\/wp-content\/uploads\/importedmedia\/product-153144_0-VC510.jpg","width":1000,"height":1965,"caption":"Koriander Coriandrum sativum"},{"@type":"BreadcrumbList","@id":"https:\/\/horticom.ee\/e-pood\/toode\/koriander-coriandrum-sativum\/#breadcrumb","itemListElement":[{"@type":"ListItem","position":1,"name":"Home","item":"https:\/\/horticom.ee\/e-pood\/"},{"@type":"ListItem","position":2,"name":"Pood","item":"https:\/\/horticom.ee\/e-pood\/pood\/"},{"@type":"ListItem","position":3,"name":"Koriander Coriandrum sativum"}]},{"@type":"WebSite","@id":"https:\/\/horticom.ee\/e-pood\/#website","url":"https:\/\/horticom.ee\/e-pood\/","name":"Horticom.ee","description":"Aianduskaubad ja kodukaubad nii harrastajatele kui professionaalidele","potentialAction":[{"@type":"SearchAction","target":{"@type":"EntryPoint","urlTemplate":"https:\/\/horticom.ee\/e-pood\/?s={search_term_string}"},"query-input":{"@type":"PropertyValueSpecification","valueRequired":true,"valueName":"search_term_string"}}],"inLanguage":"et"}]}},"_links":{"self":[{"href":"https:\/\/horticom.ee\/e-pood\/wp-json\/wp\/v2\/product\/153144","targetHints":{"allow":["GET"]}}],"collection":[{"href":"https:\/\/horticom.ee\/e-pood\/wp-json\/wp\/v2\/product"}],"about":[{"href":"https:\/\/horticom.ee\/e-pood\/wp-json\/wp\/v2\/types\/product"}],"replies":[{"embeddable":true,"href":"https:\/\/horticom.ee\/e-pood\/wp-json\/wp\/v2\/comments?post=153144"}],"wp:featuredmedia":[{"embeddable":true,"href":"https:\/\/horticom.ee\/e-pood\/wp-json\/wp\/v2\/media\/172299"}],"wp:attachment":[{"href":"https:\/\/horticom.ee\/e-pood\/wp-json\/wp\/v2\/media?parent=153144"}],"wp:term":[{"taxonomy":"product_cat","embeddable":true,"href":"https:\/\/horticom.ee\/e-pood\/wp-json\/wp\/v2\/product_cat?post=153144"},{"taxonomy":"product_tag","embeddable":true,"href":"https:\/\/horticom.ee\/e-pood\/wp-json\/wp\/v2\/product_tag?post=153144"}],"curies":[{"name":"wp","href":"https:\/\/api.w.org\/{rel}","templated":true}]}}